{"id":21045,"date":"2018-01-02T01:00:02","date_gmt":"2018-01-02T01:00:02","guid":{"rendered":"http:\/\/biblian.is\/videy\/josuabok-9-kafli\/"},"modified":"2018-01-02T01:00:02","modified_gmt":"2018-01-02T01:00:02","slug":"josuabok-9-kafli","status":"publish","type":"page","link":"https:\/\/biblian.is\/videy\/josuabok-9-kafli\/","title":{"rendered":"J\u00f3s\u00faab\u00f3k 9. kafli"},"content":{"rendered":"<div class=\"fyrirsognVidey\">Sl\u00e6g\u00f0 G\u00edbeon\u00edta.<\/div>\n<p><a name=\"1\"><span class=\"versanumer\">1<\/span><\/a>\u00deegar \u00feetta fregnu\u00f0u konungar \u00feeir, sem bjuggu \u00feessumegin J\u00f3rdanar, b\u00e6\u00f0i \u00e1 fjallinu og sl\u00e9ttlendinu og \u00e1 allri str\u00f6nd Ins mikla hafs, gagnvart L\u00edbanonsfjalli, Het\u00edtar, Amor\u00edtar, Kanan\u00edtar, Feres\u00edtar, Hev\u00edtar og Jeb\u00fas\u00edtar,<a name=\"2\"><span class=\"versanumer\">2<\/span><\/a>gj\u00f6r\u00f0u \u00feeir s\u00e1ttm\u00e1la s\u00edn \u00e1 millum me\u00f0 einu samheldi til str\u00ed\u00f0s m\u00f3t J\u00f3s\u00faa og \u00cdsraelsm\u00f6nnum.<a name=\"3\"><span class=\"versanumer\">3<\/span><\/a>En \u00feegar innb\u00faar G\u00edbeonssta\u00f0ar fr\u00e9ttu, hv\u00f6rsu J\u00f3s\u00faa haf\u00f0i fari\u00f0 me\u00f0 Jer\u00edk\u00f3 og A\u00ed, t\u00f3ku \u00feeir \u00feetta k\u00e6nskur\u00e1\u00f0:<a name=\"4\"><span class=\"versanumer\">4<\/span><\/a>\u00feeir f\u00f3ru og fengu s\u00e9r veganesti, t\u00f3ku gamla sekki \u00e1 asna s\u00edna, og gamla rifna og b\u00e6tta v\u00ednbelgi,<a name=\"5\"><span class=\"versanumer\">5<\/span><\/a>gamla b\u00e6tta sk\u00f3 \u00e1 f\u00f3tum, og f\u00e6r\u00f0u sig \u00ed forn kl\u00e6\u00f0i, og allt brau\u00f0, sem \u00feeir t\u00f3ku til nestis, var hart og mygla\u00f0.<a name=\"6\"><span class=\"versanumer\">6<\/span><\/a>\u00deessir menn komu til J\u00f3s\u00faa \u00ed herb\u00fa\u00f0irnar vi\u00f0 Gilgal, og s\u00f6g\u00f0u til hans og \u00cdsraelsmanna: fr\u00e1 fjarl\u00e6gu landi erum v\u00e9r komnir, gj\u00f6r s\u00e1ttm\u00e1l vi\u00f0 oss!<a name=\"7\"><span class=\"versanumer\">7<\/span><\/a>\u00cdsraelsmenn sv\u00f6ru\u00f0u Hev\u00edtum: m\u00e1ske \u00fe\u00fa b\u00fair me\u00f0al vor; hv\u00f6rnig megum v\u00e9r \u00fe\u00e1 s\u00e1ttm\u00e1l vi\u00f0 \u00feig binda?<a name=\"8\"><span class=\"versanumer\">8<\/span><\/a>\u00deeir s\u00f6g\u00f0u \u00fe\u00e1 vi\u00f0 J\u00f3s\u00faa: v\u00e9r erum \u00fe\u00ednir \u00fej\u00f3nar! J\u00f3s\u00faa spur\u00f0i \u00fe\u00e1: hv\u00f6rjir eru\u00f0 \u00fe\u00e9r og hva\u00f0an komnir?<a name=\"9\"><span class=\"versanumer\">9<\/span><\/a>\u00feeir sv\u00f6ru\u00f0u: v\u00e9r \u00fe\u00ednir \u00fej\u00f3nar, erum fr\u00e1 mj\u00f6g fjarl\u00e6gu landi komnir, fyrir sakir nafns Drottins \u00fe\u00edns Gu\u00f0s; \u00fev\u00ed v\u00e9r h\u00f6fum fengi\u00f0 fregn um hann og allt \u00fea\u00f0 er hann gj\u00f6r\u00f0i \u00e1 Egyptalandi,<a name=\"10\"><span class=\"versanumer\">10<\/span><\/a>og allt hva\u00f0 hann gj\u00f6r\u00f0i \u00feeim tveimur Amor\u00edtakonungum fyrir handan J\u00f3rdan, S\u00edhoni Hesbonskonungi og Basanskonungi \u00d3g, sem bj\u00f3 \u00ed Astarot;<a name=\"11\"><span class=\"versanumer\">11<\/span><\/a>\u00feess vegna s\u00f6g\u00f0u \u00f6ldungar vorir og landsl\u00fd\u00f0urinn: taki\u00f0 y\u00f0ur veganesti, fari\u00f0 til fundar vi\u00f0 \u00fe\u00e1 og segi\u00f0 \u00feeim: v\u00e9r erum y\u00f0ar \u00fej\u00f3nar, gj\u00f6ri\u00f0 n\u00fa s\u00e1ttm\u00e1l vi\u00f0 oss;<a name=\"12\"><span class=\"versanumer\">12<\/span><\/a>\u00feetta er vort brau\u00f0, v\u00e9r t\u00f3kum \u00fea\u00f0 n\u00fdbaka\u00f0, oss til nestis a\u00f0 heiman, \u00feegar v\u00e9r f\u00f3rum af sta\u00f0 til y\u00f0ar, en sj\u00e1i\u00f0 n\u00fa! \u00fea\u00f0 er or\u00f0i\u00f0 \u00feurrt og lo\u00f0i\u00f0 af myglu;<a name=\"13\"><span class=\"versanumer\">13<\/span><\/a>og v\u00ednbelgir \u00feessir v\u00f3ru n\u00fdir, \u00feegar v\u00e9r l\u00e9tum \u00e1 \u00fe\u00e1, en sj\u00e1i\u00f0! n\u00fa eru \u00feeir rifnir; \u00feessi vor kl\u00e6\u00f0i og sk\u00f3f\u00f6t eru slitin \u00e1 \u00feessari l\u00f6ngu lei\u00f0.<a name=\"14\"><span class=\"versanumer\">14<\/span><\/a>\u00de\u00e1 sko\u00f0u\u00f0u <span class='VideyAth'>(\u00cdsraels)<\/span>menn nokku\u00f0 af nesti \u00feeirra, og spur\u00f0u ekki Drottin til r\u00e1\u00f0s;<a name=\"15\"><span class=\"versanumer\">15<\/span><\/a>samdi J\u00f3s\u00faa \u00fe\u00e1 fri\u00f0 vi\u00f0 \u00fe\u00e1 og \u00fea\u00f0 s\u00e1ttm\u00e1l a\u00f0 \u00feeir skyldu l\u00edfi halda, og forstj\u00f3rar l\u00fd\u00f0sins bundu \u00fea\u00f0 svard\u00f6gum.<a name=\"16\"><span class=\"versanumer\">16<\/span><\/a>En \u00feremur d\u00f6gum eftir a\u00f0 \u00feeir h\u00f6f\u00f0u \u00feetta s\u00e1ttm\u00e1l bundi\u00f0, fr\u00e9ttu \u00feeir, a\u00f0 G\u00edbeon\u00edtar mundu a\u00f0setur hafa skammt \u00fea\u00f0an, og b\u00faa \u00e1 me\u00f0al \u00feeirra <span class='VideyAth'>*)<\/span>;<a name=\"17\"><span class=\"versanumer\">17<\/span><\/a>\u00fev\u00ed Gy\u00f0ingar t\u00f3ku sig upp og komu \u00e1 \u00feri\u00f0ja degi til sta\u00f0a G\u00edbeon\u00edtanna, sem v\u00f3ru G\u00edbeon, Kefira, Berot og Kirjatjearim;<a name=\"18\"><span class=\"versanumer\">18<\/span><\/a>\u00cdsraelsmenn herju\u00f0u samt ekki \u00e1 \u00fe\u00e1, vegna \u00feess forstj\u00f3rar l\u00fd\u00f0sins h\u00f6f\u00f0u unni\u00f0 \u00feeim ei\u00f0 \u00fear a\u00f0 vi\u00f0 Drottin \u00cdsraels Gu\u00f0; en allur l\u00fd\u00f0urinn m\u00f6gla\u00f0i gegn h\u00f6f\u00f0ingjunum.<a name=\"19\"><span class=\"versanumer\">19<\/span><\/a>\u00de\u00e1 s\u00f6g\u00f0u allir h\u00f6f\u00f0ingjarnir: v\u00e9r unnum \u00feeim ei\u00f0 \u00ed nafni Drottins \u00cdsraels Gu\u00f0s, \u00fev\u00ed megum v\u00e9r ekki snerta \u00fe\u00e1;<a name=\"20\"><span class=\"versanumer\">20<\/span><\/a>efna skulum v\u00e9r or\u00f0 vor og l\u00e1ta \u00fe\u00e1 l\u00edfi halda, svo v\u00e9r dr\u00f6gum ekki rei\u00f0i yfir oss fyrir rof ei\u00f0s \u00feess, sem v\u00e9r unnum;<a name=\"21\"><span class=\"versanumer\">21<\/span><\/a>og ennfremur s\u00f6g\u00f0u h\u00f6f\u00f0ingjarnir vi\u00f0 l\u00fd\u00f0inn: l\u00e1tum \u00fe\u00e1 lifa, en klj\u00fafi \u00feeir sk\u00ed\u00f0, og beri vatn fyrir allan l\u00fd\u00f0inn! Eftir \u00feessu atkv\u00e6\u00f0i h\u00f6f\u00f0ingjanna,<a name=\"22\"><span class=\"versanumer\">22<\/span><\/a>kalla\u00f0i J\u00f3s\u00faa \u00e1 G\u00edbeon\u00edta og spur\u00f0i \u00fe\u00e1: hv\u00ed prettu\u00f0u\u00f0 \u00fe\u00e9r okkur, og s\u00f6g\u00f0u\u00f0: v\u00e9r erum mj\u00f6g langt h\u00e9\u00f0an, en b\u00fai\u00f0 \u00fe\u00f3 mitt \u00e1 me\u00f0al vor?<a name=\"23\"><span class=\"versanumer\">23<\/span><\/a>En n\u00fa eru\u00f0 \u00fe\u00e9r b\u00f6lva\u00f0ir, og \u00fe\u00e9r skulu\u00f0 \u00e1vallt \u00fer\u00e6lar vera, h\u00f6ggva sk\u00ed\u00f0 og bera vatn handa h\u00fasi m\u00edns Gu\u00f0s; \u00feeir sv\u00f6ru\u00f0u J\u00f3s\u00faa og s\u00f6g\u00f0u:<a name=\"24\"><span class=\"versanumer\">24<\/span><\/a>oss \u00fej\u00f3num \u00fe\u00ednum hefir veri\u00f0 sannlega sagt, a\u00f0 Drottinn, \u00feinn Gu\u00f0, hafi tilsagt \u00fej\u00f3ni s\u00ednum M\u00f3ses, a\u00f0 hann vildi gefa y\u00f0ur allt \u00feetta land, og afm\u00e1 fyrir y\u00f0ur alla landsins innbyggjendur; \u00fev\u00ed \u00f3ttu\u00f0umst v\u00e9r og h\u00f6fum af l\u00edfhr\u00e6\u00f0slu \u00feetta til brag\u00f0s teki\u00f0;<a name=\"25\"><span class=\"versanumer\">25<\/span><\/a>en sj\u00e1! n\u00fa erum v\u00e9r \u00e1 \u00fe\u00ednu valdi, gj\u00f6r vi\u00f0 oss hva\u00f0 \u00fe\u00e9r \u00feykir gott og r\u00e9tt;<a name=\"26\"><span class=\"versanumer\">26<\/span><\/a>\u00feannig breytti J\u00f3s\u00faa vi\u00f0 \u00fe\u00e1, frelsa\u00f0i \u00fe\u00e1 fr\u00e1 hendi \u00cdsraelsmanna, svo \u00feeir sl\u00f3gu \u00fe\u00e1 ekki \u00ed hel.<a name=\"27\"><span class=\"versanumer\">27<\/span><\/a>\u00deenna sama dag setti hann \u00fe\u00e1 til a\u00f0 klj\u00fafa sk\u00ed\u00f0 og bera vatn handa l\u00fd\u00f0num og altari Drottins, allt til \u00feessa dags, \u00ed \u00feeim sta\u00f0, sem hann \u00fatvaldi.<\/p>\n<div class=\"footnoteVidey\">*) \u00de. e. \u00ed \u00fev\u00ed landi sem Gy\u00f0ingar eignu\u00f0u s\u00e9r.<\/div>\n","protected":false},"excerpt":{"rendered":"<p>Sl\u00e6g\u00f0 G\u00edbeon\u00edta. 1\u00deegar \u00feetta fregnu\u00f0u konungar \u00feeir, sem bjuggu \u00feessumegin J\u00f3rdanar, b\u00e6\u00f0i \u00e1 fjallinu og sl\u00e9ttlendinu og \u00e1 allri str\u00f6nd Ins mikla hafs, gagnvart L\u00edbanonsfjalli, Het\u00edtar, Amor\u00edtar, Kanan\u00edtar, Feres\u00edtar, Hev\u00edtar og Jeb\u00fas\u00edtar,2gj\u00f6r\u00f0u \u00feeir s\u00e1ttm\u00e1la s\u00edn \u00e1 millum me\u00f0 einu samheldi til str\u00ed\u00f0s m\u00f3t J\u00f3s\u00faa og \u00cdsraelsm\u00f6nnum.3En \u00feegar innb\u00faar G\u00edbeonssta\u00f0ar fr\u00e9ttu, hv\u00f6rsu J\u00f3s\u00faa haf\u00f0i fari\u00f0 me\u00f0 Jer\u00edk\u00f3 og A\u00ed, t\u00f3ku \u00feeir \u00feetta k\u00e6nskur\u00e1\u00f0:4\u00feeir f\u00f3ru og fengu s\u00e9r veganesti, t\u00f3ku gamla sekki \u00e1 asna s\u00edna, og gamla rifna og b\u00e6tta v\u00ednbelgi,5gamla b\u00e6tta sk\u00f3 \u00e1 f\u00f3tum, og f\u00e6r\u00f0u sig \u00ed forn kl\u00e6\u00f0i, og allt brau\u00f0, sem \u00feeir t\u00f3ku til nestis, var hart og <a href=\"https:\/\/biblian.is\/videy\/josuabok-9-kafli\/\"> [&#8230;]<\/a><\/p>\n","protected":false},"author":1,"featured_media":0,"parent":0,"menu_order":0,"comment_status":"open","ping_status":"open","template":"bibliukaflar.php","meta":{"footnotes":""},"class_list":["post-21045","page","type-page","status-publish","hentry"],"_links":{"self":[{"href":"https:\/\/biblian.is\/videy\/wp-json\/wp\/v2\/pages\/21045","targetHints":{"allow":["GET"]}}],"collection":[{"href":"https:\/\/biblian.is\/videy\/wp-json\/wp\/v2\/pages"}],"about":[{"href":"https:\/\/biblian.is\/videy\/wp-json\/wp\/v2\/types\/page"}],"author":[{"embeddable":true,"href":"https:\/\/biblian.is\/videy\/wp-json\/wp\/v2\/users\/1"}],"replies":[{"embeddable":true,"href":"https:\/\/biblian.is\/videy\/wp-json\/wp\/v2\/comments?post=21045"}],"version-history":[{"count":0,"href":"https:\/\/biblian.is\/videy\/wp-json\/wp\/v2\/pages\/21045\/revisions"}],"wp:attachment":[{"href":"https:\/\/biblian.is\/videy\/wp-json\/wp\/v2\/media?parent=21045"}],"curies":[{"name":"wp","href":"https:\/\/api.w.org\/{rel}","templated":true}]}}