{"id":21044,"date":"2018-01-02T01:00:02","date_gmt":"2018-01-02T01:00:02","guid":{"rendered":"http:\/\/biblian.is\/videy\/josuabok-8-kafli\/"},"modified":"2018-01-02T01:00:02","modified_gmt":"2018-01-02T01:00:02","slug":"josuabok-8-kafli","status":"publish","type":"page","link":"https:\/\/biblian.is\/videy\/josuabok-8-kafli\/","title":{"rendered":"J\u00f3s\u00faab\u00f3k 8. kafli"},"content":{"rendered":"<div class=\"fyrirsognVidey\">Unnin A\u00ed. Altari byggt \u00e1 Ebalsfjalli.<\/div>\n<p><a name=\"1\"><span class=\"versanumer\">1<\/span><\/a>Drottinn sag\u00f0i til J\u00f3s\u00faa: \u00f3ttastu ekki og vertu \u00f3hr\u00e6ddur, tak me\u00f0 \u00fe\u00e9r alla vopnf\u00e6ra menn, tak \u00feig upp og r\u00e1\u00f0st \u00e1 A\u00ed; sj\u00e1! eg hefi gefi\u00f0 k\u00f3nginn af A\u00ed og hans f\u00f3lk, borg og land \u00ed \u00fe\u00ednar hendur;<a name=\"2\"><span class=\"versanumer\">2<\/span><\/a>eins skalt\u00fa gj\u00f6ra vi\u00f0 A\u00ed og hennar k\u00f3ng, eins og \u00fe\u00fa gj\u00f6r\u00f0ir vi\u00f0 Jer\u00edk\u00f3 og hennar k\u00f3ng, a\u00f0 \u00fev\u00ed undanteknu, a\u00f0 n\u00fa megi\u00f0 \u00fe\u00e9r taka herfang og f\u00e9na\u00f0 til y\u00f0ar. En n\u00fa skaltu setja launs\u00e1tur fyrir vestan borgina.<a name=\"3\"><span class=\"versanumer\">3<\/span><\/a>\u00de\u00e1 bj\u00f3 J\u00f3s\u00faa sig me\u00f0 \u00f6llum vopnf\u00e6rum til a\u00f0 fara upp til A\u00ed, en \u00fatvaldi \u00ferj\u00e1t\u00edu \u00fe\u00fasund hrausta menn, sendi \u00fe\u00e1 burt um n\u00f3ttina,<a name=\"4\"><span class=\"versanumer\">4<\/span><\/a>og skipa\u00f0i \u00feeim: gefi\u00f0 g\u00e6tur a\u00f0, \u00fe\u00e9r sem eigi\u00f0 a\u00f0 vera \u00ed launs\u00e1tri fyrir vestan borgina, a\u00f0 \u00fe\u00e9r s\u00e9u\u00f0 ekki mj\u00f6g langt fr\u00e1 henni; veri\u00f0 allir rei\u00f0ub\u00fanir;<a name=\"5\"><span class=\"versanumer\">5<\/span><\/a>sj\u00e1lfur mun eg me\u00f0 alla m\u00edna menn fara til sta\u00f0arins, og sem borgarmenn, eins og \u00e1\u00f0ur, fara \u00fat \u00ed m\u00f3ti oss, munum v\u00e9r fl\u00fdja undan \u00feeim;<a name=\"6\"><span class=\"versanumer\">6<\/span><\/a>og \u00feegar \u00feeir hafa fari\u00f0 \u00e1 eftir oss, \u00fear til v\u00e9r h\u00f6fum lokka\u00f0 \u00fe\u00e1 nokku\u00f0 fr\u00e1 borginni, \u00fev\u00ed \u00feeir munu segja: \u00feeir fl\u00fdja fyrir oss, sem \u00ed fyrra sinni, og v\u00e9r fl\u00fdjum fyrir \u00feeim l\u00edka:<a name=\"7\"><span class=\"versanumer\">7<\/span><\/a>\u00fe\u00e1 skulu\u00f0 \u00fe\u00e9r spretta upp \u00far launs\u00e1trinu, og taka sta\u00f0inn, \u00fev\u00ed n\u00fa mun Drottinn y\u00f0ar Gu\u00f0 gefa hann \u00e1 y\u00f0ar vald;<a name=\"8\"><span class=\"versanumer\">8<\/span><\/a>en \u00feegar \u00fe\u00e9r hafi\u00f0 unni\u00f0 hann, skulu\u00f0 \u00fe\u00e9r kveikja eld \u00ed honum; gj\u00f6ri\u00f0 eftir or\u00f0i Drottins! \u00fev\u00ed sj\u00e1i\u00f0! eg hefi skipa\u00f0 y\u00f0ur \u00feetta.<a name=\"9\"><span class=\"versanumer\">9<\/span><\/a>\u00de\u00e1 sendi J\u00f3s\u00faa \u00fe\u00e1 af sta\u00f0, og \u00feeir f\u00f3ru \u00ed launs\u00e1tri\u00f0, og sta\u00f0n\u00e6mdust millum Betel og A\u00ed vestanvert vi\u00f0 A\u00ed, en J\u00f3s\u00faa var um n\u00f3ttina hj\u00e1 f\u00f3lkinu.<a name=\"10\"><span class=\"versanumer\">10<\/span><\/a>Morguninn eftir var hann snemma \u00e1 f\u00f3tum, kanna\u00f0i li\u00f0i\u00f0, gekk sj\u00e1lfur me\u00f0 \u00f6ldungum \u00fej\u00f3\u00f0arinnar undan hernum m\u00f3ti A\u00ed;<a name=\"11\"><span class=\"versanumer\">11<\/span><\/a>og allur herinn, sem hj\u00e1 honum var, f\u00f3r upp \u00feanga\u00f0, n\u00e1l\u00e6g\u00f0u sig og komu gagnvart borginni, \u00fear sl\u00f3gu \u00feeir herb\u00fa\u00f0um s\u00ednum fyrir nor\u00f0an A\u00ed, svo dalurinn var millum \u00feeirra og A\u00ed.<a name=\"12\"><span class=\"versanumer\">12<\/span><\/a>J\u00f3s\u00faa t\u00f3k h\u00e9r um fimm \u00fe\u00fasund manns og setti \u00fe\u00e1 \u00ed launs\u00e1tur millum Betel og A\u00ed vestanvert vi\u00f0 sta\u00f0inn,<a name=\"13\"><span class=\"versanumer\">13<\/span><\/a>\u00feeir skipu\u00f0u n\u00fa ni\u00f0ur li\u00f0inu \u00far \u00f6llum herb\u00fa\u00f0unum sem v\u00f3ru fyrir nor\u00f0an sta\u00f0inn, og \u00f6ftustu fylkingunni vestanvert vi\u00f0 sta\u00f0inn;  og \u00e1 \u00feeirri s\u00f6mu n\u00f3tt f\u00f3r J\u00f3s\u00faa yfir dalinn.<a name=\"14\"><span class=\"versanumer\">14<\/span><\/a>En sem konungurinn \u00ed A\u00ed var\u00f0 \u00feess var, fl\u00fdttu borgarmennirnir s\u00e9r og risu upp \u00e1rla, og f\u00f3ru \u00fat til str\u00ed\u00f0s m\u00f3t \u00cdsraelsm\u00f6nnum, b\u00e6\u00f0i hann og allur hans her, \u00e1 tilteknum t\u00edma, \u00fat \u00e1 sl\u00e9ttlendi\u00f0; en hann vissi ekki af a\u00f0 launs\u00e1tur var sett m\u00f3ti honum fyrir vestan borgina.<a name=\"15\"><span class=\"versanumer\">15<\/span><\/a>En J\u00f3s\u00faa og allur \u00cdsrael l\u00e9tust vera slegnir af \u00feeim, og fl\u00fa\u00f0u \u00e1 lei\u00f0 til ey\u00f0imerkurinnar;<a name=\"16\"><span class=\"versanumer\">16<\/span><\/a>\u00fe\u00e1 var allt f\u00f3lki\u00f0 \u00ed sta\u00f0num kalla\u00f0 til a\u00f0 reka fl\u00f3ttann, \u00feeir eltu J\u00f3s\u00faa og fjarl\u00e6g\u00f0ust \u00feannig sta\u00f0inn;<a name=\"17\"><span class=\"versanumer\">17<\/span><\/a>var\u00f0 svo ekki einn ma\u00f0ur eftir \u00ed A\u00ed og Betel, sem ekki f\u00e6ri eftir \u00cdsraelsm\u00f6nnum, og skildu \u00feeir sta\u00f0inn opinn eftir og eltu \u00cdsrael.<a name=\"18\"><span class=\"versanumer\">18<\/span><\/a>\u00de\u00e1 sag\u00f0i Drottinn til J\u00f3s\u00faa: \u00fatr\u00e9ttu \u00fea\u00f0 spj\u00f3t, sem \u00fe\u00fa hefir \u00ed hendi \u00fe\u00e9r, gegn A\u00ed, \u00fev\u00ed eg vil gefa borgina \u00e1 \u00feitt vald; en J\u00f3s\u00faa r\u00e9tti \u00fat spj\u00f3ti\u00f0, er hann h\u00e9lt \u00e1, gegn sta\u00f0num,<a name=\"19\"><span class=\"versanumer\">19<\/span><\/a>\u00fe\u00e1 spratt launs\u00e1tursli\u00f0i\u00f0 hratt \u00e1 f\u00e6tur og hlj\u00f3p \u00feegar hann haf\u00f0i \u00fatr\u00e9tt h\u00f6ndina, kom inn \u00ed borgina, t\u00f3k hana og fl\u00fdtti s\u00e9r og brenndi hana me\u00f0 eldi.<a name=\"20\"><span class=\"versanumer\">20<\/span><\/a>\u00deegar A\u00edb\u00faar litu vi\u00f0, s\u00e1u \u00feeir reykinn, sem lag\u00f0i af sta\u00f0num til himins, og g\u00e1tu n\u00fa \u00ed enga \u00e1tt fl\u00fai\u00f0, \u00fev\u00ed \u00feeir sem \u00e1\u00f0ur fl\u00fd\u00f0u fyrir \u00feeim \u00e1 lei\u00f0 til ey\u00f0imerkurinnar, sneru n\u00fa vi\u00f0 og eltu \u00fe\u00e1,<a name=\"21\"><span class=\"versanumer\">21<\/span><\/a>\u00fev\u00ed \u00feegar J\u00f3s\u00faa og allir hans menn s\u00e1u, a\u00f0 \u00feeir sem \u00ed launs\u00e1trinu v\u00f3ru, h\u00f6f\u00f0u unni\u00f0 sta\u00f0inn, og a\u00f0 reykinn lag\u00f0i upp af sta\u00f0num, \u00fe\u00e1 sneru \u00feeir vi\u00f0 og sl\u00f3gu A\u00edb\u00faa;<a name=\"22\"><span class=\"versanumer\">22<\/span><\/a>hinir komu \u00fe\u00e1 og \u00far borginni \u00e1 m\u00f3ti \u00feeim, svo \u00feeir ur\u00f0u mitt \u00e1 millum \u00cdsraelsmanna, sem umkringdu \u00fe\u00e1 \u00e1 allar s\u00ed\u00f0ur, hjuggu \u00fe\u00e1 ni\u00f0ur, \u00fear til enginn var eftir, og l\u00e9tu \u00f6ngvan undan komast.<a name=\"23\"><span class=\"versanumer\">23<\/span><\/a>En konunginum af A\u00ed n\u00e1\u00f0u \u00feeir lifandi og f\u00e6r\u00f0u hann J\u00f3s\u00faa.<a name=\"24\"><span class=\"versanumer\">24<\/span><\/a>\u00deegar \u00cdsraelsmenn h\u00f6f\u00f0u lagt a\u00f0 velli alla A\u00edb\u00faa, \u00e1 m\u00f6rkinni og \u00ed ey\u00f0im\u00f6rkinni, hvar \u00feeir h\u00f6f\u00f0u elt \u00fe\u00e1, og \u00feeir allir voru fallnir gj\u00f6rsamlega fyrir sver\u00f0seggjum, \u00fe\u00e1 hurfu allir \u00cdsraelsmenn aftur til A\u00ed, og hjuggu ni\u00f0ur alla \u00fe\u00e1 sem \u00fear voru.<a name=\"25\"><span class=\"versanumer\">25<\/span><\/a>En allir A\u00edb\u00faar, sem \u00e1 \u00feeim degi f\u00e9llu, karlar og konur, voru t\u00f3lf \u00fe\u00fasundir.<a name=\"26\"><span class=\"versanumer\">26<\/span><\/a>Ekki dr\u00f3 J\u00f3s\u00faa a\u00f0 s\u00e9r h\u00f6nd s\u00edna aftur, me\u00f0 hv\u00f6rri hann h\u00e9lt \u00e1 spj\u00f3tinu, fyrr en allir A\u00edb\u00faar voru vi\u00f0 velli lag\u00f0ir.<a name=\"27\"><span class=\"versanumer\">27<\/span><\/a>En b\u00fasmalann og anna\u00f0 herfang sta\u00f0arins t\u00f3ku \u00cdsraelsmenn til s\u00edn eftir or\u00f0i Drottins, sem hann haf\u00f0i bo\u00f0i\u00f0 J\u00f3s\u00faa.<a name=\"28\"><span class=\"versanumer\">28<\/span><\/a>J\u00f3s\u00faa brenndi borgina A\u00ed og gj\u00f6r\u00f0i hana a\u00f0 \u00e6vinlegri grj\u00f3thr\u00fagu, sem enn s\u00e9r merki til.<a name=\"29\"><span class=\"versanumer\">29<\/span><\/a>En A\u00edskonung l\u00e9t hann hengja upp \u00ed eina eik, og l\u00e9t hann hanga til kv\u00f6lds, en eftir s\u00f3lsetur l\u00e9t hann taka l\u00edkamann ofan af tr\u00e9nu, og menn k\u00f6stu\u00f0u honum \u00fat fyrir borgarhli\u00f0i\u00f0, og urpu yfir hann haug mikinn af grj\u00f3ti, sem \u00fear s\u00e9st enn \u00ed dag. <br \/><a name=\"30\"><span class=\"versanumer\">30<\/span><\/a>\u00de\u00e1 bygg\u00f0i J\u00f3s\u00faa Drottni Gu\u00f0i \u00cdsraels altari \u00e1 fjallinu Ebal,<a name=\"31\"><span class=\"versanumer\">31<\/span><\/a>eins og M\u00f3sis Drottins \u00fej\u00f3n bo\u00f0i\u00f0 haf\u00f0i \u00cdsraelsb\u00f6rnum, sem skrifa\u00f0 finnst \u00ed l\u00f6gb\u00f3k M\u00f3sis, altari af heilum steinum, sem j\u00e1rn haf\u00f0i ekki veri\u00f0 bori\u00f0 \u00e1, og f\u00f3rnf\u00e6r\u00f0i Drottni \u00fear brennif\u00f3rnum og \u00feakkarf\u00f3rnum,<a name=\"32\"><span class=\"versanumer\">32<\/span><\/a>og skrifa\u00f0i \u00fear \u00e1 steinana afskrift af \u00fev\u00ed l\u00f6gm\u00e1li, sem M\u00f3ses haf\u00f0i skrifa\u00f0 fyrir Gy\u00f0inga.<a name=\"33\"><span class=\"versanumer\">33<\/span><\/a>Allur \u00cdsraelsl\u00fd\u00f0ur, \u00f6ldungarnir, h\u00f6f\u00f0ingjarnir og d\u00f3mendurnir, st\u00f3\u00f0u beggja vegna vi\u00f0 s\u00e1ttm\u00e1ls\u00f6rkina gegnt prestunum, Lev\u00edtunum, sem b\u00e1ru s\u00e1ttm\u00e1ls\u00f6rk Drottins, b\u00e6\u00f0i \u00fatlendir og innlendir, annar helmingurinn st\u00f3\u00f0 \u00e1 m\u00f3ts vi\u00f0 Grisimsfjall, en hin helftin \u00e1 m\u00f3ts vi\u00f0 fjalli\u00f0 Ebal, eins og M\u00f3ses Drottins \u00fej\u00f3n, \u00e1\u00f0ur haf\u00f0i skipa\u00f0 a\u00f0 blessa \u00cdsraelsl\u00fd\u00f0.<a name=\"34\"><span class=\"versanumer\">34<\/span><\/a>Eftir \u00fea\u00f0 las hann upp \u00f6ll l\u00f6gm\u00e1lsins or\u00f0, b\u00e6\u00f0i blessun og b\u00f6lvun, \u00f6ldungis eins og skrifa\u00f0 stendur \u00ed l\u00f6gb\u00f3kinni:<a name=\"35\"><span class=\"versanumer\">35<\/span><\/a>ekkert af \u00fev\u00ed sem M\u00f3ses haf\u00f0i bo\u00f0i\u00f0 var \u00farfellt, allt l\u00e9t J\u00f3s\u00faa lesa \u00fea\u00f0 upp fyrir \u00cdsraelss\u00f6fnu\u00f0i, fyrir konum og b\u00f6rnum, og \u00feeim \u00fatlendu, sem me\u00f0al \u00feeirra v\u00f3ru.<\/p>\n<div class=\"footnoteVidey\"><\/div>\n","protected":false},"excerpt":{"rendered":"<p>Unnin A\u00ed. Altari byggt \u00e1 Ebalsfjalli. 1Drottinn sag\u00f0i til J\u00f3s\u00faa: \u00f3ttastu ekki og vertu \u00f3hr\u00e6ddur, tak me\u00f0 \u00fe\u00e9r alla vopnf\u00e6ra menn, tak \u00feig upp og r\u00e1\u00f0st \u00e1 A\u00ed; sj\u00e1! eg hefi gefi\u00f0 k\u00f3nginn af A\u00ed og hans f\u00f3lk, borg og land \u00ed \u00fe\u00ednar hendur;2eins skalt\u00fa gj\u00f6ra vi\u00f0 A\u00ed og hennar k\u00f3ng, eins og \u00fe\u00fa gj\u00f6r\u00f0ir vi\u00f0 Jer\u00edk\u00f3 og hennar k\u00f3ng, a\u00f0 \u00fev\u00ed undanteknu, a\u00f0 n\u00fa megi\u00f0 \u00fe\u00e9r taka herfang og f\u00e9na\u00f0 til y\u00f0ar. En n\u00fa skaltu setja launs\u00e1tur fyrir vestan borgina.3\u00de\u00e1 bj\u00f3 J\u00f3s\u00faa sig me\u00f0 \u00f6llum vopnf\u00e6rum til a\u00f0 fara upp til A\u00ed, en \u00fatvaldi \u00ferj\u00e1t\u00edu \u00fe\u00fasund hrausta menn, sendi <a href=\"https:\/\/biblian.is\/videy\/josuabok-8-kafli\/\"> [&#8230;]<\/a><\/p>\n","protected":false},"author":1,"featured_media":0,"parent":0,"menu_order":0,"comment_status":"open","ping_status":"open","template":"bibliukaflar.php","meta":{"footnotes":""},"class_list":["post-21044","page","type-page","status-publish","hentry"],"_links":{"self":[{"href":"https:\/\/biblian.is\/videy\/wp-json\/wp\/v2\/pages\/21044","targetHints":{"allow":["GET"]}}],"collection":[{"href":"https:\/\/biblian.is\/videy\/wp-json\/wp\/v2\/pages"}],"about":[{"href":"https:\/\/biblian.is\/videy\/wp-json\/wp\/v2\/types\/page"}],"author":[{"embeddable":true,"href":"https:\/\/biblian.is\/videy\/wp-json\/wp\/v2\/users\/1"}],"replies":[{"embeddable":true,"href":"https:\/\/biblian.is\/videy\/wp-json\/wp\/v2\/comments?post=21044"}],"version-history":[{"count":0,"href":"https:\/\/biblian.is\/videy\/wp-json\/wp\/v2\/pages\/21044\/revisions"}],"wp:attachment":[{"href":"https:\/\/biblian.is\/videy\/wp-json\/wp\/v2\/media?parent=21044"}],"curies":[{"name":"wp","href":"https:\/\/api.w.org\/{rel}","templated":true}]}}