{"id":21043,"date":"2018-01-02T01:00:02","date_gmt":"2018-01-02T01:00:02","guid":{"rendered":"http:\/\/biblian.is\/videy\/josuabok-7-kafli\/"},"modified":"2018-01-02T01:00:02","modified_gmt":"2018-01-02T01:00:02","slug":"josuabok-7-kafli","status":"publish","type":"page","link":"https:\/\/biblian.is\/videy\/josuabok-7-kafli\/","title":{"rendered":"J\u00f3s\u00faab\u00f3k 7. kafli"},"content":{"rendered":"<div class=\"fyrirsognVidey\">Akan stelur af herfanginu.<\/div>\n<p><a name=\"1\"><span class=\"versanumer\">1<\/span><\/a>En \u00cdsraelsmenn h\u00f6f\u00f0u st\u00f3rlega syndgast \u00e1 \u00fev\u00ed bannf\u00e6r\u00f0a; Akan Karmison Sabdisonar Serakssonar af J\u00fada kynkv\u00edsl haf\u00f0i teki\u00f0 nokku\u00f0 af \u00fev\u00ed bannf\u00e6r\u00f0a; \u00fev\u00ed reiddist Drottinn \u00cdsraelsm\u00f6nnum.<br \/><a name=\"2\"><span class=\"versanumer\">2<\/span><\/a>J\u00f3s\u00faa sendi menn fr\u00e1 Jer\u00edk\u00f3 til A\u00ed sem liggur n\u00e1l\u00e6gt Betaven fyrir austan Betel, og sag\u00f0i \u00feeim: fari\u00f0 og nj\u00f3sni\u00f0 um landi\u00f0, \u00feeir f\u00f3ru, nj\u00f3snu\u00f0u \u00ed A\u00ed,<a name=\"3\"><span class=\"versanumer\">3<\/span><\/a>komu aftur til J\u00f3s\u00faa og s\u00f6g\u00f0u honum: l\u00e1t ekki allt f\u00f3lki\u00f0 fara upp \u00feanga\u00f0, heldur h\u00e9r um 2 e\u00f0a 3 \u00fe\u00fasundir, \u00fea\u00f0 n\u00e6gir til a\u00f0 vinna A\u00ed; en f\u00f3lki\u00f0 \u00f3maki sig ekki allt, \u00fev\u00ed \u00feeir eru f\u00e1li\u00f0a\u00f0ir;<a name=\"4\"><span class=\"versanumer\">4<\/span><\/a>\u00feanga\u00f0 f\u00f3ru h\u00e9r um bil 3 \u00fe\u00fasundir af f\u00f3lkinu, en \u00feeir fl\u00fd\u00f0u fyrir A\u00edsm\u00f6nnum;<a name=\"5\"><span class=\"versanumer\">5<\/span><\/a>og A\u00edsmenn felldu \u00ferj\u00e1tygi og sex af \u00feeim, r\u00e1ku \u00fe\u00e1 fr\u00e1 portunum til Sebarim, og sl\u00f3gu \u00fe\u00e1 ni\u00f0ur eftir veginum; \u00fe\u00e1 \u00e6\u00f0ra\u00f0ist f\u00f3lki\u00f0 og missti huga.<a name=\"6\"><span class=\"versanumer\">6<\/span><\/a>\u00de\u00e1 reif J\u00f3s\u00faa s\u00edn kl\u00e6\u00f0i, f\u00e9ll fram \u00e1 \u00e1sj\u00f3nu s\u00edna til jar\u00f0ar fyrir \u00f6rk Drottins og l\u00e1 \u00fear til kv\u00f6lds, hann og \u00f6ldungar \u00cdsraels, og jusu moldu yfir h\u00f6fu\u00f0 s\u00e9r;<a name=\"7\"><span class=\"versanumer\">7<\/span><\/a>og J\u00f3s\u00faa sag\u00f0i: \u00f3 Drottinn Gu\u00f0! \u00fev\u00ed leiddir \u00fe\u00fa f\u00f3lk \u00feetta yfir J\u00f3rdan, til a\u00f0 selja oss Amor\u00edtum \u00ed hendur, a\u00f0 \u00feeir ey\u00f0ileggi oss? \u00f3! a\u00f0 v\u00e9r hef\u00f0um r\u00e1\u00f0i\u00f0 \u00fea\u00f0 af a\u00f0 vera kyrrir hinumegin J\u00f3rdanar!<a name=\"8\"><span class=\"versanumer\">8<\/span><\/a>Heyr mig Drottinn! hva\u00f0 skal eg segja, n\u00fa \u00feegar \u00cdsrael fl\u00fdr fyrir \u00f3vinum s\u00ednum?<a name=\"9\"><span class=\"versanumer\">9<\/span><\/a>\u00deegar Kanan\u00edtar og a\u00f0rir landsins innb\u00faar spyrja \u00feetta munu \u00feeir umkringja oss, og afm\u00e1 oss af j\u00f6r\u00f0unni, me\u00f0 hv\u00f6rju viltu \u00fe\u00e1 vi\u00f0halda \u00fe\u00ednu mikla nafni?<a name=\"10\"><span class=\"versanumer\">10<\/span><\/a>\u00de\u00e1 svara\u00f0i Drottinn J\u00f3s\u00faa: statt upp! \u00fev\u00ed liggur \u00fe\u00fa h\u00e9r fram \u00e1 \u00e1sj\u00f3nu \u00fe\u00edna?<a name=\"11\"><span class=\"versanumer\">11<\/span><\/a>\u00cdsrael hefir syndga\u00f0, \u00feeir hafa yfirtro\u00f0i\u00f0 minn s\u00e1ttm\u00e1la, sem eg bau\u00f0 \u00feeim <span class='VideyAth'>(a\u00f0 halda)<\/span>; \u00feeir hafa teki\u00f0 af \u00fev\u00ed bannf\u00e6r\u00f0a, stoli\u00f0, logi\u00f0, og lagt \u00fea\u00f0 hj\u00e1 s\u00ednum fj\u00e1rhluta!<a name=\"12\"><span class=\"versanumer\">12<\/span><\/a>\u00cdsraelsmenn skulu n\u00fa ei f\u00e1 sta\u00f0ist fyrir s\u00ednum \u00f3vinum, heldur fl\u00fdja fyrir \u00feeim, \u00fev\u00ed \u00feeir eru \u00ed banni; h\u00e9r eftir vil eg ekki vera me\u00f0 y\u00f0ur, ef \u00fe\u00e9r ekki afm\u00e1i\u00f0 \u00fe\u00e1 b\u00f6lvun, sem me\u00f0al y\u00f0ar er.<a name=\"13\"><span class=\"versanumer\">13<\/span><\/a>Stattu upp, og helga\u00f0u f\u00f3lki\u00f0, og seg\u00f0u \u00fev\u00ed: helgi\u00f0 y\u00f0ur til morguns, \u00fev\u00ed svo segir Drottinn \u00cdsraels Gu\u00f0: bannf\u00e6rt f\u00e9 er <span class='VideyAth'>(geymt)<\/span> hj\u00e1 \u00fe\u00e9r \u00cdsrael og \u00fe\u00fa getur ekki sta\u00f0ist gegn \u00f3vinum \u00fe\u00ednum, fyrr en \u00fe\u00e9r hafi\u00f0 \u00fev\u00ed banni af y\u00f0ur komi\u00f0.<a name=\"14\"><span class=\"versanumer\">14<\/span><\/a>\u00c1 morgun snemma skulu\u00f0 \u00fe\u00e9r m\u00e6ta eftir y\u00f0ar \u00e6ttkv\u00edslum, og s\u00fa \u00e6ttkv\u00edsl, sem Drottinn hittir \u00e1, skal m\u00e6ta eftir kyn\u00fe\u00e1ttum og hv\u00f6r kyn\u00fe\u00e1ttum sem Drottinn hittir \u00e1, skal m\u00e6ta eftir \u00e6ttum, og s\u00fa \u00e6tt sem Drottinn hittir \u00e1, skal m\u00e6ta mann fyrir mann;<a name=\"15\"><span class=\"versanumer\">15<\/span><\/a>og hj\u00e1 hv\u00f6rjum sem \u00fea\u00f0 bannf\u00e6r\u00f0a finnst, s\u00e1 skal brennast \u00ed eldi og allt hva\u00f0 hann hefir, \u00fear e\u00f0 hann braut bo\u00f0 Drottins og dr\u00fdg\u00f0i gl\u00e6p \u00ed \u00cdsrael.<br \/><a name=\"16\"><span class=\"versanumer\">16<\/span><\/a>Daginn eftir var J\u00f3s\u00faa snemma \u00e1 f\u00f3tum, og framleiddi \u00cdsrael eftir \u00e6ttkv\u00edslum, og kom hlutur \u00e1 \u00e6ttkv\u00edsl J\u00fada.<a name=\"17\"><span class=\"versanumer\">17<\/span><\/a>Og sem hann leiddi fram kyn\u00fe\u00e6tti J\u00fada, f\u00e9ll hlutur yfir Seraks kyn\u00fe\u00e1tt; s\u00ed\u00f0an l\u00e9t hann Seraks kyn\u00fe\u00e1tt fram ganga, einn h\u00fasf\u00f6\u00f0ur eftir annan, \u00fe\u00e1 f\u00e9ll hlutur yfir Sabdi;<a name=\"18\"><span class=\"versanumer\">18<\/span><\/a>og s\u00ed\u00f0an l\u00e9t hann \u00e6tt hans fram ganga. hv\u00f6rn h\u00fassb\u00f3nda eftir annan, f\u00e9ll \u00e1 hluturinn yfir Akan Karmison Sabdisonar Serakssonar af J\u00fada \u00e6ttkv\u00edsl.<a name=\"19\"><span class=\"versanumer\">19<\/span><\/a>\u00de\u00e1 sag\u00f0i J\u00f3s\u00faa til Akans: Sonur minn! gef \u00fe\u00fa Drottni \u00cdsraels Gu\u00f0i d\u00fdr\u00f0ina, og gj\u00f6r\u00f0u j\u00e1tningu fyrir honum! seg m\u00e9r, hva\u00f0 hefir \u00fe\u00fa gj\u00f6rt? leyn mig \u00f6ngvu.<a name=\"20\"><span class=\"versanumer\">20<\/span><\/a>Akan svara\u00f0i og sag\u00f0i: sannlega hefi eg syndga\u00f0 gegn Drottni \u00cdsraels Gu\u00f0i, svo og svo gj\u00f6r\u00f0i eg:<a name=\"21\"><span class=\"versanumer\">21<\/span><\/a>eg s\u00e1 me\u00f0al herfangsins kostulega bab\u00fdlon\u00edska k\u00e1pu, tv\u00f6 hundru\u00f0 sikla silfurs, og gullsp\u00f6ng eina, fimmt\u00edu sikla a\u00f0 vigt; \u00feetta \u00e1girntist eg, og t\u00f3k \u00fea\u00f0, og sj\u00e1! \u00fea\u00f0 er \u00ed j\u00f6r\u00f0u grafi\u00f0 \u00ed tjaldi m\u00ednu og silfri\u00f0 \u00fear undir;<a name=\"22\"><span class=\"versanumer\">22<\/span><\/a>J\u00f3s\u00faa sendi \u00fe\u00e1 menn \u00feanga\u00f0, \u00feeir runnu til tjaldsins, og sj\u00e1! \u00fea\u00f0 var f\u00f3lgi\u00f0 \u00ed hans tjaldi, og silfri\u00f0 \u00fear undir.<a name=\"23\"><span class=\"versanumer\">23<\/span><\/a>\u00deeir t\u00f3ku \u00fea\u00f0 \u00far tjaldinu, b\u00e1ru \u00fea\u00f0 til J\u00f3s\u00faa og allra \u00cdsraelsmanna, og l\u00f6g\u00f0u \u00fea\u00f0 fram fyrir Drottin;<a name=\"24\"><span class=\"versanumer\">24<\/span><\/a>\u00fe\u00e1 t\u00f3k J\u00f3s\u00faa og allur \u00cdsrael me\u00f0 honum Akan Seraksni\u00f0ja, silfri\u00f0, k\u00e1puna, gullsp\u00f6ngina, syni hans og d\u00e6tur, uxa hans, asna, sau\u00f0f\u00e9 og tjald og allt hva\u00f0 hann \u00e1tti, og flutti \u00fea\u00f0 upp \u00ed Akordsal,<a name=\"25\"><span class=\"versanumer\">25<\/span><\/a>og J\u00f3s\u00faa sag\u00f0i til hans: Hv\u00ed hefir \u00fe\u00fa hrellt oss? Drottinn skal hrella \u00feig \u00ed dag! Og allur \u00cdsrael lamdi hann grj\u00f3ti, og brenndi \u00fe\u00e1 \u00ed eldi, og gr\u00fdtti \u00fe\u00e1,<a name=\"26\"><span class=\"versanumer\">26<\/span><\/a>k\u00f6stu\u00f0u \u00feeir saman grj\u00f3thaugi st\u00f3rum yfir \u00feeim, sem enn s\u00e9r merki til; svo l\u00e9t Drottinn af sinni brennandi rei\u00f0i, og \u00fear af kallast \u00feessi sta\u00f0ur Akorsdalur allt til \u00feessa dags.<\/p>\n<div class=\"footnoteVidey\"><\/div>\n","protected":false},"excerpt":{"rendered":"<p>Akan stelur af herfanginu. 1En \u00cdsraelsmenn h\u00f6f\u00f0u st\u00f3rlega syndgast \u00e1 \u00fev\u00ed bannf\u00e6r\u00f0a; Akan Karmison Sabdisonar Serakssonar af J\u00fada kynkv\u00edsl haf\u00f0i teki\u00f0 nokku\u00f0 af \u00fev\u00ed bannf\u00e6r\u00f0a; \u00fev\u00ed reiddist Drottinn \u00cdsraelsm\u00f6nnum.2J\u00f3s\u00faa sendi menn fr\u00e1 Jer\u00edk\u00f3 til A\u00ed sem liggur n\u00e1l\u00e6gt Betaven fyrir austan Betel, og sag\u00f0i \u00feeim: fari\u00f0 og nj\u00f3sni\u00f0 um landi\u00f0, \u00feeir f\u00f3ru, nj\u00f3snu\u00f0u \u00ed A\u00ed,3komu aftur til J\u00f3s\u00faa og s\u00f6g\u00f0u honum: l\u00e1t ekki allt f\u00f3lki\u00f0 fara upp \u00feanga\u00f0, heldur h\u00e9r um 2 e\u00f0a 3 \u00fe\u00fasundir, \u00fea\u00f0 n\u00e6gir til a\u00f0 vinna A\u00ed; en f\u00f3lki\u00f0 \u00f3maki sig ekki allt, \u00fev\u00ed \u00feeir eru f\u00e1li\u00f0a\u00f0ir;4\u00feanga\u00f0 f\u00f3ru h\u00e9r um bil 3 \u00fe\u00fasundir af f\u00f3lkinu, en <a href=\"https:\/\/biblian.is\/videy\/josuabok-7-kafli\/\"> [&#8230;]<\/a><\/p>\n","protected":false},"author":1,"featured_media":0,"parent":0,"menu_order":0,"comment_status":"open","ping_status":"open","template":"bibliukaflar.php","meta":{"footnotes":""},"class_list":["post-21043","page","type-page","status-publish","hentry"],"_links":{"self":[{"href":"https:\/\/biblian.is\/videy\/wp-json\/wp\/v2\/pages\/21043","targetHints":{"allow":["GET"]}}],"collection":[{"href":"https:\/\/biblian.is\/videy\/wp-json\/wp\/v2\/pages"}],"about":[{"href":"https:\/\/biblian.is\/videy\/wp-json\/wp\/v2\/types\/page"}],"author":[{"embeddable":true,"href":"https:\/\/biblian.is\/videy\/wp-json\/wp\/v2\/users\/1"}],"replies":[{"embeddable":true,"href":"https:\/\/biblian.is\/videy\/wp-json\/wp\/v2\/comments?post=21043"}],"version-history":[{"count":0,"href":"https:\/\/biblian.is\/videy\/wp-json\/wp\/v2\/pages\/21043\/revisions"}],"wp:attachment":[{"href":"https:\/\/biblian.is\/videy\/wp-json\/wp\/v2\/media?parent=21043"}],"curies":[{"name":"wp","href":"https:\/\/api.w.org\/{rel}","templated":true}]}}