{"id":21042,"date":"2018-01-02T01:00:02","date_gmt":"2018-01-02T01:00:02","guid":{"rendered":"http:\/\/biblian.is\/videy\/josuabok-6-kafli\/"},"modified":"2018-01-02T01:00:02","modified_gmt":"2018-01-02T01:00:02","slug":"josuabok-6-kafli","status":"publish","type":"page","link":"https:\/\/biblian.is\/videy\/josuabok-6-kafli\/","title":{"rendered":"J\u00f3s\u00faab\u00f3k 6. kafli"},"content":{"rendered":"<div class=\"fyrirsognVidey\">J\u00f3s\u00faa vinnur Jer\u00edk\u00f3.<\/div>\n<p><a name=\"1\"><span class=\"versanumer\">1<\/span><\/a>Jer\u00edk\u00f3 haf\u00f0i l\u00e6st portum s\u00ednum og var umsetin af \u00cdsraelsb\u00f6rnum, svo enginn komst \u00fear \u00fat n\u00e9 inn;<a name=\"2\"><span class=\"versanumer\">2<\/span><\/a>en Drottinn sag\u00f0i vi\u00f0 J\u00f3s\u00faa: sj\u00e1! eg hefi gefi\u00f0 Jer\u00edk\u00f3, hennar konung og hrausta menn \u00ed \u00feitt vald,<a name=\"3\"><span class=\"versanumer\">3<\/span><\/a>gangi\u00f0 \u00fe\u00e9r allir str\u00ed\u00f0smennirnir kringum borgina, gangi\u00f0 kringum hana einu sinni og gj\u00f6ri\u00f0 svo \u00ed sex daga;<a name=\"4\"><span class=\"versanumer\">4<\/span><\/a>beri sj\u00f6 prestar \u00fe\u00e6r sj\u00f6 fagna\u00f0arb\u00e1s\u00fanur \u00e1 undan \u00f6rkinni; en \u00e1 \u00feeim sj\u00f6unda degi, \u00fe\u00e1 gangi\u00f0 sj\u00f6 sinnum kringum borgina, og l\u00e1t prestana bl\u00e1sa \u00ed b\u00e1s\u00fanurnar.<a name=\"5\"><span class=\"versanumer\">5<\/span><\/a>\u00deegar bl\u00e1si\u00f0 er \u00ed fagna\u00f0arhorni\u00f0, og \u00fe\u00e9r heyri\u00f0 hlj\u00f3m b\u00e1s\u00fanunnar, \u00e6pi \u00fe\u00e1 f\u00f3lki\u00f0 her\u00f3p miki\u00f0, skulu \u00fe\u00e1 borgarveggirnir hrynja, og f\u00f3lki\u00f0 komast inn beint af augum.<a name=\"6\"><span class=\"versanumer\">6<\/span><\/a>\u00de\u00e1 kalla\u00f0i J\u00f3s\u00faa N\u00fansson \u00e1 prestana, og sag\u00f0i til \u00feeirra: beri\u00f0 s\u00e1ttm\u00e1ls\u00f6rkina, og sj\u00f6 prestar beri sj\u00f6 fagna\u00f0arb\u00e1s\u00fanur undan \u00f6rk Drottins,<a name=\"7\"><span class=\"versanumer\">7<\/span><\/a>og f\u00f3lkinu sag\u00f0i hann: gangi\u00f0 fram og fari\u00f0 \u00ed kringum borgina og hv\u00f6r hertygja\u00f0ur ma\u00f0ur gangi \u00e1 undan \u00f6rk Drottins.<a name=\"8\"><span class=\"versanumer\">8<\/span><\/a>\u00deegar J\u00f3s\u00faa haf\u00f0i tala\u00f0 til f\u00f3lksins, gengu \u00feeir sj\u00f6 prestar fram, sem b\u00e1ru sj\u00f6 fagna\u00f0arb\u00e1s\u00fanur fyrir augliti Drottins, og bl\u00e9su \u00ed b\u00e1s\u00fanurnar, og s\u00e1ttm\u00e1ls\u00f6rk Drottins kom \u00e1 eftir \u00feeim,<a name=\"9\"><span class=\"versanumer\">9<\/span><\/a>og \u00feeir sem herkl\u00e6ddir voru gengu \u00e1 undan prestunum, \u00feeim sem \u00ed b\u00e1s\u00fanurnar bl\u00e9su, en hinir a\u00f0rir fylgdu eftir \u00f6rkinni, og bl\u00e9su \u00ed b\u00e1s\u00fanurnar.<a name=\"10\"><span class=\"versanumer\">10<\/span><\/a>En J\u00f3s\u00faa bau\u00f0 f\u00f3lkinu: \u00fe\u00e9r megi\u00f0 ekki \u00e6pa her\u00f3p, og ekki l\u00e1ta y\u00f0ar raust heyra, og ekkert or\u00f0 \u00fatganga af y\u00f0ar munni, allt til \u00feess dags a\u00f0 eg segi y\u00f0ur: \u00e6pi\u00f0 her\u00f3p! \u00fe\u00e1 skulu\u00f0 \u00fe\u00e9r \u00e6pa her\u00f3p.<a name=\"11\"><span class=\"versanumer\">11<\/span><\/a>\u00deannig gekk \u00f6rk Drottins einu sinni kringum borgina, s\u00ed\u00f0an gengu menn til herb\u00fa\u00f0anna, og voru \u00fear um n\u00f3ttina.<a name=\"12\"><span class=\"versanumer\">12<\/span><\/a>Annars dags var J\u00f3s\u00faa \u00e1rla \u00e1 f\u00f3tum, b\u00e1ru \u00fe\u00e1 prestarnir \u00f6rk Drottins;<a name=\"13\"><span class=\"versanumer\">13<\/span><\/a>og \u00feeir sj\u00f6 prestar, sem b\u00e1ru \u00fe\u00e6r sj\u00f6 fagna\u00f0arb\u00e1s\u00fanur \u00e1 undan Drottins \u00f6rk, gengu alltaf og bl\u00e9su \u00ed b\u00e1s\u00fanurnar, en \u00feeir sem vopna\u00f0ir voru gengu fyrir \u00feeim, en hinir a\u00f0rir gengu \u00e1 eftir Drottins \u00f6rk, og bl\u00e9su \u00ed b\u00e1s\u00fanurnar.<a name=\"14\"><span class=\"versanumer\">14<\/span><\/a>N\u00e6sta dag gengu \u00feeir einu sinni kringum borgina, f\u00f3ru s\u00ed\u00f0an \u00ed herb\u00fa\u00f0irnar, svo gj\u00f6r\u00f0u \u00feeir \u00ed sex daga.<a name=\"15\"><span class=\"versanumer\">15<\/span><\/a>\u00deann sj\u00f6unda dag voru \u00feeir \u00e1 ferli \u00ed d\u00f6gun, og gengu sj\u00f6 sinnum kringum borgina me\u00f0 sama h\u00e6tti, einungis a\u00f0 \u00feeir \u00e1 \u00feessum degi f\u00f3ru sj\u00f6 sinnum kringum borgina.<a name=\"16\"><span class=\"versanumer\">16<\/span><\/a>\u00deegar prestarnir \u00ed sj\u00f6unda sinni bl\u00e9su \u00ed b\u00e1s\u00fanurnar, sag\u00f0i J\u00f3s\u00faa f\u00f3lkinu: \u00e6pi\u00f0 her\u00f3p, Drottinn hefir gefi\u00f0 y\u00f0ur borgina;<a name=\"17\"><span class=\"versanumer\">17<\/span><\/a>en borg \u00feessi, sag\u00f0i hann, og allt hva\u00f0 \u00ed henni er, skal vera bannf\u00e6r\u00f0 fyrir Drottni <span class='VideyAth'>*)<\/span>; sk\u00e6kjan Rahab ein skal l\u00edfi halda, og allir \u00feeir sem \u00ed hennar h\u00fasi eru, \u00fev\u00ed h\u00fan leyndi \u00feeim m\u00f6nnum, er v\u00e9r sendum;<a name=\"18\"><span class=\"versanumer\">18<\/span><\/a>g\u00e6ti\u00f0 y\u00f0ar a\u00f0eins fyrir \u00fev\u00ed bannf\u00e6r\u00f0a, a\u00f0 \u00fe\u00e9r ekki f\u00e6ri\u00f0 bann yfir y\u00f0ur sj\u00e1lfa, ef \u00fe\u00e9r taki\u00f0 nokku\u00f0 af \u00fev\u00ed, sem bannf\u00e6rt er, og lei\u00f0i\u00f0 \u00feannig b\u00f6lvun og fordj\u00f6rfun yfir \u00cdsraels herb\u00fa\u00f0ir;<a name=\"19\"><span class=\"versanumer\">19<\/span><\/a>allt silfur og gull, allt hva\u00f0 af kopar e\u00f0a j\u00e1rni er sm\u00ed\u00f0a\u00f0, skal vera Drottni helga\u00f0, og koma \u00ed f\u00e9hirslu Drottins.<a name=\"20\"><span class=\"versanumer\">20<\/span><\/a>F\u00f3lki\u00f0 \u00e6pti \u00fe\u00e1 her\u00f3p, og bl\u00e9su \u00ed b\u00e1s\u00fanurnar, \u00feegar \u00fea\u00f0 heyr\u00f0i hvell b\u00e1s\u00fananna, \u00e6pti \u00fea\u00f0 her\u00f3p miki\u00f0; m\u00fararnir hrundu \u00fe\u00e1, og f\u00f3lki\u00f0 gekk inn \u00ed borgina, hv\u00f6r hi\u00f0 gegnsta fram fr\u00e1 s\u00e9r;<a name=\"21\"><span class=\"versanumer\">21<\/span><\/a>\u00feannig unnu \u00feeir borgina, og l\u00fdstu banni yfir \u00f6llu sem \u00ed henni var, menn, kvinnur, unga og gamla, naut, sau\u00f0i og asna, og dr\u00e1pu \u00fea\u00f0 allt.<a name=\"22\"><span class=\"versanumer\">22<\/span><\/a>En J\u00f3s\u00faa sag\u00f0i \u00feeim tveimur m\u00f6nnum sem nj\u00f3sna\u00f0 h\u00f6f\u00f0u um landi\u00f0: fari\u00f0 \u00ed h\u00fas sk\u00e6kjunnar, lei\u00f0i\u00f0 hana \u00fat og alla hennar, eins og \u00fe\u00e9r s\u00f3ru\u00f0 henni.<a name=\"23\"><span class=\"versanumer\">23<\/span><\/a>\u00de\u00e1 gengu \u00feeir ungu nj\u00f3snarmenn \u00fear inn, og leiddu Rahab, f\u00f6\u00f0ur hennar og m\u00f3\u00f0ur, br\u00e6\u00f0ur hennar og hj\u00fa og alla hennar \u00e6ttmenn, \u00fat \u00far borginni, en l\u00e9tu hana vera fyrir utan herb\u00fa\u00f0ir \u00cdsraels;<a name=\"24\"><span class=\"versanumer\">24<\/span><\/a>en borgina brenndu \u00feeir og allt hva\u00f0 \u00ed henni var, einasta silfur og gull, kopar og j\u00e1rnsm\u00ed\u00f0isgripi l\u00f6g\u00f0u \u00feeir \u00ed f\u00e9hirslu Drottins h\u00fass.<a name=\"25\"><span class=\"versanumer\">25<\/span><\/a>Sk\u00e6kjunni Rahab og \u00e6tt hennar gaf J\u00f3s\u00faa l\u00edf, og bj\u00f3 h\u00fan allt til \u00feessa dags me\u00f0al \u00cdsraelsmanna fyrir \u00fea\u00f0 h\u00fan f\u00f3l \u00fe\u00e1 menn sem J\u00f3s\u00faa haf\u00f0i \u00fat sent, a\u00f0 nj\u00f3sna um Jer\u00edk\u00f3. <br \/><a name=\"26\"><span class=\"versanumer\">26<\/span><\/a>\u00de\u00e1 s\u00f3r J\u00f3s\u00faa \u00feannig: b\u00f6lva\u00f0ur veri s\u00e1 ma\u00f0ur \u00ed augliti Drottins, sem fer til og byggir upp \u00feenna sta\u00f0 Jer\u00edk\u00f3; \u00feegar hann leggur grundv\u00f6ll hans, kosti \u00fea\u00f0 hans frumgetna son, en \u00feegar hann reisir hans port, gildi \u00fea\u00f0 hinn yngsta son hans.<br \/><a name=\"27\"><span class=\"versanumer\">27<\/span><\/a>\u00deannig a\u00f0sto\u00f0a\u00f0i Drottinn J\u00f3s\u00faa, og hans fr\u00e6g\u00f0 barst um alla landi\u00f0.<\/p>\n<div class=\"footnoteVidey\">*) Sj\u00e1 3 M\u00f3s. 27,28.<\/div>\n","protected":false},"excerpt":{"rendered":"<p>J\u00f3s\u00faa vinnur Jer\u00edk\u00f3. 1Jer\u00edk\u00f3 haf\u00f0i l\u00e6st portum s\u00ednum og var umsetin af \u00cdsraelsb\u00f6rnum, svo enginn komst \u00fear \u00fat n\u00e9 inn;2en Drottinn sag\u00f0i vi\u00f0 J\u00f3s\u00faa: sj\u00e1! eg hefi gefi\u00f0 Jer\u00edk\u00f3, hennar konung og hrausta menn \u00ed \u00feitt vald,3gangi\u00f0 \u00fe\u00e9r allir str\u00ed\u00f0smennirnir kringum borgina, gangi\u00f0 kringum hana einu sinni og gj\u00f6ri\u00f0 svo \u00ed sex daga;4beri sj\u00f6 prestar \u00fe\u00e6r sj\u00f6 fagna\u00f0arb\u00e1s\u00fanur \u00e1 undan \u00f6rkinni; en \u00e1 \u00feeim sj\u00f6unda degi, \u00fe\u00e1 gangi\u00f0 sj\u00f6 sinnum kringum borgina, og l\u00e1t prestana bl\u00e1sa \u00ed b\u00e1s\u00fanurnar.5\u00deegar bl\u00e1si\u00f0 er \u00ed fagna\u00f0arhorni\u00f0, og \u00fe\u00e9r heyri\u00f0 hlj\u00f3m b\u00e1s\u00fanunnar, \u00e6pi \u00fe\u00e1 f\u00f3lki\u00f0 her\u00f3p miki\u00f0, skulu \u00fe\u00e1 borgarveggirnir hrynja, og f\u00f3lki\u00f0 komast inn <a href=\"https:\/\/biblian.is\/videy\/josuabok-6-kafli\/\"> [&#8230;]<\/a><\/p>\n","protected":false},"author":1,"featured_media":0,"parent":0,"menu_order":0,"comment_status":"open","ping_status":"open","template":"bibliukaflar.php","meta":{"footnotes":""},"class_list":["post-21042","page","type-page","status-publish","hentry"],"_links":{"self":[{"href":"https:\/\/biblian.is\/videy\/wp-json\/wp\/v2\/pages\/21042","targetHints":{"allow":["GET"]}}],"collection":[{"href":"https:\/\/biblian.is\/videy\/wp-json\/wp\/v2\/pages"}],"about":[{"href":"https:\/\/biblian.is\/videy\/wp-json\/wp\/v2\/types\/page"}],"author":[{"embeddable":true,"href":"https:\/\/biblian.is\/videy\/wp-json\/wp\/v2\/users\/1"}],"replies":[{"embeddable":true,"href":"https:\/\/biblian.is\/videy\/wp-json\/wp\/v2\/comments?post=21042"}],"version-history":[{"count":0,"href":"https:\/\/biblian.is\/videy\/wp-json\/wp\/v2\/pages\/21042\/revisions"}],"wp:attachment":[{"href":"https:\/\/biblian.is\/videy\/wp-json\/wp\/v2\/media?parent=21042"}],"curies":[{"name":"wp","href":"https:\/\/api.w.org\/{rel}","templated":true}]}}