{"id":21041,"date":"2018-01-02T01:00:02","date_gmt":"2018-01-02T01:00:02","guid":{"rendered":"http:\/\/biblian.is\/videy\/josuabok-5-kafli\/"},"modified":"2018-01-02T01:00:02","modified_gmt":"2018-01-02T01:00:02","slug":"josuabok-5-kafli","status":"publish","type":"page","link":"https:\/\/biblian.is\/videy\/josuabok-5-kafli\/","title":{"rendered":"J\u00f3s\u00faab\u00f3k 5. kafli"},"content":{"rendered":"<div class=\"fyrirsognVidey\">\u00cdsraelsb\u00f6rn eru umskorin, halda p\u00e1ska. Vitrun J\u00f3s\u00faa.<\/div>\n<p><a name=\"1\"><span class=\"versanumer\">1<\/span><\/a>\u00deegar Amor\u00edtanna k\u00f3ngar fyrir vestan J\u00f3rdan, og allir Kanan\u00edtakonungar vi\u00f0 hafi\u00f0 <span class='VideyAth'>*)<\/span> heyr\u00f0u, a\u00f0 Drottinn haf\u00f0i \u00feurrka\u00f0 J\u00f3rdanarvatn fyrir \u00cdsrael, me\u00f0an \u00feeir f\u00f3ru \u00fear yfir, \u00fe\u00e1 \u00e6\u00f0ru\u00f0ust \u00feeir, og \u00feeim f\u00e9llst hugur fyrir \u00cdsraelsb\u00f6rnum.<br \/><a name=\"2\"><span class=\"versanumer\">2<\/span><\/a>\u00c1 \u00feeim t\u00edma sag\u00f0i Drottinn vi\u00f0 J\u00f3s\u00faa: gj\u00f6r \u00fe\u00e9r steinkn\u00edfa, og umsker \u00cdsraelssonu \u00f6\u00f0ru sinni;<a name=\"3\"><span class=\"versanumer\">3<\/span><\/a>l\u00e9t \u00fe\u00e1 J\u00f3s\u00faa gj\u00f6ra steinkn\u00edfa, og umskar \u00cdsraelssonu, \u00e1 Yfirh\u00fa\u00f0ah\u00e6\u00f0inni.<a name=\"4\"><span class=\"versanumer\">4<\/span><\/a>S\u00fa var ors\u00f6kin, hv\u00f6rs vegna J\u00f3s\u00faa umskar \u00fe\u00e1: allt karlmannaf\u00f3lki\u00f0, sem f\u00f3r \u00fat af Egyptalandi, allir vopnf\u00e6rir menn h\u00f6f\u00f0u d\u00e1i\u00f0 \u00e1 lei\u00f0inni \u00ed \u00f3bygg\u00f0inni;<a name=\"5\"><span class=\"versanumer\">5<\/span><\/a>allt f\u00f3lki\u00f0, sem \u00fat f\u00f3r, var umskori\u00f0, en allt \u00fea\u00f0 f\u00f3lk, sem f\u00e6\u00f0st haf\u00f0i \u00e1 lei\u00f0inni \u00ed \u00f3bygg\u00f0inni eftir \u00fatg\u00f6ngu \u00feess af Egyptalandi var \u00f3umskori\u00f0;<a name=\"6\"><span class=\"versanumer\">6<\/span><\/a>\u00fev\u00ed \u00cdsrael fer\u00f0a\u00f0ist \u00ed 40 \u00e1r \u00ed \u00f3bygg\u00f0um, \u00feanga\u00f0 til allir \u00feeir vopnf\u00e6ru, sem af Egyptalandi f\u00f3ru, v\u00f3ru d\u00e1nir, af \u00fev\u00ed \u00feeir h\u00f6f\u00f0u veri\u00f0 \u00f3hl\u00fd\u00f0nir Drottni, svo Drottinn s\u00f3r, a\u00f0 \u00feeir ekki skyldu sj\u00e1 \u00fea\u00f0 land, sem Drottinn haf\u00f0i svari\u00f0 fe\u00f0rum \u00feeirra, a\u00f0 hann vildi gefa oss, \u00fea\u00f0 landi\u00f0, sem fl\u00fdtur af mj\u00f3lk og hunangi;<a name=\"7\"><span class=\"versanumer\">7<\/span><\/a>syni \u00feeirra, sem upp v\u00f3ru komnir \u00ed \u00feeirra sta\u00f0, umskar J\u00f3s\u00faa, \u00fev\u00ed \u00feeir h\u00f6f\u00f0u yfirh\u00fa\u00f0, og h\u00f6f\u00f0u ekki veri\u00f0 umskornir \u00e1 fer\u00f0inni.<a name=\"8\"><span class=\"versanumer\">8<\/span><\/a>\u00deegar n\u00fa allir v\u00f3ru umskornir, h\u00e9ldu \u00feeir kyrru fyrir hv\u00f6r \u00e1 s\u00ednum sta\u00f0 \u00ed herb\u00fa\u00f0unum, \u00feanga\u00f0 til \u00feeir v\u00f3ru gr\u00f3nir.<a name=\"9\"><span class=\"versanumer\">9<\/span><\/a>\u00de\u00e1 sag\u00f0i Drottinn til J\u00f3s\u00faa: \u00ed dag hefi eg burt teki\u00f0 fr\u00e1 y\u00f0ur sv\u00edvir\u00f0ingu <span class='VideyAth'>**)<\/span> Egyptalands, og kallast \u00fev\u00ed \u00feessi sta\u00f0ur enn \u00ed dag Gilgal. <br \/><a name=\"10\"><span class=\"versanumer\">10<\/span><\/a>\u00cdsraelsmenn l\u00e1gu \u00ed herb\u00fa\u00f0um s\u00ednum \u00ed Gilgal, og h\u00e9ldu p\u00e1ska \u00e1 Jer\u00edk\u00f3sv\u00f6llum, a\u00f0 kv\u00f6ldi \u00feess fj\u00f3rt\u00e1nda dags m\u00e1na\u00f0arins;<a name=\"11\"><span class=\"versanumer\">11<\/span><\/a>og \u00e1tu af landsins gr\u00f3\u00f0a fr\u00e1 \u00f6\u00f0rum p\u00e1skadegi, \u00f3s\u00fdrt brau\u00f0 og steikt \u00f6x, einmitt \u00e1 sama degi.<a name=\"12\"><span class=\"versanumer\">12<\/span><\/a>Daginn eftir a\u00f0 \u00feeir h\u00f6f\u00f0u eti\u00f0 af landsins gr\u00f3\u00f0a, \u00feraut manna, og \u00fea\u00f0an \u00ed fr\u00e1 h\u00f6f\u00f0u \u00feeir ekki manna, heldur \u00e1tu \u00feeir \u00fea\u00f0 \u00e1ri\u00f0 \u00e1v\u00f6xtu Kanaanslands. <br \/><a name=\"13\"><span class=\"versanumer\">13<\/span><\/a>\u00dea\u00f0 bar til, \u00feegar J\u00f3s\u00faa var hj\u00e1 Jer\u00edk\u00f3, a\u00f0 hann leit upp, og s\u00e1 hvar ma\u00f0ur st\u00f3\u00f0 gegnt honum me\u00f0 brug\u00f0nu sver\u00f0i; J\u00f3s\u00faa gekk til hans og spur\u00f0i hann: ert\u00fa af voru li\u00f0i, e\u00f0a \u00f3vinanna!<a name=\"14\"><span class=\"versanumer\">14<\/span><\/a>Hann svara\u00f0i: nei! heldur er eg hersh\u00f6f\u00f0ingi Drottins, og n\u00fa er eg kominn! \u00de\u00e1 f\u00e9ll J\u00f3s\u00faa fram \u00e1 \u00e1sj\u00f3nu s\u00edna til jar\u00f0ar, tilba\u00f0 og sag\u00f0i: hva\u00f0 b\u00fd\u00f0ur minn herra \u00fej\u00f3ni s\u00ednum?<a name=\"15\"><span class=\"versanumer\">15<\/span><\/a>\u00de\u00e1 sag\u00f0i hersh\u00f6f\u00f0ingi Drottins: drag \u00fe\u00edna sk\u00f3 af f\u00f3tum \u00fe\u00e9r, \u00fev\u00ed s\u00e1 sta\u00f0ur, er \u00fe\u00fa stendur \u00e1, er heilagur; og J\u00f3s\u00faa gj\u00f6r\u00f0i \u00fea\u00f0.<\/p>\n<div class=\"footnoteVidey\">*) \u00de. e. Mi\u00f0jar\u00f0arhafi\u00f0. **) \u00de. e. eftirleifar af hj\u00e1gu\u00f0ad\u00fdrkun og annarri hei\u00f0ni, sem Gy\u00f0ingar h\u00f6f\u00f0u vanist \u00e1 \u00ed Egyptalandi og undir eins endurn\u00fdja\u00f0 \u00feann s\u00e1ttm\u00e1la, sem gj\u00f6r\u00f0ur var vi\u00f0 Abraham. 1 M\u00f3s. 17,8\u201313.<\/div>\n","protected":false},"excerpt":{"rendered":"<p>\u00cdsraelsb\u00f6rn eru umskorin, halda p\u00e1ska. Vitrun J\u00f3s\u00faa. 1\u00deegar Amor\u00edtanna k\u00f3ngar fyrir vestan J\u00f3rdan, og allir Kanan\u00edtakonungar vi\u00f0 hafi\u00f0 *) heyr\u00f0u, a\u00f0 Drottinn haf\u00f0i \u00feurrka\u00f0 J\u00f3rdanarvatn fyrir \u00cdsrael, me\u00f0an \u00feeir f\u00f3ru \u00fear yfir, \u00fe\u00e1 \u00e6\u00f0ru\u00f0ust \u00feeir, og \u00feeim f\u00e9llst hugur fyrir \u00cdsraelsb\u00f6rnum.2\u00c1 \u00feeim t\u00edma sag\u00f0i Drottinn vi\u00f0 J\u00f3s\u00faa: gj\u00f6r \u00fe\u00e9r steinkn\u00edfa, og umsker \u00cdsraelssonu \u00f6\u00f0ru sinni;3l\u00e9t \u00fe\u00e1 J\u00f3s\u00faa gj\u00f6ra steinkn\u00edfa, og umskar \u00cdsraelssonu, \u00e1 Yfirh\u00fa\u00f0ah\u00e6\u00f0inni.4S\u00fa var ors\u00f6kin, hv\u00f6rs vegna J\u00f3s\u00faa umskar \u00fe\u00e1: allt karlmannaf\u00f3lki\u00f0, sem f\u00f3r \u00fat af Egyptalandi, allir vopnf\u00e6rir menn h\u00f6f\u00f0u d\u00e1i\u00f0 \u00e1 lei\u00f0inni \u00ed \u00f3bygg\u00f0inni;5allt f\u00f3lki\u00f0, sem \u00fat f\u00f3r, var umskori\u00f0, en allt \u00fea\u00f0 f\u00f3lk, sem f\u00e6\u00f0st haf\u00f0i <a href=\"https:\/\/biblian.is\/videy\/josuabok-5-kafli\/\"> [&#8230;]<\/a><\/p>\n","protected":false},"author":1,"featured_media":0,"parent":0,"menu_order":0,"comment_status":"open","ping_status":"open","template":"bibliukaflar.php","meta":{"footnotes":""},"class_list":["post-21041","page","type-page","status-publish","hentry"],"_links":{"self":[{"href":"https:\/\/biblian.is\/videy\/wp-json\/wp\/v2\/pages\/21041","targetHints":{"allow":["GET"]}}],"collection":[{"href":"https:\/\/biblian.is\/videy\/wp-json\/wp\/v2\/pages"}],"about":[{"href":"https:\/\/biblian.is\/videy\/wp-json\/wp\/v2\/types\/page"}],"author":[{"embeddable":true,"href":"https:\/\/biblian.is\/videy\/wp-json\/wp\/v2\/users\/1"}],"replies":[{"embeddable":true,"href":"https:\/\/biblian.is\/videy\/wp-json\/wp\/v2\/comments?post=21041"}],"version-history":[{"count":0,"href":"https:\/\/biblian.is\/videy\/wp-json\/wp\/v2\/pages\/21041\/revisions"}],"wp:attachment":[{"href":"https:\/\/biblian.is\/videy\/wp-json\/wp\/v2\/media?parent=21041"}],"curies":[{"name":"wp","href":"https:\/\/api.w.org\/{rel}","templated":true}]}}