{"id":21040,"date":"2018-01-02T01:00:02","date_gmt":"2018-01-02T01:00:02","guid":{"rendered":"http:\/\/biblian.is\/videy\/josuabok-4-kafli\/"},"modified":"2018-01-02T01:00:02","modified_gmt":"2018-01-02T01:00:02","slug":"josuabok-4-kafli","status":"publish","type":"page","link":"https:\/\/biblian.is\/videy\/josuabok-4-kafli\/","title":{"rendered":"J\u00f3s\u00faab\u00f3k 4. kafli"},"content":{"rendered":"<div class=\"fyrirsognVidey\">T\u00f3lf steinar uppreistir.<\/div>\n<p><a name=\"1\"><span class=\"versanumer\">1<\/span><\/a>\u00deegar allt f\u00f3lki\u00f0 var yfir J\u00f3rdan komi\u00f0 tala\u00f0i Drottinn \u00feannig til J\u00f3s\u00faa:<a name=\"2\"><span class=\"versanumer\">2<\/span><\/a>taki\u00f0 12 menn, einn mann af hv\u00f6rri \u00e6ttkv\u00edsl,<a name=\"3\"><span class=\"versanumer\">3<\/span><\/a>og bj\u00f3\u00f0i\u00f0 \u00feeim: taki\u00f0 upp t\u00f3lf steina \u00far J\u00f3rdan mi\u00f0ri, \u00far \u00feeim sta\u00f0, sem prestarnir st\u00f3\u00f0u og beri\u00f0 \u00fe\u00e1 yfir um \u00e1na me\u00f0 y\u00f0ur og \u00feanga\u00f0 hvar \u00fe\u00e9r hafi\u00f0 n\u00e1ttsta\u00f0.<a name=\"4\"><span class=\"versanumer\">4<\/span><\/a>\u00de\u00e1 kalla\u00f0i J\u00f3s\u00faa t\u00f3lf menn, sem hann tilkvaddi af \u00cdsraelsb\u00f6rnum, einn af hv\u00f6rri \u00e6ttkv\u00edsl,<a name=\"5\"><span class=\"versanumer\">5<\/span><\/a>og sag\u00f0i \u00feeim: gangi\u00f0 yfir um \u00e1 undan \u00f6rk Drottins y\u00f0ar Gu\u00f0s mitt \u00fat \u00ed J\u00f3rdan og taki hv\u00f6r y\u00f0ar stein s\u00e9r \u00e1 her\u00f0ar, eins og margar eru kynkv\u00edslir \u00cdsraelsbarna,<a name=\"6\"><span class=\"versanumer\">6<\/span><\/a>svo \u00feeir s\u00e9u minnismerki hj\u00e1 y\u00f0ur, svo a\u00f0 n\u00e6r ni\u00f0jar y\u00f0ar spyrja \u00e1 s\u00ed\u00f0an hva\u00f0 steinar \u00feessir merki,<a name=\"7\"><span class=\"versanumer\">7<\/span><\/a>\u00fe\u00e1 skulu\u00f0 \u00fe\u00e9r svara \u00feeim, \u00fea\u00f0, a\u00f0 J\u00f3rdanarv\u00f6tn klufust fyrir s\u00e1ttm\u00e1ls\u00f6rk Drottins; \u00feegar h\u00fan f\u00f3r yfir um J\u00f3rdan, klufust J\u00f3rdanarv\u00f6tn; og steinar \u00feessir skulu vera \u00cdsraelsni\u00f0jum til \u00e6varandi minningar.<a name=\"8\"><span class=\"versanumer\">8<\/span><\/a>\u00cdsraelsb\u00f6rn gj\u00f6r\u00f0u sem J\u00f3s\u00faa lag\u00f0i \u00feeim fyrir, og t\u00f3ku upp \u00far mi\u00f0ri J\u00f3rdan t\u00f3lf steina eftir \u00e6ttkv\u00edslat\u00f6lu \u00cdsraelsbarna, eins og Drottinn haf\u00f0i bo\u00f0i\u00f0 J\u00f3s\u00faa, og fluttu \u00fe\u00e1 me\u00f0 s\u00e9r \u00feanga\u00f0 sem \u00feeir h\u00f6f\u00f0u n\u00e1ttsta\u00f0, og l\u00e9tu \u00fe\u00e1 \u00fear eftir.<a name=\"9\"><span class=\"versanumer\">9<\/span><\/a>En J\u00f3s\u00faa reisti t\u00f3lf steina \u00ed mi\u00f0ri J\u00f3rdan, \u00fear sem prestarnir, \u00feeir er s\u00e1ttm\u00e1ls\u00f6rkina b\u00e1ru, h\u00f6f\u00f0u sta\u00f0i\u00f0; \u00fear eru \u00feeir enn \u00ed dag. <span class='VideyAth'>*)<\/span><a name=\"10\"><span class=\"versanumer\">10<\/span><\/a>En prestarnir, sem \u00f6rkina b\u00e1ru, st\u00f3\u00f0u \u00ed J\u00f3rdan mi\u00f0ri, \u00feanga\u00f0 til allt var gj\u00f6rt, sem Drottinn haf\u00f0i bo\u00f0i\u00f0 J\u00f3s\u00faa a\u00f0 kunngj\u00f6ra f\u00f3lkinu, samkv\u00e6mt \u00f6llu \u00fev\u00ed er M\u00f3ses haf\u00f0i bo\u00f0i\u00f0 J\u00f3s\u00faa; og f\u00f3lki\u00f0 fl\u00fdtti s\u00e9r yfir um.<a name=\"11\"><span class=\"versanumer\">11<\/span><\/a>\u00deegar allur l\u00fd\u00f0urinn var yfir um kominn, \u00fe\u00e1 f\u00f3r og \u00f6rk Drottins yfir um, og prestarnir \u00ed augs\u00fdn f\u00f3lksins;<a name=\"12\"><span class=\"versanumer\">12<\/span><\/a>og R\u00fabens, Ga\u00f0s og h\u00e1lf Manassis kynkv\u00edsl gengu \u00e1 undan \u00cdsraelsb\u00f6rnum b\u00fanir til bardaga, eins og M\u00f3ses haf\u00f0i bo\u00f0i\u00f0 \u00feeim;<a name=\"13\"><span class=\"versanumer\">13<\/span><\/a>fj\u00f6rutygi \u00fe\u00fasundir hertygja\u00f0ra manna gengu fram \u00e1 Jer\u00edk\u00f3sv\u00f6llu \u00ed augs\u00fdn Drottins til bardaga.<a name=\"14\"><span class=\"versanumer\">14<\/span><\/a>\u00deannig gj\u00f6r\u00f0i Drottinn J\u00f3s\u00faa \u00e1 \u00feeim degi veglegan fyrir augum allra \u00cdsraelsmanna; \u00feeir virtu hann alla \u00e6vi hans, eins og \u00feeir h\u00f6f\u00f0u virt M\u00f3sen.<br \/><a name=\"15\"><span class=\"versanumer\">15<\/span><\/a>\u00dev\u00ed n\u00e6st sag\u00f0i Drottinn til J\u00f3s\u00faa:<a name=\"16\"><span class=\"versanumer\">16<\/span><\/a>skipa \u00fe\u00fa prestunum, sem bera vitnisbur\u00f0ar\u00f6rkina <span class='VideyAth'>**)<\/span>, a\u00f0 st\u00edga upp \u00far J\u00f3rdan;<a name=\"17\"><span class=\"versanumer\">17<\/span><\/a>J\u00f3s\u00faa bau\u00f0 prestunum og sag\u00f0i: st\u00edgi\u00f0 upp \u00far J\u00f3rdan,<a name=\"18\"><span class=\"versanumer\">18<\/span><\/a>og jafnsnart og prestarnir sem b\u00e1ru s\u00e1ttm\u00e1ls\u00f6rk Drottins, v\u00f3ru komnir upp \u00far J\u00f3rdan, og h\u00f6f\u00f0u stigi\u00f0 f\u00f3tum \u00e1 \u00feurrt land, f\u00e9ll J\u00f3rdanar vatn aftur \u00ed sinn farveg, og h\u00fan var\u00f0, sem \u00e1\u00f0ur, bakkafull.<a name=\"19\"><span class=\"versanumer\">19<\/span><\/a>\u00dea\u00f0 var \u00e1 t\u00edunda degi hins fyrsta m\u00e1na\u00f0ar, a\u00f0 f\u00f3lki\u00f0 f\u00f3r yfir um J\u00f3rdan, og sl\u00f3gu tj\u00f6ldum \u00ed Gilgal yst fyrir austan Jer\u00edk\u00f3.<a name=\"20\"><span class=\"versanumer\">20<\/span><\/a>\u00dear \u00ed Gilgal reisti J\u00f3s\u00faa \u00fe\u00e1 t\u00f3lf steina, sem \u00feeir h\u00f6f\u00f0u teki\u00f0 \u00far J\u00f3rdan;<a name=\"21\"><span class=\"versanumer\">21<\/span><\/a>sag\u00f0i hann \u00fe\u00e1 til \u00cdsraelsbarna: \u00feegar ni\u00f0jar y\u00f0ar \u00e1 s\u00ed\u00f0an spyrja fe\u00f0ur s\u00edna, og segja: hva\u00f0 merkja \u00feessir steinar?<a name=\"22\"><span class=\"versanumer\">22<\/span><\/a>skulu\u00f0 \u00fe\u00e9r segja \u00feeim: \u00cdsrael gekk \u00e1 \u00feurru yfir \u00feessa J\u00f3rdan;<a name=\"23\"><span class=\"versanumer\">23<\/span><\/a>\u00fev\u00ed Drottinn y\u00f0ar Gu\u00f0 \u00feurrka\u00f0i fyrir y\u00f0ur v\u00f6tn J\u00f3rdanar, \u00fear til \u00fe\u00e9r voru\u00f0 komnir yfir um, eins og Drottinn y\u00f0ar Gu\u00f0 gj\u00f6r\u00f0i for\u00f0um vi\u00f0 Hafi\u00f0 rau\u00f0a, er hann \u00feurrka\u00f0i \u00fea\u00f0 fyrir oss, me\u00f0an v\u00e9r f\u00f3rum yfir um \u00fea\u00f0;<a name=\"24\"><span class=\"versanumer\">24<\/span><\/a>svo a\u00f0 allar \u00fej\u00f3\u00f0ir \u00e1 j\u00f6r\u00f0u \u00feekki h\u00f6nd Drottins, a\u00f0 h\u00fan er sterk, svo a\u00f0 \u00fe\u00e9r \u00f3ttist Drottin y\u00f0ar Gu\u00f0 alla daga.<\/p>\n<div class=\"footnoteVidey\">*) Nefnil. \u00feegar J\u00f3s\u00faab\u00f3k var ritu\u00f0.  **) \u00de. e. \u00f6rkina sem bo\u00f0or\u00f0at\u00f6flurnar voru \u00ed.<\/div>\n","protected":false},"excerpt":{"rendered":"<p>T\u00f3lf steinar uppreistir. 1\u00deegar allt f\u00f3lki\u00f0 var yfir J\u00f3rdan komi\u00f0 tala\u00f0i Drottinn \u00feannig til J\u00f3s\u00faa:2taki\u00f0 12 menn, einn mann af hv\u00f6rri \u00e6ttkv\u00edsl,3og bj\u00f3\u00f0i\u00f0 \u00feeim: taki\u00f0 upp t\u00f3lf steina \u00far J\u00f3rdan mi\u00f0ri, \u00far \u00feeim sta\u00f0, sem prestarnir st\u00f3\u00f0u og beri\u00f0 \u00fe\u00e1 yfir um \u00e1na me\u00f0 y\u00f0ur og \u00feanga\u00f0 hvar \u00fe\u00e9r hafi\u00f0 n\u00e1ttsta\u00f0.4\u00de\u00e1 kalla\u00f0i J\u00f3s\u00faa t\u00f3lf menn, sem hann tilkvaddi af \u00cdsraelsb\u00f6rnum, einn af hv\u00f6rri \u00e6ttkv\u00edsl,5og sag\u00f0i \u00feeim: gangi\u00f0 yfir um \u00e1 undan \u00f6rk Drottins y\u00f0ar Gu\u00f0s mitt \u00fat \u00ed J\u00f3rdan og taki hv\u00f6r y\u00f0ar stein s\u00e9r \u00e1 her\u00f0ar, eins og margar eru kynkv\u00edslir \u00cdsraelsbarna,6svo \u00feeir s\u00e9u minnismerki hj\u00e1 y\u00f0ur, svo a\u00f0 <a href=\"https:\/\/biblian.is\/videy\/josuabok-4-kafli\/\"> [&#8230;]<\/a><\/p>\n","protected":false},"author":1,"featured_media":0,"parent":0,"menu_order":0,"comment_status":"open","ping_status":"open","template":"bibliukaflar.php","meta":{"footnotes":""},"class_list":["post-21040","page","type-page","status-publish","hentry"],"_links":{"self":[{"href":"https:\/\/biblian.is\/videy\/wp-json\/wp\/v2\/pages\/21040","targetHints":{"allow":["GET"]}}],"collection":[{"href":"https:\/\/biblian.is\/videy\/wp-json\/wp\/v2\/pages"}],"about":[{"href":"https:\/\/biblian.is\/videy\/wp-json\/wp\/v2\/types\/page"}],"author":[{"embeddable":true,"href":"https:\/\/biblian.is\/videy\/wp-json\/wp\/v2\/users\/1"}],"replies":[{"embeddable":true,"href":"https:\/\/biblian.is\/videy\/wp-json\/wp\/v2\/comments?post=21040"}],"version-history":[{"count":0,"href":"https:\/\/biblian.is\/videy\/wp-json\/wp\/v2\/pages\/21040\/revisions"}],"wp:attachment":[{"href":"https:\/\/biblian.is\/videy\/wp-json\/wp\/v2\/media?parent=21040"}],"curies":[{"name":"wp","href":"https:\/\/api.w.org\/{rel}","templated":true}]}}