{"id":21039,"date":"2018-01-02T01:00:02","date_gmt":"2018-01-02T01:00:02","guid":{"rendered":"http:\/\/biblian.is\/videy\/josuabok-3-kafli\/"},"modified":"2018-01-02T01:00:02","modified_gmt":"2018-01-02T01:00:02","slug":"josuabok-3-kafli","status":"publish","type":"page","link":"https:\/\/biblian.is\/videy\/josuabok-3-kafli\/","title":{"rendered":"J\u00f3s\u00faab\u00f3k 3. kafli"},"content":{"rendered":"<div class=\"fyrirsognVidey\">F\u00f6r Gy\u00f0inga yfir J\u00f3rdan.<\/div>\n<p><a name=\"1\"><span class=\"versanumer\">1<\/span><\/a>Um morguninn var J\u00f3s\u00faa snemma \u00e1 ferli, og f\u00f3r me\u00f0 allan \u00cdsrael fr\u00e1 Sittim til J\u00f3rdanar, og voru \u00fear um n\u00f3ttina, \u00e1\u00f0ur \u00feeir f\u00e6ri yfir um.<a name=\"2\"><span class=\"versanumer\">2<\/span><\/a>En \u00feremur d\u00f6gum s\u00ed\u00f0ar gengu h\u00f6fu\u00f0smennirnir um herb\u00fa\u00f0irnar,<a name=\"3\"><span class=\"versanumer\">3<\/span><\/a>og skipu\u00f0u f\u00f3lkinu: \u00feegar \u00fe\u00e9r sj\u00e1i\u00f0 s\u00e1ttm\u00e1ls\u00f6rk Drottins y\u00f0ar Gu\u00f0s, og prestana Lev\u00edtana bera hana, \u00fe\u00e1 fari\u00f0 af sta\u00f0 og fylgi\u00f0 henni;<a name=\"4\"><span class=\"versanumer\">4<\/span><\/a>l\u00e1ti\u00f0 \u00fe\u00f3 tveggja \u00fe\u00fasund \u00e1lna langt bil vera millum y\u00f0ar og hennar, og gangi\u00f0 ekki n\u00e6r henni, svo \u00fe\u00e9r megi\u00f0 sj\u00e1 \u00feann veg sem \u00fe\u00e9r eigi\u00f0 a\u00f0 fara. \u00dev\u00ed \u00feann veg hafi\u00f0 \u00fe\u00e9r ekki fyrr fari\u00f0.<a name=\"5\"><span class=\"versanumer\">5<\/span><\/a>\u00de\u00e1 sag\u00f0i J\u00f3s\u00faa f\u00f3lkinu: helgi\u00f0 y\u00f0ur, \u00fev\u00ed \u00e1 morgun mun Drottinn gj\u00f6ra d\u00e1semdarverk, mitt \u00e1 me\u00f0al y\u00f0ar.<a name=\"6\"><span class=\"versanumer\">6<\/span><\/a>Prestunum sag\u00f0i hann: beri\u00f0 s\u00e1ttm\u00e1ls\u00f6rkina, og gangi\u00f0 \u00e1 undan f\u00f3lkinu! \u00feeir t\u00f3ku \u00fe\u00e1 s\u00e1ttm\u00e1ls\u00f6rkina, og gengu \u00e1 undan f\u00f3lkinu.<a name=\"7\"><span class=\"versanumer\">7<\/span><\/a>En Drottinn sag\u00f0i til J\u00f3s\u00faa: \u00ed dag mun eg taka til a\u00f0 mikla \u00feig, a\u00f0 \u00f6llum \u00cdsrael\u00edtum \u00e1sj\u00e1endum, svo \u00feeir viti, a\u00f0 eg er me\u00f0 \u00fe\u00e9r, eins og eg var me\u00f0 M\u00f3ses.<a name=\"8\"><span class=\"versanumer\">8<\/span><\/a>En bj\u00f3\u00f0 \u00fe\u00fa prestunum, sem bera s\u00e1ttm\u00e1ls\u00f6rkina: \u00feegar \u00fe\u00e9r fyrst st\u00edgi\u00f0 f\u00e6ti \u00ed J\u00f3rdanarvatn, \u00fe\u00e1 standi\u00f0 \u00fear kyrrir.<a name=\"9\"><span class=\"versanumer\">9<\/span><\/a>\u00de\u00e1 sag\u00f0i J\u00f3s\u00faa til \u00cdsraelsbarna: komi\u00f0 hinga\u00f0, og heyri\u00f0 or\u00f0 Drottins y\u00f0ar Gu\u00f0s:<a name=\"10\"><span class=\"versanumer\">10<\/span><\/a>\u00fear af\u2014sag\u00f0i hann\u2014skulu\u00f0 \u00fe\u00e9r sj\u00e1, a\u00f0 s\u00e1 lifandi Gu\u00f0 er me\u00f0al y\u00f0ar, og a\u00f0 hann vissulega mun fr\u00e1 y\u00f0ur \u00fatreka Kanan\u00edta, Het\u00edta, Hev\u00edta, Feres\u00edta, Gergeas\u00edta, Amor\u00edta og Jeb\u00fas\u00edta.<a name=\"11\"><span class=\"versanumer\">11<\/span><\/a>Sj\u00e1! s\u00e1ttm\u00e1ls\u00f6rk hans, sem er Drottinn allrar veraldar mun \u00e1 undan y\u00f0ur fara yfir um J\u00f3rdan,<a name=\"12\"><span class=\"versanumer\">12<\/span><\/a>taki\u00f0 n\u00fa t\u00f3lf menn af kynkv\u00edslum \u00cdsraels, einn mann af hv\u00f6rri \u00e6ttkv\u00edsl;<a name=\"13\"><span class=\"versanumer\">13<\/span><\/a>og \u00feegar prestarnir, sem bera s\u00e1ttm\u00e1ls\u00f6rk Drottins allrar veraldarinnar Herra, hv\u00edla f\u00e6tur s\u00edna \u00ed J\u00f3rdanarvatni, \u00fe\u00e1 skal vatn J\u00f3rdanar klj\u00fafast, vatni\u00f0, sem a\u00f0 ofan kemur, skal standa sem veggur.<a name=\"14\"><span class=\"versanumer\">14<\/span><\/a>\u00deegar f\u00f3lki\u00f0 n\u00fa f\u00f3r \u00far tj\u00f6ldum s\u00ednum til a\u00f0 fara yfir um J\u00f3rdan, \u00fe\u00e1 t\u00f3ku prestarnir upp s\u00e1ttm\u00e1ls\u00f6rkina \u00ed augs\u00fdn f\u00f3lksins.<a name=\"15\"><span class=\"versanumer\">15<\/span><\/a>Og \u00feegar \u00feeir, sem \u00f6rkina b\u00e1ru, komu a\u00f0 J\u00f3rdan, og dr\u00e1pu f\u00f3tum s\u00ednum fremst \u00ed vatni\u00f0, <span class='VideyAth'>(en J\u00f3rdan fl\u00f3\u00f0i allan uppskerut\u00edmann upp \u00e1 bakka)<\/span><a name=\"16\"><span class=\"versanumer\">16<\/span><\/a>\u00fe\u00e1 st\u00f3\u00f0 vatni\u00f0, sem ofan a\u00f0 kom, kyrrt, og h\u00f3f sig upp sem veggur mj\u00f6g langt fr\u00e1, vi\u00f0 \u00feann sta\u00f0 Adam sem er til hli\u00f0ar vi\u00f0 Sarthan, en \u00fea\u00f0 sem rann ni\u00f0ur a\u00f0 Ey\u00f0imerkurhafinu e\u00f0a Saltahafinu, rann allt til \u00feurr\u00f0ar; og f\u00f3lki\u00f0 f\u00f3r yfir um gegnt Jer\u00edk\u00f3.<a name=\"17\"><span class=\"versanumer\">17<\/span><\/a>En prestarnir sem b\u00e1ru s\u00e1ttm\u00e1ls\u00f6rk Drottins, st\u00f3\u00f0u \u00e1 \u00feurru, mitt \u00ed J\u00f3rdan, og allur \u00cdsrael gekk yfir um \u00e1 \u00feurru, \u00fear til allt f\u00f3lki\u00f0 var yfir J\u00f3rdan komi\u00f0.<\/p>\n<div class=\"footnoteVidey\"><\/div>\n","protected":false},"excerpt":{"rendered":"<p>F\u00f6r Gy\u00f0inga yfir J\u00f3rdan. 1Um morguninn var J\u00f3s\u00faa snemma \u00e1 ferli, og f\u00f3r me\u00f0 allan \u00cdsrael fr\u00e1 Sittim til J\u00f3rdanar, og voru \u00fear um n\u00f3ttina, \u00e1\u00f0ur \u00feeir f\u00e6ri yfir um.2En \u00feremur d\u00f6gum s\u00ed\u00f0ar gengu h\u00f6fu\u00f0smennirnir um herb\u00fa\u00f0irnar,3og skipu\u00f0u f\u00f3lkinu: \u00feegar \u00fe\u00e9r sj\u00e1i\u00f0 s\u00e1ttm\u00e1ls\u00f6rk Drottins y\u00f0ar Gu\u00f0s, og prestana Lev\u00edtana bera hana, \u00fe\u00e1 fari\u00f0 af sta\u00f0 og fylgi\u00f0 henni;4l\u00e1ti\u00f0 \u00fe\u00f3 tveggja \u00fe\u00fasund \u00e1lna langt bil vera millum y\u00f0ar og hennar, og gangi\u00f0 ekki n\u00e6r henni, svo \u00fe\u00e9r megi\u00f0 sj\u00e1 \u00feann veg sem \u00fe\u00e9r eigi\u00f0 a\u00f0 fara. \u00dev\u00ed \u00feann veg hafi\u00f0 \u00fe\u00e9r ekki fyrr fari\u00f0.5\u00de\u00e1 sag\u00f0i J\u00f3s\u00faa f\u00f3lkinu: helgi\u00f0 y\u00f0ur, \u00fev\u00ed \u00e1 <a href=\"https:\/\/biblian.is\/videy\/josuabok-3-kafli\/\"> [&#8230;]<\/a><\/p>\n","protected":false},"author":1,"featured_media":0,"parent":0,"menu_order":0,"comment_status":"open","ping_status":"open","template":"bibliukaflar.php","meta":{"footnotes":""},"class_list":["post-21039","page","type-page","status-publish","hentry"],"_links":{"self":[{"href":"https:\/\/biblian.is\/videy\/wp-json\/wp\/v2\/pages\/21039","targetHints":{"allow":["GET"]}}],"collection":[{"href":"https:\/\/biblian.is\/videy\/wp-json\/wp\/v2\/pages"}],"about":[{"href":"https:\/\/biblian.is\/videy\/wp-json\/wp\/v2\/types\/page"}],"author":[{"embeddable":true,"href":"https:\/\/biblian.is\/videy\/wp-json\/wp\/v2\/users\/1"}],"replies":[{"embeddable":true,"href":"https:\/\/biblian.is\/videy\/wp-json\/wp\/v2\/comments?post=21039"}],"version-history":[{"count":0,"href":"https:\/\/biblian.is\/videy\/wp-json\/wp\/v2\/pages\/21039\/revisions"}],"wp:attachment":[{"href":"https:\/\/biblian.is\/videy\/wp-json\/wp\/v2\/media?parent=21039"}],"curies":[{"name":"wp","href":"https:\/\/api.w.org\/{rel}","templated":true}]}}