{"id":21038,"date":"2018-01-02T01:00:02","date_gmt":"2018-01-02T01:00:02","guid":{"rendered":"http:\/\/biblian.is\/videy\/josuabok-2-kafli\/"},"modified":"2018-01-02T01:00:02","modified_gmt":"2018-01-02T01:00:02","slug":"josuabok-2-kafli","status":"publish","type":"page","link":"https:\/\/biblian.is\/videy\/josuabok-2-kafli\/","title":{"rendered":"J\u00f3s\u00faab\u00f3k 2. kafli"},"content":{"rendered":"<div class=\"fyrirsognVidey\">Nj\u00f3snarmenn fara til Jer\u00edk\u00f3. Sk\u00e6kjan Rahab.<\/div>\n<p><a name=\"1\"><span class=\"versanumer\">1<\/span><\/a>J\u00f3s\u00faa N\u00fansson haf\u00f0i sent leynilega tvo nj\u00f3snarmenn fr\u00e1 Sittim og sagt \u00feeim: fari\u00f0 og sko\u00f0i\u00f0 landi\u00f0, og Jer\u00edk\u00f3. \u00deeir f\u00f3ru og komu \u00ed h\u00fas sk\u00e6kju einnar a\u00f0 nafni Rahab og gistu \u00fear.<a name=\"2\"><span class=\"versanumer\">2<\/span><\/a>\u00deetta var sagt konunginum \u00ed Jer\u00edk\u00f3; sj\u00e1! nokkurir menn af \u00cdsraelsf\u00f3lki eru \u00ed n\u00f3tt komnir a\u00f0 nj\u00f3sna \u00ed landinu;<a name=\"3\"><span class=\"versanumer\">3<\/span><\/a>sendi \u00fe\u00e1 Jer\u00edk\u00f3sk\u00f3ngur til Rahab, og l\u00e9t segja henni: sel fram menn \u00fe\u00e1, sem til \u00fe\u00edn eru komnir \u00ed \u00feitt h\u00fas; \u00fev\u00ed \u00feeir eru komnir til a\u00f0 nj\u00f3sna um allt landi\u00f0.<a name=\"4\"><span class=\"versanumer\">4<\/span><\/a>En konan t\u00f3k mennina b\u00e1\u00f0a, leyndi \u00feeim, og sag\u00f0i: satt er \u00fea\u00f0, menn komu til m\u00edn, en hva\u00f0an \u00feeir v\u00f3ru vissi eg ekki;<a name=\"5\"><span class=\"versanumer\">5<\/span><\/a>en \u00feegar loka skyldi borgarhli\u00f0unum \u00ed r\u00f6kkrinu, f\u00f3ru \u00feeir, en ekki vissi eg, hv\u00f6rt \u00feeir f\u00f3ru; fari\u00f0 sem hra\u00f0ast eftir \u00feeim, \u00fe\u00e1 n\u00e1i\u00f0 \u00fe\u00e9r \u00feeim.<a name=\"6\"><span class=\"versanumer\">6<\/span><\/a>En h\u00fan haf\u00f0i leitt \u00fe\u00e1 upp \u00e1 \u00feaki\u00f0, og leynt \u00feeim undir vi\u00f0arull, sem breidd var \u00e1 \u00feaki\u00f0.<a name=\"7\"><span class=\"versanumer\">7<\/span><\/a>Mennirnir f\u00f3ru eftir \u00feeim \u00e1 veg til J\u00f3rdanar, allt til ferjusta\u00f0arins, en borgarhli\u00f0inu var l\u00e6st, \u00feegar leitarmennirnir v\u00f3ru \u00fat farnir.<a name=\"8\"><span class=\"versanumer\">8<\/span><\/a>\u00c1\u00f0ur en komumennirnir gengi til hv\u00edlu, gekk Rahab til \u00feeirra upp \u00e1 \u00feaki\u00f0,<a name=\"9\"><span class=\"versanumer\">9<\/span><\/a>og sag\u00f0i vi\u00f0 \u00fe\u00e1: eg veit a\u00f0 Drottinn hefir gefi\u00f0 y\u00f0ur land \u00feetta; \u00f3tti fyrir y\u00f0ur er yfir oss kominn og allir innb\u00faar landsins hr\u00e6\u00f0ast y\u00f0ur;<a name=\"10\"><span class=\"versanumer\">10<\/span><\/a>\u00fev\u00ed fr\u00e9tt h\u00f6fum v\u00e9r, a\u00f0 Drottinn \u00feurrka\u00f0i fyrir y\u00f0ur vatni\u00f0 \u00ed Rau\u00f0ahafinu, \u00feegar \u00fe\u00e9r f\u00f3ru\u00f0 af Egyptalandi, og hva\u00f0 \u00fe\u00e9r gj\u00f6rt hafi\u00f0 \u00feeim tveimur Amor\u00edtak\u00f3ngum, S\u00edhon og \u00d3g hinumegin J\u00f3rdanar, a\u00f0 \u00fe\u00e9r eyddu\u00f0 \u00feeim me\u00f0 \u00f6llu;<a name=\"11\"><span class=\"versanumer\">11<\/span><\/a>s\u00ed\u00f0an heyr\u00f0um v\u00e9r um \u00feetta, er \u00e6\u00f0ra komin \u00ed vor brj\u00f3st, og enginn hugur er \u00ed nokkrum manni, \u00feegar y\u00f0ur skal m\u00e6ta, \u00fev\u00ed Drottinn, y\u00f0ar Gu\u00f0, er Gu\u00f0 \u00e1 himnum uppi, og \u00e1 j\u00f6r\u00f0u ni\u00f0ri;<a name=\"12\"><span class=\"versanumer\">12<\/span><\/a>sverji\u00f0 m\u00e9r n\u00fa vi\u00f0 Drottin, a\u00f0 fyrst eg s\u00fdnda y\u00f0ur miskunn, \u00fe\u00e1 skulu\u00f0 \u00fe\u00e9r og miskunn s\u00fdna m\u00edns f\u00f6\u00f0urs h\u00fasi, og gefi\u00f0 m\u00e9r \u00fear um \u00f3brig\u00f0ult merki,<a name=\"13\"><span class=\"versanumer\">13<\/span><\/a>a\u00f0 \u00fe\u00e9r vilji\u00f0 l\u00e1ta f\u00f6\u00f0ur minn og m\u00f3\u00f0ur, br\u00e6\u00f0ur m\u00edna og systur l\u00edfi halda og allt hva\u00f0 \u00feeirra er, og frelsa oss fr\u00e1 dau\u00f0a.<a name=\"14\"><span class=\"versanumer\">14<\/span><\/a>\u00deeir sv\u00f6ru\u00f0u henni: v\u00e9r viljum setja vort l\u00edf \u00ed ve\u00f0 fyrir y\u00f0ur, ef \u00fe\u00e9r ekki opinberi\u00f0 \u00feetta tal okkar; og gefi Drottinn oss land \u00feetta, skulum v\u00e9r endurgjalda \u00fe\u00e9r me\u00f0 k\u00e6rleika og tr\u00fafesti.<a name=\"15\"><span class=\"versanumer\">15<\/span><\/a>\u00de\u00e1 l\u00e9t h\u00fan \u00fe\u00e1 \u00ed festi s\u00edga \u00fat um gluggann, \u00fev\u00ed h\u00fas hennar var \u00e1 m\u00farveggnum, og h\u00fan bj\u00f3 \u00e1 sj\u00e1lfum borgarveggnum.<a name=\"16\"><span class=\"versanumer\">16<\/span><\/a>H\u00fan sag\u00f0i vi\u00f0 \u00fe\u00e1: fari\u00f0 upp \u00e1 fjalli\u00f0, svo leitarmennirnir hitti y\u00f0ur ekki og felist \u00fear \u00ferj\u00e1 daga, \u00feanga\u00f0 til \u00feeir eru afturhorfnir sem eltu y\u00f0ur, en fari\u00f0 svo lei\u00f0ar ykkrar.<a name=\"17\"><span class=\"versanumer\">17<\/span><\/a>\u00deeir s\u00f6g\u00f0u vi\u00f0 hana: lausir viljum v\u00e9r vera fr\u00e1 ei\u00f0i \u00feeim, er \u00fe\u00fa t\u00f3kst af okkur,<a name=\"18\"><span class=\"versanumer\">18<\/span><\/a>\u00feegar vi\u00f0 komum inn \u00ed landi\u00f0, \u00fe\u00e1 skaltu binda \u00ed gluggann \u00feetta rau\u00f0a band, sem \u00fe\u00fa l\u00e9st okkur s\u00edga ni\u00f0ur \u00ed, og hafa samankalla\u00f0 \u00ed \u00feitt h\u00fas f\u00f6\u00f0ur \u00feinn og m\u00f3\u00f0ur, br\u00e6\u00f0ur \u00fe\u00edna og allt h\u00fas f\u00f6\u00f0ur \u00fe\u00edns.<a name=\"19\"><span class=\"versanumer\">19<\/span><\/a>En gangi nokkur \u00fat af h\u00fassdyrum \u00fe\u00ednum, \u00fe\u00e1 er hann sj\u00e1lfur valdur a\u00f0 s\u00ednum dau\u00f0a, en v\u00e9r s\u00fdknir, en ver\u00f0i h\u00f6nd l\u00f6g\u00f0 \u00e1 \u00feann nokkurn, sem er \u00ed \u00fe\u00ednu h\u00fasi, \u00fe\u00e1 ver\u00f0i okkur hans dau\u00f0i tilreikna\u00f0ur.<a name=\"20\"><span class=\"versanumer\">20<\/span><\/a>Og ef \u00fe\u00fa opinberar \u00feessi okkar erindi, erum v\u00e9r lausir fr\u00e1 \u00feeim ei\u00f0i, er \u00fe\u00fa t\u00f3kst af okkur.<a name=\"21\"><span class=\"versanumer\">21<\/span><\/a>H\u00fan sag\u00f0i: veri \u00fea\u00f0, eins og \u00fe\u00e9r segi\u00f0; l\u00e9t h\u00fan \u00fe\u00e1 svo fara, og \u00feeir f\u00f3ru, en h\u00fan batt hi\u00f0 rau\u00f0a band \u00ed gluggann.<a name=\"22\"><span class=\"versanumer\">22<\/span><\/a>Gengu \u00feeir s\u00ed\u00f0an, \u00fear til \u00feeir komu \u00e1 fjalli\u00f0, og dv\u00f6ldu \u00fear \u00ed \u00ferj\u00e1 daga, \u00fear til \u00feeir voru aftur heim komnir, er \u00feeim veittu eftirf\u00f6rina, \u00feeir h\u00f6f\u00f0u leita\u00f0 \u00feeirra \u00e1 \u00f6llum vegum og ekki fundi\u00f0.<a name=\"23\"><span class=\"versanumer\">23<\/span><\/a>Hvurfu \u00fe\u00e1 \u00feessir tveir menn aftur, og gengu af fjallinu, f\u00f3ru yfir um \u00e1na, komu til J\u00f3s\u00faa N\u00fanssonar, og s\u00f6g\u00f0u honum fr\u00e1 \u00f6llu, er \u00feeim haf\u00f0i m\u00e6tt.<a name=\"24\"><span class=\"versanumer\">24<\/span><\/a>\u00deeir s\u00f6g\u00f0u til J\u00f3s\u00faa: Drottinn hefir gefi\u00f0 allt landi\u00f0 oss \u00ed hendur, \u00fev\u00ed allir innb\u00faar \u00feess eru felmtsfullir fyrir oss.<\/p>\n<div class=\"footnoteVidey\"><\/div>\n","protected":false},"excerpt":{"rendered":"<p>Nj\u00f3snarmenn fara til Jer\u00edk\u00f3. Sk\u00e6kjan Rahab. 1J\u00f3s\u00faa N\u00fansson haf\u00f0i sent leynilega tvo nj\u00f3snarmenn fr\u00e1 Sittim og sagt \u00feeim: fari\u00f0 og sko\u00f0i\u00f0 landi\u00f0, og Jer\u00edk\u00f3. \u00deeir f\u00f3ru og komu \u00ed h\u00fas sk\u00e6kju einnar a\u00f0 nafni Rahab og gistu \u00fear.2\u00deetta var sagt konunginum \u00ed Jer\u00edk\u00f3; sj\u00e1! nokkurir menn af \u00cdsraelsf\u00f3lki eru \u00ed n\u00f3tt komnir a\u00f0 nj\u00f3sna \u00ed landinu;3sendi \u00fe\u00e1 Jer\u00edk\u00f3sk\u00f3ngur til Rahab, og l\u00e9t segja henni: sel fram menn \u00fe\u00e1, sem til \u00fe\u00edn eru komnir \u00ed \u00feitt h\u00fas; \u00fev\u00ed \u00feeir eru komnir til a\u00f0 nj\u00f3sna um allt landi\u00f0.4En konan t\u00f3k mennina b\u00e1\u00f0a, leyndi \u00feeim, og sag\u00f0i: satt er \u00fea\u00f0, menn komu til <a href=\"https:\/\/biblian.is\/videy\/josuabok-2-kafli\/\"> [&#8230;]<\/a><\/p>\n","protected":false},"author":1,"featured_media":0,"parent":0,"menu_order":0,"comment_status":"open","ping_status":"open","template":"bibliukaflar.php","meta":{"footnotes":""},"class_list":["post-21038","page","type-page","status-publish","hentry"],"_links":{"self":[{"href":"https:\/\/biblian.is\/videy\/wp-json\/wp\/v2\/pages\/21038","targetHints":{"allow":["GET"]}}],"collection":[{"href":"https:\/\/biblian.is\/videy\/wp-json\/wp\/v2\/pages"}],"about":[{"href":"https:\/\/biblian.is\/videy\/wp-json\/wp\/v2\/types\/page"}],"author":[{"embeddable":true,"href":"https:\/\/biblian.is\/videy\/wp-json\/wp\/v2\/users\/1"}],"replies":[{"embeddable":true,"href":"https:\/\/biblian.is\/videy\/wp-json\/wp\/v2\/comments?post=21038"}],"version-history":[{"count":0,"href":"https:\/\/biblian.is\/videy\/wp-json\/wp\/v2\/pages\/21038\/revisions"}],"wp:attachment":[{"href":"https:\/\/biblian.is\/videy\/wp-json\/wp\/v2\/media?parent=21038"}],"curies":[{"name":"wp","href":"https:\/\/api.w.org\/{rel}","templated":true}]}}