{"id":21037,"date":"2018-01-02T01:00:02","date_gmt":"2018-01-02T01:00:02","guid":{"rendered":"http:\/\/biblian.is\/videy\/josuabok-1-kafli\/"},"modified":"2018-01-02T01:00:02","modified_gmt":"2018-01-02T01:00:02","slug":"josuabok-1-kafli","status":"publish","type":"page","link":"https:\/\/biblian.is\/videy\/josuabok-1-kafli\/","title":{"rendered":"J\u00f3s\u00faab\u00f3k 1. kafli"},"content":{"rendered":"<div class=\"fyrirsognVidey\">J\u00f3s\u00faa tekur vi\u00f0 herstj\u00f3rninni.<\/div>\n<p><a name=\"1\"><span class=\"versanumer\">1<\/span><\/a>Eftir fr\u00e1fall Gu\u00f0s \u00fe\u00e9nara M\u00f3sis, tala\u00f0i Drottinn vi\u00f0 J\u00f3s\u00faa N\u00fansson \u00fej\u00f3n M\u00f3sis:<a name=\"2\"><span class=\"versanumer\">2<\/span><\/a>minn \u00fej\u00f3n M\u00f3ses er anda\u00f0ur; tak \u00feig upp og far yfir J\u00f3rdan, \u00fe\u00fa og allt \u00feetta f\u00f3lk, inn \u00ed \u00fea\u00f0 landi\u00f0, er eg hefi gefi\u00f0 \u00cdsraelsm\u00f6nnum.<a name=\"3\"><span class=\"versanumer\">3<\/span><\/a>S\u00e9rhv\u00f6rn \u00feann sta\u00f0, er \u00fe\u00e9r setji\u00f0 f\u00f3t \u00e1, hefi eg gefi\u00f0 y\u00f0ur, eins og eg h\u00e9t M\u00f3ses.<a name=\"4\"><span class=\"versanumer\">4<\/span><\/a>Y\u00f0ar landamerki skulu vera fr\u00e1 \u00feessari ey\u00f0im\u00f6rku og L\u00edbanonsfjalli til \u00feess mikla vatnsfalls Frat, allt land Het\u00edtanna, og til hins mikla hafs gegnt s\u00f3lseturssta\u00f0.<a name=\"5\"><span class=\"versanumer\">5<\/span><\/a>Enginn skal geta m\u00f3tsta\u00f0i\u00f0 \u00fe\u00e9r um \u00e6vi \u00fe\u00edna; eg vil vera me\u00f0 \u00fe\u00e9r eins og eg var me\u00f0 M\u00f3si, aldrei skal eg yfirgefa \u00feig og ekki fr\u00e1 \u00fe\u00e9r v\u00edkja.<a name=\"6\"><span class=\"versanumer\">6<\/span><\/a>Vertu hughraustur og \u00f3kv\u00ed\u00f0inn, \u00fev\u00ed \u00fe\u00fa skalt me\u00f0al f\u00f3lksins skipta \u00fev\u00ed landi, sem eg s\u00f3r fe\u00f0rum \u00feess a\u00f0 gefa \u00fev\u00ed.<a name=\"7\"><span class=\"versanumer\">7<\/span><\/a>Haf \u00fe\u00fa a\u00f0eins hug og einur\u00f0, til a\u00f0 halda og gj\u00f6ra \u00ed \u00f6llum hlutum eftir l\u00f6gm\u00e1li \u00fev\u00ed, sem \u00fej\u00f3n minn M\u00f3ses bau\u00f0 \u00fe\u00e9r; v\u00edk \u00fear fr\u00e1 hv\u00f6rki til h\u00e6gri n\u00e9 vinstri, svo \u00fe\u00fa ver\u00f0ir v\u00eds \u00ed \u00f6llu \u00fev\u00ed, sem \u00fe\u00fa tekur \u00fe\u00e9r fyrir.<a name=\"8\"><span class=\"versanumer\">8<\/span><\/a>Legg ekki \u00feessa l\u00f6gm\u00e1lsb\u00f3k fr\u00e1 \u00fe\u00e9r, heldur hugsa um hana dag og n\u00f3tt, svo \u00fe\u00fa megir halda og breyta \u00ed \u00f6llum hlutum eftir \u00fev\u00ed, sem \u00ed henni skrifa\u00f0 stendur, \u00fe\u00e1 skulu \u00fe\u00e9r og vel heppnast \u00f6ll \u00fe\u00edn fyrirt\u00e6ki, og \u00fe\u00fa ver\u00f0a v\u00eds.<a name=\"9\"><span class=\"versanumer\">9<\/span><\/a>G\u00e6t \u00feess, eg hefi bo\u00f0i\u00f0 \u00fe\u00e9r a\u00f0 vera hughraustur og \u00f6ruggur, \u00f3ttast ekki n\u00e9 hr\u00e6\u00f0ast, \u00fev\u00ed eg Drottinn \u00feinn Gu\u00f0, er me\u00f0 \u00fe\u00e9r hv\u00f6rt sem \u00fe\u00fa fer.<br \/><a name=\"10\"><span class=\"versanumer\">10<\/span><\/a>\u00de\u00e1 skipa\u00f0i J\u00f3s\u00faa h\u00f6f\u00f0ingjum f\u00f3lksins:<a name=\"11\"><span class=\"versanumer\">11<\/span><\/a>fari\u00f0 um herb\u00fa\u00f0irnar og bj\u00f3\u00f0i\u00f0 f\u00f3lkinu a\u00f0 hafa til rei\u00f0u veganesti, \u00fev\u00ed a\u00f0 \u00feriggja daga fresti skulu\u00f0 \u00fe\u00e9r fara yfir \u00feessa J\u00f3rdan, til a\u00f0 fara inn og taka \u00fea\u00f0 land sem Drottinn y\u00f0ar Gu\u00f0 gefur y\u00f0ur a\u00f0 eign.<a name=\"12\"><span class=\"versanumer\">12<\/span><\/a>En R\u00fabens og Ga\u00f0s ni\u00f0jum og \u00feeirri h\u00e1lfu Manassis kynkv\u00edsl sag\u00f0i J\u00f3s\u00faa:<a name=\"13\"><span class=\"versanumer\">13<\/span><\/a>minnist \u00feess er Drottins \u00fej\u00f3n M\u00f3ses bau\u00f0 y\u00f0ur: Drottinn y\u00f0ar Gu\u00f0 hefir veitt y\u00f0ur hv\u00edld, og gefi\u00f0 y\u00f0ur \u00feetta land.<a name=\"14\"><span class=\"versanumer\">14<\/span><\/a>L\u00e1ti\u00f0 konur y\u00f0ar, b\u00f6rn og kvikf\u00e9na\u00f0 eftir ver\u00f0a h\u00e9rnamegin J\u00f3rdanar, hvar M\u00f3ses \u00fatskipti y\u00f0ur landi, en gangi\u00f0 sj\u00e1lfir, allir vopnf\u00e6rir, b\u00fanir til bardaga \u00e1 undan br\u00e6\u00f0rum y\u00f0ar og veiti\u00f0 \u00feeim fulltingi;<a name=\"15\"><span class=\"versanumer\">15<\/span><\/a>\u00feanga\u00f0 til Drottinn veitir \u00feeim hv\u00edld, eins og y\u00f0ur, og \u00feeir hafa teki\u00f0 land \u00fea\u00f0 sem Drottinn y\u00f0ar Gu\u00f0 gefur \u00feeim; \u00fe\u00e1 megi\u00f0 \u00fe\u00e9r sn\u00faa aftur \u00ed y\u00f0vart land, sem M\u00f3ses Drottins \u00fej\u00f3n \u00fathluta\u00f0i y\u00f0ur, h\u00e9rna a\u00f0 austanver\u00f0u vi\u00f0 J\u00f3rdan.<a name=\"16\"><span class=\"versanumer\">16<\/span><\/a>\u00deeir sv\u00f6ru\u00f0u J\u00f3s\u00faa: v\u00e9r skulum gj\u00f6ra allt \u00fea\u00f0 sem \u00fe\u00fa hefir bo\u00f0i\u00f0 oss, og fara hv\u00f6rt sem \u00fe\u00fa sendir oss;<a name=\"17\"><span class=\"versanumer\">17<\/span><\/a>eins og v\u00e9r \u00ed \u00f6llu hl\u00fdddum M\u00f3ses, eins skulum v\u00e9r og \u00fe\u00e9r hl\u00fd\u00f0a; veri Drottinn \u00feinn Gu\u00f0, a\u00f0eins me\u00f0 \u00fe\u00e9r, eins og hann var me\u00f0 M\u00f3ses;<a name=\"18\"><span class=\"versanumer\">18<\/span><\/a>hv\u00f6r sem \u00feverskallast gegn \u00fe\u00e9r, og hl\u00fd\u00f0ir ekki \u00fe\u00ednum or\u00f0um \u00ed \u00f6llu sem \u00fe\u00fa b\u00fd\u00f0ur oss, skal vera dr\u00e6pur; vertu a\u00f0eins hughraustur og \u00f6ruggur.<\/p>\n<div class=\"footnoteVidey\"><\/div>\n","protected":false},"excerpt":{"rendered":"<p>J\u00f3s\u00faa tekur vi\u00f0 herstj\u00f3rninni. 1Eftir fr\u00e1fall Gu\u00f0s \u00fe\u00e9nara M\u00f3sis, tala\u00f0i Drottinn vi\u00f0 J\u00f3s\u00faa N\u00fansson \u00fej\u00f3n M\u00f3sis:2minn \u00fej\u00f3n M\u00f3ses er anda\u00f0ur; tak \u00feig upp og far yfir J\u00f3rdan, \u00fe\u00fa og allt \u00feetta f\u00f3lk, inn \u00ed \u00fea\u00f0 landi\u00f0, er eg hefi gefi\u00f0 \u00cdsraelsm\u00f6nnum.3S\u00e9rhv\u00f6rn \u00feann sta\u00f0, er \u00fe\u00e9r setji\u00f0 f\u00f3t \u00e1, hefi eg gefi\u00f0 y\u00f0ur, eins og eg h\u00e9t M\u00f3ses.4Y\u00f0ar landamerki skulu vera fr\u00e1 \u00feessari ey\u00f0im\u00f6rku og L\u00edbanonsfjalli til \u00feess mikla vatnsfalls Frat, allt land Het\u00edtanna, og til hins mikla hafs gegnt s\u00f3lseturssta\u00f0.5Enginn skal geta m\u00f3tsta\u00f0i\u00f0 \u00fe\u00e9r um \u00e6vi \u00fe\u00edna; eg vil vera me\u00f0 \u00fe\u00e9r eins og eg var me\u00f0 M\u00f3si, aldrei skal <a href=\"https:\/\/biblian.is\/videy\/josuabok-1-kafli\/\"> [&#8230;]<\/a><\/p>\n","protected":false},"author":1,"featured_media":0,"parent":0,"menu_order":0,"comment_status":"open","ping_status":"open","template":"bibliukaflar.php","meta":{"footnotes":""},"class_list":["post-21037","page","type-page","status-publish","hentry"],"_links":{"self":[{"href":"https:\/\/biblian.is\/videy\/wp-json\/wp\/v2\/pages\/21037","targetHints":{"allow":["GET"]}}],"collection":[{"href":"https:\/\/biblian.is\/videy\/wp-json\/wp\/v2\/pages"}],"about":[{"href":"https:\/\/biblian.is\/videy\/wp-json\/wp\/v2\/types\/page"}],"author":[{"embeddable":true,"href":"https:\/\/biblian.is\/videy\/wp-json\/wp\/v2\/users\/1"}],"replies":[{"embeddable":true,"href":"https:\/\/biblian.is\/videy\/wp-json\/wp\/v2\/comments?post=21037"}],"version-history":[{"count":0,"href":"https:\/\/biblian.is\/videy\/wp-json\/wp\/v2\/pages\/21037\/revisions"}],"wp:attachment":[{"href":"https:\/\/biblian.is\/videy\/wp-json\/wp\/v2\/media?parent=21037"}],"curies":[{"name":"wp","href":"https:\/\/api.w.org\/{rel}","templated":true}]}}