{"id":21035,"date":"2018-01-02T01:00:02","date_gmt":"2018-01-02T01:00:02","guid":{"rendered":"http:\/\/biblian.is\/videy\/fimmta-mosebok-33-kafli\/"},"modified":"2018-01-02T01:00:02","modified_gmt":"2018-01-02T01:00:02","slug":"fimmta-mosebok-33-kafli","status":"publish","type":"page","link":"https:\/\/biblian.is\/videy\/fimmta-mosebok-33-kafli\/","title":{"rendered":"Fimmta M\u00f3seb\u00f3k 33. kafli"},"content":{"rendered":"<div class=\"fyrirsognVidey\">M\u00f3ses blessar \u00cdsrael undir andl\u00e1ti\u00f0.<\/div>\n<p><a name=\"1\"><span class=\"versanumer\">1<\/span><\/a>\u00deessi er s\u00fa blessan me\u00f0 hv\u00f6rri M\u00f3ses, s\u00e1 gu\u00f0sma\u00f0ur, blessa\u00f0i \u00cdsraelsb\u00f6rn \u00e1\u00f0ur en hann dey\u00f0i:<a name=\"2\"><span class=\"versanumer\">2<\/span><\/a>Drottinn! svo m\u00e6lti hann, kom fr\u00e1 S\u00edna, hann upprann \u00feeim \u00ed Seir, birtist \u00e1 fjallinu Paran, og kom me\u00f0 margar \u00fe\u00fasundir heilagra, til hans h\u00e6gri handar var eldur \u00feeim til l\u00f6gm\u00e1ls. <br \/><a name=\"3\"><span class=\"versanumer\">3<\/span><\/a>V\u00edst elskar \u00fe\u00fa allan l\u00fd\u00f0inn, og allir \u00fe\u00ednir heilagir eru undir \u00feinni hendi, \u00feeir settu sig hj\u00e1 \u00fe\u00ednum f\u00f3tum, og t\u00f3ku \u00e1 m\u00f3ti \u00fe\u00ednum skipunum,<a name=\"4\"><span class=\"versanumer\">4<\/span><\/a>M\u00f3ses bo\u00f0a\u00f0i oss l\u00f6gm\u00e1li\u00f0, \u00fea\u00f0 \u00f3\u00f0ali\u00f0 Jakobs safna\u00f0ar;<a name=\"5\"><span class=\"versanumer\">5<\/span><\/a>hann var \u00fev\u00ed \u00cdsraelskonungur \u00e6t\u00ed\u00f0 \u00feegar h\u00f6f\u00f0ingjar f\u00f3lksins komu saman og \u00cdsraels kynkv\u00edslir. <br \/><a name=\"6\"><span class=\"versanumer\">6<\/span><\/a>R\u00faben lifi og deyi ekki, og al\u00fe\u00fd\u00f0a hans s\u00e9 talsver\u00f0. <br \/><a name=\"7\"><span class=\"versanumer\">7<\/span><\/a>Um J\u00fada sag\u00f0i hann: heyr\u00f0u, Drottinn! raustu J\u00fada! leiddu hann jafnan heim aftur til s\u00edns f\u00f3lks, hans h\u00f6nd s\u00e9 honum n\u00f3g og hj\u00e1lpa honum m\u00f3ti hans \u00f3vinum. <br \/><a name=\"8\"><span class=\"versanumer\">8<\/span><\/a>Um Lev\u00ed sag\u00f0i hann: Thummim og urim skal tilfalla \u00fe\u00ednum tr\u00falynda \u00fe\u00e9nara, nefnil: Aron, hv\u00f6rs \u00fe\u00fa freista\u00f0ir hj\u00e1 Massa og \u00e1taldir hj\u00e1 K\u00edfsvatni,<br \/><a name=\"9\"><span class=\"versanumer\">9<\/span><\/a>s\u00e1 er segir um f\u00f6\u00f0ur sinn og m\u00f3\u00f0ur s\u00edna, eg s\u00e9 hann ekki, og um sinn br\u00f3\u00f0ur, eg \u00feekki hann ekki, og um sinn son, eg veit ekki af honum, en heldur \u00fe\u00edn or\u00f0 og var\u00f0veitir \u00feinn s\u00e1ttm\u00e1la. <span class='VideyAth'>*)<\/span><br \/><a name=\"10\"><span class=\"versanumer\">10<\/span><\/a>\u00deessir <span class='VideyAth'>*)<\/span> munu l\u00e6ra Jakob \u00fe\u00edn r\u00e9ttindi, og \u00cdsrael \u00feitt l\u00f6gm\u00e1l, \u00feeir skulu bera reykelsi fyrir \u00fe\u00edn vit, og brennioffur \u00e1 \u00feitt altari;<a name=\"11\"><span class=\"versanumer\">11<\/span><\/a>Drottinn! blessa hans eignir, l\u00e1t \u00fe\u00e9r vel\u00fe\u00f3knast hans fyrirt\u00e6ki, brj\u00f3t \u00fe\u00e1 \u00e1 bak aftur sem setja sig upp \u00e1 m\u00f3ti honum og hata hann, svo \u00feeir standi ekki upp aftur. <br \/><a name=\"12\"><span class=\"versanumer\">12<\/span><\/a>Um Benjam\u00edn sag\u00f0i hann: \u00fe\u00fa Drottins elskulegi skalt b\u00faa \u00f3hultur, og S\u00e1 h\u00e6sti mun hl\u00edfa honum \u00e6vinlega, og hann skal b\u00faa millum hans her\u00f0a. <br \/><a name=\"13\"><span class=\"versanumer\">13<\/span><\/a>Um J\u00f3sep sag\u00f0i hann: hans land blessi Drottinn, me\u00f0 himinsins kostulegustu gj\u00f6f, me\u00f0 d\u00f6gg, og uppsprettulindum sem dyljast \u00ed undirdj\u00fapunum,<a name=\"14\"><span class=\"versanumer\">14<\/span><\/a>me\u00f0 hinum \u00e1g\u00e6tustu \u00e1v\u00f6xtum s\u00f3larinnar, og hinum bestu \u00e1v\u00f6xtum tunglsins.<br \/><a name=\"15\"><span class=\"versanumer\">15<\/span><\/a>Me\u00f0 \u00feeim \u00e1g\u00e6tustu \u00e1v\u00f6xtum \u00e1 \u00feeim g\u00f6mlu h\u00e1fj\u00f6llum, og \u00feeim \u00e6vinlegu h\u00e1lsum;<br \/><a name=\"16\"><span class=\"versanumer\">16<\/span><\/a>me\u00f0 \u00feeim d\u00fdr\u00f0legustu \u00e1v\u00f6xtum jar\u00f0arinnar sem h\u00fan er full af fyrir hans n\u00e1\u00f0 sem bj\u00f3 \u00ed runnanum <span class='VideyAth'>(Ex. 3,2)<\/span>; komi allt \u00feetta yfir h\u00f6fu\u00f0 J\u00f3seps, yfir hvirfil \u00feess g\u00f6fugasta me\u00f0al sinna br\u00e6\u00f0ra <span class='VideyAth'>(Gen. 49,26)<\/span>;<a name=\"17\"><span class=\"versanumer\">17<\/span><\/a>hans fegur\u00f0 s\u00e9 eins og frumgetins uxa, og hans horn s\u00e9u sem einhyrningshorn, me\u00f0 hv\u00f6rjum hann stangi \u00fej\u00f3\u00f0irnar til samans allt til landsins ummerkja, h\u00e9r meinast Efra\u00edms 10 \u00fe\u00fasundir, og \u00fe\u00e6r Manassis \u00fe\u00fasundir. <br \/><a name=\"18\"><span class=\"versanumer\">18<\/span><\/a>Um Seb\u00falon sag\u00f0i hann: gle\u00f0 \u00feig, \u00fe\u00fa Seb\u00falon! \u00ed \u00fe\u00ednum \u00fatvegi. Og \u00fe\u00fa \u00cdsaskar! gle\u00f0 \u00feig \u00ed \u00fe\u00ednum landtj\u00f6ldum!<a name=\"19\"><span class=\"versanumer\">19<\/span><\/a>\u00deeir munu kalla f\u00f3lki\u00f0 upp \u00e1 fjalli\u00f0 og offra \u00fear tilhl\u00fd\u00f0ilegu offri, \u00fev\u00ed \u00feeir munu nj\u00f3ta sj\u00e1varins gn\u00e6gta, og fj\u00e1rsj\u00f3\u00f0anna sem hyljast \u00ed sandinum.<br \/><a name=\"20\"><span class=\"versanumer\">20<\/span><\/a>Um Ga\u00f0 sag\u00f0i hann: vegsama\u00f0ur s\u00e9 s\u00e1 <span class='VideyAth'>(Gu\u00f0)<\/span> sem f\u00e6rir \u00fat Ga\u00f0; hann mun b\u00faa sem lj\u00f3n, og sundurr\u00edfa handleggina og hvirfilinn.<a name=\"21\"><span class=\"versanumer\">21<\/span><\/a>Hann s\u00e1 frumbur\u00f0inn \u00feess fyrirheitna lands, \u00fev\u00ed \u00fear var parturinn s\u00e1, sem s\u00e1 hei\u00f0ra\u00f0i fyrirli\u00f0inn <span class='VideyAth'>(M\u00f3ses)<\/span> haf\u00f0i gefi\u00f0 \u00feeim. En hann <span class='VideyAth'>(nl. Ga\u00f0)<\/span> \u00e1 a\u00f0 ganga \u00e1 undan f\u00f3lkinu, og uppfylla \u00feannig Drottins vilja og skyldu s\u00edna me\u00f0al \u00cdsrael\u00edta.<br \/><a name=\"22\"><span class=\"versanumer\">22<\/span><\/a>Um Dan sag\u00f0i hann: Dan er ungt lj\u00f3n sem kemur st\u00f6kkvandi ofan af Basan.<br \/><a name=\"23\"><span class=\"versanumer\">23<\/span><\/a>Um Neftal\u00ed sag\u00f0i hann: Neftal\u00ed skal mettur ver\u00f0a af n\u00e1\u00f0 og saddur af blessun Drottins, hann skal nema land a\u00f0 sj\u00f3 og su\u00f0ri. <br \/><a name=\"24\"><span class=\"versanumer\">24<\/span><\/a>Um Asser sag\u00f0i hann: Asser veitist mikil blessun af b\u00f6rnum, hann s\u00e9 \u00feekkur s\u00ednum br\u00e6\u00f0rum og hann drepi f\u00e6ti s\u00ednum \u00ed vi\u00f0smj\u00f6r;<a name=\"25\"><span class=\"versanumer\">25<\/span><\/a>j\u00e1rn og kopar skal vera \u00ed \u00fe\u00ednum l\u00e1sum, \u00fe\u00fa skalt eiga n\u00e1\u00f0uga daga.<br \/><a name=\"26\"><span class=\"versanumer\">26<\/span><\/a>Enginn Gu\u00f0 er l\u00edkur \u00cdsraels Gu\u00f0, sem keyrir \u00e1 himninum \u00fe\u00e9r til hj\u00e1lpar og hv\u00f6rs d\u00fdr\u00f0 er \u00ed sk\u00fdjunum\u2014<a name=\"27\"><span class=\"versanumer\">27<\/span><\/a>\u00fear er b\u00fasta\u00f0ur \u00feess Gu\u00f0s sem er fr\u00e1 upphafi, og \u00fear fyrir ne\u00f0an er hans eil\u00edfi armleggur, hann mun reka \u00e1 undan \u00fe\u00e9r \u00fe\u00edna \u00f3vini og segja: eyddu \u00feeim. <br \/><a name=\"28\"><span class=\"versanumer\">28<\/span><\/a>\u00cdsrael skal ugglaus b\u00faa og \u00fat af fyrir sig, Jakobs brunnur <span class='VideyAth'>*)<\/span> skal vera \u00e1 \u00fev\u00ed landi hvar korn og v\u00edn er, l\u00edka skal hans himinn drj\u00fapa af d\u00f6ggu.<a name=\"29\"><span class=\"versanumer\">29<\/span><\/a>S\u00e6ll ertu \u00cdsrael! hv\u00f6r er \u00feinn l\u00edki! \u00fe\u00fa l\u00fd\u00f0urinn hv\u00f6rn Drottinn verndar, \u00feinn hl\u00edfarskj\u00f6ldur og \u00feitt fr\u00e6g\u00f0arsver\u00f0; \u00fe\u00ednir \u00f3vinir munu l\u00fata fyrir \u00fe\u00e9r, og \u00fe\u00fa munt frambruna \u00e1 \u00feeirra h\u00e6\u00f0um.<\/p>\n<div class=\"footnoteVidey\">V. 8. Urim og thummim. Sj\u00e1 Ex. 28,30. Lev. 8,8. Esra 2,63. Neh. 7,65 og einkanlega Num. 27,21. Hv\u00f6rnig \u00feetta var \u00ed h\u00e1tt og hv\u00f6rnig eiginlega br\u00faka\u00f0 vita menn ekki\u2014\u00fea\u00f0 var \u00ed brj\u00f3stskildi ypparsta prestsins, anna\u00f0 hv\u00f6rt utan \u00e1 honum e\u00f0a innan \u00ed. Mun ypparsti presturinn \u00ed vandas\u00f6mum tilfellum, hvar hann ei \u00fe\u00f3ttist sj\u00e1lfur einhl\u00edtur til \u00farskur\u00f0ar, hafa teki\u00f0 \u00e1 \u00feeim eitthv\u00f6rt \u00fea\u00f0 mark, a\u00f0 hann eftir \u00feeim gaf \u00farskur\u00f0inn, s\u00fdnast \u00fev\u00ed \u00feessir hlutir, hva\u00f0 sem \u00ed \u00feeim var, a\u00f0 hafa veri\u00f0 nokkurs konar andlegt hlutkesti. V\u00edst v\u00f3ru hlutkestir br\u00faka\u00f0ir af Gy\u00f0ingum (J\u00f3s. 7,13\u201321. 1 Sam. 14,41. Or\u00f0skv. 16,33), einkum \u00ed v\u00f6ndum m\u00e1lum, til anna\u00f0 hv\u00f6rt a\u00f0 uppg\u00f6tva \u00feann seka e\u00f0a skera \u00far deilum. Er \u00fev\u00ed ei \u00f3l\u00edklegt a\u00f0 urim og thummim hafi kallast \u00feeir hlutir, sem menn br\u00faku\u00f0u til svoddan \u00farskur\u00f0a, \u00fe\u00e1 menn \u00e6tlu\u00f0u a\u00f0 Drottinn me\u00f0 \u00feeim leiddi r\u00e9ttindin \u00ed lj\u00f3s.  V. 9. *) H\u00e9r er Aron hr\u00f3sa\u00f0 fyrir \u00fea\u00f0, a\u00f0 hann ei muni rangt gj\u00f6ra e\u00f0a gj\u00f6ra s\u00e9r mannamun, hv\u00f6r sem \u00ed hlut eigi, \u00fe\u00f3 fa\u00f0ir v\u00e6ri og s. frv.  V. 10. *) Nefnil. Aron og hans eftirkomarar, Lev\u00edtarnir.  V. 19. \u00cd Seb\u00falonasveit var h\u00f6fnin Acco og rann \u00fear \u00fat \u00e1in Belus sem velti me\u00f0 s\u00e9r glersandi \u00far hv\u00f6rjum fyrst var tilb\u00fai\u00f0 glas.  V. 20. Sbr. Gen. 49,9.  V. 28. A\u00f0r: auga.<\/div>\n","protected":false},"excerpt":{"rendered":"<p>M\u00f3ses blessar \u00cdsrael undir andl\u00e1ti\u00f0. 1\u00deessi er s\u00fa blessan me\u00f0 hv\u00f6rri M\u00f3ses, s\u00e1 gu\u00f0sma\u00f0ur, blessa\u00f0i \u00cdsraelsb\u00f6rn \u00e1\u00f0ur en hann dey\u00f0i:2Drottinn! svo m\u00e6lti hann, kom fr\u00e1 S\u00edna, hann upprann \u00feeim \u00ed Seir, birtist \u00e1 fjallinu Paran, og kom me\u00f0 margar \u00fe\u00fasundir heilagra, til hans h\u00e6gri handar var eldur \u00feeim til l\u00f6gm\u00e1ls. 3V\u00edst elskar \u00fe\u00fa allan l\u00fd\u00f0inn, og allir \u00fe\u00ednir heilagir eru undir \u00feinni hendi, \u00feeir settu sig hj\u00e1 \u00fe\u00ednum f\u00f3tum, og t\u00f3ku \u00e1 m\u00f3ti \u00fe\u00ednum skipunum,4M\u00f3ses bo\u00f0a\u00f0i oss l\u00f6gm\u00e1li\u00f0, \u00fea\u00f0 \u00f3\u00f0ali\u00f0 Jakobs safna\u00f0ar;5hann var \u00fev\u00ed \u00cdsraelskonungur \u00e6t\u00ed\u00f0 \u00feegar h\u00f6f\u00f0ingjar f\u00f3lksins komu saman og \u00cdsraels kynkv\u00edslir. 6R\u00faben lifi og deyi ekki, og <a href=\"https:\/\/biblian.is\/videy\/fimmta-mosebok-33-kafli\/\"> [&#8230;]<\/a><\/p>\n","protected":false},"author":1,"featured_media":0,"parent":0,"menu_order":0,"comment_status":"open","ping_status":"open","template":"bibliukaflar.php","meta":{"footnotes":""},"class_list":["post-21035","page","type-page","status-publish","hentry"],"_links":{"self":[{"href":"https:\/\/biblian.is\/videy\/wp-json\/wp\/v2\/pages\/21035","targetHints":{"allow":["GET"]}}],"collection":[{"href":"https:\/\/biblian.is\/videy\/wp-json\/wp\/v2\/pages"}],"about":[{"href":"https:\/\/biblian.is\/videy\/wp-json\/wp\/v2\/types\/page"}],"author":[{"embeddable":true,"href":"https:\/\/biblian.is\/videy\/wp-json\/wp\/v2\/users\/1"}],"replies":[{"embeddable":true,"href":"https:\/\/biblian.is\/videy\/wp-json\/wp\/v2\/comments?post=21035"}],"version-history":[{"count":0,"href":"https:\/\/biblian.is\/videy\/wp-json\/wp\/v2\/pages\/21035\/revisions"}],"wp:attachment":[{"href":"https:\/\/biblian.is\/videy\/wp-json\/wp\/v2\/media?parent=21035"}],"curies":[{"name":"wp","href":"https:\/\/api.w.org\/{rel}","templated":true}]}}