{"id":21034,"date":"2018-01-02T01:00:02","date_gmt":"2018-01-02T01:00:02","guid":{"rendered":"http:\/\/biblian.is\/videy\/fimmta-mosebok-32-kafli\/"},"modified":"2018-01-02T01:00:02","modified_gmt":"2018-01-02T01:00:02","slug":"fimmta-mosebok-32-kafli","status":"publish","type":"page","link":"https:\/\/biblian.is\/videy\/fimmta-mosebok-32-kafli\/","title":{"rendered":"Fimmta M\u00f3seb\u00f3k 32. kafli"},"content":{"rendered":"<div class=\"fyrirsognVidey\">Svanas\u00f6ngur M\u00f3sis.<\/div>\n<p><a name=\"1\"><span class=\"versanumer\">1<\/span><\/a>Hlusti\u00f0 \u00fe\u00e9r til, himnar, \u00fev\u00ed eg vil tala! heyr \u00fe\u00fa j\u00f6r\u00f0! m\u00e1li\u00f0 m\u00edns munns!<a name=\"2\"><span class=\"versanumer\">2<\/span><\/a>M\u00edn kenning skal drj\u00fapa sem regn, og mitt m\u00e1l skal renna sem d\u00f6gg, eins og regni\u00f0 ofan \u00e1 grasinu, og eins og daggardroparnir ofan \u00e1 jurtunum.<a name=\"3\"><span class=\"versanumer\">3<\/span><\/a>\u00dev\u00ed a\u00f0 eg vil pr\u00edsa nafni\u00f0 Drottins\u2014gefi\u00f0 Gu\u00f0i vorum d\u00fdr\u00f0ina!<a name=\"4\"><span class=\"versanumer\">4<\/span><\/a>Hann er hellubjarg, fullkomin hans verk og r\u00e9ttir hans vegir\u2014Gu\u00f0 er tr\u00fafastur, \u00e1n allra pretta, hann er r\u00e9ttl\u00e1tur og sannor\u00f0ur.<a name=\"5\"><span class=\"versanumer\">5<\/span><\/a>\u00deeirra eigin sv\u00edvir\u00f0ing spillti \u00feeim fyrir honum; \u00feeir eru ekki hans b\u00f6rn, s\u00fa umhverfa og \u00f6fuga \u00fej\u00f3\u00f0.<a name=\"6\"><span class=\"versanumer\">6<\/span><\/a>\u00deakka \u00fe\u00fa svo Drottni Gu\u00f0i \u00fe\u00ednum, \u00fe\u00fa heimska og f\u00e1v\u00edsa \u00fej\u00f3\u00f0! er hann \u00fe\u00f3 ekki fa\u00f0ir \u00feinn, s\u00e1 sem \u00e1tti \u00feig? er hann ei s\u00e1 sem skapa\u00f0i \u00feig og mynda\u00f0i?<a name=\"7\"><span class=\"versanumer\">7<\/span><\/a>Minnstu fyrri t\u00edmanna, og hygg a\u00f0 \u00e1rum inna li\u00f0nu aldanna, spyr\u00f0u f\u00f6\u00f0ur \u00feinn a\u00f0, og hann mun geta fr\u00e6tt \u00feig \u00e1 \u00fev\u00ed\u2014\u00fe\u00edna \u00f6ldunga, og \u00feeir munu geta sagt \u00fe\u00e9r \u00fea\u00f0.<a name=\"8\"><span class=\"versanumer\">8<\/span><\/a>\u00deegar S\u00e1 h\u00e6sti skipti l\u00f6ndum me\u00f0 \u00fej\u00f3\u00f0unum, og \u00fatdreif\u00f0i mannanna sonum, \u00fe\u00e1 tilsetti hann landamerki fyrir \u00fej\u00f3\u00f0irnar eftir t\u00f6lu \u00cdsraelsbarna.<a name=\"9\"><span class=\"versanumer\">9<\/span><\/a>\u00dev\u00ed a\u00f0 hlutskipti Drottins er hans f\u00f3lk, og Jakob er s\u00e1 partur hans arfleif\u00f0ar.<a name=\"10\"><span class=\"versanumer\">10<\/span><\/a>Hann leita\u00f0i hann uppi \u00ed ey\u00f0im\u00f6rkinni, \u00e1 hrj\u00f3strugum sorgarsta\u00f0, \u00ed \u00f3bygg\u00f0inni; hann var hvervetna \u00ed kringum hann og hug\u00f0i a\u00f0 honum, hann var\u00f0veitti hann sem sj\u00e1aldur auga s\u00edns.<a name=\"11\"><span class=\"versanumer\">11<\/span><\/a>Eins og \u00f6rnin lei\u00f0ir \u00fat unga s\u00edna og fl\u00f6grar yfir \u00feeim, svo \u00fatbreiddi hann v\u00e6ngi s\u00edna\u2014t\u00f3k \u00fe\u00e1 upp og bar \u00fe\u00e1 \u00e1 v\u00e6ngjum s\u00e9r.<a name=\"12\"><span class=\"versanumer\">12<\/span><\/a>Drottinn einsamall leiddi hann, og enginn annarlegur gu\u00f0 var me\u00f0 honum.<a name=\"13\"><span class=\"versanumer\">13<\/span><\/a>Hann f\u00f3r me\u00f0 hann yfir \u00f6ldur jar\u00f0arinnar, og f\u00e6ddi hann \u00e1 \u00e1v\u00f6xtum akursins, l\u00e9t hann sj\u00faga hunang \u00far bj\u00f6rgunum, og vi\u00f0smj\u00f6r \u00far tinnusteinunum.<a name=\"14\"><span class=\"versanumer\">14<\/span><\/a>Hann f\u00e6ddi hann me\u00f0 rj\u00f3ma af k\u00fapeningnum, og n\u00fdmj\u00f3lk af sau\u00f0f\u00e9nu, me\u00f0 feiti dilklambanna, me\u00f0 hr\u00fatum sem hafa gengi\u00f0 \u00e1 Basan, og kjarnh\u00f6frum me\u00f0 hinu besta hveiti, og \u00fe\u00fa f\u00e9kkst a\u00f0 drekka v\u00ednberjabl\u00f3\u00f0.<a name=\"15\"><span class=\"versanumer\">15<\/span><\/a>En \u00feegar \u00cdsrael var\u00f0 fullur og feitur, f\u00f3r hann a\u00f0 gj\u00f6rast rembil\u00e1tur; \u00fe\u00fa ert or\u00f0inn feitur, s\u00e6llegur og digur. \u00de\u00e1 yfirgaf hann Drottin sinn skapara, og forsm\u00e1\u00f0i hellu s\u00edns hj\u00e1lpr\u00e6\u00f0is,<a name=\"16\"><span class=\"versanumer\">16<\/span><\/a>og hann vakti hans vandl\u00e6tingu me\u00f0 \u00feeim \u00fatlendu gu\u00f0um, me\u00f0 s\u00ednum sv\u00edvir\u00f0ingum egndi hann hann til rei\u00f0i.<a name=\"17\"><span class=\"versanumer\">17<\/span><\/a>\u00deeir offru\u00f0u v\u00e6ttum en ekki Gu\u00f0i, gu\u00f0um sem \u00feeir ei \u00feekktu, n\u00fdkomnum \u00far n\u00e1grenninu, sem fe\u00f0ur y\u00f0ar hei\u00f0ru\u00f0u ekki.<a name=\"18\"><span class=\"versanumer\">18<\/span><\/a>\u00de\u00fa yfirgafst \u00fea\u00f0 hellubjargi\u00f0 sem \u00feig haf\u00f0i f\u00e6tt, og gleymdir \u00feeim Gu\u00f0i sem \u00feig haf\u00f0i skapa\u00f0.<a name=\"19\"><span class=\"versanumer\">19<\/span><\/a>\u00deetta s\u00e1 Drottinn og hratt fr\u00e1 s\u00e9r \u00ed rei\u00f0i sonum s\u00ednum og d\u00e6trum,<a name=\"20\"><span class=\"versanumer\">20<\/span><\/a>og sag\u00f0i: eg vil byrgja mitt andlit fyrir \u00feeim, og sj\u00e1 hv\u00f6rnig \u00feeim muni rei\u00f0a af, \u00fev\u00ed \u00fea\u00f0 er umhverf \u00fej\u00f3\u00f0, \u00fea\u00f0 eru \u00f3trygg b\u00f6rn.<a name=\"21\"><span class=\"versanumer\">21<\/span><\/a>\u00deeir hafa vaki\u00f0 m\u00edna vandl\u00e6tingu me\u00f0 \u00fev\u00ed sem ekki er Gu\u00f0, \u00feeir hafa \u00fdft mig me\u00f0 sinni afgu\u00f0ad\u00fdrkun. \u00dev\u00ed vil eg vekja \u00feeirra vandl\u00e6tingu, me\u00f0 \u00fev\u00ed sem ekki m\u00e1 \u00fej\u00f3\u00f0 heita, eg vil \u00fdfa \u00fe\u00e1 me\u00f0 f\u00e1v\u00edsu f\u00f3lki.<a name=\"22\"><span class=\"versanumer\">22<\/span><\/a>\u00dev\u00ed kvikna\u00f0ur er eldur minnar rei\u00f0i, og hann skal brenna allt til hinna ne\u00f0stu undirdj\u00fapa, hann skal ey\u00f0a landinu me\u00f0 \u00feess gr\u00f3\u00f0a, hann skal blossa \u00ed fjallanna grundvelli.<a name=\"23\"><span class=\"versanumer\">23<\/span><\/a>Eg vil hla\u00f0a \u00e1 \u00fe\u00e1 \u00f6llum \u00f3h\u00f6ppum, eg vil ey\u00f0a \u00e1 \u00fe\u00e1 \u00f6llum m\u00ednum \u00f6rvum.<a name=\"24\"><span class=\"versanumer\">24<\/span><\/a>\u00deeir skulu ganga saman af hungri, og veslast upp af sj\u00fakd\u00f3mum og pestn\u00e6mum s\u00f3ttum. Eg vil hleypa inn \u00e1 \u00fe\u00e1 d\u00fdrat\u00f6nnum og h\u00f6ggormaeitri.<a name=\"25\"><span class=\"versanumer\">25<\/span><\/a>\u00dat \u00ed fr\u00e1 munu sver\u00f0seggjar, en heima mun hr\u00e6\u00f0slan f\u00e6kka \u00feeim, eins yngism\u00f6nnum og meyjum, sem brj\u00f3stmylkingum og h\u00e6rum\u00f6nnum.<a name=\"26\"><span class=\"versanumer\">26<\/span><\/a>Eg skyldi segja: eg vil tv\u00edstra \u00feeim, eg vil afm\u00e1 \u00feeirra minning hj\u00e1 m\u00f6nnum,<a name=\"27\"><span class=\"versanumer\">27<\/span><\/a>ef eg \u00f3tta\u00f0ist ei a\u00f0 \u00f3vinir \u00feeirra myndu \u00fdfa mig, a\u00f0 m\u00f3tst\u00f6\u00f0umenn \u00feeirra mundu st\u00e6ra sig og segja: vor m\u00e1ttur er mikill, ei hefir Drottinn gj\u00f6rt \u00feetta allt.<a name=\"28\"><span class=\"versanumer\">28<\/span><\/a>\u00dev\u00ed \u00feetta er \u00fej\u00f3\u00f0 sem er or\u00f0in r\u00e1\u00f0laus, og \u00ed henni er engin hyggni.<a name=\"29\"><span class=\"versanumer\">29<\/span><\/a>\u00d3! a\u00f0 \u00feeir v\u00e6ru hyggnir, s\u00e6ju \u00feetta og skynju\u00f0u hva\u00f0 \u00e1 eftir kemur!<a name=\"30\"><span class=\"versanumer\">30<\/span><\/a>Hv\u00f6rnig g\u00e6ti einn elt \u00fe\u00fasund af \u00feeim, og tveir reki\u00f0 \u00e1 fl\u00f3tta t\u00edu \u00fe\u00fasundir, ef ekki \u00feeirra hellubjarg hef\u00f0i selt \u00fe\u00e1, og Drottinn yfirgefi\u00f0 \u00fe\u00e1,<a name=\"31\"><span class=\"versanumer\">31<\/span><\/a><span class='VideyAth'>(\u2014\u00fev\u00ed a\u00f0 vort bjarg er ekki eins og \u00feeirra bjarg, \u00fear um eru jafnvel \u00f3vinir vorir vitni)<\/span>.<a name=\"32\"><span class=\"versanumer\">32<\/span><\/a>\u00deeirra v\u00ednvi\u00f0ur er af S\u00f3d\u00f3ma v\u00ednvi\u00f0i, og af Gomorras akurl\u00f6ndum. \u00deeirra v\u00ednber eru eitru\u00f0, og beiskar \u00feeirra \u00fer\u00fagur.<a name=\"33\"><span class=\"versanumer\">33<\/span><\/a>\u00deeirra v\u00edn er drekans \u00f3lyfjan, og \u00f3ttalegt n\u00f6\u00f0runnar eitur.<a name=\"34\"><span class=\"versanumer\">34<\/span><\/a>Er \u00feetta ekki geymt hj\u00e1 m\u00e9r, og innsigla\u00f0 \u00ed m\u00ednum hirslum?<a name=\"35\"><span class=\"versanumer\">35<\/span><\/a>Hefndin er m\u00edn, eg vil endurgjalda \u00e1 s\u00ednum t\u00edma, \u00fe\u00e1 mun f\u00f3tur \u00feeirra skri\u00f0na, sannlega f\u00e6rist n\u00e6r dagur \u00feeirra \u00f3l\u00e1ns, og \u00fev\u00ed fleygir fram sem fyrir \u00feeim liggur.<a name=\"36\"><span class=\"versanumer\">36<\/span><\/a>En \u00fe\u00e1 Drottinn hefir d\u00e6mt sitt f\u00f3lk, og er farinn a\u00f0 aumkast yfir s\u00edna \u00fe\u00e9nara, og hann s\u00e9r \u00f6ll hj\u00e1lp er \u00fati, og a\u00f0 \u00fear er enginn framar til laus n\u00e9 bundinn,<a name=\"37\"><span class=\"versanumer\">37<\/span><\/a>\u00fe\u00e1 mun hann segja: hvar eru n\u00fa gu\u00f0ir \u00feeirra, bjargi\u00f0 sem \u00feeir reiddu sig \u00e1.<a name=\"38\"><span class=\"versanumer\">38<\/span><\/a>Sem \u00e1tu \u00fea\u00f0 feita af \u00feeirra f\u00f3rnum, og drukku v\u00edni\u00f0 af \u00feeirra drykkjaroffri, standi \u00feeir n\u00fa upp og hj\u00e1lpi y\u00f0ur, s\u00e9u \u00feeir n\u00fa y\u00f0ar hl\u00edf!<a name=\"39\"><span class=\"versanumer\">39<\/span><\/a>Sj\u00e1i\u00f0 \u00fev\u00ed n\u00fa, a\u00f0 eg er s\u00e1 eini, og a\u00f0 enginn er Gu\u00f0 nema eg; eg kann a\u00f0 dey\u00f0a og l\u00edfga, eg kann a\u00f0 s\u00e6ra og gr\u00e6\u00f0a, og enginn dregur m\u00e9r \u00far hendi.<a name=\"40\"><span class=\"versanumer\">40<\/span><\/a>Eg vil f\u00f3rna minni hendi til himins og sverja: svo sannarlega sem eg er eil\u00edfur,<a name=\"41\"><span class=\"versanumer\">41<\/span><\/a>\u00fe\u00e1 vil eg hvessa mitt leiftranda sver\u00f0, og leggja h\u00f6nd \u00e1 d\u00f3minn, eg vil gjalda hefndir m\u00ednum \u00f3vinum, og hegna \u00feeim sem mig hata.<a name=\"42\"><span class=\"versanumer\">42<\/span><\/a>M\u00edn skeyti skal eg drukkin gj\u00f6ra af bl\u00f3\u00f0i, og mitt sver\u00f0 skal svelgja kj\u00f6t, af bl\u00f3\u00f0i \u00feeirra drepnu og herteknu, <span class='VideyAth'>(af holdi)<\/span> \u00feeirra yppurstu me\u00f0al \u00f3vinanna.<a name=\"43\"><span class=\"versanumer\">43<\/span><\/a>Pr\u00edsi\u00f0, \u00fei\u00f0 \u00fej\u00f3\u00f0ir! s\u00e6lan hans l\u00fd\u00f0, \u00fev\u00ed hann mun hefna bl\u00f3\u00f0 sinna \u00fe\u00e9nara, hann mun gjalda hefndir s\u00ednum \u00f3vinum, og hann mun aftur bl\u00ed\u00f0kast vi\u00f0 sitt land og sitt f\u00f3lk.<br \/><a name=\"44\"><span class=\"versanumer\">44<\/span><\/a>M\u00f3ses kom, \u00e1samt me\u00f0 J\u00f3s\u00faa N\u00fanssyni, og bar \u00f6ll or\u00f0in \u00ed \u00feessum s\u00e1lmi fram a\u00f0 \u00e1heyrandi l\u00fd\u00f0num.<a name=\"45\"><span class=\"versanumer\">45<\/span><\/a>\u00deegar M\u00f3ses haf\u00f0i n\u00fa loki\u00f0 \u00f6llum s\u00ednum r\u00e6\u00f0um til alls \u00cdsraels,<br \/><a name=\"46\"><span class=\"versanumer\">46<\/span><\/a>\u00fe\u00e1 sag\u00f0i hann vi\u00f0 \u00fe\u00e1: leggi\u00f0 n\u00fa \u00e1 hjarta\u00f0 \u00f6ll \u00feau or\u00f0 sem eg \u00ed dag hefi flutt y\u00f0ur, og leggi\u00f0 svo fyrir y\u00f0ar b\u00f6rn, a\u00f0 \u00feau einnig geymi \u00feau, og breyti eftir \u00f6llum greinum \u00feessa l\u00f6gm\u00e1ls,<a name=\"47\"><span class=\"versanumer\">47<\/span><\/a>\u00fev\u00ed \u00feessar greinir eigu ekki a\u00f0 \u00e1l\u00edtast f\u00e1n\u00fdtar af y\u00f0ur, heldur er y\u00f0ar l\u00edf undir \u00feeim komi\u00f0, og \u00fe\u00e6r s\u00f6mu l\u00f6gm\u00e1lsgreinir munu lengja y\u00f0ar l\u00edfdaga \u00ed \u00fev\u00ed landi sem \u00fe\u00e9r n\u00fa fari\u00f0 yfir um J\u00f3rdan til a\u00f0 eignast. <br \/><a name=\"48\"><span class=\"versanumer\">48<\/span><\/a>\u00c1 \u00feessum sama degi sag\u00f0i Drottinn vi\u00f0 M\u00f3ses:<a name=\"49\"><span class=\"versanumer\">49<\/span><\/a>far\u00f0u \u00fearna upp \u00e1 fjalli\u00f0 Abarim, \u00fear sem \u00fea\u00f0 kallast Nebo, \u00ed M\u00f3ab\u00edtalandi \u00e1 m\u00f3ts vi\u00f0 Jer\u00edk\u00f3, og sko\u00f0a Kanaansland, sem eg \u00e6tla a\u00f0 gefa \u00cdsraelsb\u00f6rnum til eignar;<a name=\"50\"><span class=\"versanumer\">50<\/span><\/a>\u00feegar \u00fe\u00fa ert kominn \u00feanga\u00f0 upp \u00fe\u00e1 skaltu deyja \u00fear \u00e1 fjallinu, og safnast til landa \u00feinna, eins og br\u00f3\u00f0ir \u00feinn Aron anda\u00f0ist \u00e1 fjallinu H\u00f3r, og safna\u00f0ist til landa sinna.<a name=\"51\"><span class=\"versanumer\">51<\/span><\/a>Vegna \u00feess \u00fe\u00e9r misbrutu\u00f0 \u00e1 m\u00f3ti m\u00e9r, \u00ed n\u00e6rveru \u00cdsraelsbarna, hj\u00e1 K\u00edfsvatni \u00ed Kades, \u00ed ey\u00f0im\u00f6rkinni S\u00edn, af \u00fev\u00ed \u00fe\u00e9r hei\u00f0ru\u00f0u\u00f0 mig ekki me\u00f0al \u00cdsraelssona;<a name=\"52\"><span class=\"versanumer\">52<\/span><\/a>\u00feess vegna skalt\u00fa einasta \u00fevert yfir fr\u00e1 \u00fe\u00e9r, sj\u00e1 \u00fea\u00f0 land sem eg vil gefa \u00cdsraelssonum, en sj\u00e1lfum skal \u00fe\u00e9r ei au\u00f0i\u00f0 ver\u00f0a a\u00f0 komast \u00feanga\u00f0.<\/p>\n<div class=\"footnoteVidey\"><\/div>\n","protected":false},"excerpt":{"rendered":"<p>Svanas\u00f6ngur M\u00f3sis. 1Hlusti\u00f0 \u00fe\u00e9r til, himnar, \u00fev\u00ed eg vil tala! heyr \u00fe\u00fa j\u00f6r\u00f0! m\u00e1li\u00f0 m\u00edns munns!2M\u00edn kenning skal drj\u00fapa sem regn, og mitt m\u00e1l skal renna sem d\u00f6gg, eins og regni\u00f0 ofan \u00e1 grasinu, og eins og daggardroparnir ofan \u00e1 jurtunum.3\u00dev\u00ed a\u00f0 eg vil pr\u00edsa nafni\u00f0 Drottins\u2014gefi\u00f0 Gu\u00f0i vorum d\u00fdr\u00f0ina!4Hann er hellubjarg, fullkomin hans verk og r\u00e9ttir hans vegir\u2014Gu\u00f0 er tr\u00fafastur, \u00e1n allra pretta, hann er r\u00e9ttl\u00e1tur og sannor\u00f0ur.5\u00deeirra eigin sv\u00edvir\u00f0ing spillti \u00feeim fyrir honum; \u00feeir eru ekki hans b\u00f6rn, s\u00fa umhverfa og \u00f6fuga \u00fej\u00f3\u00f0.6\u00deakka \u00fe\u00fa svo Drottni Gu\u00f0i \u00fe\u00ednum, \u00fe\u00fa heimska og f\u00e1v\u00edsa \u00fej\u00f3\u00f0! er hann \u00fe\u00f3 ekki fa\u00f0ir <a href=\"https:\/\/biblian.is\/videy\/fimmta-mosebok-32-kafli\/\"> [&#8230;]<\/a><\/p>\n","protected":false},"author":1,"featured_media":0,"parent":0,"menu_order":0,"comment_status":"open","ping_status":"open","template":"bibliukaflar.php","meta":{"footnotes":""},"class_list":["post-21034","page","type-page","status-publish","hentry"],"_links":{"self":[{"href":"https:\/\/biblian.is\/videy\/wp-json\/wp\/v2\/pages\/21034","targetHints":{"allow":["GET"]}}],"collection":[{"href":"https:\/\/biblian.is\/videy\/wp-json\/wp\/v2\/pages"}],"about":[{"href":"https:\/\/biblian.is\/videy\/wp-json\/wp\/v2\/types\/page"}],"author":[{"embeddable":true,"href":"https:\/\/biblian.is\/videy\/wp-json\/wp\/v2\/users\/1"}],"replies":[{"embeddable":true,"href":"https:\/\/biblian.is\/videy\/wp-json\/wp\/v2\/comments?post=21034"}],"version-history":[{"count":0,"href":"https:\/\/biblian.is\/videy\/wp-json\/wp\/v2\/pages\/21034\/revisions"}],"wp:attachment":[{"href":"https:\/\/biblian.is\/videy\/wp-json\/wp\/v2\/media?parent=21034"}],"curies":[{"name":"wp","href":"https:\/\/api.w.org\/{rel}","templated":true}]}}