{"id":21033,"date":"2018-01-02T01:00:02","date_gmt":"2018-01-02T01:00:02","guid":{"rendered":"http:\/\/biblian.is\/videy\/fimmta-mosebok-31-kafli\/"},"modified":"2018-01-02T01:00:02","modified_gmt":"2018-01-02T01:00:02","slug":"fimmta-mosebok-31-kafli","status":"publish","type":"page","link":"https:\/\/biblian.is\/videy\/fimmta-mosebok-31-kafli\/","title":{"rendered":"Fimmta M\u00f3seb\u00f3k 31. kafli"},"content":{"rendered":"<div class=\"fyrirsognVidey\">M\u00f3ses leggur ni\u00f0ur emb\u00e6tti\u00f0, setur J\u00f3s\u00faa \u00ed sinn sta\u00f0, kve\u00f0ur til \u00feings.<\/div>\n<p><a name=\"1\"><span class=\"versanumer\">1<\/span><\/a>Og M\u00f3ses f\u00f3r enn n\u00fa \u00feessum or\u00f0um til alls \u00cdsraelsl\u00fd\u00f0s:<a name=\"2\"><span class=\"versanumer\">2<\/span><\/a>Eg er \u00ed dag r\u00e9tt hundra\u00f0 og tuttugu \u00e1ra gamall, eg get n\u00fa ekki lengur gengi\u00f0 \u00fat og inn, l\u00edka hefir Drottinn sagt vi\u00f0 mig: \u00fe\u00fa skalt ekki komast yfir \u00feessa J\u00f3rdan.<a name=\"3\"><span class=\"versanumer\">3<\/span><\/a>En Drottinn \u00feinn Gu\u00f0 mun sj\u00e1lfur ganga \u00e1 undan \u00fe\u00e9r, hann mun og sj\u00e1lfur ey\u00f0a \u00feessum \u00fej\u00f3\u00f0um, svo \u00fe\u00fa leggir \u00fe\u00e6r undir \u00feig; J\u00f3s\u00faa skal vera \u00feinn fyrirli\u00f0i, eins og Drottinn hefir sagt;<a name=\"4\"><span class=\"versanumer\">4<\/span><\/a>og Drottinn mun fara me\u00f0 \u00feessar \u00fej\u00f3\u00f0ir eins og hann f\u00f3r me\u00f0 S\u00edhon og \u00d3gg Amor\u00edtak\u00f3nga og land \u00feeirra, hv\u00f6rja hann ey\u00f0ilag\u00f0i.<a name=\"5\"><span class=\"versanumer\">5<\/span><\/a>\u00deegar Drottinn gefur \u00fe\u00e6r y\u00f0ur \u00e1 vald, \u00fe\u00e1 skulu\u00f0 \u00fe\u00e9r breyta og vi\u00f0 \u00fe\u00e6r samkv\u00e6mt \u00feeim bo\u00f0or\u00f0um sem eg hefi lagt fyrir y\u00f0ur;<a name=\"6\"><span class=\"versanumer\">6<\/span><\/a>veri\u00f0 hughraustir og fullhuga\u00f0ir, veri\u00f0 ekki smeykir e\u00f0a hr\u00e6ddir vi\u00f0 \u00fe\u00e1, \u00fev\u00ed a\u00f0 Drottinn \u00feinn Gu\u00f0 mun sj\u00e1lfur vera me\u00f0 \u00fe\u00e9r, hann mun ekki sleppa af \u00fe\u00e9r sinni hendi e\u00f0ur yfirgefa \u00feig. <br \/><a name=\"7\"><span class=\"versanumer\">7<\/span><\/a>M\u00f3ses kalla\u00f0i \u00fe\u00e1 \u00e1 J\u00f3s\u00faa, og \u00e1varpa\u00f0i hann \u00feannig a\u00f0 \u00f6llum \u00cdsrael \u00e1sj\u00e1andi: vert\u00fa hughraustur og \u00f6ruggur, \u00fev\u00ed \u00fe\u00fa munt lei\u00f0a \u00feetta f\u00f3lk inn \u00ed \u00fea\u00f0 land sem Drottinn s\u00f3r a\u00f0 gefa \u00feeirra forfe\u00f0rum og \u00fe\u00fa munt skipta \u00fev\u00ed millum \u00feeirra;<a name=\"8\"><span class=\"versanumer\">8<\/span><\/a>Drottinn mun ganga \u00e1 undan \u00fe\u00e9r, hann mun vera me\u00f0 \u00fe\u00e9r, hann mun ekki sleppa af \u00fe\u00e9r sinni hendi n\u00e9 yfirgefa \u00feig, vert \u00fev\u00ed ekki hr\u00e6ddur n\u00e9 kv\u00ed\u00f0inn.<br \/><a name=\"9\"><span class=\"versanumer\">9<\/span><\/a>M\u00f3ses skrifa\u00f0i \u00feetta l\u00f6gm\u00e1l og f\u00e9kk \u00fea\u00f0 prestunum, ni\u00f0jum Lev\u00ed, sem b\u00e1ru s\u00e1ttm\u00e1ls\u00f6rk Drottins, og \u00f6llum \u00f6ldungum \u00cdsrael\u00edta, og M\u00f3ses lag\u00f0i svo fyrir \u00fe\u00e1:<a name=\"10\"><span class=\"versanumer\">10<\/span><\/a>\u00e1 sj\u00f6unda hv\u00f6rju \u00e1ri, \u00e1 \u00feeim t\u00edma, sem uppgjafar\u00e1ri\u00f0 gengur inn, \u00e1 laufssk\u00e1lah\u00e1t\u00ed\u00f0inni,<a name=\"11\"><span class=\"versanumer\">11<\/span><\/a>\u00feegar allir \u00cdsrael\u00edtar birtast fyrir augs\u00fdn Drottins \u00fe\u00edns Gu\u00f0s \u00e1 \u00feeim sta\u00f0 sem hann mun velja s\u00e9r, \u00fe\u00e1 skaltu l\u00e1ta lesa \u00feetta l\u00f6gm\u00e1l fyrir \u00f6llum \u00cdsrael\u00edtum \u00ed heyranda hlj\u00f3\u00f0i, fyrir \u00f6llum \u00feingheimi,<a name=\"12\"><span class=\"versanumer\">12<\/span><\/a>b\u00e6\u00f0i k\u00f6rlum og konum, b\u00f6rnum og \u00fatlendum sem eru innanborgar, svo a\u00f0 \u00feeir heyri og nemi, og \u00f3ttist Drottin \u00feeirra Gu\u00f0, haldi og breyti eftir \u00f6llum greinum \u00feessa l\u00f6gm\u00e1ls,<a name=\"13\"><span class=\"versanumer\">13<\/span><\/a>og a\u00f0 \u00feeirra b\u00f6rn sem ekkert vita af \u00feessu megi heyra \u00feetta, og l\u00e6ra a\u00f0 \u00f3ttast Drottin y\u00f0ar Gu\u00f0 alla daga \u00ed \u00fev\u00ed landinu, sem \u00fe\u00e9r n\u00fa fari\u00f0 yfir um J\u00f3rdan til a\u00f0 eignast.<a name=\"14\"><span class=\"versanumer\">14<\/span><\/a>Og Drottinn sag\u00f0i vi\u00f0 M\u00f3ses: sj\u00e1! \u00feinn andl\u00e1tst\u00edmi er n\u00e1l\u00e6gur, kalla \u00e1 J\u00f3s\u00faa, og gangi\u00f0 inn \u00ed samkundutjaldb\u00fa\u00f0ina, \u00fear skal eg segja honum vilja minn; M\u00f3ses og J\u00f3s\u00faa f\u00f3ru og gengu inn \u00ed samkundutjaldb\u00fa\u00f0ina.<a name=\"15\"><span class=\"versanumer\">15<\/span><\/a>En Drottinn birtist \u00ed tjaldb\u00fa\u00f0inni \u00ed sk\u00fdst\u00f3lpa, og sk\u00fdst\u00f3lpinn sta\u00f0n\u00e6mdist \u00ed b\u00fa\u00f0ardyrunum.<a name=\"16\"><span class=\"versanumer\">16<\/span><\/a>Og Drottinn sag\u00f0i vi\u00f0 M\u00f3ses: sj\u00e1! \u00fe\u00fa munt sofna me\u00f0 fe\u00f0rum \u00fe\u00ednum, og \u00feetta f\u00f3lk mun taka sig upp, og taka framhj\u00e1 m\u00e9r me\u00f0 annarlegum gu\u00f0um \u00feess lands sem \u00feeir n\u00fa koma til, segja svo skili\u00f0 vi\u00f0 mig, og brj\u00f3ta \u00feann s\u00e1ttm\u00e1la sem eg gj\u00f6r\u00f0i vi\u00f0 \u00fe\u00e1;<a name=\"17\"><span class=\"versanumer\">17<\/span><\/a>m\u00edn rei\u00f0i mun \u00fe\u00e1 geisa yfir \u00fe\u00e1, og eg mun l\u00edka segja skili\u00f0 vi\u00f0 \u00fe\u00e1, og byrgja mitt andlit fyrir \u00feeim, svo \u00feeir skulu ver\u00f0a ey\u00f0ilag\u00f0ir, og hreppa miklar \u00f3farir og harmkv\u00e6li; \u00fe\u00e1 munu \u00feeir segja: hefir ei \u00feetta m\u00e6tt m\u00e9r, af \u00fev\u00ed minn Gu\u00f0 er ekki hj\u00e1 m\u00e9r?<a name=\"18\"><span class=\"versanumer\">18<\/span><\/a>Eg skal \u00fe\u00e1 byrgja mitt andlit \u00e1 \u00feeim t\u00edma, s\u00f6kum allra \u00feeirra illgj\u00f6r\u00f0a sem \u00feeir hafa frami\u00f0, er \u00feeir skyldu halla s\u00e9r a\u00f0 annarlegum gu\u00f0um.<br \/><a name=\"19\"><span class=\"versanumer\">19<\/span><\/a>Svo skrifi\u00f0 \u00fe\u00e1 upp \u00feenna lofs\u00f6ng, og kenni\u00f0 hann \u00cdsraelsb\u00f6rnum, og leggi\u00f0 hann \u00feeim \u00ed munn, svo a\u00f0 s\u00e1 sami lofs\u00f6ngur megi ver\u00f0a m\u00e9r til vitnisbur\u00f0ar me\u00f0al \u00cdsraelsbarna,<a name=\"20\"><span class=\"versanumer\">20<\/span><\/a>\u00feegar eg hefi leitt \u00fe\u00e1 inn \u00ed \u00fea\u00f0 land sem eg hefi svari\u00f0 \u00feeirra forfe\u00f0rum, hvar mj\u00f3lkinni fl\u00e6\u00f0ir og hunanginu, en \u00fe\u00e1 \u00feeir neyta \u00feess, og gj\u00f6rast fullir og feitir, \u00fe\u00e1 munu \u00feeir halla s\u00e9r a\u00f0 annarlegum gu\u00f0um, d\u00fdrka \u00fe\u00e1, en forsm\u00e1 mig, og brj\u00f3ta minn s\u00e1ttm\u00e1la;<a name=\"21\"><span class=\"versanumer\">21<\/span><\/a>og \u00feegar \u00feeir \u00fe\u00e1 hreppa miklar \u00f3farir og harmkv\u00e6li, \u00fe\u00e1 skal \u00feessi lofs\u00e1lmur svara, og vitna \u00feeim \u00e1 m\u00f3ti\u2014\u00fev\u00ed ni\u00f0jar \u00feeirra eigu ei heldur a\u00f0 t\u00fdna honum ni\u00f0ur\u2014\u00fev\u00ed eg veit hva\u00f0 \u00feeim b\u00fdr innanbrj\u00f3sts n\u00fa strax \u00e1\u00f0ur en eg hefi innleitt \u00fe\u00e1 \u00ed \u00fea\u00f0 land sem eg hefi svari\u00f0.<a name=\"22\"><span class=\"versanumer\">22<\/span><\/a>M\u00f3ses skrifa\u00f0i \u00fev\u00ed strax upp \u00feenna s\u00e1lm, og kenndi hann \u00cdsraelsb\u00f6rnum.<br \/><a name=\"23\"><span class=\"versanumer\">23<\/span><\/a>Og Drottinn bau\u00f0 J\u00f3s\u00faa N\u00fanssyni, segjandi: vertu hughraustur og \u00f6ruggur, \u00fev\u00ed a\u00f0 \u00fe\u00e9r mun au\u00f0nast a\u00f0 lei\u00f0a \u00cdsraelsb\u00f6rn inn \u00ed \u00feetta land, sem eg hefi svari\u00f0 \u00feeim, og eg vil vera me\u00f0 \u00fe\u00e9r.<br \/><a name=\"24\"><span class=\"versanumer\">24<\/span><\/a>\u00deegar M\u00f3ses var algj\u00f6rlega b\u00fainn a\u00f0 rita \u00feessar l\u00f6gm\u00e1lsgreinir \u00ed eina b\u00f3k,<a name=\"25\"><span class=\"versanumer\">25<\/span><\/a>\u00fe\u00e1 bau\u00f0 hann Lev\u00edtunum, sem b\u00e1ru s\u00e1ttm\u00e1ls\u00f6rk Drottins, segjandi:<a name=\"26\"><span class=\"versanumer\">26<\/span><\/a>taki\u00f0 \u00feessa l\u00f6gb\u00f3k, og leggi\u00f0 hana vi\u00f0 hli\u00f0ina \u00ed s\u00e1ttm\u00e1ls\u00f6rk Drottins y\u00f0ar Gu\u00f0s, a\u00f0 h\u00fan s\u00e9 \u00fear til vitnisbur\u00f0ar \u00e1 m\u00f3ti \u00fe\u00e9r, \u00fev\u00ed eg \u00feekki \u00feinn m\u00f3t\u00fer\u00f3a og har\u00f0\u00fa\u00f0, sj\u00e1! me\u00f0an eg enn n\u00fa lifi hj\u00e1 y\u00f0ur \u00ed dag, eru\u00f0 \u00fe\u00e9r \u00f3hl\u00fd\u00f0nir y\u00f0ar Drottni,<a name=\"27\"><span class=\"versanumer\">27<\/span><\/a>hva\u00f0 miklu fremur mun \u00fea\u00f0 \u00fe\u00e1 a\u00f0 m\u00e9r dau\u00f0um!<a name=\"28\"><span class=\"versanumer\">28<\/span><\/a>Kalli\u00f0 n\u00fa fyrir mig alla \u00f6ldunga og h\u00f6fu\u00f0smenn y\u00f0ar kynkv\u00edsla, svo eg geti lesi\u00f0 \u00feeim \u00e1heyrandi \u00f6ll \u00feessi or\u00f0 og kve\u00f0i svo himin og j\u00f6r\u00f0 til vitnis m\u00f3ti \u00feeim;<a name=\"29\"><span class=\"versanumer\">29<\/span><\/a>\u00fev\u00ed a\u00f0 eg veit \u00fe\u00e9r munu\u00f0 eftir minn dau\u00f0a mannspillast, og v\u00edkja af \u00feeim vegi sem eg hefi lagt fyrir y\u00f0ur, \u00fe\u00e1 mun \u00far \u00fev\u00ed koma fram vi\u00f0 y\u00f0ur \u00f3g\u00e6fan, af \u00fev\u00ed \u00fe\u00e9r gj\u00f6r\u00f0u\u00f0 \u00fea\u00f0 sem illt var \u00ed augliti Drottins, \u00fear \u00fe\u00e9r reittu\u00f0 hann til rei\u00f0i me\u00f0 y\u00f0ar framfer\u00f0i.<a name=\"30\"><span class=\"versanumer\">30<\/span><\/a>M\u00f3ses las \u00fe\u00e1, a\u00f0 \u00e1heyranda \u00f6llum \u00feingheimi \u00cdsrael\u00edta, \u00f6ll or\u00f0in \u00ed eftirfylgjandi s\u00e1lmi.<\/p>\n<div class=\"footnoteVidey\"><\/div>\n","protected":false},"excerpt":{"rendered":"<p>M\u00f3ses leggur ni\u00f0ur emb\u00e6tti\u00f0, setur J\u00f3s\u00faa \u00ed sinn sta\u00f0, kve\u00f0ur til \u00feings. 1Og M\u00f3ses f\u00f3r enn n\u00fa \u00feessum or\u00f0um til alls \u00cdsraelsl\u00fd\u00f0s:2Eg er \u00ed dag r\u00e9tt hundra\u00f0 og tuttugu \u00e1ra gamall, eg get n\u00fa ekki lengur gengi\u00f0 \u00fat og inn, l\u00edka hefir Drottinn sagt vi\u00f0 mig: \u00fe\u00fa skalt ekki komast yfir \u00feessa J\u00f3rdan.3En Drottinn \u00feinn Gu\u00f0 mun sj\u00e1lfur ganga \u00e1 undan \u00fe\u00e9r, hann mun og sj\u00e1lfur ey\u00f0a \u00feessum \u00fej\u00f3\u00f0um, svo \u00fe\u00fa leggir \u00fe\u00e6r undir \u00feig; J\u00f3s\u00faa skal vera \u00feinn fyrirli\u00f0i, eins og Drottinn hefir sagt;4og Drottinn mun fara me\u00f0 \u00feessar \u00fej\u00f3\u00f0ir eins og hann f\u00f3r me\u00f0 S\u00edhon og \u00d3gg Amor\u00edtak\u00f3nga <a href=\"https:\/\/biblian.is\/videy\/fimmta-mosebok-31-kafli\/\"> [&#8230;]<\/a><\/p>\n","protected":false},"author":1,"featured_media":0,"parent":0,"menu_order":0,"comment_status":"open","ping_status":"open","template":"bibliukaflar.php","meta":{"footnotes":""},"class_list":["post-21033","page","type-page","status-publish","hentry"],"_links":{"self":[{"href":"https:\/\/biblian.is\/videy\/wp-json\/wp\/v2\/pages\/21033","targetHints":{"allow":["GET"]}}],"collection":[{"href":"https:\/\/biblian.is\/videy\/wp-json\/wp\/v2\/pages"}],"about":[{"href":"https:\/\/biblian.is\/videy\/wp-json\/wp\/v2\/types\/page"}],"author":[{"embeddable":true,"href":"https:\/\/biblian.is\/videy\/wp-json\/wp\/v2\/users\/1"}],"replies":[{"embeddable":true,"href":"https:\/\/biblian.is\/videy\/wp-json\/wp\/v2\/comments?post=21033"}],"version-history":[{"count":0,"href":"https:\/\/biblian.is\/videy\/wp-json\/wp\/v2\/pages\/21033\/revisions"}],"wp:attachment":[{"href":"https:\/\/biblian.is\/videy\/wp-json\/wp\/v2\/media?parent=21033"}],"curies":[{"name":"wp","href":"https:\/\/api.w.org\/{rel}","templated":true}]}}