{"id":21030,"date":"2018-01-02T01:00:02","date_gmt":"2018-01-02T01:00:02","guid":{"rendered":"http:\/\/biblian.is\/videy\/fimmta-mosebok-28-kafli\/"},"modified":"2018-01-02T01:00:02","modified_gmt":"2018-01-02T01:00:02","slug":"fimmta-mosebok-28-kafli","status":"publish","type":"page","link":"https:\/\/biblian.is\/videy\/fimmta-mosebok-28-kafli\/","title":{"rendered":"Fimmta M\u00f3seb\u00f3k 28. kafli"},"content":{"rendered":"<div class=\"fyrirsognVidey\">\u00deeir hl\u00fd\u00f0nu hlj\u00f3ta blessan, \u00feeir \u00f3hl\u00fd\u00f0nu b\u00f6lvan.<\/div>\n<p><a name=\"1\"><span class=\"versanumer\">1<\/span><\/a>En ef \u00fe\u00fa ert gegninn raustu Drottins \u00fe\u00edns Gu\u00f0s, svo \u00fe\u00fa heldur og gj\u00f6rir \u00f6ll hans bo\u00f0or\u00f0, sem eg legg fyrir \u00feig \u00ed dag, \u00fe\u00e1 mun Drottinn \u00feinn Gu\u00f0 gj\u00f6ra \u00feig \u00e6\u00f0stan allra \u00fej\u00f3\u00f0a \u00e1 jar\u00f0r\u00edki,<a name=\"2\"><span class=\"versanumer\">2<\/span><\/a>og \u00e1 \u00fe\u00e9r munu r\u00e6tast og hr\u00edna allar \u00feessar blessanir, af \u00fev\u00ed \u00fe\u00fa hl\u00fdddir raustu Drottins \u00fe\u00edns Gu\u00f0s:<br \/><a name=\"3\"><span class=\"versanumer\">3<\/span><\/a>Blessa\u00f0ur muntu ver\u00f0a \u00ed borginni, blessa\u00f0ur \u00e1 akrinum,<a name=\"4\"><span class=\"versanumer\">4<\/span><\/a>blessast mun \u00fe\u00e9r \u00feinn l\u00edfsins \u00e1v\u00f6xtur, \u00feinn jar\u00f0ar\u00e1v\u00f6xtur, \u00e1v\u00f6xtur \u00feinnar hjar\u00f0ar, \u00e1v\u00f6xtur \u00feinna nauta og \u00e1v\u00f6xtur \u00feinna sau\u00f0a.<a name=\"5\"><span class=\"versanumer\">5<\/span><\/a>Blessun mun fylgja \u00feinni k\u00f6rfu og \u00fe\u00ednu brau\u00f0trogi.<br \/><a name=\"6\"><span class=\"versanumer\">6<\/span><\/a>Blessa\u00f0ur muntu vera \u00ed \u00fe\u00ednum inngangi, og blessa\u00f0ur \u00ed \u00fe\u00ednum \u00fatgangi.<a name=\"7\"><span class=\"versanumer\">7<\/span><\/a>Drottinn mun hrekja \u00fe\u00edna \u00f3vini fyrir \u00fe\u00e9r sem r\u00edsa upp \u00e1 m\u00f3ti \u00fe\u00e9r, um einn veg munu \u00feeir a\u00f0 \u00fe\u00e9r r\u00e1\u00f0ast, en um sj\u00f6 lei\u00f0ir munu \u00feeir fl\u00fdja undan \u00fe\u00e9r;<a name=\"8\"><span class=\"versanumer\">8<\/span><\/a>Drottinn mun bj\u00f3\u00f0a blessaninni a\u00f0 vera \u00ed \u00fe\u00ednu b\u00fari, og \u00ed \u00f6llu sem \u00fe\u00fa tekur \u00fe\u00e9r fyrir h\u00f6ndur, og hann mun blessa \u00feig \u00ed \u00fev\u00ed landinu, sem Drottinn Gu\u00f0 mun gefa \u00fe\u00e9r.<a name=\"9\"><span class=\"versanumer\">9<\/span><\/a>Drottinn mun hefja \u00feig til helga\u00f0rar \u00fej\u00f3\u00f0ar, eins og hann hefir svari\u00f0 \u00fe\u00e9r, ef \u00fe\u00fa h\u00e9ldir bo\u00f0or\u00f0 Drottins \u00fe\u00edns Gu\u00f0s og gengir \u00e1 hans vegum;<a name=\"10\"><span class=\"versanumer\">10<\/span><\/a>skulu \u00fe\u00e1 allar \u00fej\u00f3\u00f0ir \u00e1 jar\u00f0arkringlunni sj\u00e1, a\u00f0 \u00fe\u00fa ert eigna\u00f0ur Drottni, og \u00feeir skulu hafa \u00f3tta af \u00fe\u00e9r.<a name=\"11\"><span class=\"versanumer\">11<\/span><\/a>Hann mun gefa \u00fe\u00e9r yfirgn\u00e6fanleg au\u00f0\u00e6fi, b\u00e6\u00f0i af \u00fe\u00ednum eigin l\u00edfs\u00e1vexti, af \u00e1vexti f\u00e9na\u00f0arins, af \u00e1vexti akursins, \u00ed \u00fev\u00ed landinu sem Drottinn \u00feinn Gu\u00f0 s\u00f3r \u00fe\u00ednum forfe\u00f0rum a\u00f0 gefa \u00fe\u00e9r.<a name=\"12\"><span class=\"versanumer\">12<\/span><\/a>Og Drottinn mun upplj\u00faka s\u00ednu n\u00e6gtab\u00fari, himninum, til a\u00f0 gefa \u00fe\u00ednu landi regn \u00e1 hagkv\u00e6mum t\u00edma, og hann mun blessa allan \u00feinn starfa; \u00fe\u00fa skalt l\u00e1na m\u00f6rgum \u00fej\u00f3\u00f0um, en sj\u00e1lfur ei l\u00e1n taka af neinum.<a name=\"13\"><span class=\"versanumer\">13<\/span><\/a>Drottinn mun l\u00e1ta \u00feig ver\u00f0a a\u00f0 h\u00f6f\u00f0i en ekki hala, \u00fe\u00fa skalt \u00e6t\u00ed\u00f0 hafa betur og aldrei ver\u00f0a undir, ef \u00fe\u00fa ert hl\u00fd\u00f0inn bo\u00f0or\u00f0um Drottins \u00fe\u00edns Gu\u00f0s, sem eg legg fyrir \u00feig \u00ed dag, a\u00f0 \u00fe\u00fa g\u00e6tir \u00feeirra og breytir eftir \u00feeim,<a name=\"14\"><span class=\"versanumer\">14<\/span><\/a>ef \u00fe\u00fa v\u00edkur ekki fr\u00e1 neinum \u00feessum or\u00f0um sem eg legg fyrir \u00feig \u00ed dag, hv\u00f6rki til h\u00e6gri n\u00e9 vinstri, svo \u00fe\u00fa gefir \u00feig vi\u00f0 annarlegum gu\u00f0um til a\u00f0 \u00fej\u00f3na \u00feeim.<br \/><a name=\"15\"><span class=\"versanumer\">15<\/span><\/a>En ef \u00fe\u00fa ekki gegnir raustu Drottins \u00fe\u00edns Gu\u00f0s, a\u00f0 halda og gj\u00f6ra \u00f6ll hans bo\u00f0or\u00f0 og setninga, sem eg legg fyrir \u00feig \u00ed dag, \u00fe\u00e1 skulu allar \u00feessar \u00f3blessanir dynja yfir \u00feig og hr\u00edna \u00e1 \u00fe\u00e9r:<a name=\"16\"><span class=\"versanumer\">16<\/span><\/a>B\u00f6lva\u00f0ur s\u00e9rtu \u00fe\u00e1 \u00ed borginni, b\u00f6lva\u00f0ur \u00e1 akrinum,<a name=\"17\"><span class=\"versanumer\">17<\/span><\/a>b\u00f6lvu\u00f0 skal \u00fe\u00edn karfa vera og \u00feitt brau\u00f0trog,<a name=\"18\"><span class=\"versanumer\">18<\/span><\/a>b\u00f6lva\u00f0ur s\u00e9 \u00feinn l\u00edfsins \u00e1v\u00f6xtur, \u00feinn jar\u00f0ar\u00e1v\u00f6xtur, \u00e1v\u00f6xtur \u00fe\u00edns nautpenings og \u00fe\u00edns sau\u00f0fj\u00e1r,<a name=\"19\"><span class=\"versanumer\">19<\/span><\/a>b\u00f6lva\u00f0ur s\u00e9rtu \u00feegar \u00fe\u00fa gengur inn, og b\u00f6lva\u00f0ur s\u00e9rtu \u00feegar \u00fe\u00fa gengur \u00fat.<a name=\"20\"><span class=\"versanumer\">20<\/span><\/a>Drottinn mun senda yfir \u00feig \u00f3blessan, \u00f3r\u00e1\u00f0 og l\u00e1nleysi \u00ed \u00f6llu sem \u00fe\u00fa tekur \u00fe\u00e9r fyrir h\u00f6ndur a\u00f0 gj\u00f6ra, \u00feanga\u00f0 til hann afm\u00e1ir \u00feig, og fyrirfer \u00fe\u00e9r voveiflega fyrir \u00feinna illgj\u00f6r\u00f0a sakir \u00fear \u00fe\u00fa yfirgafst hann.<br \/><a name=\"21\"><span class=\"versanumer\">21<\/span><\/a>Drottinn mun l\u00e1ta dreps\u00f3ttir ramma \u00feig, \u00feanga\u00f0 til hann uppr\u00e6tir \u00feig af landinu, sem \u00fe\u00fa n\u00fa ert \u00e1 lei\u00f0inni a\u00f0 \u00f6\u00f0last.<a name=\"22\"><span class=\"versanumer\">22<\/span><\/a>Drottinn mun sl\u00e1 \u00feig me\u00f0 megrus\u00f3tt, k\u00f6ldu, hita og bruna, me\u00f0 sver\u00f0i, me\u00f0 kyrkingi og f\u00f6lnan \u00ed \u00f6llum jar\u00f0argr\u00f3\u00f0a, og mun \u00feetta \u00e1s\u00e6kja \u00feig \u00feanga\u00f0 til \u00fea\u00f0 fyrirkemur \u00fe\u00e9r.<a name=\"23\"><span class=\"versanumer\">23<\/span><\/a>\u00deinn himinn, sem er yfir \u00fe\u00ednu h\u00f6f\u00f0i, skal ver\u00f0a sem kopar, og j\u00f6r\u00f0in undir \u00fe\u00e9r sem j\u00e1rn.<br \/><a name=\"24\"><span class=\"versanumer\">24<\/span><\/a>Drottinn mun gefa \u00fe\u00ednu landi ryk og sand \u00ed sta\u00f0inn fyri regn af himni, \u00feanga\u00f0 til hann hefir ey\u00f0ilagt \u00feig;<a name=\"25\"><span class=\"versanumer\">25<\/span><\/a>Drottinn mun l\u00e1ta \u00f3vini \u00fe\u00edna sl\u00e1 \u00feig, um einn veg muntu ganga \u00e1 m\u00f3ti \u00feeim, en um sj\u00f6 vegu muntu fl\u00fdja undan \u00feeim, og \u00fe\u00fa skalt hrekjast um \u00f6ll heimsins r\u00edki.<a name=\"26\"><span class=\"versanumer\">26<\/span><\/a>\u00deinn l\u00edkami skal ver\u00f0a \u00f6llum loftsins fuglum, og \u00f6llum jar\u00f0arinnar d\u00fdrum a\u00f0 br\u00e1\u00f0, og enginn skal b\u00e6gja \u00feeim \u00fear fr\u00e1;<a name=\"27\"><span class=\"versanumer\">27<\/span><\/a>Drottinn mun sl\u00e1 \u00feig me\u00f0 egypskum kaunum og s\u00e1rum \u00e1 bak til, me\u00f0 \u00f3l\u00e6knanlegum kl\u00e1\u00f0a og vosi.<a name=\"28\"><span class=\"versanumer\">28<\/span><\/a>Drottinn mun sl\u00e1 \u00feig me\u00f0 vitfirringu, blindni og me\u00f0 hjartans sinnuleysi;<a name=\"29\"><span class=\"versanumer\">29<\/span><\/a>\u00fe\u00fa skalt f\u00e1lma um mi\u00f0degi\u00f0, eins og blindur ma\u00f0ur f\u00e1lmar \u00ed myrkri, og \u00fe\u00fa skalt engri g\u00e6fu st\u00fdra \u00e1 \u00fe\u00ednum vegum, \u00fe\u00fa skalt ver\u00f0a hrakinn og \u00e1reittur alla \u00fe\u00edna daga, og enginn skal hj\u00e1lpa \u00fe\u00e9r.<a name=\"30\"><span class=\"versanumer\">30<\/span><\/a>\u00de\u00fa mun festa \u00fe\u00e9r konu, og annar mun sofa hj\u00e1 henni, \u00fe\u00fa munt byggja \u00fe\u00e9r h\u00fas, en ekki f\u00e1 a\u00f0 b\u00faa \u00ed \u00fev\u00ed sj\u00e1lfur; \u00fe\u00fa munt planta v\u00edngar\u00f0, en ekki f\u00e1 sj\u00e1lfur af a\u00f0 nj\u00f3ta.<a name=\"31\"><span class=\"versanumer\">31<\/span><\/a>\u00de\u00ednum uxa skal ver\u00f0a sl\u00e1tra\u00f0 fyrir augunum \u00e1 \u00fe\u00e9r, en \u00fe\u00fa skalt ekki f\u00e1 a\u00f0 eta \u00fear af; asna \u00fe\u00ednum skal ver\u00f0a hrifsa\u00f0 fr\u00e1 \u00fe\u00e9r, og ekki koma aftur til \u00fe\u00edn, sau\u00f0ir \u00fe\u00ednir skulu gefast \u00f3vinum \u00fe\u00ednum, og enginn skal taka m\u00e1lssta\u00f0 \u00feinn.<a name=\"32\"><span class=\"versanumer\">32<\/span><\/a>\u00de\u00ednir synir og d\u00e6tur skulu gefast \u00e1 vald \u00fatlendri \u00fej\u00f3\u00f0, augu \u00fe\u00edn skulu horfa \u00e1 \u00feetta, og daprast af eftirsj\u00f3n \u00e1 \u00feeim, en enginn styrkur skal vera \u00ed \u00fe\u00ednum h\u00f6ndum <span class='VideyAth'>(til a\u00f0 hj\u00e1lpa \u00feeim)<\/span>.<a name=\"33\"><span class=\"versanumer\">33<\/span><\/a>\u00d6llum \u00e1g\u00f3\u00f0a af landinu og \u00fe\u00ednum eigin sveita skal \u00fea\u00f0 f\u00f3lk ey\u00f0a sem \u00fe\u00e9r er \u00f3kunnugt, en \u00fe\u00fa skalt ver\u00f0a \u00e1reittur og hrakinn alla \u00fe\u00edna daga.<br \/><a name=\"34\"><span class=\"versanumer\">34<\/span><\/a>\u00de\u00fa skalt ganga fr\u00e1 vitinu \u00fat af \u00fev\u00ed sem augu \u00fe\u00edn mega horfa \u00e1;<a name=\"35\"><span class=\"versanumer\">35<\/span><\/a>Drottinn mun sl\u00e1 \u00feig me\u00f0 sl\u00e6mum s\u00e1rum \u00e1 kn\u00e9n og f\u00f3tleggina, fr\u00e1 iljum og allt upp \u00e1 hvirfil, sem ekki ver\u00f0i gr\u00e6dd.<a name=\"36\"><span class=\"versanumer\">36<\/span><\/a>Drottinn mun reka \u00feig \u00ed burtu og \u00feinn k\u00f3ng, sem \u00fe\u00fa hefir sett yfir \u00feig, til \u00feeirrar \u00fej\u00f3\u00f0ar sem hv\u00f6rki \u00fe\u00fa, n\u00e9 \u00fe\u00ednir forfe\u00f0ur hafa \u00feekkt, og \u00fear muntu d\u00fdrka annarlega gu\u00f0i, stokka og steina;<a name=\"37\"><span class=\"versanumer\">37<\/span><\/a>\u00fe\u00fa munt ver\u00f0a a\u00f0 vi\u00f0undri og almennilegu or\u00f0taki og spotti me\u00f0al \u00feess f\u00f3lks sem Drottinn rekur \u00feig til;<a name=\"38\"><span class=\"versanumer\">38<\/span><\/a>miki\u00f0 korns\u00e6\u00f0i muntu f\u00e6ra \u00fat \u00e1 akrana, en litlu skaltu aftur innsafna, \u00fev\u00ed engisprettur skulu uppeta \u00fea\u00f0.<a name=\"39\"><span class=\"versanumer\">39<\/span><\/a>\u00de\u00fa munt planta v\u00edngar\u00f0 og yrkja hann, en \u00fe\u00fa skalt hv\u00f6rki drekka v\u00edni\u00f0, n\u00e9 samansafna v\u00ednberjunum \u00fear af, \u00fev\u00ed ma\u00f0kurinn skal fordjarfa \u00fea\u00f0.<a name=\"40\"><span class=\"versanumer\">40<\/span><\/a>\u00de\u00fa skalt hafa ol\u00eduvi\u00f0artr\u00e9 innan allra \u00feinna landamerkja, en \u00fe\u00fa skalt \u00fe\u00f3 ei smyrja \u00feig me\u00f0 \u00feeirra ol\u00edu, \u00fev\u00ed \u00fe\u00edn \u00f3l\u00edutr\u00e9 skulu uppr\u00e6tast.<a name=\"41\"><span class=\"versanumer\">41<\/span><\/a>\u00de\u00fa munt geta syni og d\u00e6tur, en ekki nj\u00f3ta \u00feeirra, \u00fev\u00ed \u00feau skulu ver\u00f0a hertekin og flutt \u00ed burtu.<a name=\"42\"><span class=\"versanumer\">42<\/span><\/a>Engispretturnar skulu setjast a\u00f0 \u00f6llum \u00fe\u00ednum aldintrj\u00e1m og lands\u00e1v\u00f6xtum.<a name=\"43\"><span class=\"versanumer\">43<\/span><\/a>S\u00e1 \u00fatlendi, sem er hj\u00e1 \u00fe\u00e9r, skal \u00e6 meir og meir ganga upp yfir \u00feig, en \u00fe\u00fa skalt \u00e6 meir og meir ganga ni\u00f0ur,<a name=\"44\"><span class=\"versanumer\">44<\/span><\/a>hann mun l\u00e1na \u00fe\u00e9r, en \u00fe\u00fa munt honum ekki l\u00e1na, hann mun ver\u00f0a h\u00f6fu\u00f0i\u00f0, en \u00fe\u00fa halinn.<br \/><a name=\"45\"><span class=\"versanumer\">45<\/span><\/a>Allar \u00feessar \u00f3blessanir skulu koma yfir \u00feig, elta \u00feig og hr\u00edna \u00e1 \u00fe\u00e9r, \u00feanga\u00f0 til \u00fe\u00fa ver\u00f0ur afm\u00e1\u00f0ur, af \u00fev\u00ed \u00fe\u00fa gegndir ekki raustu Drottins \u00fe\u00edns Gu\u00f0s, a\u00f0 halda hans bo\u00f0or\u00f0 og setninga, eins og hann hefir bo\u00f0i\u00f0 \u00fe\u00e9r.<a name=\"46\"><span class=\"versanumer\">46<\/span><\/a>\u00deessar \u00f3blessanir skulu vera \u00e1 \u00fe\u00e9r og \u00fe\u00ednum afkomendum \u00e6vinlega til b\u00fdsna og f\u00e1d\u00e6ma,<a name=\"47\"><span class=\"versanumer\">47<\/span><\/a>af \u00fev\u00ed \u00fe\u00fa d\u00fdrka\u00f0ir ekki Drottin \u00feinn Gu\u00f0 me\u00f0 hjartans gle\u00f0i og una\u00f0semd, \u00fe\u00e1 e\u00f0 \u00fe\u00fa haf\u00f0ir allsn\u00e6gtir;<a name=\"48\"><span class=\"versanumer\">48<\/span><\/a>\u00feess vegna skalt\u00fa mega \u00fer\u00e6lka hj\u00e1 \u00feeim fjandm\u00f6nnum \u00e1 hv\u00f6rra vald Drottinn \u00feinn Gu\u00f0 mun gefa \u00feig, me\u00f0 hungri, \u00feorsta, kl\u00e6\u00f0leysi og skorti \u00e1 \u00f6llu, og hann skal leggja j\u00e1rnok \u00e1 \u00feinn h\u00e1ls, \u00feanga\u00f0 til hann gj\u00f6rir \u00fat af vi\u00f0 \u00feig.<a name=\"49\"><span class=\"versanumer\">49<\/span><\/a>Drottinn mun lei\u00f0a \u00fej\u00f3\u00f0 eina \u00e1 m\u00f3ti \u00fe\u00e9r \u00far fjarl\u00e6g\u00f0, fr\u00e1 jar\u00f0arinnar enda, er komi me\u00f0 arnarflugi, hv\u00f6rrar tungum\u00e1l \u00fe\u00fa ekki skilur,<a name=\"50\"><span class=\"versanumer\">50<\/span><\/a>\u00fea\u00f0 mun ill\u00fa\u00f0leg \u00fej\u00f3\u00f0 sem ei mun gj\u00f6ra greinarmun hins aldra\u00f0a, og ekki v\u00e6gja hinum ungu,<a name=\"51\"><span class=\"versanumer\">51<\/span><\/a>h\u00fan mun ey\u00f0a \u00e1vexti \u00fe\u00edns f\u00e9na\u00f0ar og \u00fe\u00edns lands \u00e1vexti, \u00feanga\u00f0 til \u00fe\u00fa deyr \u00fat af, h\u00fan mun ekki leifa \u00fe\u00e9r korni, v\u00edni e\u00f0a vi\u00f0smj\u00f6ri, eigi heldur \u00e1vexti nautpeningsins e\u00f0a fj\u00e1rins, \u00feanga\u00f0 til h\u00fan er b\u00fain a\u00f0 gj\u00f6ra \u00fat af vi\u00f0 \u00feig.<a name=\"52\"><span class=\"versanumer\">52<\/span><\/a>\u00deeir munu umsitja \u00feig \u00ed \u00f6llum \u00fe\u00ednum borgum \u00ed landinu, \u00fear til \u00feeir f\u00e1 ni\u00f0urbroti\u00f0 \u00fe\u00edna h\u00e1u og rambygg\u00f0u m\u00farveggi, sem \u00fe\u00fa treystir \u00e1, h\u00fan mun umsitja \u00feig \u00ed \u00f6llum borgum \u00ed landi \u00fe\u00ednu, \u00fev\u00ed sem Drottinn \u00feinn Gu\u00f0 hefir gefi\u00f0 \u00fe\u00e9r.<a name=\"53\"><span class=\"versanumer\">53<\/span><\/a>\u00de\u00fa munt eta \u00feinn l\u00edfs\u00e1v\u00f6xt, holdi\u00f0 af \u00fe\u00ednum sonum og d\u00e6trum, sem Drottinn \u00feinn Gu\u00f0 hefir gefi\u00f0 \u00fe\u00e9r; svo n\u00e6rri mun ganga ums\u00e1tri\u00f0 og \u00feau harmkv\u00e6li sem \u00fe\u00fa munt s\u00e6ta af \u00f3vinum \u00fe\u00ednum;<a name=\"54\"><span class=\"versanumer\">54<\/span><\/a>svo a\u00f0 s\u00e6ll\u00edfur og kveifarlegur ma\u00f0ur me\u00f0al \u00fe\u00edn skal \u00fe\u00f3 ekki t\u00edma a\u00f0 gefa br\u00f3\u00f0ur s\u00ednum, e\u00f0ur sinni h\u00fasfreyju, sem hv\u00edlir \u00ed hans fa\u00f0mi, e\u00f0a \u00feeim syni sem hann \u00e1 enn n\u00fa \u00e1 l\u00edfi, nokku\u00f0 af holdi sona sinna,<a name=\"55\"><span class=\"versanumer\">55<\/span><\/a>hv\u00f6rja hann mun ney\u00f0ast til a\u00f0 eta, af \u00fev\u00ed hann hefir ekkert anna\u00f0 til; svo n\u00e6rri mun ganga ums\u00e1tri\u00f0 og \u00feau harmkv\u00e6li sem \u00fe\u00fa munt s\u00e6ta af \u00fe\u00ednum \u00f3vinum \u00ed \u00f6llum \u00fe\u00ednum borgum.<br \/><a name=\"56\"><span class=\"versanumer\">56<\/span><\/a>S\u00e6ll\u00edf kona me\u00f0al \u00fe\u00edn og kveifarleg, svo h\u00fan fyrir s\u00e6ll\u00edfi og kveifarskap, hefir ei svo miki\u00f0 sem drepi\u00f0 hendi sinni \u00ed kalt vatn, h\u00fan skal \u00fe\u00f3 ei t\u00edma a\u00f0 gefa b\u00f3nda s\u00ednum, sem hv\u00edlir \u00ed hennar fa\u00f0mi, e\u00f0a syni s\u00ednum e\u00f0a d\u00f3ttur,<a name=\"57\"><span class=\"versanumer\">57<\/span><\/a>\u00fe\u00e1 fylgjuna sem komin er af hennar m\u00f3\u00f0url\u00edfi, e\u00f0a \u00feann soninn sem h\u00fan hefir n\u00fdf\u00e6tt, \u00fev\u00ed h\u00fan mun sj\u00e1lf eta hann \u00e1 laun, af skorti \u00e1 \u00f6llu\u2014svo n\u00e6rri mun ganga ums\u00e1tri\u00f0 og \u00feau harmkv\u00e6li sem \u00fe\u00fa munt s\u00e6ta af \u00fe\u00ednum \u00f3vinum \u00ed \u00f6llum \u00fe\u00ednum borgum.<a name=\"58\"><span class=\"versanumer\">58<\/span><\/a>Ef \u00fe\u00fa ekki heldur og breytir eftir \u00f6llum or\u00f0um \u00feessum \u00ed \u00feessu l\u00f6gm\u00e1li sem skrifu\u00f0 eru \u00ed \u00feessari b\u00f3k, svo \u00fe\u00fa \u00f3ttist \u00fea\u00f0 d\u00fdr\u00f0lega og hr\u00e6\u00f0ilega nafn Drottins \u00fe\u00edns Gu\u00f0s,<a name=\"59\"><span class=\"versanumer\">59<\/span><\/a>\u00fe\u00e1 mun Drottinn sl\u00e1 \u00feig og \u00fe\u00edna afkomendur me\u00f0 fr\u00e1b\u00e6ru m\u00f3ti, me\u00f0 miklum og langvarandi pl\u00e1gum, me\u00f0 illum og \u00fer\u00e1l\u00e1tum sj\u00fakd\u00f3mum;<a name=\"60\"><span class=\"versanumer\">60<\/span><\/a>hann mun sn\u00faa til \u00fe\u00edn \u00f6llum Egyptalands sj\u00fakd\u00f3mum, sem \u00fe\u00fa kv\u00ed\u00f0ir fyrir, og \u00feeir munu alltaf haldast vi\u00f0 \u00feig,<a name=\"61\"><span class=\"versanumer\">61<\/span><\/a>og \u00fear hj\u00e1 mun Drottinn l\u00e1ta koma yfir \u00feig alla sj\u00fakd\u00f3ma og pl\u00e1gur, sem ei eru nafngreindir \u00ed \u00feessari l\u00f6gb\u00f3k, \u00feanga\u00f0 til \u00fati er me\u00f0 \u00feig,<a name=\"62\"><span class=\"versanumer\">62<\/span><\/a>og ei skulu nema f\u00e1einir ver\u00f0a eftir af y\u00f0ur, \u00ed sta\u00f0inn \u00feess \u00fe\u00e9r \u00e1\u00f0ur voru\u00f0 svo margir sem himinsins stj\u00f6rnur, af \u00fev\u00ed \u00fe\u00fa gegndir ei raustu Drottins \u00fe\u00edns Gu\u00f0s,<a name=\"63\"><span class=\"versanumer\">63<\/span><\/a>og eins og Drottinn \u00e1\u00f0ur fyrri haf\u00f0i yndi af \u00fev\u00ed a\u00f0 gj\u00f6ra y\u00f0ur vel til og fj\u00f6lga y\u00f0ur, eins mun hann hafa yndi af a\u00f0 ey\u00f0ileggja og afm\u00e1 y\u00f0ur, \u00fe\u00e9r munu\u00f0 ver\u00f0a \u00fatreknir \u00far \u00fev\u00ed landi, sem \u00fe\u00fa n\u00fa ert \u00e1 veginum a\u00f0 eignast.<br \/><a name=\"64\"><span class=\"versanumer\">64<\/span><\/a>Drottinn mun dreifa \u00fe\u00e9r me\u00f0al allra \u00fej\u00f3\u00f0a fr\u00e1 einu heimsskauti til annars, og \u00fear muntu d\u00fdrka annarlega gu\u00f0i, sem hv\u00f6rki \u00fe\u00fa n\u00e9 \u00fe\u00ednir fe\u00f0ur hafa \u00feekkt, af stokkum og steinum.<br \/><a name=\"65\"><span class=\"versanumer\">65<\/span><\/a>\u00c1 me\u00f0al \u00feessara \u00fej\u00f3\u00f0a <span class='VideyAth'>(hei\u00f0ingja)<\/span> skaltu ei mega b\u00faa \u00ed n\u00e6\u00f0i, og \u00fe\u00ednir f\u00e6tur skulu \u00fear \u00f6ngva r\u00f3 hafa, \u00fev\u00ed a\u00f0 Drottinn mun \u00ed \u00feeim sta\u00f0 gefa \u00fe\u00e9r skj\u00e1lfandi hjarta, \u00f3elju og eir\u00f0arleysi;<a name=\"66\"><span class=\"versanumer\">66<\/span><\/a>\u00feitt l\u00edf skal leika fyri \u00fe\u00e9r sem \u00e1 \u00fer\u00e6\u00f0i, \u00fe\u00fa skalt vera hr\u00e6ddur um \u00feig dag og n\u00f3tt, og aldrei mega vera ugglaus um l\u00edf \u00feitt;<a name=\"67\"><span class=\"versanumer\">67<\/span><\/a>\u00e1 morgnana muntu segja: \u00e6! m\u00e6tta eg n\u00fa lifa til kv\u00f6lds, en \u00e1 kv\u00f6ldin muntu segja: \u00e6! m\u00e6tta eg n\u00fa lifa til morguns! s\u00f6kum hr\u00e6\u00f0slu \u00fe\u00edns hjarta sem mun skelfa \u00feig, og s\u00f6kum \u00feess sem \u00fe\u00fa m\u00e1tt horfa upp \u00e1,<a name=\"68\"><span class=\"versanumer\">68<\/span><\/a>og Drottinn mun \u00e1 skipum flytja \u00feig aftur inn \u00ed Egyptaland, um \u00feann veg sem eg hefi sagt \u00fe\u00e9r, a\u00f0 \u00fe\u00fa skyldir hann ei framar sj\u00e1, og \u00fear skulu\u00f0 \u00fe\u00e9r seldir ver\u00f0a \u00f3vinum y\u00f0ar til \u00fer\u00e6la og amb\u00e1tta, svo a\u00f0 \u00fear munu bresta kaupendur.<\/p>\n<div class=\"footnoteVidey\"><\/div>\n","protected":false},"excerpt":{"rendered":"<p>\u00deeir hl\u00fd\u00f0nu hlj\u00f3ta blessan, \u00feeir \u00f3hl\u00fd\u00f0nu b\u00f6lvan. 1En ef \u00fe\u00fa ert gegninn raustu Drottins \u00fe\u00edns Gu\u00f0s, svo \u00fe\u00fa heldur og gj\u00f6rir \u00f6ll hans bo\u00f0or\u00f0, sem eg legg fyrir \u00feig \u00ed dag, \u00fe\u00e1 mun Drottinn \u00feinn Gu\u00f0 gj\u00f6ra \u00feig \u00e6\u00f0stan allra \u00fej\u00f3\u00f0a \u00e1 jar\u00f0r\u00edki,2og \u00e1 \u00fe\u00e9r munu r\u00e6tast og hr\u00edna allar \u00feessar blessanir, af \u00fev\u00ed \u00fe\u00fa hl\u00fdddir raustu Drottins \u00fe\u00edns Gu\u00f0s:3Blessa\u00f0ur muntu ver\u00f0a \u00ed borginni, blessa\u00f0ur \u00e1 akrinum,4blessast mun \u00fe\u00e9r \u00feinn l\u00edfsins \u00e1v\u00f6xtur, \u00feinn jar\u00f0ar\u00e1v\u00f6xtur, \u00e1v\u00f6xtur \u00feinnar hjar\u00f0ar, \u00e1v\u00f6xtur \u00feinna nauta og \u00e1v\u00f6xtur \u00feinna sau\u00f0a.5Blessun mun fylgja \u00feinni k\u00f6rfu og \u00fe\u00ednu brau\u00f0trogi.6Blessa\u00f0ur muntu vera \u00ed \u00fe\u00ednum inngangi, og blessa\u00f0ur \u00ed \u00fe\u00ednum <a href=\"https:\/\/biblian.is\/videy\/fimmta-mosebok-28-kafli\/\"> [&#8230;]<\/a><\/p>\n","protected":false},"author":1,"featured_media":0,"parent":0,"menu_order":0,"comment_status":"open","ping_status":"open","template":"bibliukaflar.php","meta":{"footnotes":""},"class_list":["post-21030","page","type-page","status-publish","hentry"],"_links":{"self":[{"href":"https:\/\/biblian.is\/videy\/wp-json\/wp\/v2\/pages\/21030","targetHints":{"allow":["GET"]}}],"collection":[{"href":"https:\/\/biblian.is\/videy\/wp-json\/wp\/v2\/pages"}],"about":[{"href":"https:\/\/biblian.is\/videy\/wp-json\/wp\/v2\/types\/page"}],"author":[{"embeddable":true,"href":"https:\/\/biblian.is\/videy\/wp-json\/wp\/v2\/users\/1"}],"replies":[{"embeddable":true,"href":"https:\/\/biblian.is\/videy\/wp-json\/wp\/v2\/comments?post=21030"}],"version-history":[{"count":0,"href":"https:\/\/biblian.is\/videy\/wp-json\/wp\/v2\/pages\/21030\/revisions"}],"wp:attachment":[{"href":"https:\/\/biblian.is\/videy\/wp-json\/wp\/v2\/media?parent=21030"}],"curies":[{"name":"wp","href":"https:\/\/api.w.org\/{rel}","templated":true}]}}