{"id":21029,"date":"2018-01-02T00:59:56","date_gmt":"2018-01-02T00:59:56","guid":{"rendered":"http:\/\/biblian.is\/videy\/fimmta-mosebok-27-kafli\/"},"modified":"2018-01-02T00:59:56","modified_gmt":"2018-01-02T00:59:56","slug":"fimmta-mosebok-27-kafli","status":"publish","type":"page","link":"https:\/\/biblian.is\/videy\/fimmta-mosebok-27-kafli\/","title":{"rendered":"Fimmta M\u00f3seb\u00f3k 27. kafli"},"content":{"rendered":"<div class=\"fyrirsognVidey\">Steinar hinumegin J\u00f3rdanar, b\u00f6lvan fr\u00e1 fjallinu Ebal.<\/div>\n<p><a name=\"1\"><span class=\"versanumer\">1<\/span><\/a>M\u00f3ses \u00e1samt me\u00f0 \u00f6ldungum \u00cdsrael\u00edta bau\u00f0 f\u00f3lkinu og sag\u00f0i: haldi\u00f0 \u00f6ll \u00feessi bo\u00f0or\u00f0 sem eg legg fyrir y\u00f0ur \u00ed dag,<a name=\"2\"><span class=\"versanumer\">2<\/span><\/a>og \u00feegar \u00fe\u00e9r fari\u00f0 yfir um J\u00f3rdan inn \u00ed landi\u00f0 sem Drottinn y\u00f0ar Gu\u00f0 mun gefa y\u00f0ur, \u00fe\u00e1 skaltu reisa upp st\u00f3ra steina, og br\u00e6\u00f0a \u00fe\u00e1 utan me\u00f0 kalki,<a name=\"3\"><span class=\"versanumer\">3<\/span><\/a>og rita \u00e1 \u00fe\u00e1 allar \u00feessar lagagreinir, \u00feegar \u00fe\u00fa ert kominn yfir um, \u00ed landi\u00f0 sem Drottinn \u00feinn Gu\u00f0 mun gefa \u00fe\u00e9r, landi\u00f0 hvar mj\u00f3lkinni fl\u00e6\u00f0ir og hunanginu, eins og Drottinn \u00feinna fe\u00f0ra Gu\u00f0 hefir heiti\u00f0.<a name=\"4\"><span class=\"versanumer\">4<\/span><\/a>J\u00e1! \u00feegar \u00fe\u00e9r eru\u00f0 komnir yfir um J\u00f3rdan, \u00fe\u00e1 skulu\u00f0 \u00fe\u00e9r reisa upp \u00feessa steina, sem eg var n\u00fana \u00e1 a\u00f0 minnast, \u00e1 fjallinu Ebal, og br\u00e6\u00f0a \u00fe\u00e1 utan me\u00f0 kalki.<br \/><a name=\"5\"><span class=\"versanumer\">5<\/span><\/a>\u00de\u00fa skalt l\u00edka byggja Drottni \u00fe\u00ednum Gu\u00f0i \u00fear altari \u00far steinum, \u00e1n \u00feess a\u00f0 bera a\u00f0 \u00feeim nokkurt j\u00e1rn. <br \/><a name=\"6\"><span class=\"versanumer\">6<\/span><\/a>Af \u00f3tilh\u00f6ggnum steinum skaltu byggja \u00feetta altari Drottni \u00fe\u00ednum Gu\u00f0i og \u00fear \u00e1 skaltu offra Drottni \u00fe\u00ednum Gu\u00f0i brennioffri,<a name=\"7\"><span class=\"versanumer\">7<\/span><\/a>\u00fear skaltu l\u00edka offra \u00feakkl\u00e6tisoffri, halda \u00fear m\u00e1lt\u00ed\u00f0, og gle\u00f0ja \u00feig frammi fyrir Drottni \u00fe\u00ednum Gu\u00f0i. <br \/><a name=\"8\"><span class=\"versanumer\">8<\/span><\/a>En \u00e1 steinana skaltu skrifa \u00f6ll \u00feessi lagabo\u00f0 greinilega og l\u00e6silega. <br \/><a name=\"9\"><span class=\"versanumer\">9<\/span><\/a>Framvegis tala\u00f0i M\u00f3ses og prestarnir og Lev\u00edtarnir vi\u00f0 allan \u00cdsrael og s\u00f6g\u00f0u: hygg a\u00f0 og hlusta\u00f0u eftir, \u00cdsrael! \u00e1 \u00feessum degi ertu or\u00f0inn l\u00fd\u00f0ur Drottins \u00fe\u00edns Gu\u00f0s,<a name=\"10\"><span class=\"versanumer\">10<\/span><\/a>\u00feess vegna skalt\u00fa hl\u00fd\u00f0a raustu Drottins \u00fe\u00edns Gu\u00f0s, og breyta eftir hans bo\u00f0or\u00f0um og setningum, sem eg legg fyrir \u00feig \u00ed dag. <br \/><a name=\"11\"><span class=\"versanumer\">11<\/span><\/a>Og M\u00f3ses bau\u00f0 f\u00f3lkinu sama daginn og sag\u00f0i:<a name=\"12\"><span class=\"versanumer\">12<\/span><\/a>\u00feessir skulu standa upp \u00e1 fjallinu Garisim til a\u00f0 blessa f\u00f3lki\u00f0, \u00feegar \u00fe\u00e9r eru\u00f0 komnir yfir um J\u00f3rdan: S\u00edmeon, Lev\u00ed, J\u00fada, \u00cdsaskar, J\u00f3sep, Benjam\u00edn.<a name=\"13\"><span class=\"versanumer\">13<\/span><\/a>Og \u00feessir skulu standa upp \u00e1 fjallinu Ebal til a\u00f0 b\u00f6lva: R\u00faben, Ga\u00f0, Asser, Seb\u00falon, Dan og Neftal\u00ed. <br \/><a name=\"14\"><span class=\"versanumer\">14<\/span><\/a>Lev\u00edtarnir skulu me\u00f0 h\u00e1rri raustu hr\u00f3pa \u00feannig frammi fyrir \u00f6llum \u00cdsrael\u00edtum:<a name=\"15\"><span class=\"versanumer\">15<\/span><\/a>b\u00f6lva\u00f0ur s\u00e9 s\u00e1 sem b\u00fdr s\u00e9r til skur\u00f0go\u00f0 e\u00f0a steypt l\u00edkneski\u2014\u00fea\u00f0 er Drottni vi\u00f0bj\u00f3\u00f0ur\u2014, handaverki\u00f0 einhv\u00f6rs smi\u00f0sins, og bl\u00f3tar \u00fea\u00f0 \u00e1 laun, og allt f\u00f3lki\u00f0 undirtaki og segi Amen.<br \/><a name=\"16\"><span class=\"versanumer\">16<\/span><\/a>B\u00f6lva\u00f0ur s\u00e9 s\u00e1 sem \u00f3fr\u00e6gir f\u00f6\u00f0ur sinn e\u00f0a m\u00f3\u00f0ur, og allt f\u00f3lki\u00f0 segi Amen.<br \/><a name=\"17\"><span class=\"versanumer\">17<\/span><\/a>B\u00f6lva\u00f0ur s\u00e9 s\u00e1 sem f\u00e6rir saman landamerki s\u00edns n\u00e1unga, og allt f\u00f3lki\u00f0 skal segja Amen. <br \/><a name=\"18\"><span class=\"versanumer\">18<\/span><\/a>B\u00f6lva\u00f0ur s\u00e9 s\u00e1 sem lei\u00f0ir \u00feann blinda af r\u00e9ttum vegi, og allt f\u00f3lki\u00f0 skal segja Amen.<br \/><a name=\"19\"><span class=\"versanumer\">19<\/span><\/a>B\u00f6lva\u00f0ur s\u00e9 s\u00e1 sem hallar r\u00e9tti hins \u00fatlenda, hins f\u00f6\u00f0urlausa og ekkjunnar, og allt f\u00f3lki\u00f0 skal segja Amen. <br \/><a name=\"20\"><span class=\"versanumer\">20<\/span><\/a>B\u00f6lva\u00f0ur s\u00e9 s\u00e1 sem leggst me\u00f0 stj\u00fapu sinni, \u00fev\u00ed hann flettir upp \u00e1brei\u00f0u f\u00f6\u00f0ur s\u00edns, og allt f\u00f3lki\u00f0 skal segja Amen.<br \/><a name=\"21\"><span class=\"versanumer\">21<\/span><\/a>B\u00f6lva\u00f0ur s\u00e9 s\u00e1 sem leggst me\u00f0 nokkurs konar f\u00e9na\u00f0i, og allt f\u00f3lki\u00f0 skal segja Amen. <br \/><a name=\"22\"><span class=\"versanumer\">22<\/span><\/a>B\u00f6lva\u00f0ur s\u00e9 s\u00e1 sem leggst me\u00f0 systur sinni, hv\u00f6rt sem h\u00fan er samfe\u00f0ra e\u00f0a samm\u00e6\u00f0ra, og allt f\u00f3lki\u00f0 segi Amen. <br \/><a name=\"23\"><span class=\"versanumer\">23<\/span><\/a>B\u00f6lva\u00f0ur s\u00e9 s\u00e1 sem liggur hj\u00e1 tengdam\u00f3\u00f0ur sinni, og allt f\u00f3lki\u00f0 segi Amen. <br \/><a name=\"24\"><span class=\"versanumer\">24<\/span><\/a>B\u00f6lva\u00f0ur s\u00e9 s\u00e1 sem vegur n\u00e1unga sinn leynilega, og allt f\u00f3lki\u00f0 segi Amen. <br \/><a name=\"25\"><span class=\"versanumer\">25<\/span><\/a>B\u00f6lva\u00f0ur s\u00e9 s\u00e1 sem tekur m\u00fatu til \u00feess a\u00f0 firra l\u00edfinu saklausan mann, og allt f\u00f3lki\u00f0 segi Amen. <br \/><a name=\"26\"><span class=\"versanumer\">26<\/span><\/a>B\u00f6lva\u00f0ur s\u00e9 s\u00e1 sem ekki heldur allar \u00feessar lagagreinir og breytir eftir \u00feeim, og allt f\u00f3lki\u00f0 skal segja Amen.<\/p>\n<div class=\"footnoteVidey\">V. 5. Steinarnir \u00e1ttu ekki a\u00f0 vera tilh\u00f6ggnir (2 M\u00f3s. 20,25) eins og l\u00edka segir \u00ed versum h\u00e9r \u00e1 eftir.  V. 8. Nl. \u00fe\u00e1 sem fyrri var \u00e1minnst, en ekki \u00fe\u00e1 sem altari\u00f0 var byggt af.  V. 20. Sj\u00e1 kap. 23,1.<\/div>\n","protected":false},"excerpt":{"rendered":"<p>Steinar hinumegin J\u00f3rdanar, b\u00f6lvan fr\u00e1 fjallinu Ebal. 1M\u00f3ses \u00e1samt me\u00f0 \u00f6ldungum \u00cdsrael\u00edta bau\u00f0 f\u00f3lkinu og sag\u00f0i: haldi\u00f0 \u00f6ll \u00feessi bo\u00f0or\u00f0 sem eg legg fyrir y\u00f0ur \u00ed dag,2og \u00feegar \u00fe\u00e9r fari\u00f0 yfir um J\u00f3rdan inn \u00ed landi\u00f0 sem Drottinn y\u00f0ar Gu\u00f0 mun gefa y\u00f0ur, \u00fe\u00e1 skaltu reisa upp st\u00f3ra steina, og br\u00e6\u00f0a \u00fe\u00e1 utan me\u00f0 kalki,3og rita \u00e1 \u00fe\u00e1 allar \u00feessar lagagreinir, \u00feegar \u00fe\u00fa ert kominn yfir um, \u00ed landi\u00f0 sem Drottinn \u00feinn Gu\u00f0 mun gefa \u00fe\u00e9r, landi\u00f0 hvar mj\u00f3lkinni fl\u00e6\u00f0ir og hunanginu, eins og Drottinn \u00feinna fe\u00f0ra Gu\u00f0 hefir heiti\u00f0.4J\u00e1! \u00feegar \u00fe\u00e9r eru\u00f0 komnir yfir um J\u00f3rdan, \u00fe\u00e1 skulu\u00f0 \u00fe\u00e9r <a href=\"https:\/\/biblian.is\/videy\/fimmta-mosebok-27-kafli\/\"> [&#8230;]<\/a><\/p>\n","protected":false},"author":1,"featured_media":0,"parent":0,"menu_order":0,"comment_status":"open","ping_status":"open","template":"bibliukaflar.php","meta":{"footnotes":""},"class_list":["post-21029","page","type-page","status-publish","hentry"],"_links":{"self":[{"href":"https:\/\/biblian.is\/videy\/wp-json\/wp\/v2\/pages\/21029","targetHints":{"allow":["GET"]}}],"collection":[{"href":"https:\/\/biblian.is\/videy\/wp-json\/wp\/v2\/pages"}],"about":[{"href":"https:\/\/biblian.is\/videy\/wp-json\/wp\/v2\/types\/page"}],"author":[{"embeddable":true,"href":"https:\/\/biblian.is\/videy\/wp-json\/wp\/v2\/users\/1"}],"replies":[{"embeddable":true,"href":"https:\/\/biblian.is\/videy\/wp-json\/wp\/v2\/comments?post=21029"}],"version-history":[{"count":0,"href":"https:\/\/biblian.is\/videy\/wp-json\/wp\/v2\/pages\/21029\/revisions"}],"wp:attachment":[{"href":"https:\/\/biblian.is\/videy\/wp-json\/wp\/v2\/media?parent=21029"}],"curies":[{"name":"wp","href":"https:\/\/api.w.org\/{rel}","templated":true}]}}