{"id":21028,"date":"2018-01-02T00:59:56","date_gmt":"2018-01-02T00:59:56","guid":{"rendered":"http:\/\/biblian.is\/videy\/fimmta-mosebok-26-kafli\/"},"modified":"2018-01-02T00:59:56","modified_gmt":"2018-01-02T00:59:56","slug":"fimmta-mosebok-26-kafli","status":"publish","type":"page","link":"https:\/\/biblian.is\/videy\/fimmta-mosebok-26-kafli\/","title":{"rendered":"Fimmta M\u00f3seb\u00f3k 26. kafli"},"content":{"rendered":"<div class=\"fyrirsognVidey\">Offur af frumgr\u00f3\u00f0anum. T\u00edundir.<\/div>\n<p><a name=\"1\"><span class=\"versanumer\">1<\/span><\/a>\u00deegar \u00fe\u00fa ert kominn \u00ed \u00fea\u00f0 land sem Drottinn \u00feinn Gu\u00f0 mun gefa \u00fe\u00e9r til eignar, ert b\u00fainn a\u00f0 taka \u00fea\u00f0, og sestur \u00fear a\u00f0,<a name=\"2\"><span class=\"versanumer\">2<\/span><\/a>\u00fe\u00e1 skaltu taka \u00fea\u00f0 fyrsta af \u00f6llum landsins \u00e1vexti sem j\u00f6r\u00f0in gefur af s\u00e9r, s\u00fa sem Drottinn \u00feinn Gu\u00f0 gefur \u00fe\u00e9r, skalt\u00fa l\u00e1ta \u00fea\u00f0 \u00ed k\u00f6rfu og f\u00e6ra s\u00ed\u00f0an til \u00feess sta\u00f0ar, sem Drottinn Gu\u00f0 \u00feinn mun \u00fatvelja s\u00e9r sj\u00e1lfum, til b\u00fasta\u00f0ar,<a name=\"3\"><span class=\"versanumer\">3<\/span><\/a>og \u00fe\u00fa skalt fara \u00e1 fund vi\u00f0 \u00feann kennimann sem \u00fe\u00e1 er og segja vi\u00f0 hann: eg me\u00f0kenni \u00ed dag fyrir Drottni Gu\u00f0i \u00fe\u00ednum, a\u00f0 eg er kominn \u00ed \u00fea\u00f0 land sem Drottinn s\u00f3r forfe\u00f0rum vorum a\u00f0 gefa oss.<a name=\"4\"><span class=\"versanumer\">4<\/span><\/a>Presturinn skal \u00fe\u00e1 taka vi\u00f0 k\u00f6rfunni af hendi \u00fe\u00e9r, og setja hana ni\u00f0ur vi\u00f0 altari Drottins \u00fe\u00edns Gu\u00f0s;<a name=\"5\"><span class=\"versanumer\">5<\/span><\/a>\u00fe\u00e1 skaltu ennfremur inna til og segja frammi fyrir Drottni \u00fe\u00ednum Gu\u00f0i: forfe\u00f0ur m\u00ednir hinir s\u00fdrlensku f\u00f3ru reikandi, \u00feeir h\u00e9ldu s\u00ed\u00f0an ofan til Egyptalands, og voru \u00fear \u00fatlendingar og f\u00e1ir s\u00edns li\u00f0s, en ur\u00f0u \u00fear a\u00f0 mikilli, voldugri og fj\u00f6lmennri \u00fej\u00f3\u00f0;<a name=\"6\"><span class=\"versanumer\">6<\/span><\/a>en hinum egypsku f\u00f3rst illa vi\u00f0 oss, \u00feeir \u00fej\u00f6ku\u00f0u oss og l\u00f6g\u00f0u \u00e1 oss \u00feungan \u00fer\u00e6ld\u00f3m;<a name=\"7\"><span class=\"versanumer\">7<\/span><\/a>\u00fe\u00e1 hr\u00f3pu\u00f0um v\u00e9r til Drottins, Gu\u00f0s fe\u00f0ra vorra, og Drottinn heyr\u00f0i vort \u00e1kall, og s\u00e1 vora eymd, b\u00e1gindi og \u00e1nau\u00f0,<a name=\"8\"><span class=\"versanumer\">8<\/span><\/a>og Drottinn \u00fatleiddi oss af Egyptalandi me\u00f0 voldugri hendi og \u00fatr\u00e9ttum armlegg, me\u00f0 miklum undrum, t\u00e1knum og fyrirbur\u00f0um,<a name=\"9\"><span class=\"versanumer\">9<\/span><\/a>en leiddi oss hinga\u00f0 til \u00feessa sta\u00f0ar, og gaf oss \u00feetta land, hvar mj\u00f3lkinni fl\u00e6\u00f0ir og hunanginu;<a name=\"10\"><span class=\"versanumer\">10<\/span><\/a>\u00feess vegna flyt eg n\u00fa hinga\u00f0 \u00feann fyrsta \u00e1v\u00f6xt landsins sem \u00fe\u00fa, Drottinn! gafst m\u00e9r\u2014\u00fe\u00e9r skulu\u00f0 leggja \u00feetta fram fyrir Drottin y\u00f0ar Gu\u00f0 og tilbi\u00f0ja hann;<a name=\"11\"><span class=\"versanumer\">11<\/span><\/a>svo skalt\u00fa, \u00e1samt Lev\u00edtunum og \u00feeim \u00fatlendu sem eru \u00e1 me\u00f0al \u00fe\u00edn, gj\u00f6ra \u00fe\u00e9r glatt vegna \u00feess g\u00f3\u00f0a sem Drottinn \u00feinn hefir veitt \u00fe\u00e9r og \u00fe\u00ednu hyski.<br \/><a name=\"12\"><span class=\"versanumer\">12<\/span><\/a>\u00deegar \u00fe\u00fa ert b\u00fainn a\u00f0 grei\u00f0a allar t\u00edundir af \u00feinni inntekt \u00e1 hinu \u00feri\u00f0ja \u00e1ri, sem eru gjald\u00e1r \u00feessara t\u00edunda, og \u00fe\u00fa hefir veitt Lev\u00edtunum, \u00feeim \u00fatlendu, \u00feeim f\u00f6\u00f0urlausa og ekkjunni, m\u00e1lt\u00ed\u00f0 innan \u00feinna borga svo \u00feeir hafi mettir or\u00f0i\u00f0, \u00fe\u00e1 skaltu segja frammi fyrir Drottni \u00fe\u00ednum Gu\u00f0i:<a name=\"13\"><span class=\"versanumer\">13<\/span><\/a>eg hefi flutt burt af heimilinu \u00fea\u00f0 sem helga\u00f0 var, og hefi gefi\u00f0 \u00fea\u00f0 Lev\u00edtunum, \u00feeim \u00fatlendu, ekkjunni og f\u00f6\u00f0urleysingjum, eftir \u00f6llum \u00feeim bo\u00f0or\u00f0um sem \u00fe\u00fa hefir lagt fyrir mig, eg hefi ekki tra\u00f0ka\u00f0 \u00fe\u00ednum bo\u00f0or\u00f0um, n\u00e9 gleymt \u00feeim;<a name=\"14\"><span class=\"versanumer\">14<\/span><\/a>eg hefi ekki eti\u00f0 af \u00fev\u00ed \u00ed minni sorg, og eg hefi ekkert af \u00fev\u00ed teki\u00f0 til \u00f3hreinnar br\u00fakunar, og ekkert af \u00fev\u00ed hefi eg gefi\u00f0 hinum dau\u00f0a, eg hefi hl\u00fdtt raustu Drottins m\u00edns Gu\u00f0s, og gj\u00f6rt allt eins og hann bau\u00f0 m\u00e9r.<br \/><a name=\"15\"><span class=\"versanumer\">15<\/span><\/a>L\u00edt ofan fr\u00e1 \u00fe\u00ednu heilaga s\u00e6ti \u00e1 himnum, og blessa \u00feitt f\u00f3lk \u00cdsrael, og \u00fea\u00f0 land sem \u00fe\u00fa hefir gefi\u00f0 oss, eins og \u00fe\u00fa me\u00f0 ei\u00f0i lofa\u00f0ir forfe\u00f0rum vorum, landi\u00f0 hvar mj\u00f3lkinni fl\u00e6\u00f0ir og hunanginu.<br \/><a name=\"16\"><span class=\"versanumer\">16<\/span><\/a>\u00c1 \u00feessum degi b\u00fd\u00f0ur Drottinn \u00feinn Gu\u00f0 \u00fe\u00e9r, a\u00f0 breyta eftir \u00feessum bo\u00f0or\u00f0um og setningum; g\u00e6t \u00feeirra og breyt eftir \u00feeim af \u00f6llu hjarta og af allri s\u00e1lu \u00feinni;<a name=\"17\"><span class=\"versanumer\">17<\/span><\/a>\u00fe\u00fa hefir sagt vi\u00f0 Drottin \u00ed dag, a\u00f0 hann skuli vera \u00feinn Gu\u00f0, og \u00fe\u00fa viljir ganga \u00e1 \u00f6llum hans vegum, og halda hans l\u00f6gm\u00e1l, bo\u00f0or\u00f0 og setninga og hl\u00fd\u00f0a hans raust;<a name=\"18\"><span class=\"versanumer\">18<\/span><\/a>\u00feess vegna hefir l\u00edka Drottinn \u00e1kve\u00f0i\u00f0 vi\u00f0 \u00feig \u00ed dag, a\u00f0 \u00fe\u00fa skulir vera hans \u00f3\u00f0alsf\u00f3lk, eins og hann hefir heiti\u00f0 \u00fe\u00e9r, og a\u00f0 \u00fe\u00fa skulir var\u00f0veita hans bo\u00f0or\u00f0,<a name=\"19\"><span class=\"versanumer\">19<\/span><\/a>og a\u00f0 hann skuli hefja \u00feig yfir allar \u00fej\u00f3\u00f0ir a\u00f0rar sem hann hefir tilsett, svo a\u00f0 \u00feinn hei\u00f0ur, nafn og s\u00e6md ver\u00f0i uppi og \u00fe\u00fa s\u00e9rt f\u00f3lk helga\u00f0 Drottni Gu\u00f0i \u00fe\u00ednum, eins og hann hefir heiti\u00f0.<\/p>\n<div class=\"footnoteVidey\">V. 14. \u00deessar t\u00edundir \u00e1ttu a\u00f0 br\u00fakast til gle\u00f0ilegra gestabo\u00f0a, en ekki m\u00e1tti \u00feeim verja til neinna hluta sem \u00f3hreinir voru eftir lev\u00edt\u00edsku l\u00f6gunum, ei heldur til \u00fatfarar dau\u00f0ra manna.<\/div>\n","protected":false},"excerpt":{"rendered":"<p>Offur af frumgr\u00f3\u00f0anum. T\u00edundir. 1\u00deegar \u00fe\u00fa ert kominn \u00ed \u00fea\u00f0 land sem Drottinn \u00feinn Gu\u00f0 mun gefa \u00fe\u00e9r til eignar, ert b\u00fainn a\u00f0 taka \u00fea\u00f0, og sestur \u00fear a\u00f0,2\u00fe\u00e1 skaltu taka \u00fea\u00f0 fyrsta af \u00f6llum landsins \u00e1vexti sem j\u00f6r\u00f0in gefur af s\u00e9r, s\u00fa sem Drottinn \u00feinn Gu\u00f0 gefur \u00fe\u00e9r, skalt\u00fa l\u00e1ta \u00fea\u00f0 \u00ed k\u00f6rfu og f\u00e6ra s\u00ed\u00f0an til \u00feess sta\u00f0ar, sem Drottinn Gu\u00f0 \u00feinn mun \u00fatvelja s\u00e9r sj\u00e1lfum, til b\u00fasta\u00f0ar,3og \u00fe\u00fa skalt fara \u00e1 fund vi\u00f0 \u00feann kennimann sem \u00fe\u00e1 er og segja vi\u00f0 hann: eg me\u00f0kenni \u00ed dag fyrir Drottni Gu\u00f0i \u00fe\u00ednum, a\u00f0 eg er kominn \u00ed \u00fea\u00f0 land <a href=\"https:\/\/biblian.is\/videy\/fimmta-mosebok-26-kafli\/\"> [&#8230;]<\/a><\/p>\n","protected":false},"author":1,"featured_media":0,"parent":0,"menu_order":0,"comment_status":"open","ping_status":"open","template":"bibliukaflar.php","meta":{"footnotes":""},"class_list":["post-21028","page","type-page","status-publish","hentry"],"_links":{"self":[{"href":"https:\/\/biblian.is\/videy\/wp-json\/wp\/v2\/pages\/21028","targetHints":{"allow":["GET"]}}],"collection":[{"href":"https:\/\/biblian.is\/videy\/wp-json\/wp\/v2\/pages"}],"about":[{"href":"https:\/\/biblian.is\/videy\/wp-json\/wp\/v2\/types\/page"}],"author":[{"embeddable":true,"href":"https:\/\/biblian.is\/videy\/wp-json\/wp\/v2\/users\/1"}],"replies":[{"embeddable":true,"href":"https:\/\/biblian.is\/videy\/wp-json\/wp\/v2\/comments?post=21028"}],"version-history":[{"count":0,"href":"https:\/\/biblian.is\/videy\/wp-json\/wp\/v2\/pages\/21028\/revisions"}],"wp:attachment":[{"href":"https:\/\/biblian.is\/videy\/wp-json\/wp\/v2\/media?parent=21028"}],"curies":[{"name":"wp","href":"https:\/\/api.w.org\/{rel}","templated":true}]}}