{"id":21027,"date":"2018-01-02T00:59:56","date_gmt":"2018-01-02T00:59:56","guid":{"rendered":"http:\/\/biblian.is\/videy\/fimmta-mosebok-25-kafli\/"},"modified":"2018-01-02T00:59:56","modified_gmt":"2018-01-02T00:59:56","slug":"fimmta-mosebok-25-kafli","status":"publish","type":"page","link":"https:\/\/biblian.is\/videy\/fimmta-mosebok-25-kafli\/","title":{"rendered":"Fimmta M\u00f3seb\u00f3k 25. kafli"},"content":{"rendered":"<div class=\"fyrirsognVidey\">Um l\u00edkamlega refsing. Br\u00f3\u00f0ir skyldur a\u00f0 eiga barnlausa ekkju eftir br\u00f3\u00f0ur sinn. R\u00e9tt vog og m\u00e6lir.<\/div>\n<p><a name=\"1\"><span class=\"versanumer\">1<\/span><\/a>\u00deegar \u00e1greiningur ver\u00f0ur manna \u00ed millum, \u00fe\u00e1 skulu \u00feeir m\u00e6ta \u00e1 \u00feingi, og skal \u00fear skera \u00far m\u00e1lum \u00feeirra, s\u00e1 saklausi \u00e1 \u00fear a\u00f0 fr\u00edast, en hinn seki a\u00f0 sakfellast;<a name=\"2\"><span class=\"versanumer\">2<\/span><\/a>ef hinn seki hefir unni\u00f0 til refsingar, \u00fe\u00e1 skal d\u00f3marinn l\u00e1ta leggja hann ni\u00f0ur \u00ed sinni vi\u00f0urvist, og sl\u00e1 hann eins m\u00f6rgum h\u00f6ggum, og samb\u00fd\u00f0ur hans misgj\u00f6rning;<a name=\"3\"><span class=\"versanumer\">3<\/span><\/a>hann m\u00e1 leggja \u00e1 hann fj\u00f6rutygi h\u00f6gg, en ekki fleiri, svo ei ver\u00f0i gengi\u00f0 fram af honum, og br\u00f3\u00f0ir \u00feinn ver\u00f0i meiddur og aumkunarlega \u00fatl\u00edtandi.<br \/><a name=\"4\"><span class=\"versanumer\">4<\/span><\/a>\u00de\u00fa skalt ekki m\u00fdla nauti\u00f0 me\u00f0an \u00fea\u00f0 \u00fereskir.<a name=\"5\"><span class=\"versanumer\">5<\/span><\/a>\u00deegar br\u00e6\u00f0ur b\u00faa til samans, og einn \u00feeirra deyr barnlaus, \u00fe\u00e1 skal kona \u00feess framli\u00f0na ekki taka neinum manni \u00far\u00e6ttis, heldur skal hennar eigin m\u00e1gur liggja hj\u00e1 henni, taka hana s\u00e9r til konu og eignast hana;<a name=\"6\"><span class=\"versanumer\">6<\/span><\/a>\u00feann fyrsta son, sem h\u00fan f\u00e6\u00f0ir, skal hann l\u00e1ta bera nafn s\u00edns framli\u00f0na br\u00f3\u00f0urs, svo a\u00f0 hans nafn uppr\u00e6tist ekki \u00far \u00cdsrael.<a name=\"7\"><span class=\"versanumer\">7<\/span><\/a>En ef ma\u00f0urinn vill ekki taka br\u00f3\u00f0urkonu s\u00edna til eiginkonu, \u00fe\u00e1 skal hans br\u00f3\u00f0urkona ganga upp \u00ed borgarhli\u00f0in fram fyrir \u00f6ldungana og segja: m\u00e1gur minn vill ekki uppvekja s\u00ednum br\u00f3\u00f0ur nafn \u00ed \u00cdsrael, og vill ekki eiga mig; \u00f6ldungar borgarinnar skulu \u00fe\u00e1 kalla hann fyrir og hafa tal af honum.<a name=\"8\"><span class=\"versanumer\">8<\/span><\/a>Ef hann \u00fe\u00e1 segir \u00fear frammi fyrir \u00feeim: eg vil ekki eiga hana,<a name=\"9\"><span class=\"versanumer\">9<\/span><\/a>\u00fe\u00e1 gangi br\u00f3\u00f0urkona hans \u00fear a\u00f0 honum \u00ed n\u00e6rveru \u00f6ldunganna, taki sk\u00f3inn af f\u00e6tinum \u00e1 honum, hr\u00e6ki framan \u00ed hann, og fari \u00feessum or\u00f0um: svona \u00e1 a\u00f0 fara me\u00f0 hv\u00f6rn \u00feann sem ekki vill uppbyggja s\u00ednum br\u00f3\u00f0ur h\u00fas,<a name=\"10\"><span class=\"versanumer\">10<\/span><\/a>og hann skal hafa \u00fea\u00f0 auknefni \u00ed \u00cdsrael, a\u00f0 \u00e6tt hans s\u00e9 kennd vi\u00f0 Berf\u00f3t. <br \/><a name=\"11\"><span class=\"versanumer\">11<\/span><\/a>\u00deegar tveir menn deila illdeilum innbyr\u00f0is og kona annars hv\u00f6rs hleypur a\u00f0, og vill hj\u00e1lpa manni s\u00ednum \u00far h\u00f6ndunum \u00e1 \u00feeim sem sl\u00e6r hann, og r\u00e9ttir h\u00f6ndinni til og gr\u00edpur um hans leyndarlim,<a name=\"12\"><span class=\"versanumer\">12<\/span><\/a>\u00fe\u00e1 skaltu h\u00f6ggva af henni hendina, og \u00feitt auga skal ekki sj\u00e1 aumur \u00e1 henni. <br \/><a name=\"13\"><span class=\"versanumer\">13<\/span><\/a>\u00de\u00fa skalt ekki hafa \u00ed \u00fe\u00ednum sj\u00f3\u00f0i tvennslags vogir, a\u00f0ra st\u00e6rri og a\u00f0ra minni;<a name=\"14\"><span class=\"versanumer\">14<\/span><\/a>\u00fe\u00fa skalt ei heldur hafa \u00ed \u00fe\u00ednu h\u00fasi tvennslags m\u00e6liaska, annan st\u00e6rri og annan minni.<a name=\"15\"><span class=\"versanumer\">15<\/span><\/a>\u00de\u00fa skalt hafa eina gilda og r\u00e9tta vog, einn gildan og r\u00e9ttan m\u00e6liask svo \u00fe\u00fa megir lengi lifa \u00ed \u00fev\u00ed landinu sem Drottinn \u00feinn Gu\u00f0 mun gefa \u00fe\u00e9r,<a name=\"16\"><span class=\"versanumer\">16<\/span><\/a>\u00fev\u00ed Drottinn \u00feinn Gu\u00f0 hefir andstygg\u00f0 \u00e1 \u00f6llum, sem \u00feessa e\u00f0ur a\u00f0ra rangsleitni \u00ed frammi hafa.<br \/><a name=\"17\"><span class=\"versanumer\">17<\/span><\/a>L\u00e1ttu \u00feig reka minni til, hv\u00f6rnig Amalek\u00edtar f\u00f3ru me\u00f0 \u00feig \u00e1 lei\u00f0inni \u00feegar \u00fe\u00fa f\u00f3rst \u00fat \u00far Egyptalandi,<a name=\"18\"><span class=\"versanumer\">18<\/span><\/a>hv\u00f6rnig \u00feeir m\u00e6ttu \u00fe\u00e9r \u00e1 lei\u00f0inni og sl\u00f3gu \u00fe\u00e1 sem aftastir f\u00f3ru, sem voru or\u00f0nir \u00fereyttir og f\u00f3ru seinna, \u00feegar \u00fe\u00fa varst or\u00f0inn b\u00e6\u00f0i l\u00fainn og dasa\u00f0ur, og \u00feeir hr\u00e6ddust ekki Gu\u00f0 a\u00f0 \u00fev\u00ed.<br \/><a name=\"19\"><span class=\"versanumer\">19<\/span><\/a>\u00deegar n\u00fa Drottinn \u00feinn Gu\u00f0 veitir \u00fe\u00e9r n\u00e6\u00f0i fyrir \u00f6llum \u00fe\u00ednum \u00f3vinum allt \u00ed kringum \u00feig \u00ed \u00fev\u00ed landinu sem hann mun gefa \u00fe\u00e9r til eignar, \u00fe\u00e1 skalt\u00fa me\u00f0 \u00f6llu afm\u00e1 minning \u00feeirra Amalek\u00edta af jar\u00f0arhnettinum\u2014gleymd\u00fa \u00fev\u00ed ekki!<\/p>\n<div class=\"footnoteVidey\"><\/div>\n","protected":false},"excerpt":{"rendered":"<p>Um l\u00edkamlega refsing. Br\u00f3\u00f0ir skyldur a\u00f0 eiga barnlausa ekkju eftir br\u00f3\u00f0ur sinn. R\u00e9tt vog og m\u00e6lir. 1\u00deegar \u00e1greiningur ver\u00f0ur manna \u00ed millum, \u00fe\u00e1 skulu \u00feeir m\u00e6ta \u00e1 \u00feingi, og skal \u00fear skera \u00far m\u00e1lum \u00feeirra, s\u00e1 saklausi \u00e1 \u00fear a\u00f0 fr\u00edast, en hinn seki a\u00f0 sakfellast;2ef hinn seki hefir unni\u00f0 til refsingar, \u00fe\u00e1 skal d\u00f3marinn l\u00e1ta leggja hann ni\u00f0ur \u00ed sinni vi\u00f0urvist, og sl\u00e1 hann eins m\u00f6rgum h\u00f6ggum, og samb\u00fd\u00f0ur hans misgj\u00f6rning;3hann m\u00e1 leggja \u00e1 hann fj\u00f6rutygi h\u00f6gg, en ekki fleiri, svo ei ver\u00f0i gengi\u00f0 fram af honum, og br\u00f3\u00f0ir \u00feinn ver\u00f0i meiddur og aumkunarlega \u00fatl\u00edtandi.4\u00de\u00fa skalt ekki m\u00fdla nauti\u00f0 <a href=\"https:\/\/biblian.is\/videy\/fimmta-mosebok-25-kafli\/\"> [&#8230;]<\/a><\/p>\n","protected":false},"author":1,"featured_media":0,"parent":0,"menu_order":0,"comment_status":"open","ping_status":"open","template":"bibliukaflar.php","meta":{"footnotes":""},"class_list":["post-21027","page","type-page","status-publish","hentry"],"_links":{"self":[{"href":"https:\/\/biblian.is\/videy\/wp-json\/wp\/v2\/pages\/21027","targetHints":{"allow":["GET"]}}],"collection":[{"href":"https:\/\/biblian.is\/videy\/wp-json\/wp\/v2\/pages"}],"about":[{"href":"https:\/\/biblian.is\/videy\/wp-json\/wp\/v2\/types\/page"}],"author":[{"embeddable":true,"href":"https:\/\/biblian.is\/videy\/wp-json\/wp\/v2\/users\/1"}],"replies":[{"embeddable":true,"href":"https:\/\/biblian.is\/videy\/wp-json\/wp\/v2\/comments?post=21027"}],"version-history":[{"count":0,"href":"https:\/\/biblian.is\/videy\/wp-json\/wp\/v2\/pages\/21027\/revisions"}],"wp:attachment":[{"href":"https:\/\/biblian.is\/videy\/wp-json\/wp\/v2\/media?parent=21027"}],"curies":[{"name":"wp","href":"https:\/\/api.w.org\/{rel}","templated":true}]}}