{"id":21026,"date":"2018-01-02T00:59:56","date_gmt":"2018-01-02T00:59:56","guid":{"rendered":"http:\/\/biblian.is\/videy\/fimmta-mosebok-24-kafli\/"},"modified":"2018-01-02T00:59:56","modified_gmt":"2018-01-02T00:59:56","slug":"fimmta-mosebok-24-kafli","status":"publish","type":"page","link":"https:\/\/biblian.is\/videy\/fimmta-mosebok-24-kafli\/","title":{"rendered":"Fimmta M\u00f3seb\u00f3k 24. kafli"},"content":{"rendered":"<div class=\"fyrirsognVidey\">Um hj\u00f3nab\u00f6nd, ve\u00f0setningar og fl.<\/div>\n<p><a name=\"1\"><span class=\"versanumer\">1<\/span><\/a>Ef einhv\u00f6r f\u00e6r s\u00e9r konu og hefir samrekkt henni, en h\u00fan finnur ekki s\u00ed\u00f0an n\u00e1\u00f0 fyrir hans augum fyrir einhv\u00f6rs \u00f3\u00feokka sakir, \u00fe\u00e1 skal hann mega gefa henni skilna\u00f0arskr\u00e1, f\u00e1 henni hana \u00ed hendur, og l\u00e1ta hana svo fara af heimili s\u00ednu.<a name=\"2\"><span class=\"versanumer\">2<\/span><\/a>\u00deegar h\u00fan er gengin burt af b\u00e6num, og farin alveg \u00ed burtu en giftist \u00f6\u00f0rum manni, og s\u00e1 annar ma\u00f0ur f\u00e6r l\u00edka andstygg\u00f0 \u00e1 henni,<a name=\"3\"><span class=\"versanumer\">3<\/span><\/a>gefur henni skilna\u00f0arskr\u00e1, f\u00e6r henni \u00fea\u00f0 \u00ed hendur, og l\u00e6tur hana svo fara af heimili s\u00ednu, ellegar ef svo ber undir, a\u00f0 deyr s\u00e1 seinni ma\u00f0ur sem hana t\u00f3k til eiginkonu,<a name=\"4\"><span class=\"versanumer\">4<\/span><\/a>\u00fe\u00e1 m\u00e1 ekki hennar fyrri ma\u00f0ur, sem haf\u00f0i skili\u00f0 sig vi\u00f0 hana, taka hana aftur s\u00e9r til eiginkonu, af \u00fev\u00ed h\u00fan er or\u00f0in \u00f3hrein, \u00fev\u00ed sl\u00edkt er andstygg\u00f0 fyrir Drottni, svo \u00fe\u00fa ei flekkir \u00fea\u00f0 land, sem Drottinn \u00feinn Gu\u00f0 mun gefa \u00fe\u00e9r a\u00f0 arfi.<br \/><a name=\"5\"><span class=\"versanumer\">5<\/span><\/a>\u00deegar einhv\u00f6r er n\u00fdgiftur, \u00fe\u00e1 skal hann ei fara \u00ed herna\u00f0, og engin \u00feyngsli skulu \u00e1 hann leggjast, skal hann vera frj\u00e1ls ma\u00f0ur \u00e1 heimili s\u00ednu heilt \u00e1r, og gle\u00f0ja sig me\u00f0 konu \u00feeirri sem hann hefir teki\u00f0 s\u00e9r.<br \/><a name=\"6\"><span class=\"versanumer\">6<\/span><\/a>\u00de\u00fa m\u00e1tt ekki taka \u00ed pant yfir- n\u00e9 undirkv\u00f6rn, \u00fev\u00ed \u00fea\u00f0 v\u00e6ri a\u00f0 taka \u00ed pant l\u00edfsbj\u00f6rg annars.<br \/><a name=\"7\"><span class=\"versanumer\">7<\/span><\/a>Ef einhv\u00f6r ver\u00f0ur fundinn a\u00f0 \u00fev\u00ed, a\u00f0 hafa stoli\u00f0 nokkrum af br\u00e6\u00f0rum s\u00ednum \u00cdsraelssonum, og anna\u00f0hv\u00f6rt sj\u00e1lfur heldur honum \u00e1nau\u00f0ugum, e\u00f0a selur hann mansali, \u00fe\u00e1 skal s\u00e1 \u00fej\u00f3fur deyja, og ber y\u00f0ur a\u00f0 afm\u00e1 me\u00f0al y\u00f0ar sl\u00edka vonsku.<br \/><a name=\"8\"><span class=\"versanumer\">8<\/span><\/a>G\u00e6t \u00fe\u00edn \u00ed sp\u00edtelskuveikindum, a\u00f0 \u00fe\u00fa grandg\u00e6filega a\u00f0g\u00e6tir og gj\u00f6rir allt \u00fea\u00f0 sem prestarnir og Lev\u00edtarnir leggja fyrir \u00feig, skulu\u00f0 \u00fe\u00e9r \u00fea\u00f0 allt halda og gj\u00f6ra sem \u00feeir skipa y\u00f0ur;<a name=\"9\"><span class=\"versanumer\">9<\/span><\/a>l\u00e1ttu \u00fe\u00e9r minnisst\u00e6tt \u00fea\u00f0 sem Drottinn \u00feinn Gu\u00f0 gj\u00f6r\u00f0i vi\u00f0 hana Mar\u00edu \u00e1 lei\u00f0inni, \u00feegar \u00fe\u00e9r h\u00e9ldu\u00f0 \u00fat af Egyptalandi. <br \/><a name=\"10\"><span class=\"versanumer\">10<\/span><\/a>Ef \u00fe\u00fa hefir l\u00e1na\u00f0 n\u00e1unga \u00fe\u00ednum eitthva\u00f0, hva\u00f0 sem \u00fea\u00f0 svo er, \u00fe\u00e1 m\u00e1ttu ekki ganga inn \u00ed hans h\u00fas til a\u00f0 taka \u00fat af honum pant,<a name=\"11\"><span class=\"versanumer\">11<\/span><\/a>heldur skaltu sta\u00f0n\u00e6mast fyrir utan dyrnar, en s\u00e1 sem \u00fe\u00fa haf\u00f0ir l\u00e1na\u00f0, beri pantinn \u00fat til \u00fe\u00edn;<a name=\"12\"><span class=\"versanumer\">12<\/span><\/a>en s\u00e9 ma\u00f0urinn \u00f6reigi \u00fe\u00e1 skaltu ekki ganga til svefns me\u00f0 pant hans,<a name=\"13\"><span class=\"versanumer\">13<\/span><\/a>heldur skaltu f\u00e6ra honum pantinn aftur fyrir s\u00f3larlagi\u00f0, svo hann geti sofi\u00f0 \u00ed s\u00ednum eigin r\u00famf\u00f6tum. <span class='VideyAth'>*)<\/span> Mun hann \u00fe\u00e1 blessa yfir \u00feig, og \u00feess mun Drottinn Gu\u00f0 \u00feinn l\u00e1ta \u00feig nj\u00f3ta.<br \/><a name=\"14\"><span class=\"versanumer\">14<\/span><\/a>\u00de\u00fa skalt ekki refjast um kaup \u00feess sem er f\u00e1t\u00e6kur og \u00feurfandi, hv\u00f6rt sem hann er af l\u00f6ndum \u00fe\u00ednum e\u00f0a \u00fatlendum sem eru \u00ed landinu innan borga \u00feinna,<a name=\"15\"><span class=\"versanumer\">15<\/span><\/a>heldur skalt\u00fa grei\u00f0a honum sitt kaup \u00e1 hv\u00f6rjum degi, \u00e1\u00f0ur en s\u00f3lin gengur undir, \u00fev\u00ed hann er f\u00e1t\u00e6kur og \u00e6tla\u00f0i upp \u00e1 \u00fea\u00f0, svo hann hr\u00f3pi ei til Drottins m\u00f3ti \u00fe\u00e9r, og ver\u00f0i \u00fe\u00e9r svo \u00feetta til syndar reikna\u00f0.<br \/><a name=\"16\"><span class=\"versanumer\">16<\/span><\/a>Fe\u00f0urnir skulu ekki deyja fyrir b\u00f6rn s\u00edn, og ekki b\u00f6rnin fyrir fe\u00f0urnar, heldur skal hv\u00f6r deyja fyrir s\u00edna eigin misgj\u00f6r\u00f0.<br \/><a name=\"17\"><span class=\"versanumer\">17<\/span><\/a>\u00de\u00fa skalt ei halla r\u00e9tti hins \u00fatlenda og f\u00f6\u00f0urlausa, og \u00fe\u00fa skalt ekki taka \u00ed pant ekkjunnar fatna\u00f0;<a name=\"18\"><span class=\"versanumer\">18<\/span><\/a>\u00fev\u00ed \u00fe\u00e9r skal minnisst\u00e6tt a\u00f0 \u00fe\u00fa varst \u00fer\u00e6ll \u00ed Egyptalandi, og Drottinn \u00feinn Gu\u00f0 frelsa\u00f0i \u00feig \u00fea\u00f0an; \u00feess vegna skipa eg \u00fe\u00e9r a\u00f0 gj\u00f6ra \u00feetta.<br \/><a name=\"19\"><span class=\"versanumer\">19<\/span><\/a>\u00deegar \u00fe\u00fa hefir loki\u00f0 kornskur\u00f0i \u00e1 akri \u00fe\u00ednum, og \u00fe\u00fa hefir gleymt einu bindini \u00fat \u00e1 akrinum, \u00fe\u00e1 skaltu ekki sn\u00faa aftur til a\u00f0 s\u00e6kja \u00fea\u00f0, l\u00e1ttu heldur hinn \u00fatlenda, ekkjuna og \u00feann f\u00f6\u00f0urlausa eiga \u00fea\u00f0, svo a\u00f0 Drottinn \u00feinn Gu\u00f0 blessi \u00feig \u00ed allri \u00feinni atvinnu.<br \/><a name=\"20\"><span class=\"versanumer\">20<\/span><\/a>\u00deegar \u00fe\u00fa hefir bari\u00f0 \u00e1vextina af \u00fe\u00ednu ol\u00edutr\u00e9, \u00fe\u00e1 skalt\u00fa ei gj\u00f6ra \u00fear eftirleit, heldur skal s\u00e1 framandi, ekkjan og s\u00e1 f\u00f6\u00f0urlausi eiga \u00fea\u00f0.<a name=\"21\"><span class=\"versanumer\">21<\/span><\/a>\u00deegar \u00fe\u00fa hefir skori\u00f0 upp v\u00ednberin \u00ed v\u00edngar\u00f0i \u00fe\u00ednum, \u00fe\u00e1 skaltu ekki plokka hann aftur, heldur skal s\u00e1 \u00fatlendi, ekkjan og s\u00e1 f\u00f6\u00f0urlausi eiga \u00fea\u00f0;<a name=\"22\"><span class=\"versanumer\">22<\/span><\/a>l\u00e1t \u00fe\u00e9r minnisst\u00e6tt a\u00f0 \u00fe\u00fa varst \u00fer\u00e6ll \u00ed Egyptalandi, \u00fev\u00ed skipa eg \u00fe\u00e9r a\u00f0 gj\u00f6ra \u00feetta.<\/p>\n<div class=\"footnoteVidey\">V. 9. Num 12,9.  V. 13. *) Sj\u00e1 Ex. 22,25.  V. 20. Menn br\u00faku\u00f0u til \u00feess kepp e\u00f0ur kefli.<\/div>\n","protected":false},"excerpt":{"rendered":"<p>Um hj\u00f3nab\u00f6nd, ve\u00f0setningar og fl. 1Ef einhv\u00f6r f\u00e6r s\u00e9r konu og hefir samrekkt henni, en h\u00fan finnur ekki s\u00ed\u00f0an n\u00e1\u00f0 fyrir hans augum fyrir einhv\u00f6rs \u00f3\u00feokka sakir, \u00fe\u00e1 skal hann mega gefa henni skilna\u00f0arskr\u00e1, f\u00e1 henni hana \u00ed hendur, og l\u00e1ta hana svo fara af heimili s\u00ednu.2\u00deegar h\u00fan er gengin burt af b\u00e6num, og farin alveg \u00ed burtu en giftist \u00f6\u00f0rum manni, og s\u00e1 annar ma\u00f0ur f\u00e6r l\u00edka andstygg\u00f0 \u00e1 henni,3gefur henni skilna\u00f0arskr\u00e1, f\u00e6r henni \u00fea\u00f0 \u00ed hendur, og l\u00e6tur hana svo fara af heimili s\u00ednu, ellegar ef svo ber undir, a\u00f0 deyr s\u00e1 seinni ma\u00f0ur sem hana t\u00f3k til <a href=\"https:\/\/biblian.is\/videy\/fimmta-mosebok-24-kafli\/\"> [&#8230;]<\/a><\/p>\n","protected":false},"author":1,"featured_media":0,"parent":0,"menu_order":0,"comment_status":"open","ping_status":"open","template":"bibliukaflar.php","meta":{"footnotes":""},"class_list":["post-21026","page","type-page","status-publish","hentry"],"_links":{"self":[{"href":"https:\/\/biblian.is\/videy\/wp-json\/wp\/v2\/pages\/21026","targetHints":{"allow":["GET"]}}],"collection":[{"href":"https:\/\/biblian.is\/videy\/wp-json\/wp\/v2\/pages"}],"about":[{"href":"https:\/\/biblian.is\/videy\/wp-json\/wp\/v2\/types\/page"}],"author":[{"embeddable":true,"href":"https:\/\/biblian.is\/videy\/wp-json\/wp\/v2\/users\/1"}],"replies":[{"embeddable":true,"href":"https:\/\/biblian.is\/videy\/wp-json\/wp\/v2\/comments?post=21026"}],"version-history":[{"count":0,"href":"https:\/\/biblian.is\/videy\/wp-json\/wp\/v2\/pages\/21026\/revisions"}],"wp:attachment":[{"href":"https:\/\/biblian.is\/videy\/wp-json\/wp\/v2\/media?parent=21026"}],"curies":[{"name":"wp","href":"https:\/\/api.w.org\/{rel}","templated":true}]}}