{"id":21025,"date":"2018-01-02T00:59:56","date_gmt":"2018-01-02T00:59:56","guid":{"rendered":"http:\/\/biblian.is\/videy\/fimmta-mosebok-23-kafli\/"},"modified":"2018-01-02T00:59:56","modified_gmt":"2018-01-02T00:59:56","slug":"fimmta-mosebok-23-kafli","status":"publish","type":"page","link":"https:\/\/biblian.is\/videy\/fimmta-mosebok-23-kafli\/","title":{"rendered":"Fimmta M\u00f3seb\u00f3k 23. kafli"},"content":{"rendered":"<div class=\"fyrirsognVidey\">Hva\u00f0 ei s\u00e6mi s\u00f6fnu\u00f0i Drottins.<\/div>\n<p><a name=\"1\"><span class=\"versanumer\">1<\/span><\/a>Enginn m\u00e1 giftast stj\u00fapu sinni n\u00e9 fletta upp \u00e1brei\u00f0u f\u00f6\u00f0ur s\u00edns.<a name=\"2\"><span class=\"versanumer\">2<\/span><\/a>Enginn e\u00f0lismeiddur, e\u00f0a geldingur m\u00e1 vera \u00ed s\u00f6fnu\u00f0i Drottins.<a name=\"3\"><span class=\"versanumer\">3<\/span><\/a>Enginn sk\u00e6kjuson m\u00e1 vera \u00ed s\u00f6fnu\u00f0i Drottins, og \u00fe\u00f3 \u00ed t\u00edunda \u00e6ttli\u00f0 s\u00e9 m\u00e1 hann ei a\u00f0 heldur takast \u00fear inn.<a name=\"4\"><span class=\"versanumer\">4<\/span><\/a>Amm\u00f3n\u00edtar og M\u00f3ab\u00edtar skulu ei heldur takast inn \u00ed s\u00f6fnu\u00f0 Drottins, og \u00fe\u00f3 \u00ed t\u00edunda li\u00f0 s\u00e9; \u00feeir mega \u00feanga\u00f0 aldrei inn koma,<a name=\"5\"><span class=\"versanumer\">5<\/span><\/a>vegna \u00feess \u00feeir ekki f\u00e6r\u00f0u y\u00f0ur n\u00e9 drykk, \u00e1 veginn \u00feegar \u00fe\u00e9r f\u00f3ru\u00f0 \u00far Egyptalandi, og \u00fear \u00e1 ofan keyptu B\u00edleam Beorsson af Petor \u00ed Mes\u00f3potam\u00eda til a\u00f0 leggja \u00f3b\u00e6nir yfir \u00feig, en Drottinn \u00feinn Gu\u00f0 vildi ei sinna B\u00edleam, en sneri \u00f3b\u00e6num hans \u00ed blessan, af \u00fev\u00ed hann elskar \u00feig;<a name=\"6\"><span class=\"versanumer\">6<\/span><\/a>\u00fe\u00fa skalt aldrei nokkru sinni l\u00e1ta \u00fe\u00e9r annt um \u00feeirra fri\u00f0 e\u00f0ur fars\u00e6ld.<a name=\"7\"><span class=\"versanumer\">7<\/span><\/a>\u00de\u00fa skalt ekki forsm\u00e1 Edom\u00edtana, \u00fev\u00ed \u00feeir eru \u00fe\u00ednir br\u00e6\u00f0ur, ei heldur egypska, \u00fev\u00ed \u00fe\u00fa varst \u00fatlendingur \u00ed \u00feeirra landi;<a name=\"8\"><span class=\"versanumer\">8<\/span><\/a>afkomendur \u00feeirra \u00ed \u00feri\u00f0ja li\u00f0 mega takast inn \u00ed s\u00f6fnu\u00f0 Drottins.<br \/><a name=\"9\"><span class=\"versanumer\">9<\/span><\/a>\u00de\u00e1 \u00fe\u00fa tekur \u00feig upp \u00far herb\u00fa\u00f0unum m\u00f3ti \u00f3vinum \u00fe\u00ednum, \u00fe\u00e1 skalt\u00fa vara \u00feig vi\u00f0 \u00f6llum skemmilegum hlutum.<a name=\"10\"><span class=\"versanumer\">10<\/span><\/a>Ef nokkur me\u00f0al y\u00f0ar er ekki hreinn, vegna \u00feess sem hann hefir hent um n\u00f3ttina, s\u00e1 gangi \u00fat \u00far herb\u00fa\u00f0unum og komi ekki aftur inn \u00ed \u00fe\u00e6r,<a name=\"11\"><span class=\"versanumer\">11<\/span><\/a>fyrr en undir kv\u00f6ldi\u00f0 \u00fe\u00e1 hann er b\u00fainn a\u00f0 \u00fevo sig \u00ed vatni, \u00fe\u00e1 m\u00e1 hann eftir s\u00f3larlagi\u00f0 koma aftur inn \u00ed herb\u00fa\u00f0irnar.<a name=\"12\"><span class=\"versanumer\">12<\/span><\/a>\u00de\u00fa skalt hafa \u00fe\u00e9r vissan sta\u00f0, fyrir utan herb\u00fa\u00f0irnar, \u00feanga\u00f0 skalt\u00fa fara erinda \u00feinna,<a name=\"13\"><span class=\"versanumer\">13<\/span><\/a>og \u00fe\u00fa skalt hafa l\u00edtinn spa\u00f0a \u00ed tj\u00f6rgum \u00fe\u00ednum og \u00feegar \u00fe\u00fa vilt setja \u00feig ni\u00f0ur, skalt\u00fa grafa me\u00f0 honum, en \u00feegar \u00fe\u00fa hefir loki\u00f0 \u00fe\u00e9r af, skalt\u00fa hylja saurindin.<a name=\"14\"><span class=\"versanumer\">14<\/span><\/a>\u00dev\u00ed Drottinn \u00feinn Gu\u00f0 er \u00e1 gangi um herb\u00fa\u00f0ir \u00fe\u00ednar til a\u00f0 vernda \u00feig og gefa \u00f3vini \u00fe\u00edna \u00e1 \u00feitt vald, \u00feess vegna skulu herb\u00fa\u00f0ir \u00fe\u00ednar vera heilagar, og ekkert vera a\u00f0 sj\u00e1 \u00f3\u00feokkalegt y\u00f0ar \u00e1 me\u00f0al, svo hann ekki fari \u00ed burtu fr\u00e1 ykkur.<br \/><a name=\"15\"><span class=\"versanumer\">15<\/span><\/a>\u00de\u00fa skalt ekki selja \u00feann \u00fer\u00e6l \u00ed hendur h\u00fasb\u00f3nda s\u00ednum sem fl\u00fai\u00f0 hefur fr\u00e1 honum til \u00fe\u00edn,<a name=\"16\"><span class=\"versanumer\">16<\/span><\/a>hann skal setjast a\u00f0 hj\u00e1 \u00fe\u00e9r \u00ed \u00feeim sta\u00f0 sem hann sj\u00e1lfur velur s\u00e9r, \u00ed einhv\u00f6rjum \u00fe\u00ednum borgum, sem honum l\u00edst best \u00e1, og \u00fe\u00fa m\u00e1tt ekkert illt leggja til hans. <br \/><a name=\"17\"><span class=\"versanumer\">17<\/span><\/a>Engin af \u00cdsraels\u00e6ttum m\u00e1 vera sk\u00e6kja, og enginn af \u00cdsraelssonum l\u00e1ta gj\u00f6ra s\u00e9r sv\u00edvir\u00f0ing.<br \/><a name=\"18\"><span class=\"versanumer\">18<\/span><\/a>\u00de\u00fa skalt ekki bera sk\u00e6kjulaun n\u00e9 hundsver\u00f0 inn \u00ed h\u00fas Drottins \u00fe\u00edns Gu\u00f0s, \u00ed \u00fev\u00ed skyni a\u00f0 leysa \u00fear me\u00f0 heiti nokkurt, \u00fev\u00ed Drottinn hefir andstygg\u00f0 \u00e1 hv\u00f6rutveggi.<br \/><a name=\"19\"><span class=\"versanumer\">19<\/span><\/a>\u00de\u00fa skalt ekki okra af l\u00f6ndum \u00fe\u00ednum, hv\u00f6rki \u00e1 peningum, mat n\u00e9 \u00f6\u00f0rum hlutum \u00feeim sem \u00fat m\u00e1 okra;<a name=\"20\"><span class=\"versanumer\">20<\/span><\/a>af \u00fatlendingum m\u00e1tt\u00fa okra, en ekki l\u00f6ndum \u00fe\u00ednum, svo a\u00f0 Drottinn \u00feinn Gu\u00f0 blessi \u00feig \u00ed \u00f6llu sem \u00fe\u00fa tekur \u00fe\u00e9r fyrir hendur \u00ed \u00fev\u00ed landi sem \u00fe\u00fa ert \u00e1 lei\u00f0inni a\u00f0 eignast.<a name=\"21\"><span class=\"versanumer\">21<\/span><\/a>\u00deegar \u00fe\u00fa hefir gj\u00f6rt heiti nokkurt Drottni \u00fe\u00ednum Gu\u00f0i, \u00fe\u00e1 l\u00e1t ei ver\u00f0a dr\u00e1tt \u00e1 a\u00f0 efna \u00fea\u00f0, \u00fev\u00ed a\u00f0 Drottinn \u00feinn krefur \u00feess af \u00fe\u00e9r, og \u00fe\u00fa hefir af \u00fev\u00ed synd;<a name=\"22\"><span class=\"versanumer\">22<\/span><\/a>en hafir \u00fe\u00fa \u00f6ngu heiti\u00f0, er \u00fe\u00e9r engin synd;<a name=\"23\"><span class=\"versanumer\">23<\/span><\/a>en hva\u00f0 sem kemur fram af v\u00f6rum \u00fe\u00ednum, \u00fe\u00e1 skaltu efna og svo gj\u00f6ra sem \u00fe\u00fa h\u00e9st Drottni Gu\u00f0i \u00fe\u00ednum me\u00f0 eigin munni og frj\u00e1lsum vilja.<br \/><a name=\"24\"><span class=\"versanumer\">24<\/span><\/a>\u00de\u00e1 \u00fe\u00fa kemur \u00ed v\u00edngar\u00f0 n\u00e1unga \u00fe\u00edns, \u00fe\u00e1 m\u00e1ttu eta svo m\u00f6rg v\u00ednber sem \u00fe\u00fa hefir lyst \u00e1, \u00fear til \u00fe\u00fa ert mettur, en ei m\u00e1ttu safna \u00feeim \u00ed ker \u00feitt.<a name=\"25\"><span class=\"versanumer\">25<\/span><\/a>Ef \u00fe\u00fa gengur um kornakur n\u00e1unga \u00fe\u00edns, \u00fe\u00e1 m\u00e1ttu plokka axin me\u00f0 hendinni, en ei m\u00e1ttu veifa sig\u00f0inni yfir kornakur hans.<\/p>\n<div class=\"footnoteVidey\"><\/div>\n","protected":false},"excerpt":{"rendered":"<p>Hva\u00f0 ei s\u00e6mi s\u00f6fnu\u00f0i Drottins. 1Enginn m\u00e1 giftast stj\u00fapu sinni n\u00e9 fletta upp \u00e1brei\u00f0u f\u00f6\u00f0ur s\u00edns.2Enginn e\u00f0lismeiddur, e\u00f0a geldingur m\u00e1 vera \u00ed s\u00f6fnu\u00f0i Drottins.3Enginn sk\u00e6kjuson m\u00e1 vera \u00ed s\u00f6fnu\u00f0i Drottins, og \u00fe\u00f3 \u00ed t\u00edunda \u00e6ttli\u00f0 s\u00e9 m\u00e1 hann ei a\u00f0 heldur takast \u00fear inn.4Amm\u00f3n\u00edtar og M\u00f3ab\u00edtar skulu ei heldur takast inn \u00ed s\u00f6fnu\u00f0 Drottins, og \u00fe\u00f3 \u00ed t\u00edunda li\u00f0 s\u00e9; \u00feeir mega \u00feanga\u00f0 aldrei inn koma,5vegna \u00feess \u00feeir ekki f\u00e6r\u00f0u y\u00f0ur n\u00e9 drykk, \u00e1 veginn \u00feegar \u00fe\u00e9r f\u00f3ru\u00f0 \u00far Egyptalandi, og \u00fear \u00e1 ofan keyptu B\u00edleam Beorsson af Petor \u00ed Mes\u00f3potam\u00eda til a\u00f0 leggja \u00f3b\u00e6nir yfir \u00feig, en Drottinn \u00feinn <a href=\"https:\/\/biblian.is\/videy\/fimmta-mosebok-23-kafli\/\"> [&#8230;]<\/a><\/p>\n","protected":false},"author":1,"featured_media":0,"parent":0,"menu_order":0,"comment_status":"open","ping_status":"open","template":"bibliukaflar.php","meta":{"footnotes":""},"class_list":["post-21025","page","type-page","status-publish","hentry"],"_links":{"self":[{"href":"https:\/\/biblian.is\/videy\/wp-json\/wp\/v2\/pages\/21025","targetHints":{"allow":["GET"]}}],"collection":[{"href":"https:\/\/biblian.is\/videy\/wp-json\/wp\/v2\/pages"}],"about":[{"href":"https:\/\/biblian.is\/videy\/wp-json\/wp\/v2\/types\/page"}],"author":[{"embeddable":true,"href":"https:\/\/biblian.is\/videy\/wp-json\/wp\/v2\/users\/1"}],"replies":[{"embeddable":true,"href":"https:\/\/biblian.is\/videy\/wp-json\/wp\/v2\/comments?post=21025"}],"version-history":[{"count":0,"href":"https:\/\/biblian.is\/videy\/wp-json\/wp\/v2\/pages\/21025\/revisions"}],"wp:attachment":[{"href":"https:\/\/biblian.is\/videy\/wp-json\/wp\/v2\/media?parent=21025"}],"curies":[{"name":"wp","href":"https:\/\/api.w.org\/{rel}","templated":true}]}}