{"id":21024,"date":"2018-01-02T00:59:56","date_gmt":"2018-01-02T00:59:56","guid":{"rendered":"http:\/\/biblian.is\/videy\/fimmta-mosebok-22-kafli\/"},"modified":"2018-01-02T00:59:56","modified_gmt":"2018-01-02T00:59:56","slug":"fimmta-mosebok-22-kafli","status":"publish","type":"page","link":"https:\/\/biblian.is\/videy\/fimmta-mosebok-22-kafli\/","title":{"rendered":"Fimmta M\u00f3seb\u00f3k 22. kafli"},"content":{"rendered":"<div class=\"fyrirsognVidey\">Um fundi\u00f0 g\u00f3ss, og \u00fdmislegt vi\u00f0v\u00edkjandi lausl\u00e6ti m.fl.<\/div>\n<p><a name=\"1\"><span class=\"versanumer\">1<\/span><\/a>\u00deegar \u00fe\u00fa s\u00e9r naut e\u00f0ur sau\u00f0 br\u00f3\u00f0ur \u00fe\u00edns \u00e1 sl\u00e6\u00f0ingi, \u00fe\u00e1 skaltu ekki snei\u00f0a hj\u00e1 \u00fev\u00ed, heldur reka \u00fea\u00f0 aftur til br\u00f3\u00f0ur \u00fe\u00edns.<a name=\"2\"><span class=\"versanumer\">2<\/span><\/a>En ef s\u00e1 br\u00f3\u00f0ir er ekki \u00ed grennd vi\u00f0 \u00feig, og \u00fe\u00fa ert ekkert kunnugur honum, \u00fe\u00e1 skaltu taka \u00fea\u00f0 heim til \u00fe\u00edn og hafa hj\u00e1 \u00fe\u00e9r, \u00feanga\u00f0 til br\u00f3\u00f0ir \u00feinn leitar \u00feess og \u00fe\u00fa getur fengi\u00f0 honum \u00fea\u00f0 aftur;<a name=\"3\"><span class=\"versanumer\">3<\/span><\/a>sama \u00e1ttu l\u00edka a\u00f0 gj\u00f6ra vi\u00f0 hans asna, kl\u00e6\u00f0i hans og s\u00e9rhv\u00f6rn hlut sem hann hefir t\u00fdnt, \u00fev\u00ed hva\u00f0 sem t\u00fdnist fyrir br\u00f3\u00f0ur \u00fe\u00ednum og \u00fe\u00fa finnur \u00fe\u00e1 m\u00e1ttu ekki draga dulur \u00e1;<a name=\"4\"><span class=\"versanumer\">4<\/span><\/a>ef \u00fe\u00fa s\u00e9r asna br\u00f3\u00f0ur \u00fe\u00edns e\u00f0a naut liggja afvelta \u00e1 lei\u00f0 \u00feinni, \u00fe\u00e1 m\u00e1ttu ekki snei\u00f0a hj\u00e1 \u00fev\u00ed, heldur skaltu reisa \u00fea\u00f0 \u00e1 f\u00e6turnar.<br \/><a name=\"5\"><span class=\"versanumer\">5<\/span><\/a>Ekki skal kona taka upp karlmannsb\u00faning, og ei skal karlma\u00f0ur fara \u00ed kvenmannsf\u00f6t, \u00fev\u00ed Drottinn \u00feinn Gu\u00f0 hefir andstygg\u00f0 \u00e1 \u00feeim sem \u00feetta gj\u00f6ra. <br \/><a name=\"6\"><span class=\"versanumer\">6<\/span><\/a>\u00deegar \u00fe\u00fa finnur fuglshrei\u00f0ur \u00e1 lei\u00f0 \u00feinni upp \u00ed tr\u00e9 nokkru, e\u00f0a \u00e1 j\u00f6r\u00f0inni, me\u00f0 ungum \u00ed e\u00f0a eggjum, og m\u00f3\u00f0irin liggur \u00e1 ungunum e\u00f0a eggjunum, \u00fe\u00e1 m\u00e1ttu ei taka m\u00f3\u00f0irina \u00e1samt me\u00f0 ungunum,<a name=\"7\"><span class=\"versanumer\">7<\/span><\/a>heldur skaltu sleppa m\u00f3\u00f0urinni, og taka svo til \u00fe\u00edn ungana, svo \u00fe\u00fa megir ver\u00f0a l\u00e1nsamur og lifa lengi. <br \/><a name=\"8\"><span class=\"versanumer\">8<\/span><\/a>\u00deegar \u00fe\u00fa byggir \u00fe\u00e9r n\u00fdtt h\u00fas, \u00fe\u00e1 gj\u00f6r \u00fear grindur allt um kring upp \u00e1 \u00feakinu, svo \u00fe\u00fa ekki hla\u00f0ir bl\u00f3\u00f0i \u00e1 \u00feitt h\u00fas ef einhv\u00f6r kynni a\u00f0 detta ofan af \u00fev\u00ed. <br \/><a name=\"9\"><span class=\"versanumer\">9<\/span><\/a>\u00de\u00fa skalt ekki s\u00e1 \u00ed v\u00edngar\u00f0 \u00feinn margslags fr\u00e6i, svo ekki falli helgi \u00e1 allt sem \u00ed honum er, b\u00e6\u00f0i pl\u00f6nturnar sem \u00fe\u00fa planta\u00f0ir og \u00e1g\u00f3\u00f0a v\u00edngar\u00f0sins.<br \/><a name=\"10\"><span class=\"versanumer\">10<\/span><\/a>\u00de\u00fa skalt ekki erja me\u00f0 nauti og asna \u00ed sameiningu.<a name=\"11\"><span class=\"versanumer\">11<\/span><\/a>\u00de\u00fa skalt ekki fara \u00ed \u00feau f\u00f6t sem gj\u00f6r\u00f0 eru af ulli og l\u00edni til samans;<a name=\"12\"><span class=\"versanumer\">12<\/span><\/a>\u00fe\u00fa skalt b\u00faa \u00fe\u00e9r til sk\u00fafa \u00e1 \u00f6llum fj\u00f3rum l\u00f6fum skikkjunnar sem \u00fe\u00fa ert \u00ed.<br \/><a name=\"13\"><span class=\"versanumer\">13<\/span><\/a>Ef nokkur f\u00e6r s\u00e9r eiginkonu og eftir \u00fea\u00f0 hann hefir legi\u00f0 hj\u00e1 henni, f\u00e6r \u00f3vild til hennar,<a name=\"14\"><span class=\"versanumer\">14<\/span><\/a>skuldar hana fyrir skemmilega breytni og kemur \u00e1 hana illu or\u00f0i, og segir: \u00feessa konu t\u00f3k eg m\u00e9r, og \u00fe\u00e1 eg lag\u00f0ist me\u00f0 henni, fann eg h\u00fan var ekki meyja;<a name=\"15\"><span class=\"versanumer\">15<\/span><\/a>\u00fe\u00e1 skal fa\u00f0ir og m\u00f3\u00f0ir \u00feeirrar konu fara me\u00f0 meyd\u00f3msmerki hennar til \u00f6ldunga sta\u00f0arins \u00ed borgarhli\u00f0i\u00f0;<a name=\"16\"><span class=\"versanumer\">16<\/span><\/a>skal \u00fe\u00e1 fa\u00f0ir konunnar svo m\u00e6la til \u00f6ldunganna: d\u00f3ttur m\u00edna gaf eg \u00feessum manni til eiginkonu, en hann leggur \u00f3vild \u00e1 hana, n\u00fa hefir hann hana fyrir skemmilegri s\u00f6k og segir:<a name=\"17\"><span class=\"versanumer\">17<\/span><\/a>eg fann ekki d\u00f3ttur \u00fe\u00edna a\u00f0 vera hreina meyju, h\u00e9r eru n\u00fa d\u00f3ttur minnar meyd\u00f3msmerki; um lei\u00f0 brei\u00f0i hann \u00fat f\u00f6tin \u00ed augs\u00fdn borgarinnar \u00f6ldunga;<a name=\"18\"><span class=\"versanumer\">18<\/span><\/a>\u00fe\u00e1 skulu \u00f6ldungarnir taka manninn og refsa honum,<a name=\"19\"><span class=\"versanumer\">19<\/span><\/a>og gj\u00f6ra honum \u00ed b\u00e6tur hundra\u00f0 sikla silfurs sem hann l\u00e1ti \u00fat vi\u00f0 f\u00f6\u00f0ur konunnar, fyrir \u00fea\u00f0 hann \u00f3fr\u00e6g\u00f0i meyju \u00ed \u00cdsrael, og h\u00fan skal vera kona hans, er hann aldrei upp \u00fea\u00f0an geti skili\u00f0 vi\u00f0.<a name=\"20\"><span class=\"versanumer\">20<\/span><\/a>En ef \u00fea\u00f0 v\u00f3ru sannm\u00e6li, a\u00f0 hann fann hana ekki hreina meyju,<a name=\"21\"><span class=\"versanumer\">21<\/span><\/a>\u00fe\u00e1 skulu \u00feeir fara me\u00f0 st\u00falkuna a\u00f0 h\u00fasdyrum f\u00f6\u00f0ur hennar, og b\u00e6jarmenn skulu \u00fear gr\u00fdta hana til bana, af \u00fev\u00ed h\u00fan dr\u00fdg\u00f0i \u00fev\u00edl\u00edka sk\u00f6mm \u00ed \u00cdsrael a\u00f0 h\u00f3rast \u00ed f\u00f6\u00f0urgar\u00f0i\u2014og \u00e1ttu a\u00f0 afm\u00e1 allt illt \u00fe\u00edn \u00e1 me\u00f0al.<a name=\"22\"><span class=\"versanumer\">22<\/span><\/a>Ef s\u00e1 finnst nokkur sem liggur hj\u00e1 konu \u00feeirri sem er \u00f6\u00f0rum gift, \u00fe\u00e1 skulu b\u00e6\u00f0i deyja, ma\u00f0urinn sem l\u00e1 hj\u00e1 konunni og konan, \u00fev\u00ed \u00fei\u00f0 eigi\u00f0 a\u00f0 afm\u00e1 allt illt me\u00f0al y\u00f0ar. <br \/><a name=\"23\"><span class=\"versanumer\">23<\/span><\/a>Ef mey er einhv\u00f6rjum f\u00f6stnu\u00f0, og karlma\u00f0ur einhv\u00f6r hittir hana \u00ed borginni, og leggst me\u00f0 henni,<a name=\"24\"><span class=\"versanumer\">24<\/span><\/a>\u00fe\u00e1 skulu \u00feeir lei\u00f0a \u00feau b\u00e6\u00f0i \u00fat fyrir borgarhli\u00f0in og gr\u00fdta \u00feau til bana, st\u00falkuna vegna \u00feess h\u00fan ekki kalla\u00f0i, fyrst h\u00fan var inn \u00ed borginni, og karlmanninn vegna \u00feess hann lag\u00f0ist me\u00f0 festarkonu annars manns, skulu\u00f0 \u00fe\u00e9r \u00feannig afm\u00e1 me\u00f0al y\u00f0ar allt illt. <br \/><a name=\"25\"><span class=\"versanumer\">25<\/span><\/a>Ef einhv\u00f6r hittir tr\u00falofa\u00f0a st\u00falku \u00fat \u00e1 v\u00ed\u00f0avangi, tekur hana me\u00f0 valdi og leggst me\u00f0 henni, \u00fe\u00e1 skal ma\u00f0urinn a\u00f0eins deyja sem me\u00f0 henni lag\u00f0ist,<a name=\"26\"><span class=\"versanumer\">26<\/span><\/a>en til st\u00falkunnar skalt\u00fa ei leggja, \u00fev\u00ed h\u00fan framdi \u00fea\u00f0 ekkert sem dau\u00f0a v\u00e6ri vert, \u00fev\u00ed \u00fear st\u00f3\u00f0 eins \u00e1 og \u00feegar einhv\u00f6r r\u00eds m\u00f3ti \u00f6\u00f0rum og sl\u00e6r hann \u00ed hel, og var \u00feetta eins a\u00f0 s\u00ednu leyti,<a name=\"27\"><span class=\"versanumer\">27<\/span><\/a>\u00fev\u00ed \u00feegar hann hitti st\u00falkuna \u00e1 v\u00ed\u00f0avangi, kalla\u00f0i s\u00fa tr\u00falofa\u00f0a st\u00falka a\u00f0 v\u00edsu, en \u00fear var enginn vi\u00f0 sem henni g\u00e6ti bjarga\u00f0.<a name=\"28\"><span class=\"versanumer\">28<\/span><\/a>\u00deegar einhv\u00f6r hittir st\u00falku sem ekki er tr\u00falofu\u00f0 og tekur hana frillutaki, og einhv\u00f6r gengur fram \u00e1 \u00feau,<a name=\"29\"><span class=\"versanumer\">29<\/span><\/a>\u00fe\u00e1 skal s\u00e1 sem sm\u00e1na\u00f0i hana grei\u00f0a f\u00f6\u00f0ur hennar fimmt\u00edu sikla silfurs, og ver\u00f0i h\u00fan kona hans, og \u00fear e\u00f0 hann sm\u00e1na\u00f0i hana \u00fe\u00e1 skal hann aldrei mega skilja hana vi\u00f0 sig upp \u00fea\u00f0an.<\/p>\n<div class=\"footnoteVidey\">V. 9. Ei ver\u00f0i gj\u00f6rt uppt\u00e6kt undir helgid\u00f3minn. Sbr. 3 M\u00f3s. b. 19,19.<\/div>\n","protected":false},"excerpt":{"rendered":"<p>Um fundi\u00f0 g\u00f3ss, og \u00fdmislegt vi\u00f0v\u00edkjandi lausl\u00e6ti m.fl. 1\u00deegar \u00fe\u00fa s\u00e9r naut e\u00f0ur sau\u00f0 br\u00f3\u00f0ur \u00fe\u00edns \u00e1 sl\u00e6\u00f0ingi, \u00fe\u00e1 skaltu ekki snei\u00f0a hj\u00e1 \u00fev\u00ed, heldur reka \u00fea\u00f0 aftur til br\u00f3\u00f0ur \u00fe\u00edns.2En ef s\u00e1 br\u00f3\u00f0ir er ekki \u00ed grennd vi\u00f0 \u00feig, og \u00fe\u00fa ert ekkert kunnugur honum, \u00fe\u00e1 skaltu taka \u00fea\u00f0 heim til \u00fe\u00edn og hafa hj\u00e1 \u00fe\u00e9r, \u00feanga\u00f0 til br\u00f3\u00f0ir \u00feinn leitar \u00feess og \u00fe\u00fa getur fengi\u00f0 honum \u00fea\u00f0 aftur;3sama \u00e1ttu l\u00edka a\u00f0 gj\u00f6ra vi\u00f0 hans asna, kl\u00e6\u00f0i hans og s\u00e9rhv\u00f6rn hlut sem hann hefir t\u00fdnt, \u00fev\u00ed hva\u00f0 sem t\u00fdnist fyrir br\u00f3\u00f0ur \u00fe\u00ednum og \u00fe\u00fa finnur \u00fe\u00e1 m\u00e1ttu ekki draga <a href=\"https:\/\/biblian.is\/videy\/fimmta-mosebok-22-kafli\/\"> [&#8230;]<\/a><\/p>\n","protected":false},"author":1,"featured_media":0,"parent":0,"menu_order":0,"comment_status":"open","ping_status":"open","template":"bibliukaflar.php","meta":{"footnotes":""},"class_list":["post-21024","page","type-page","status-publish","hentry"],"_links":{"self":[{"href":"https:\/\/biblian.is\/videy\/wp-json\/wp\/v2\/pages\/21024","targetHints":{"allow":["GET"]}}],"collection":[{"href":"https:\/\/biblian.is\/videy\/wp-json\/wp\/v2\/pages"}],"about":[{"href":"https:\/\/biblian.is\/videy\/wp-json\/wp\/v2\/types\/page"}],"author":[{"embeddable":true,"href":"https:\/\/biblian.is\/videy\/wp-json\/wp\/v2\/users\/1"}],"replies":[{"embeddable":true,"href":"https:\/\/biblian.is\/videy\/wp-json\/wp\/v2\/comments?post=21024"}],"version-history":[{"count":0,"href":"https:\/\/biblian.is\/videy\/wp-json\/wp\/v2\/pages\/21024\/revisions"}],"wp:attachment":[{"href":"https:\/\/biblian.is\/videy\/wp-json\/wp\/v2\/media?parent=21024"}],"curies":[{"name":"wp","href":"https:\/\/api.w.org\/{rel}","templated":true}]}}