{"id":21023,"date":"2018-01-02T00:59:56","date_gmt":"2018-01-02T00:59:56","guid":{"rendered":"http:\/\/biblian.is\/videy\/fimmta-mosebok-21-kafli\/"},"modified":"2018-01-02T00:59:56","modified_gmt":"2018-01-02T00:59:56","slug":"fimmta-mosebok-21-kafli","status":"publish","type":"page","link":"https:\/\/biblian.is\/videy\/fimmta-mosebok-21-kafli\/","title":{"rendered":"Fimmta M\u00f3seb\u00f3k 21. kafli"},"content":{"rendered":"<div class=\"fyrirsognVidey\">Um \u00feann sem enginn veit hv\u00f6r vegi\u00f0 hefir, um hertekna konu, frumgetningsr\u00e9tt, \u00ferj\u00f3tan son og hengdan mann.<\/div>\n<p><a name=\"1\"><span class=\"versanumer\">1<\/span><\/a>Ef ma\u00f0ur finnst veginn \u00ed \u00fev\u00ed landi, sem Drottinn \u00feinn Gu\u00f0 mun gefa \u00fe\u00e9r til eignar, og hann liggur \u00e1 v\u00ed\u00f0avangi, en enginn veit hv\u00f6r hann hefir vegi\u00f0,<a name=\"2\"><span class=\"versanumer\">2<\/span><\/a>\u00fe\u00e1 skulu \u00f6ldungar \u00fe\u00ednir og d\u00f3mendur fara \u00feanga\u00f0 \u00fat og m\u00e6la veginn til borganna sem liggja n\u00e6star \u00ed kringum \u00feann vegna;<a name=\"3\"><span class=\"versanumer\">3<\/span><\/a>en hv\u00f6r borgin, sem n\u00e6st liggur hinum vegna, \u00fe\u00e1 skulu \u00f6ldungarnir \u00ed \u00feeirri borg taka kv\u00edgu af hj\u00f6r\u00f0inni, sem ekki hefir veri\u00f0 \u00fer\u00e6lku\u00f0, og ei hefir ar\u00f0inn dregi\u00f0,<a name=\"4\"><span class=\"versanumer\">4<\/span><\/a>og skulu \u00feeir lei\u00f0a hana a\u00f0 s\u00edrennandi l\u00e6k ni\u00f0r\u00ed dal, sem hv\u00f6rki ver\u00f0ur yrktur n\u00e9 s\u00e1\u00f0ur, og \u00fear vi\u00f0 l\u00e6kinn skulu \u00feeir h\u00f6ggva af henni h\u00f6fu\u00f0i\u00f0;<a name=\"5\"><span class=\"versanumer\">5<\/span><\/a>\u00fe\u00e1 skulu ganga \u00fear a\u00f0 prestarnir, synir Lev\u00ed,\u2014\u00fev\u00ed \u00fe\u00e1 \u00fatvaldi Drottinn \u00feinn Gu\u00f0, a\u00f0 \u00feeir skyldu \u00fej\u00f3na s\u00e9r, og blessa \u00ed s\u00ednu nafni, og skal leita \u00feeirra atkv\u00e6\u00f0a \u00ed \u00f6llum deilum og st\u00f3rm\u00e1lum\u2014<a name=\"6\"><span class=\"versanumer\">6<\/span><\/a>og allir \u00f6ldungar \u00ed \u00feeirri borg sem n\u00e6stir eru hinum vegna, skulu \u00fevo hendur s\u00ednar yfir kv\u00edgunni, sem h\u00e1lsh\u00f6ggin var vi\u00f0 l\u00e6kinn,<a name=\"7\"><span class=\"versanumer\">7<\/span><\/a>og skulu fara svofelldum or\u00f0um: Vorar hendur hafa ekki \u00fathellt \u00feessu bl\u00f3\u00f0i, og augu vor hafa ekki heldur s\u00e9\u00f0 \u00fea\u00f0,<a name=\"8\"><span class=\"versanumer\">8<\/span><\/a>vertu, Drottinn miskunnsamur \u00fe\u00ednu f\u00f3lki \u00cdsrael sem \u00fe\u00fa hefir \u00fatleitt, og l\u00e1t \u00fe\u00e1 ei gjalda \u00feessa saklausa bl\u00f3\u00f0s sem \u00fathellt er \u00e1 me\u00f0al \u00fe\u00edns f\u00f3lks \u00cdsraels, heldur fyrirgef \u00feeim v\u00edg \u00feetta.<a name=\"9\"><span class=\"versanumer\">9<\/span><\/a>\u00deannig skaltu fr\u00eda \u00feig vi\u00f0 \u00fea\u00f0 saklausa bl\u00f3\u00f0 hj\u00e1 \u00fe\u00e9r og gj\u00f6ra \u00fea\u00f0 r\u00e9tt er \u00ed augum Drottins.<br \/><a name=\"10\"><span class=\"versanumer\">10<\/span><\/a>Ef \u00fe\u00fa leggur \u00fat \u00ed lei\u00f0angur m\u00f3ti \u00f3vinum \u00fe\u00ednum og Drottinn \u00feinn Gu\u00f0 gefur \u00fe\u00e1 \u00ed \u00fe\u00ednar hendur, svo \u00fe\u00fa lei\u00f0ir \u00fe\u00e1 me\u00f0 \u00fe\u00e9r hertekna,<a name=\"11\"><span class=\"versanumer\">11<\/span><\/a>og \u00fe\u00fa s\u00e9r me\u00f0al hinna herteknu konu, sem er fr\u00ed\u00f0 s\u00fdnum, og leggst \u00e1 hugi vi\u00f0 hana, svo \u00fe\u00fa vildir taka \u00fe\u00e9r hana til eiginkonu,<a name=\"12\"><span class=\"versanumer\">12<\/span><\/a>\u00fe\u00e1 haf hana inn \u00ed \u00feitt h\u00fas, en h\u00fan raki h\u00f6fu\u00f0 sitt og l\u00e1ti skera s\u00e9r n\u00f6glur;<a name=\"13\"><span class=\"versanumer\">13<\/span><\/a>h\u00fan fari \u00far f\u00f6tum \u00feeim sem h\u00fan var hertekin \u00ed, dvelji s\u00ed\u00f0an \u00ed h\u00fasi \u00fe\u00ednu, og syrgi f\u00f6\u00f0ur sinn og m\u00f3\u00f0ur s\u00edna einn m\u00e1na\u00f0art\u00edma, s\u00ed\u00f0an m\u00e1ttu taka saman vi\u00f0 hana og sams\u00e6nga henni svo sem konu \u00feinni;<a name=\"14\"><span class=\"versanumer\">14<\/span><\/a>en falli svo a\u00f0 \u00fe\u00fa hafir ei lengur \u00feokka til hennar, \u00fe\u00e1 skaltu l\u00e1ta hana fara \u00feanga\u00f0 sem h\u00fan vill sj\u00e1lf, ei m\u00e1ttu selja hana vi\u00f0 ver\u00f0i, n\u00e9 gj\u00f6ra hana \u00e1nau\u00f0uga, fyrst \u00fe\u00fa haf\u00f0ir lagst me\u00f0 henni.<br \/><a name=\"15\"><span class=\"versanumer\">15<\/span><\/a>Ef nokkur hefir tv\u00e6r eiginkonur, eina sem hann elskar, og a\u00f0ra sem hann hatar, og b\u00e6\u00f0i s\u00fa sem hann elskar og s\u00fa hann hatar, f\u00e6\u00f0a honum syni, en svo vill til, a\u00f0 s\u00e1 frumgetni er me\u00f0 \u00feeirri sem honum var \u00ed kala vi\u00f0,<a name=\"16\"><span class=\"versanumer\">16<\/span><\/a>og n\u00fa kemur s\u00e1 t\u00edmi, a\u00f0 hann skipti me\u00f0 sonum s\u00ednum, \u00fe\u00e1 m\u00e1 hann ekki \u00e6tla syni \u00feeirrar elsku\u00f0u frumgetningsr\u00e9ttinn, me\u00f0an sonur innar h\u00f6tu\u00f0u er enn \u00e1 l\u00edfi, sem var s\u00e1 frumgetni;<a name=\"17\"><span class=\"versanumer\">17<\/span><\/a>skal hann miklu fremur kannast vi\u00f0 son innar h\u00f6tu\u00f0u sem sinn frumgetinn og gefa honum tv\u00f6falt af \u00f6llu sem hann \u00e1, \u00fev\u00ed a\u00f0 hann er hans fyrsti kraftur og ber honum frumgetningsr\u00e9tturinn.<br \/><a name=\"18\"><span class=\"versanumer\">18<\/span><\/a>Ef nokkur hefir \u00ferj\u00f3tan son, \u00f3hl\u00fd\u00f0inn, sem ei vill gegna \u00e1minningum f\u00f6\u00f0ur s\u00edns og m\u00f3\u00f0ur, og sem ekki vill skipast a\u00f0 heldur \u00fe\u00f3 \u00feau hirti hann,<a name=\"19\"><span class=\"versanumer\">19<\/span><\/a>\u00fe\u00e1 skal fa\u00f0ir hans og m\u00f3\u00f0ir taka hann og fara me\u00f0 hann til \u00f6ldunga borgarinnar \u00ed borgarhli\u00f0i\u00f0,<a name=\"20\"><span class=\"versanumer\">20<\/span><\/a>og segja vi\u00f0 \u00f6ldunga sta\u00f0arins: \u00feessi sonur okkar er \u00ferj\u00f3tur, \u00f3hl\u00fd\u00f0inn og vill ekki gegna okkar \u00e1minningum, hann er svallari og v\u00ednsvelgur;<a name=\"21\"><span class=\"versanumer\">21<\/span><\/a>skulu \u00fe\u00e1 allir innbyggjarar \u00ed sta\u00f0num gr\u00fdta hann \u00ed hel; \u00feannig skaltu skilja vi\u00f0 \u00feig \u00feann vonda \u00e1 me\u00f0al \u00fe\u00edn, svo a\u00f0 allur \u00cdsrael megi \u00fea\u00f0 fr\u00e9tta og \u00f3ttast.<br \/><a name=\"22\"><span class=\"versanumer\">22<\/span><\/a>\u00deegar einhv\u00f6r hefir frami\u00f0 \u00fe\u00e1 synd, a\u00f0 hann er dau\u00f0aver\u00f0ur fyrir, og er hengdur \u00e1 g\u00e1lga,<a name=\"23\"><span class=\"versanumer\">23<\/span><\/a>\u00fe\u00e1 skal l\u00edkami hans ekki vera \u00e1 g\u00e1lganum n\u00e6turlangt, heldur skal hann jar\u00f0a samd\u00e6gris, \u00fev\u00ed s\u00e1 er b\u00f6lva\u00f0ur af Gu\u00f0i sem hengdur ver\u00f0ur, en \u00fe\u00fa m\u00e1tt ekki saurga landi\u00f0 sem Drottinn \u00feinn Gu\u00f0 hefir gefi\u00f0 \u00fe\u00e9r a\u00f0 arfi.<\/p>\n<div class=\"footnoteVidey\">V. 9. \u00deannig skaltu forl\u00edkunarf\u00f3rn f\u00e6ra fyrir saklauss manns l\u00edfl\u00e1t.<\/div>\n","protected":false},"excerpt":{"rendered":"<p>Um \u00feann sem enginn veit hv\u00f6r vegi\u00f0 hefir, um hertekna konu, frumgetningsr\u00e9tt, \u00ferj\u00f3tan son og hengdan mann. 1Ef ma\u00f0ur finnst veginn \u00ed \u00fev\u00ed landi, sem Drottinn \u00feinn Gu\u00f0 mun gefa \u00fe\u00e9r til eignar, og hann liggur \u00e1 v\u00ed\u00f0avangi, en enginn veit hv\u00f6r hann hefir vegi\u00f0,2\u00fe\u00e1 skulu \u00f6ldungar \u00fe\u00ednir og d\u00f3mendur fara \u00feanga\u00f0 \u00fat og m\u00e6la veginn til borganna sem liggja n\u00e6star \u00ed kringum \u00feann vegna;3en hv\u00f6r borgin, sem n\u00e6st liggur hinum vegna, \u00fe\u00e1 skulu \u00f6ldungarnir \u00ed \u00feeirri borg taka kv\u00edgu af hj\u00f6r\u00f0inni, sem ekki hefir veri\u00f0 \u00fer\u00e6lku\u00f0, og ei hefir ar\u00f0inn dregi\u00f0,4og skulu \u00feeir lei\u00f0a hana a\u00f0 s\u00edrennandi l\u00e6k ni\u00f0r\u00ed <a href=\"https:\/\/biblian.is\/videy\/fimmta-mosebok-21-kafli\/\"> [&#8230;]<\/a><\/p>\n","protected":false},"author":1,"featured_media":0,"parent":0,"menu_order":0,"comment_status":"open","ping_status":"open","template":"bibliukaflar.php","meta":{"footnotes":""},"class_list":["post-21023","page","type-page","status-publish","hentry"],"_links":{"self":[{"href":"https:\/\/biblian.is\/videy\/wp-json\/wp\/v2\/pages\/21023","targetHints":{"allow":["GET"]}}],"collection":[{"href":"https:\/\/biblian.is\/videy\/wp-json\/wp\/v2\/pages"}],"about":[{"href":"https:\/\/biblian.is\/videy\/wp-json\/wp\/v2\/types\/page"}],"author":[{"embeddable":true,"href":"https:\/\/biblian.is\/videy\/wp-json\/wp\/v2\/users\/1"}],"replies":[{"embeddable":true,"href":"https:\/\/biblian.is\/videy\/wp-json\/wp\/v2\/comments?post=21023"}],"version-history":[{"count":0,"href":"https:\/\/biblian.is\/videy\/wp-json\/wp\/v2\/pages\/21023\/revisions"}],"wp:attachment":[{"href":"https:\/\/biblian.is\/videy\/wp-json\/wp\/v2\/media?parent=21023"}],"curies":[{"name":"wp","href":"https:\/\/api.w.org\/{rel}","templated":true}]}}