{"id":21022,"date":"2018-01-02T00:59:56","date_gmt":"2018-01-02T00:59:56","guid":{"rendered":"http:\/\/biblian.is\/videy\/fimmta-mosebok-20-kafli\/"},"modified":"2018-01-02T00:59:56","modified_gmt":"2018-01-02T00:59:56","slug":"fimmta-mosebok-20-kafli","status":"publish","type":"page","link":"https:\/\/biblian.is\/videy\/fimmta-mosebok-20-kafli\/","title":{"rendered":"Fimmta M\u00f3seb\u00f3k 20. kafli"},"content":{"rendered":"<div class=\"fyrirsognVidey\">Herna\u00f0arreglur.<\/div>\n<p><a name=\"1\"><span class=\"versanumer\">1<\/span><\/a>\u00deegar \u00fe\u00fa leggur til orrustu vi\u00f0 \u00f3vini \u00fe\u00edna, og \u00fe\u00fa s\u00e9r a\u00f0 \u00fea\u00f0 f\u00f3lk hefir fleiri v\u00edghesta og vagna en \u00fe\u00fa, \u00fe\u00e1 skaltu ekki hr\u00e6\u00f0ast \u00fe\u00e1 a\u00f0 heldur, \u00fev\u00ed a\u00f0 s\u00e1 Drottinn \u00feinn Gu\u00f0, sem \u00fatleiddi \u00feig af Egyptalandi, er me\u00f0 \u00fe\u00e9r;<a name=\"2\"><span class=\"versanumer\">2<\/span><\/a>\u00feegar n\u00fa komi\u00f0 er a\u00f0 \u00fev\u00ed a\u00f0 bardagann skuli byrja, \u00fe\u00e1 skal presturinn gefa sig fram og tala svo til f\u00f3lksins, segjandi:<a name=\"3\"><span class=\"versanumer\">3<\/span><\/a>heyr \u00fe\u00fa \u00cdsrael! \u00ed dag eigi\u00f0 \u00fe\u00e9r a\u00f0 leggja til orrustu m\u00f3ti \u00f3vinum y\u00f0ar, l\u00e1ti\u00f0 eigi hugfallast, hr\u00e6\u00f0ist ekki, skelfist ekki, og kv\u00ed\u00f0i\u00f0 ekki fyrir \u00feeim; \u00fev\u00ed a\u00f0 Drottinn y\u00f0ar Gu\u00f0 gengur \u00e1 undan y\u00f0ur,<a name=\"4\"><span class=\"versanumer\">4<\/span><\/a>mun hann berjast fyrir y\u00f0ur vi\u00f0 \u00f3vini y\u00f0ar og frelsa y\u00f0ur.<br \/><a name=\"5\"><span class=\"versanumer\">5<\/span><\/a>Hersh\u00f6f\u00f0ingjarnir skulu einnig tala fyrir li\u00f0inu, segjandi: hv\u00f6r s\u00e1 ma\u00f0ur sem hefir byggt s\u00e9r n\u00fdtt h\u00fas, en hefir ekki v\u00edgt \u00fea\u00f0, \u00fe\u00e1 fari heim aftur, svo ekki falli hann \u00ed str\u00ed\u00f0inu, og ver\u00f0i svo annar til a\u00f0 v\u00edgja \u00fea\u00f0.<a name=\"6\"><span class=\"versanumer\">6<\/span><\/a>Hv\u00f6r sem planta\u00f0 hefir v\u00edngar\u00f0, og hefir ekki enn \u00fe\u00e1 haft neinn \u00e1g\u00f3\u00f0a af honum, sn\u00fai aftur heim til s\u00edn, svo hann falli ekki \u00ed bardaganum og einhv\u00f6r annar ver\u00f0i til a\u00f0 nj\u00f3ta \u00e1g\u00f3\u00f0ans af honum.<br \/><a name=\"7\"><span class=\"versanumer\">7<\/span><\/a>Hv\u00f6r sem hefir fastna\u00f0 s\u00e9r konu, og hefir ekki enn \u00fe\u00e1 teki\u00f0 saman vi\u00f0 hana, sn\u00fai heim til s\u00edn aftur, svo hann falli ekki \u00ed str\u00ed\u00f0inu, og einhv\u00f6r annar taki saman vi\u00f0 hana.<a name=\"8\"><span class=\"versanumer\">8<\/span><\/a>Ennfremur skulu hersh\u00f6f\u00f0ingjarnir tala til f\u00f3lksins og segja: hv\u00f6r ma\u00f0ur sem er hr\u00e6ddur og hugblau\u00f0ur, fari og sn\u00fai heim aftur, svo a\u00f0 hann gj\u00f6ri ei a\u00f0ra hr\u00e6dda af s\u00e9r.<br \/><a name=\"9\"><span class=\"versanumer\">9<\/span><\/a>En \u00feegar hersh\u00f6f\u00f0ingjarnir hafa loki\u00f0 \u00feessari r\u00e6\u00f0u til f\u00f3lksins skulu \u00feeir velja fyrirli\u00f0a hersins og setja \u00fe\u00e1 yfir li\u00f0i\u00f0. <br \/><a name=\"10\"><span class=\"versanumer\">10<\/span><\/a>\u00deegar \u00fe\u00fa r\u00e6\u00f0st a\u00f0 borg nokkurri, til a\u00f0 herja \u00e1 hana, \u00fe\u00e1 skalt\u00fa fyrst bj\u00f3\u00f0a \u00feeim gri\u00f0,<a name=\"11\"><span class=\"versanumer\">11<\/span><\/a>og ef \u00feeir veita fri\u00f0samleg andsv\u00f6r, og lj\u00faka upp fyrir \u00fe\u00e9r, \u00fe\u00e1 skal allur l\u00fd\u00f0urinn sem \u00fear finnst inni, vera \u00fe\u00e9r skattskyldur og undirgefinn.<a name=\"12\"><span class=\"versanumer\">12<\/span><\/a>En vilji \u00feeir ekki semja fri\u00f0 og leggi til orrustu vi\u00f0 \u00feig, \u00fe\u00e1 gj\u00f6r borginni ums\u00e1tur,<a name=\"13\"><span class=\"versanumer\">13<\/span><\/a>og ef Drottinn \u00feinn Gu\u00f0 gefur hana \u00ed hendur \u00fe\u00ednar, \u00fe\u00e1 skaltu me\u00f0 sver\u00f0seggjum \u00ed hel sl\u00e1 allt karlkyns sem \u00fear er inni.<a name=\"14\"><span class=\"versanumer\">14<\/span><\/a>En konur, b\u00f6rn og b\u00fasmala og s\u00e9rhva\u00f0 anna\u00f0 sem er \u00ed borginni, \u00fea\u00f0 er: allt herfang, m\u00e1ttu taka undir sj\u00e1lfan \u00feig, og \u00fe\u00fa m\u00e1tt \u00feannig neyta alls herfangs \u00f3vina \u00feinna, hv\u00f6rja Drottinn \u00feinn Gu\u00f0 hefir gefi\u00f0 \u00e1 \u00feitt vald.<a name=\"15\"><span class=\"versanumer\">15<\/span><\/a>\u00deannig \u00e1ttu a\u00f0 fara me\u00f0 allar borgir sem eru mj\u00f6g \u00ed fjarska vi\u00f0 \u00feig, og ekki eru af borgum \u00feessara \u00fej\u00f3\u00f0a,<a name=\"16\"><span class=\"versanumer\">16<\/span><\/a>en \u00ed borgum \u00feessara \u00fej\u00f3\u00f0a sem Drottinn \u00feinn Gu\u00f0 \u00e6tlar a\u00f0 gefa \u00fe\u00e9r til eignar, skaltu enga skepnu l\u00e1ta l\u00edfi halda,<a name=\"17\"><span class=\"versanumer\">17<\/span><\/a>skaltu \u00feeim \u00f6llum gj\u00f6rey\u00f0a, nefnilega: Het\u00edtum, Amor\u00edtum, Kanan\u00edtum, Feres\u00edtum, Hev\u00edtum, og Jeb\u00fas\u00edtum, eins og Drottinn \u00feinn Gu\u00f0 hefir \u00fe\u00e9r fyrirlagt,<a name=\"18\"><span class=\"versanumer\">18<\/span><\/a>svo \u00feeir ekki kenni y\u00f0ur a\u00f0 taka upp eftir s\u00e9r alla \u00fe\u00e1 sv\u00edvir\u00f0ilegu d\u00fdrkun, sem \u00feeir veita s\u00ednum go\u00f0um, og \u00fe\u00e9r ver\u00f0i\u00f0 \u00feannig sekir vi\u00f0 y\u00f0ar Gu\u00f0. <br \/><a name=\"19\"><span class=\"versanumer\">19<\/span><\/a>\u00deegar \u00fe\u00fa lengi m\u00e1tt liggja fyrir einhv\u00f6rri borg og herja \u00e1 hana til a\u00f0 n\u00e1 henni undir \u00feig, \u00fe\u00e1 skaltu ekki skemma hennar aldintr\u00e9 me\u00f0 \u00fev\u00ed a\u00f0 bera a\u00f0 \u00feeim exi, \u00fev\u00ed \u00fe\u00fa getur eti\u00f0 af \u00feeim aldinin, \u00feess vegna skaltu ekki uppr\u00e6ta \u00feau, \u00fev\u00ed hv\u00f6rt munu tr\u00e9 merkurinnar manneskjur, er taki sig upp \u00e1 m\u00f3ti \u00fe\u00e9r \u00ed ums\u00e1trinu?<a name=\"20\"><span class=\"versanumer\">20<\/span><\/a>En \u00feau tr\u00e9, sem \u00fe\u00fa veist ekki eru matartr\u00e9, \u00feau m\u00e1ttu skemma og uppr\u00e6ta og byggja af \u00feeim hervirki \u00e1 m\u00f3ti borginni sem \u00e1 \u00ed str\u00ed\u00f0inu vi\u00f0 \u00feig, \u00feanga\u00f0 til \u00fe\u00fa getur n\u00e1\u00f0 henni.<\/p>\n<div class=\"footnoteVidey\"><\/div>\n","protected":false},"excerpt":{"rendered":"<p>Herna\u00f0arreglur. 1\u00deegar \u00fe\u00fa leggur til orrustu vi\u00f0 \u00f3vini \u00fe\u00edna, og \u00fe\u00fa s\u00e9r a\u00f0 \u00fea\u00f0 f\u00f3lk hefir fleiri v\u00edghesta og vagna en \u00fe\u00fa, \u00fe\u00e1 skaltu ekki hr\u00e6\u00f0ast \u00fe\u00e1 a\u00f0 heldur, \u00fev\u00ed a\u00f0 s\u00e1 Drottinn \u00feinn Gu\u00f0, sem \u00fatleiddi \u00feig af Egyptalandi, er me\u00f0 \u00fe\u00e9r;2\u00feegar n\u00fa komi\u00f0 er a\u00f0 \u00fev\u00ed a\u00f0 bardagann skuli byrja, \u00fe\u00e1 skal presturinn gefa sig fram og tala svo til f\u00f3lksins, segjandi:3heyr \u00fe\u00fa \u00cdsrael! \u00ed dag eigi\u00f0 \u00fe\u00e9r a\u00f0 leggja til orrustu m\u00f3ti \u00f3vinum y\u00f0ar, l\u00e1ti\u00f0 eigi hugfallast, hr\u00e6\u00f0ist ekki, skelfist ekki, og kv\u00ed\u00f0i\u00f0 ekki fyrir \u00feeim; \u00fev\u00ed a\u00f0 Drottinn y\u00f0ar Gu\u00f0 gengur \u00e1 undan y\u00f0ur,4mun hann berjast <a href=\"https:\/\/biblian.is\/videy\/fimmta-mosebok-20-kafli\/\"> [&#8230;]<\/a><\/p>\n","protected":false},"author":1,"featured_media":0,"parent":0,"menu_order":0,"comment_status":"open","ping_status":"open","template":"bibliukaflar.php","meta":{"footnotes":""},"class_list":["post-21022","page","type-page","status-publish","hentry"],"_links":{"self":[{"href":"https:\/\/biblian.is\/videy\/wp-json\/wp\/v2\/pages\/21022","targetHints":{"allow":["GET"]}}],"collection":[{"href":"https:\/\/biblian.is\/videy\/wp-json\/wp\/v2\/pages"}],"about":[{"href":"https:\/\/biblian.is\/videy\/wp-json\/wp\/v2\/types\/page"}],"author":[{"embeddable":true,"href":"https:\/\/biblian.is\/videy\/wp-json\/wp\/v2\/users\/1"}],"replies":[{"embeddable":true,"href":"https:\/\/biblian.is\/videy\/wp-json\/wp\/v2\/comments?post=21022"}],"version-history":[{"count":0,"href":"https:\/\/biblian.is\/videy\/wp-json\/wp\/v2\/pages\/21022\/revisions"}],"wp:attachment":[{"href":"https:\/\/biblian.is\/videy\/wp-json\/wp\/v2\/media?parent=21022"}],"curies":[{"name":"wp","href":"https:\/\/api.w.org\/{rel}","templated":true}]}}