{"id":21021,"date":"2018-01-02T00:59:56","date_gmt":"2018-01-02T00:59:56","guid":{"rendered":"http:\/\/biblian.is\/videy\/fimmta-mosebok-19-kafli\/"},"modified":"2018-01-02T00:59:56","modified_gmt":"2018-01-02T00:59:56","slug":"fimmta-mosebok-19-kafli","status":"publish","type":"page","link":"https:\/\/biblian.is\/videy\/fimmta-mosebok-19-kafli\/","title":{"rendered":"Fimmta M\u00f3seb\u00f3k 19. kafli"},"content":{"rendered":"<div class=\"fyrirsognVidey\">Gri\u00f0asta\u00f0ir. Landamerki. Vottar.<\/div>\n<p><a name=\"1\"><span class=\"versanumer\">1<\/span><\/a>\u00deegar Drottinn \u00feinn Gu\u00f0 er b\u00fainn a\u00f0 afm\u00e1 \u00fe\u00e6r \u00fej\u00f3\u00f0ir, hv\u00f6rra l\u00f6nd hann \u00e6tlar a\u00f0 gefa \u00fe\u00e9r til eignar, og \u00fe\u00e1 \u00fe\u00e9r eru\u00f0 sestir a\u00f0 \u00ed borgum \u00feeirra og h\u00fasum,<a name=\"2\"><span class=\"versanumer\">2<\/span><\/a>\u00fe\u00e1 skaltu taka fr\u00e1 \u00ferj\u00e1r borgir \u00ed \u00fev\u00ed landinu sem Drottinn \u00feinn Gu\u00f0 mun gefa \u00fe\u00e9r til eignar.<a name=\"3\"><span class=\"versanumer\">3<\/span><\/a>\u00de\u00fa skalt l\u00e1ta grei\u00f0an veg liggja til \u00feeirra, og landinu sem Drottinn \u00feinn Gu\u00f0 gefur \u00fe\u00e9r, skaltu skipta \u00ed \u00ferj\u00e1 hluti, og skal hv\u00f6r sem mann hefur vegi\u00f0 mega fl\u00fdja \u00feanga\u00f0.<a name=\"4\"><span class=\"versanumer\">4<\/span><\/a>En s\u00e1 sem v\u00edg framdi, og \u00feanga\u00f0 fl\u00fd\u00f0i, m\u00e1 samt svo framarlega halda l\u00edfi, a\u00f0 hann v\u00f3g n\u00e1unga sinn \u00f3viljandi, og bar ekki hatur til hans a\u00f0 undanf\u00f6rnu,<a name=\"5\"><span class=\"versanumer\">5<\/span><\/a>til d\u00e6mis a\u00f0 taka: ef ma\u00f0ur fer me\u00f0 \u00f6\u00f0rum \u00ed sk\u00f3g til a\u00f0 h\u00f6ggva vi\u00f0, og hann rei\u00f0ir upp \u00f6xina til a\u00f0 h\u00f6ggva tr\u00e9\u00f0, en \u00f6xin hr\u00fdtur af skeftinu, og kemur \u00e1 n\u00e1unga hans, svo hann f\u00e6r af bana \u00fe\u00e1 m\u00e1 hann fl\u00fdja til einhv\u00f6rra \u00feessara borga, og for\u00f0a svo l\u00edfi s\u00ednu, svo a\u00f0 ekki veiti bl\u00f3\u00f0hegnaranum vegandanum eftirf\u00f6r,<a name=\"6\"><span class=\"versanumer\">6<\/span><\/a>me\u00f0an honum er heitast um hjartar\u00e6turnar, n\u00e1i honum ef vegur er langur, og sl\u00e1i s\u00ed\u00f0an \u00ed hel, \u00fe\u00f3 hann s\u00e9 ekki dau\u00f0asekur, \u00feegar hann bar ekkert hatur til mannsins a\u00f0 undanf\u00f6rnu.<a name=\"7\"><span class=\"versanumer\">7<\/span><\/a>\u00deess vegna b\u00fd\u00f0 eg \u00fe\u00e9r a\u00f0 \u00fe\u00fa takir \u00feessar \u00ferj\u00e1r borgir fr\u00e1.<br \/><a name=\"8\"><span class=\"versanumer\">8<\/span><\/a>En ef Drottinn \u00feinn Gu\u00f0 f\u00e6rir \u00fat landamerki \u00fe\u00edn, eins og hann hefir svari\u00f0 forfe\u00f0rum \u00fe\u00ednum, og gefur \u00fe\u00e9r allt \u00fea\u00f0 land sem hann lofa\u00f0i \u00feeim.<a name=\"9\"><span class=\"versanumer\">9<\/span><\/a>Me\u00f0 \u00fev\u00ed skilyr\u00f0i \u00fe\u00fa h\u00e9ldir \u00f6ll \u00feessi bo\u00f0or\u00f0, og breyttir eftir \u00fev\u00ed sem eg n\u00fa legg fyrir \u00feig, sem er: a\u00f0 \u00fe\u00fa elskir Drottin \u00feinn Gu\u00f0 og gangir \u00e1 hans vegum alla \u00fe\u00edna \u00e6vi, \u00fe\u00e1 skaltu enn b\u00e6ta \u00ferem borgum vi\u00f0 \u00feessar \u00ferj\u00e1r,<a name=\"10\"><span class=\"versanumer\">10<\/span><\/a>svo ekki ver\u00f0i \u00fathellt saklausu bl\u00f3\u00f0i \u00ed \u00fev\u00ed landi sem Drottinn \u00feinn Gu\u00f0 gefur \u00fe\u00e9r, n\u00e9 ver\u00f0ir \u00fe\u00fa sekur \u00ed sl\u00edku bl\u00f3\u00f0i.<a name=\"11\"><span class=\"versanumer\">11<\/span><\/a>En ef nokkur hefir heift \u00e1 \u00f6\u00f0rum, og situr um hann, veitist s\u00ed\u00f0an a\u00f0 honum, og sl\u00e6r til bana, og sn\u00fdr s\u00ed\u00f0an til einhv\u00f6rra \u00feessara borga,<a name=\"12\"><span class=\"versanumer\">12<\/span><\/a>\u00fe\u00e1 skulu \u00f6ldungarnir \u00ed sta\u00f0num \u00fear sem hann \u00e1tti heima, senda \u00feanga\u00f0, og l\u00e1ta hafa hann \u00ed burtu \u00fea\u00f0an, og selja \u00ed hendur bl\u00f3\u00f0hegnaranum, til l\u00edfl\u00e1ts,<a name=\"13\"><span class=\"versanumer\">13<\/span><\/a>\u00fe\u00edn augu skulu ekki sj\u00e1 aumur \u00e1 honum, \u00fe\u00fa skalt hreinsa \u00cdsrael af saklausra manna bl\u00f3\u00f0i, svo \u00fe\u00e9r geti gengi\u00f0 vel.<br \/><a name=\"14\"><span class=\"versanumer\">14<\/span><\/a>\u00de\u00fa skalt ekki f\u00e6ra saman landamerki n\u00e1unga \u00fe\u00edns, \u00feau sem eldri menn hafa tilsett \u00ed \u00fev\u00ed erf\u00f0alandi sem Drottinn \u00feinn Gu\u00f0 mun gefa \u00fe\u00e9r til eignar.<br \/><a name=\"15\"><span class=\"versanumer\">15<\/span><\/a>Ekki skal eitt vitni gilda \u00e1 m\u00f3ti nokkrum \u00ed neins konar misgj\u00f6rningi e\u00f0ur gl\u00e6p sem einhv\u00f6rjum kann a\u00f0 ver\u00f0a, heldur skal \u00fev\u00ed a\u00f0eins gildur frambur\u00f0ur a\u00f0 tv\u00f6 e\u00f0ur \u00ferj\u00fa vitni beri.<br \/><a name=\"16\"><span class=\"versanumer\">16<\/span><\/a>En r\u00edsi lj\u00fagvottur m\u00f3ti einhv\u00f6rjum og beri \u00e1 hann illvirki,<a name=\"17\"><span class=\"versanumer\">17<\/span><\/a>\u00fe\u00e1 skulu \u00feeir b\u00e1\u00f0ir, sem k\u00e6rum\u00e1li\u00f0 eiga saman, m\u00e6ta fyrir Drottni, frammi fyrir prestunum og d\u00f3murunum, sem \u00fe\u00e1 eru \u00ed \u00feann t\u00edma; skulu d\u00f3mararnir innvir\u00f0ulega rannsaka m\u00e1li\u00f0, og ef \u00fe\u00e1 reynist a\u00f0 hann hafi bori\u00f0 falskan vitnisbur\u00f0 m\u00f3ti s\u00ednum br\u00f3\u00f0ur,<a name=\"18\"><span class=\"versanumer\">18<\/span><\/a>\u00fe\u00e1 skulu \u00feeir gj\u00f6ra svo vi\u00f0 hann, sem hann haf\u00f0i hugsa\u00f0 a\u00f0 gj\u00f6ra vi\u00f0 br\u00f3\u00f0ur sinn, og losi\u00f0 y\u00f0ur \u00feannig vi\u00f0 \u00feann vonda, svo \u00feeir ver\u00f0i skelka\u00f0ir sem heyra \u00feetta,<a name=\"19\"><span class=\"versanumer\">19<\/span><\/a>og h\u00e6tti eftir \u00fea\u00f0 a\u00f0 fremja sl\u00edk illvirki y\u00f0ar \u00e1 me\u00f0al,<a name=\"20\"><span class=\"versanumer\">20<\/span><\/a>\u00feitt auga sj\u00e1i ekki aumur \u00e1 honum, l\u00edf komi fyrir l\u00edf, auga fyrir auga, t\u00f6nn fyrir t\u00f6nn, h\u00f6nd fyrir h\u00f6nd, f\u00f3tur fyrir f\u00f3t.<\/p>\n<div class=\"footnoteVidey\"><\/div>\n","protected":false},"excerpt":{"rendered":"<p>Gri\u00f0asta\u00f0ir. Landamerki. Vottar. 1\u00deegar Drottinn \u00feinn Gu\u00f0 er b\u00fainn a\u00f0 afm\u00e1 \u00fe\u00e6r \u00fej\u00f3\u00f0ir, hv\u00f6rra l\u00f6nd hann \u00e6tlar a\u00f0 gefa \u00fe\u00e9r til eignar, og \u00fe\u00e1 \u00fe\u00e9r eru\u00f0 sestir a\u00f0 \u00ed borgum \u00feeirra og h\u00fasum,2\u00fe\u00e1 skaltu taka fr\u00e1 \u00ferj\u00e1r borgir \u00ed \u00fev\u00ed landinu sem Drottinn \u00feinn Gu\u00f0 mun gefa \u00fe\u00e9r til eignar.3\u00de\u00fa skalt l\u00e1ta grei\u00f0an veg liggja til \u00feeirra, og landinu sem Drottinn \u00feinn Gu\u00f0 gefur \u00fe\u00e9r, skaltu skipta \u00ed \u00ferj\u00e1 hluti, og skal hv\u00f6r sem mann hefur vegi\u00f0 mega fl\u00fdja \u00feanga\u00f0.4En s\u00e1 sem v\u00edg framdi, og \u00feanga\u00f0 fl\u00fd\u00f0i, m\u00e1 samt svo framarlega halda l\u00edfi, a\u00f0 hann v\u00f3g n\u00e1unga sinn \u00f3viljandi, og <a href=\"https:\/\/biblian.is\/videy\/fimmta-mosebok-19-kafli\/\"> [&#8230;]<\/a><\/p>\n","protected":false},"author":1,"featured_media":0,"parent":0,"menu_order":0,"comment_status":"open","ping_status":"open","template":"bibliukaflar.php","meta":{"footnotes":""},"class_list":["post-21021","page","type-page","status-publish","hentry"],"_links":{"self":[{"href":"https:\/\/biblian.is\/videy\/wp-json\/wp\/v2\/pages\/21021","targetHints":{"allow":["GET"]}}],"collection":[{"href":"https:\/\/biblian.is\/videy\/wp-json\/wp\/v2\/pages"}],"about":[{"href":"https:\/\/biblian.is\/videy\/wp-json\/wp\/v2\/types\/page"}],"author":[{"embeddable":true,"href":"https:\/\/biblian.is\/videy\/wp-json\/wp\/v2\/users\/1"}],"replies":[{"embeddable":true,"href":"https:\/\/biblian.is\/videy\/wp-json\/wp\/v2\/comments?post=21021"}],"version-history":[{"count":0,"href":"https:\/\/biblian.is\/videy\/wp-json\/wp\/v2\/pages\/21021\/revisions"}],"wp:attachment":[{"href":"https:\/\/biblian.is\/videy\/wp-json\/wp\/v2\/media?parent=21021"}],"curies":[{"name":"wp","href":"https:\/\/api.w.org\/{rel}","templated":true}]}}