{"id":21020,"date":"2018-01-02T00:59:56","date_gmt":"2018-01-02T00:59:56","guid":{"rendered":"http:\/\/biblian.is\/videy\/fimmta-mosebok-18-kafli\/"},"modified":"2018-01-02T00:59:56","modified_gmt":"2018-01-02T00:59:56","slug":"fimmta-mosebok-18-kafli","status":"publish","type":"page","link":"https:\/\/biblian.is\/videy\/fimmta-mosebok-18-kafli\/","title":{"rendered":"Fimmta M\u00f3seb\u00f3k 18. kafli"},"content":{"rendered":"<div class=\"fyrirsognVidey\">Um presta, Lev\u00edta og sp\u00e1menn.<\/div>\n<p><a name=\"1\"><span class=\"versanumer\">1<\/span><\/a>Prestarnir og Lev\u00edtarnir og allur Lev\u00ed kyn\u00fe\u00e1ttur skulu \u00f6ngva hlutdeild e\u00f0ur eigind\u00f3m hafa me\u00f0 \u00cdsrael\u00edtum, \u00fev\u00ed \u00feeir skulu lifa \u00e1 f\u00f3rnum Drottins og hans eigind\u00f3mi,<a name=\"2\"><span class=\"versanumer\">2<\/span><\/a>\u00feeir skulu \u00fev\u00ed enga hlutdeild hafa me\u00f0al br\u00e6\u00f0ra sinna, \u00fev\u00ed a\u00f0 Drottinn er \u00feeirra arfleif\u00f0, eins og hann hefir \u00feeim heiti\u00f0.<a name=\"3\"><span class=\"versanumer\">3<\/span><\/a>En prestarnir skulu hafa \u00feenna r\u00e9tt af f\u00f3lkinu: a\u00f0 hv\u00f6r ma\u00f0ur sem offrar, hv\u00f6rt heldur uxa e\u00f0ur sau\u00f0, \u00fe\u00e1 skal gefa prestinum b\u00f3ginn, b\u00e1\u00f0a kjammana og lakann;<a name=\"4\"><span class=\"versanumer\">4<\/span><\/a>s\u00f6mulei\u00f0is fyrsta gr\u00f3\u00f0ann af \u00fe\u00ednu korni, v\u00edni og vi\u00f0smj\u00f6ri, og \u00fe\u00e1 fyrstu ullina sem \u00fe\u00fa tekur af \u00fe\u00ednu sau\u00f0f\u00e9,<a name=\"5\"><span class=\"versanumer\">5<\/span><\/a>\u00fev\u00ed a\u00f0 Drottinn \u00feinn Gu\u00f0 hefir \u00fatvali\u00f0 hann af \u00f6llum \u00fe\u00ednum kynkv\u00edslum til \u00feess a\u00f0 hann og synir hans alla t\u00edma standi og \u00fej\u00f3ni \u00ed nafni Drottins.<a name=\"6\"><span class=\"versanumer\">6<\/span><\/a>Ef Lev\u00edtinn kemur \u00fat af einhv\u00f6rri \u00feinni borg \u00ed \u00cdsrael, hvar hann ekki haf\u00f0i fast heimili, og kemur af eigin f\u00fdsn til \u00feess sta\u00f0ar sem Drottinn hefir \u00fatvali\u00f0, \u00fe\u00e1 skal hann \u00fej\u00f3na \u00ed nafni Drottins s\u00edns Gu\u00f0s,<a name=\"7\"><span class=\"versanumer\">7<\/span><\/a>eins og allir Lev\u00edtar, hans br\u00e6\u00f0ur gj\u00f6ra, sem \u00fe\u00e1 standa \u00fear fyrir Drottni.<a name=\"8\"><span class=\"versanumer\">8<\/span><\/a>Hann skal hafa jafna hlutdeild matarins, a\u00f0 \u00fev\u00ed fr\u00e1teknu sem hann \u00e1 af seldri f\u00f6\u00f0urleif\u00f0 sinni.<br \/><a name=\"9\"><span class=\"versanumer\">9<\/span><\/a>\u00deegar \u00fe\u00fa ert kominn inn \u00ed \u00fea\u00f0 landi\u00f0, sem Drottinn \u00feinn Gu\u00f0 mun gefa, \u00fe\u00e9r \u00fe\u00e1 skaltu ekki taka upp sv\u00edvir\u00f0ingar \u00feess f\u00f3lks,<a name=\"10\"><span class=\"versanumer\">10<\/span><\/a>svo a\u00f0 enginn finnist hj\u00e1 \u00fe\u00e9r sem l\u00e1ti son sinn e\u00f0a d\u00f3ttur va\u00f0a b\u00e1l <span class='VideyAth'>*)<\/span>, enginn sem fer me\u00f0 sp\u00e1d\u00f3ma e\u00f0ur er dagveljari, ellegar tekur mark \u00e1 fuglakvaki,<a name=\"11\"><span class=\"versanumer\">11<\/span><\/a>e\u00f0ur galdrama\u00f0ur e\u00f0a s\u00e6ringama\u00f0ur, e\u00f0ur sp\u00e1sagnarma\u00f0ur, e\u00f0a teikna\u00fatleggjari, e\u00f0ur nokkur sem leitar fr\u00e9tta af framli\u00f0num,<a name=\"12\"><span class=\"versanumer\">12<\/span><\/a>\u00fev\u00ed hv\u00f6r sem \u00fev\u00edl\u00edkt a\u00f0hefst er Drottni andstyggilegur, og fyrir sl\u00edkar sv\u00edvir\u00f0ingar rak Drottinn \u00feinn Gu\u00f0 \u00feessar \u00fej\u00f3\u00f0ir \u00ed burtu fyrir \u00fe\u00e9r,<a name=\"13\"><span class=\"versanumer\">13<\/span><\/a>en \u00fe\u00fa skalt vera algj\u00f6r fyrir Drottni \u00fe\u00ednum Gu\u00f0i.<a name=\"14\"><span class=\"versanumer\">14<\/span><\/a>\u00deessar \u00fej\u00f3\u00f0ir, sem \u00fe\u00fa munt leggja undir \u00feig, hl\u00fd\u00f0a dagveljurum og sp\u00e1sagnarm\u00f6nnum, en \u00feetta l\u00ed\u00f0ur Drottinn \u00feinn Gu\u00f0 \u00fe\u00e9r ekki;<a name=\"15\"><span class=\"versanumer\">15<\/span><\/a>Drottinn \u00feinn Gu\u00f0 mun uppvekja \u00fe\u00e9r sp\u00e1mann, kominn af \u00fe\u00ednu f\u00f3lki, l\u00edkan m\u00e9r, honum skulu\u00f0 \u00fe\u00e9r gegna, eins og \u00fe\u00fa ba\u00f0st Drottin \u00feinn Gu\u00f0 \u00e1 H\u00f3reb,<a name=\"16\"><span class=\"versanumer\">16<\/span><\/a>\u00e1 \u00feeim degi sem v\u00e9r vorum \u00fear samankomnir og \u00fe\u00fa sag\u00f0ir: eigi vildi eg lengur \u00feurfa a\u00f0 heyra raustina Drottins m\u00edns Gu\u00f0s, e\u00f0a oftar a\u00f0 sj\u00e1 \u00feann mikla eldinn, svo eg deyi ekki,<a name=\"17\"><span class=\"versanumer\">17<\/span><\/a>\u00fe\u00e1 sag\u00f0i Drottinn vi\u00f0 mig: vel farast \u00feeim or\u00f0.<a name=\"18\"><span class=\"versanumer\">18<\/span><\/a>Eg vil uppvekja \u00feeim sp\u00e1mann af l\u00f6ndum \u00feeirra, l\u00edkan \u00fe\u00e9r, og eg vil leggja honum or\u00f0 \u00ed munn, hann skal segja \u00feeim allt sem eg b\u00fd\u00f0 honum,<a name=\"19\"><span class=\"versanumer\">19<\/span><\/a>og hv\u00f6r sem ekki gegnir or\u00f0um m\u00ednum, \u00feeim er hann mun flytja \u00ed m\u00ednu nafni, s\u00e1 skal sj\u00e1lfan sig fyrirhitta.<br \/><a name=\"20\"><span class=\"versanumer\">20<\/span><\/a>Ef einhv\u00f6r sp\u00e1ma\u00f0ur dirfist a\u00f0 tala \u00ed m\u00ednu nafni \u00fea\u00f0 eitthva\u00f0 sem eg ekki lag\u00f0i fyrir hann, e\u00f0a sem sp\u00e1ir \u00ed annarlegra gu\u00f0a nafni, s\u00e1 sp\u00e1ma\u00f0ur skal deyja.<br \/><a name=\"21\"><span class=\"versanumer\">21<\/span><\/a>En skyldir \u00fe\u00fa hugsa me\u00f0 sj\u00e1lfum \u00fe\u00e9r, hv\u00f6rnig get eg \u00feekkt \u00far \u00feau or\u00f0in sem Drottinn hafi ekki tala\u00f0?<a name=\"22\"><span class=\"versanumer\">22<\/span><\/a><span class='VideyAth'>(\u00de\u00e1 vit)<\/span> a\u00f0 \u00feegar sp\u00e1ma\u00f0urinn talar \u00ed nafni Drottins, og \u00fea\u00f0 r\u00e6tist ekki e\u00f0a kemur ekki fram, \u00fe\u00e1 hefir Drottinn ekki m\u00e6lt \u00feeim or\u00f0um heldur hefir sp\u00e1ma\u00f0urinn tala\u00f0 sl\u00edkt af \u00f3skammfeilni sinni; \u00fe\u00fa \u00fearft ekki a\u00f0 hr\u00e6\u00f0ast hann.<\/p>\n<div class=\"footnoteVidey\">*) Eins og hei\u00f0ingjar, sem M\u00f3lok til \u00e6ru l\u00e9tu b\u00f6rn s\u00edn ganga gegnum eld \u00fear til \u00feau d\u00f3u.<\/div>\n","protected":false},"excerpt":{"rendered":"<p>Um presta, Lev\u00edta og sp\u00e1menn. 1Prestarnir og Lev\u00edtarnir og allur Lev\u00ed kyn\u00fe\u00e1ttur skulu \u00f6ngva hlutdeild e\u00f0ur eigind\u00f3m hafa me\u00f0 \u00cdsrael\u00edtum, \u00fev\u00ed \u00feeir skulu lifa \u00e1 f\u00f3rnum Drottins og hans eigind\u00f3mi,2\u00feeir skulu \u00fev\u00ed enga hlutdeild hafa me\u00f0al br\u00e6\u00f0ra sinna, \u00fev\u00ed a\u00f0 Drottinn er \u00feeirra arfleif\u00f0, eins og hann hefir \u00feeim heiti\u00f0.3En prestarnir skulu hafa \u00feenna r\u00e9tt af f\u00f3lkinu: a\u00f0 hv\u00f6r ma\u00f0ur sem offrar, hv\u00f6rt heldur uxa e\u00f0ur sau\u00f0, \u00fe\u00e1 skal gefa prestinum b\u00f3ginn, b\u00e1\u00f0a kjammana og lakann;4s\u00f6mulei\u00f0is fyrsta gr\u00f3\u00f0ann af \u00fe\u00ednu korni, v\u00edni og vi\u00f0smj\u00f6ri, og \u00fe\u00e1 fyrstu ullina sem \u00fe\u00fa tekur af \u00fe\u00ednu sau\u00f0f\u00e9,5\u00fev\u00ed a\u00f0 Drottinn \u00feinn Gu\u00f0 hefir \u00fatvali\u00f0 <a href=\"https:\/\/biblian.is\/videy\/fimmta-mosebok-18-kafli\/\"> [&#8230;]<\/a><\/p>\n","protected":false},"author":1,"featured_media":0,"parent":0,"menu_order":0,"comment_status":"open","ping_status":"open","template":"bibliukaflar.php","meta":{"footnotes":""},"class_list":["post-21020","page","type-page","status-publish","hentry"],"_links":{"self":[{"href":"https:\/\/biblian.is\/videy\/wp-json\/wp\/v2\/pages\/21020","targetHints":{"allow":["GET"]}}],"collection":[{"href":"https:\/\/biblian.is\/videy\/wp-json\/wp\/v2\/pages"}],"about":[{"href":"https:\/\/biblian.is\/videy\/wp-json\/wp\/v2\/types\/page"}],"author":[{"embeddable":true,"href":"https:\/\/biblian.is\/videy\/wp-json\/wp\/v2\/users\/1"}],"replies":[{"embeddable":true,"href":"https:\/\/biblian.is\/videy\/wp-json\/wp\/v2\/comments?post=21020"}],"version-history":[{"count":0,"href":"https:\/\/biblian.is\/videy\/wp-json\/wp\/v2\/pages\/21020\/revisions"}],"wp:attachment":[{"href":"https:\/\/biblian.is\/videy\/wp-json\/wp\/v2\/media?parent=21020"}],"curies":[{"name":"wp","href":"https:\/\/api.w.org\/{rel}","templated":true}]}}