{"id":21019,"date":"2018-01-02T00:59:56","date_gmt":"2018-01-02T00:59:56","guid":{"rendered":"http:\/\/biblian.is\/videy\/fimmta-mosebok-17-kafli\/"},"modified":"2018-01-02T00:59:56","modified_gmt":"2018-01-02T00:59:56","slug":"fimmta-mosebok-17-kafli","status":"publish","type":"page","link":"https:\/\/biblian.is\/videy\/fimmta-mosebok-17-kafli\/","title":{"rendered":"Fimmta M\u00f3seb\u00f3k 17. kafli"},"content":{"rendered":"<div class=\"fyrirsognVidey\">Um offur, afgu\u00f0ad\u00fdrkun og hv\u00f6rnig k\u00f3ng skal velja.<\/div>\n<p><a name=\"1\"><span class=\"versanumer\">1<\/span><\/a>\u00de\u00fa skalt ekki offra Drottni \u00fe\u00ednum Gu\u00f0i nokkru \u00fev\u00ed, nauti e\u00f0a sau\u00f0, sem hefur nokkur l\u00fdti e\u00f0ur galla \u00e1 s\u00e9r, \u00fev\u00ed \u00fea\u00f0 er vi\u00f0urstygg\u00f0 Drottni Gu\u00f0i \u00fe\u00ednum,<a name=\"2\"><span class=\"versanumer\">2<\/span><\/a>\u00feegar fundinn ver\u00f0ur nokkur ma\u00f0ur, karl e\u00f0a kona, innan \u00feeirra sta\u00f0a sem Drottinn \u00feinn Gu\u00f0 mun gefa \u00fe\u00e9r, s\u00e1 e\u00f0 breytir svo illa \u00ed augum Drottins \u00fe\u00edns Gu\u00f0s, a\u00f0 hann tra\u00f0kar hans s\u00e1ttm\u00e1la og gefur sig til a\u00f0 \u00fej\u00f3na annarlegum gu\u00f0um og tilbi\u00f0ur \u00fe\u00e1,<a name=\"3\"><span class=\"versanumer\">3<\/span><\/a>hv\u00f6rt sem \u00fea\u00f0 er s\u00f3lin, tungli\u00f0, e\u00f0a nokku\u00f0 anna\u00f0 af himinsins herskara, sem eg haf\u00f0i ekki bo\u00f0i\u00f0,<a name=\"4\"><span class=\"versanumer\">4<\/span><\/a>og ver\u00f0i \u00fe\u00e9r sagt fr\u00e1 \u00feessu, og \u00fe\u00fa komist a\u00f0 \u00fev\u00ed, skaltu vandlega halda spurn eftir sl\u00edku, og ef \u00fe\u00fa ver\u00f0ur \u00feess var a\u00f0 sl\u00edk sv\u00edvir\u00f0ing er vissulega framin \u00ed \u00cdsrael,<a name=\"5\"><span class=\"versanumer\">5<\/span><\/a>\u00fe\u00e1 skaltu l\u00e1ta \u00feann kall e\u00f0a konu, sem frami\u00f0 hefir sl\u00edkt \u00f3d\u00e6\u00f0i, lei\u00f0a \u00fat af borgarhli\u00f0unum og lemja \u00fear me\u00f0 grj\u00f3ti til heljar. <br \/><a name=\"6\"><span class=\"versanumer\">6<\/span><\/a>Eftir tveggja e\u00f0ur \u00feriggja vitnisbur\u00f0i skal s\u00e1 deyja, sem fyrir dau\u00f0as\u00f6k er haf\u00f0ur, en enginn skal l\u00edfi\u00f0 missa fyrir eins manns frambur\u00f0,<a name=\"7\"><span class=\"versanumer\">7<\/span><\/a>h\u00f6nd vitnanna skal vera s\u00fa fyrsta til a\u00f0 vega a\u00f0 honum, og s\u00ed\u00f0an h\u00f6nd alls l\u00fd\u00f0sins, \u00feannig \u00e1ttu a\u00f0 skilja vi\u00f0 \u00feig \u00feann vonda. <br \/><a name=\"8\"><span class=\"versanumer\">8<\/span><\/a>En ef eitthv\u00f6rt m\u00e1lefni kemur fyrir, sem \u00fe\u00e9r er ofvaxi\u00f0 a\u00f0 d\u00e6ma \u00ed, svo sem manndr\u00e1psm\u00e1l, r\u00e9ttarm\u00e1l, skemmdarm\u00e1l e\u00f0a hva\u00f0 anna\u00f0 m\u00e1lefni sem uppkemur \u00ed borgum \u00fe\u00ednum, \u00fe\u00e1 skaltu breg\u00f0a vi\u00f0 og fara til \u00feess sta\u00f0ar sem Drottinn \u00feinn Gu\u00f0 valdi;<a name=\"9\"><span class=\"versanumer\">9<\/span><\/a>skaltu \u00fear ganga fyrir prestana og Lev\u00edtana, og \u00feann d\u00f3mara sem \u00fe\u00e1 er, \u00fe\u00e1 skaltu spyrja og munu \u00feeir segja \u00fe\u00e9r d\u00f3minn,<a name=\"10\"><span class=\"versanumer\">10<\/span><\/a>og skaltu fylgja \u00fev\u00ed atkv\u00e6\u00f0i sem \u00feeir gefa \u00fe\u00e9r \u00e1 \u00feeim sta\u00f0 sem Drottinn hefir vali\u00f0 s\u00e9r, og \u00fe\u00fa skalt \u00feess g\u00e6ta, a\u00f0 gj\u00f6ra allt eins og \u00feeir hafa fyrir \u00feig lagt.<a name=\"11\"><span class=\"versanumer\">11<\/span><\/a>Eftir \u00fev\u00ed l\u00f6gm\u00e1li sem \u00feeir kenna \u00fe\u00e9r, og eftir \u00fev\u00ed d\u00f3msatkv\u00e6\u00f0i sem \u00feeir segja \u00fe\u00e9r, skaltu \u00feannig breyta a\u00f0 ei s\u00e9 afviki\u00f0, hv\u00f6rki til h\u00e6gri n\u00e9 vinstri.<a name=\"12\"><span class=\"versanumer\">12<\/span><\/a>En ef nokkur ma\u00f0ur er svo b\u00edr\u00e6finn, a\u00f0 hann vill ekki hl\u00fd\u00f0a prestinum, sem stendur \u00fear \u00ed emb\u00e6tti Drottins \u00fe\u00edns Gu\u00f0s, e\u00f0ur d\u00f3maranum, s\u00e1 skal deyja, og \u00fe\u00e9r skulu\u00f0 taka \u00feann vonda \u00far \u00cdsrael,<a name=\"13\"><span class=\"versanumer\">13<\/span><\/a>svo a\u00f0 almenningur ver\u00f0i hr\u00e6ddur, \u00feegar hann heyrir \u00feetta, og komi ei framar upp \u00e1 sl\u00edka ofdirfsku. <br \/><a name=\"14\"><span class=\"versanumer\">14<\/span><\/a>\u00deegar \u00fe\u00fa kemur inn \u00ed \u00fea\u00f0 landi\u00f0, sem Drottinn \u00feinn Gu\u00f0 mun gefa \u00fe\u00e9r, og ert sestur \u00fear a\u00f0 eign \u00feinni, og segir: Eg vil setja k\u00f3ng yfir mig, eins og allar a\u00f0rar \u00fej\u00f3\u00f0ir sem eru \u00ed kringum mig,<a name=\"15\"><span class=\"versanumer\">15<\/span><\/a>\u00fe\u00e1 skaltu setja \u00feann til k\u00f3ngs yfir \u00feig, sem Drottinn \u00feinn Gu\u00f0 mun \u00fatvelja, en einhv\u00f6rn af br\u00e6\u00f0rum \u00fe\u00ednum ver\u00f0ur \u00fe\u00fa a\u00f0 setja til k\u00f3ngs yfir \u00feig, \u00fev\u00ed \u00fe\u00fa m\u00e1tt ekki \u00fear til setja neinn \u00fatlending, sem ekki er \u00feinn br\u00f3\u00f0ir,<a name=\"16\"><span class=\"versanumer\">16<\/span><\/a>en ekki m\u00e1 hann ala marga v\u00edghesta, og ekki m\u00e1 hann, \u00fe\u00f3 hann hafi marga hesta, lei\u00f0a f\u00f3lki\u00f0 aftur \u00ed Egyptaland, af \u00fev\u00ed Drottinn hefir sagt y\u00f0ur, a\u00f0 \u00fe\u00e9r skulu\u00f0 ekki h\u00e9\u00f0an \u00ed fr\u00e1 fara um \u00feenna veg \u00feanga\u00f0 aftur.<a name=\"17\"><span class=\"versanumer\">17<\/span><\/a>Hann m\u00e1 ei heldur festa s\u00e9r margar konur, svo hann falli ekki fr\u00e1 Drottni, ekki m\u00e1 hann heldur draga saman miki\u00f0 gull og silfur;<a name=\"18\"><span class=\"versanumer\">18<\/span><\/a>\u00feegar hann n\u00fa er sestur \u00ed h\u00e1s\u00e6ti k\u00f3ngd\u00f3msins, \u00fe\u00e1 skal hann f\u00e1 \u00feetta l\u00f6gm\u00e1l hj\u00e1 prestunum og Lev\u00edtunum, og l\u00e1ta skrifa \u00fea\u00f0 s\u00e9r \u00ed b\u00f3k;<a name=\"19\"><span class=\"versanumer\">19<\/span><\/a>h\u00fan skal vera hj\u00e1 honum, og hann skal lesa \u00ed henni alla s\u00edna \u00e6vi, svo hann geti l\u00e6rt a\u00f0 \u00f3ttast Drottin sinn Gu\u00f0, a\u00f0 hl\u00fd\u00f0a \u00feessu l\u00f6gm\u00e1li og halda vi\u00f0 \u00feessa setninga.<a name=\"20\"><span class=\"versanumer\">20<\/span><\/a>Hann skal ekki metnast \u00ed hjarta s\u00ednu yfir s\u00edna br\u00e6\u00f0ur, og ekki v\u00edkja fr\u00e1 bo\u00f0or\u00f0unum, hv\u00f6rki til h\u00e6gri n\u00e9 vinstri, svo hann megi ver\u00f0a langg\u00e6fur \u00ed k\u00f3ngsstj\u00f3rninni, b\u00e6\u00f0i sj\u00e1lfur hann og b\u00f6rn hans \u00ed \u00cdsrael.<\/p>\n<div class=\"footnoteVidey\"><\/div>\n","protected":false},"excerpt":{"rendered":"<p>Um offur, afgu\u00f0ad\u00fdrkun og hv\u00f6rnig k\u00f3ng skal velja. 1\u00de\u00fa skalt ekki offra Drottni \u00fe\u00ednum Gu\u00f0i nokkru \u00fev\u00ed, nauti e\u00f0a sau\u00f0, sem hefur nokkur l\u00fdti e\u00f0ur galla \u00e1 s\u00e9r, \u00fev\u00ed \u00fea\u00f0 er vi\u00f0urstygg\u00f0 Drottni Gu\u00f0i \u00fe\u00ednum,2\u00feegar fundinn ver\u00f0ur nokkur ma\u00f0ur, karl e\u00f0a kona, innan \u00feeirra sta\u00f0a sem Drottinn \u00feinn Gu\u00f0 mun gefa \u00fe\u00e9r, s\u00e1 e\u00f0 breytir svo illa \u00ed augum Drottins \u00fe\u00edns Gu\u00f0s, a\u00f0 hann tra\u00f0kar hans s\u00e1ttm\u00e1la og gefur sig til a\u00f0 \u00fej\u00f3na annarlegum gu\u00f0um og tilbi\u00f0ur \u00fe\u00e1,3hv\u00f6rt sem \u00fea\u00f0 er s\u00f3lin, tungli\u00f0, e\u00f0a nokku\u00f0 anna\u00f0 af himinsins herskara, sem eg haf\u00f0i ekki bo\u00f0i\u00f0,4og ver\u00f0i \u00fe\u00e9r sagt fr\u00e1 \u00feessu, og <a href=\"https:\/\/biblian.is\/videy\/fimmta-mosebok-17-kafli\/\"> [&#8230;]<\/a><\/p>\n","protected":false},"author":1,"featured_media":0,"parent":0,"menu_order":0,"comment_status":"open","ping_status":"open","template":"bibliukaflar.php","meta":{"footnotes":""},"class_list":["post-21019","page","type-page","status-publish","hentry"],"_links":{"self":[{"href":"https:\/\/biblian.is\/videy\/wp-json\/wp\/v2\/pages\/21019","targetHints":{"allow":["GET"]}}],"collection":[{"href":"https:\/\/biblian.is\/videy\/wp-json\/wp\/v2\/pages"}],"about":[{"href":"https:\/\/biblian.is\/videy\/wp-json\/wp\/v2\/types\/page"}],"author":[{"embeddable":true,"href":"https:\/\/biblian.is\/videy\/wp-json\/wp\/v2\/users\/1"}],"replies":[{"embeddable":true,"href":"https:\/\/biblian.is\/videy\/wp-json\/wp\/v2\/comments?post=21019"}],"version-history":[{"count":0,"href":"https:\/\/biblian.is\/videy\/wp-json\/wp\/v2\/pages\/21019\/revisions"}],"wp:attachment":[{"href":"https:\/\/biblian.is\/videy\/wp-json\/wp\/v2\/media?parent=21019"}],"curies":[{"name":"wp","href":"https:\/\/api.w.org\/{rel}","templated":true}]}}