{"id":21018,"date":"2018-01-02T00:59:56","date_gmt":"2018-01-02T00:59:56","guid":{"rendered":"http:\/\/biblian.is\/videy\/fimmta-mosebok-16-kafli\/"},"modified":"2018-01-02T00:59:56","modified_gmt":"2018-01-02T00:59:56","slug":"fimmta-mosebok-16-kafli","status":"publish","type":"page","link":"https:\/\/biblian.is\/videy\/fimmta-mosebok-16-kafli\/","title":{"rendered":"Fimmta M\u00f3seb\u00f3k 16. kafli"},"content":{"rendered":"<div class=\"fyrirsognVidey\">Um st\u00f3rh\u00e1t\u00ed\u00f0ir \u00e1 hv\u00f6rju \u00e1ri.<\/div>\n<p><a name=\"1\"><span class=\"versanumer\">1<\/span><\/a>\u00de\u00fa skalt hyggja a\u00f0 m\u00e1nu\u00f0inum ab\u00edb, a\u00f0 \u00fe\u00fa haldir \u00fe\u00e1 Drottni \u00fe\u00ednum Gu\u00f0i p\u00e1skah\u00e1t\u00ed\u00f0ina, \u00fev\u00ed a\u00f0 \u00e1 \u00feessum m\u00e1nu\u00f0i ab\u00edb leiddi Drottinn \u00feinn Gu\u00f0 \u00feig \u00e1 n\u00e1ttar\u00feeli \u00fat \u00far Egyptalandi.<a name=\"2\"><span class=\"versanumer\">2<\/span><\/a>Og \u00fe\u00fa skalt offra Drottni \u00fe\u00ednum Gu\u00f0i p\u00e1skalambi, nautum og sau\u00f0um, \u00e1 \u00feeim sta\u00f0 sem Drottinn mun \u00fatvelja s\u00e9r til \u00edb\u00fa\u00f0ar.<a name=\"3\"><span class=\"versanumer\">3<\/span><\/a>\u00de\u00fa skalt ekkert s\u00fdrt eta \u00e1 \u00feessari h\u00e1t\u00ed\u00f0, heldur skaltu eta \u00f3s\u00fdrt brau\u00f0 harmanna; til endurminningar um harma e\u00f0ur ney\u00f0 \u00fe\u00edna \u00ed Egyptalandi, \u00ed 7 daga, \u00fev\u00ed \u00fe\u00fa fl\u00fd\u00f0ir \u00ed ofbo\u00f0i \u00far Egyptalandi, \u00feess vegna skal \u00fe\u00e9r alla \u00fe\u00edna \u00e6vi minnisst\u00e6\u00f0ur s\u00e1 dagur, \u00feegar \u00fe\u00fa f\u00f3rst \u00far Egyptalandi;<a name=\"4\"><span class=\"versanumer\">4<\/span><\/a>\u00fea\u00f0 \u00e1 ekki a\u00f0 finnast neitt s\u00fardeig innan allra \u00feinna landamerkja \u00ed \u00feessa 7 daga, og af \u00fev\u00ed kj\u00f6ti sem var sl\u00e1tra\u00f0 um kv\u00f6ldi\u00f0 \u00feann fyrsta dag \u00e1 ekkert a\u00f0 ver\u00f0a n\u00e6turgamalt.<a name=\"5\"><span class=\"versanumer\">5<\/span><\/a>\u00de\u00fa m\u00e1tt ekki sl\u00e1tra p\u00e1skalambinu \u00ed hv\u00f6rri borg sem vera skal af \u00feeim sem Drottinn \u00feinn Gu\u00f0 hefir gefi\u00f0 \u00fe\u00e9r,<a name=\"6\"><span class=\"versanumer\">6<\/span><\/a>heldur \u00e1ttu \u00ed \u00feeim sta\u00f0, sem Drottinn \u00feinn Gu\u00f0 mun velja s\u00e9r til \u00edb\u00fa\u00f0ar, a\u00f0 sl\u00e1tra p\u00e1skalambinu a\u00f0 kv\u00f6ldi dags, um s\u00f3larlagsbil, um sama leyti\u00f0 sem \u00fe\u00fa f\u00f3rst \u00fat \u00far Egyptalandi;<a name=\"7\"><span class=\"versanumer\">7<\/span><\/a>\u00fear skaltu steikja \u00fea\u00f0 og eta \u00e1 \u00feeim sta\u00f0 sem Drottinn \u00feinn Gu\u00f0 mun velja s\u00e9r, og svo um morguninn eftir sn\u00faa heim \u00ed lei\u00f0.<a name=\"8\"><span class=\"versanumer\">8<\/span><\/a>Sex daga skaltu eta \u00f3s\u00fdrt brau\u00f0, \u00e1 sj\u00f6unda deginum er samkomufundur Drottins \u00fe\u00edns Gu\u00f0s, \u00fe\u00e1 m\u00e1ttu ekkert vinna.<a name=\"9\"><span class=\"versanumer\">9<\/span><\/a>Sj\u00f6 vikur skaltu reikna, og skalt byrja a\u00f0 telja t\u00edmann fr\u00e1 \u00fev\u00ed a\u00f0 sig\u00f0in var fyrst borin a\u00f0 korninu <span class='VideyAth'>*)<\/span>,<a name=\"10\"><span class=\"versanumer\">10<\/span><\/a>\u00fe\u00e1 skaltu halda Drottni \u00fe\u00ednum vikuh\u00e1t\u00ed\u00f0 og l\u00e1t vi\u00f0 hann af hendi rakna sj\u00e1lfviljugar gjafir, eftir \u00fev\u00ed sem hann hefir blessa\u00f0 \u00feig.<a name=\"11\"><span class=\"versanumer\">11<\/span><\/a>Og \u00fe\u00fa skalt vera gla\u00f0ur frammi fyrir Drottni \u00fe\u00ednum Gu\u00f0i, b\u00e6\u00f0i sj\u00e1lfur, sonur \u00feinn og d\u00f3ttir og l\u00edka h\u00faskarl \u00feinn og amb\u00e1tt og Lev\u00edtinn, sem er innanborgar me\u00f0 \u00fe\u00e9r, \u00fatlendingurinn, f\u00f6\u00f0urleysinginn og ekkjan sem er hj\u00e1 \u00fe\u00e9r, \u00e1 \u00feeim sta\u00f0 sem Drottinn \u00feinn Gu\u00f0 hefir vali\u00f0 s\u00e9r til \u00edb\u00fa\u00f0ar.<a name=\"12\"><span class=\"versanumer\">12<\/span><\/a>\u00dev\u00ed \u00fe\u00fa \u00e1tt a\u00f0 l\u00e1ta \u00feig reka minni til \u00feess a\u00f0 \u00fe\u00fa l\u00edka varst \u00fer\u00e6ll \u00ed Egyptalandi, \u00feess vegna skaltu vel halda \u00feessi bo\u00f0or\u00f0 og breyta eftir \u00feeim.<br \/><a name=\"13\"><span class=\"versanumer\">13<\/span><\/a>\u00de\u00fa skalt halda laufsk\u00e1lah\u00e1t\u00ed\u00f0 \u00ed 7 daga, \u00feegar \u00fe\u00fa ert b\u00fainn a\u00f0 hir\u00f0a allt korn \u00feitt og v\u00edn,<a name=\"14\"><span class=\"versanumer\">14<\/span><\/a>og \u00fe\u00fa skalt gj\u00f6ra \u00feig gla\u00f0an \u00e1 \u00feeirri h\u00e1t\u00ed\u00f0 me\u00f0 sonum \u00fe\u00ednum og d\u00e6trum, h\u00fask\u00f6rlum og amb\u00e1ttum, Lev\u00edtum, \u00fatlendingum, f\u00f6\u00f0urleysingjum og ekkjum, sem eru \u00ed s\u00f6mu borg og \u00fe\u00fa.<a name=\"15\"><span class=\"versanumer\">15<\/span><\/a>\u00cd sj\u00f6 daga skaltu halda Drottni \u00fe\u00ednum Gu\u00f0i h\u00e1t\u00ed\u00f0ina \u00ed \u00feeim sta\u00f0 sem Drottinn mun velja s\u00e9r; hann mun blessa \u00feig \u00ed \u00f6llum \u00fe\u00ednum \u00fatvegum og allri \u00feinni atvinnu, \u00feess vegna skaltu vera gla\u00f0ur. <br \/><a name=\"16\"><span class=\"versanumer\">16<\/span><\/a>\u00derisvar sinnum \u00e1 \u00e1ri hv\u00f6rju skulu allir \u00e1 me\u00f0al \u00fe\u00edn, sem eru \u00ed karllegg m\u00e6ta fyrir Drottni \u00fe\u00ednum Gu\u00f0i \u00e1 \u00feeim sta\u00f0 sem hann mun velja s\u00e9r, nl. \u00e1 \u00f3s\u00fdr\u00f0ra brau\u00f0a h\u00e1t\u00ed\u00f0inni, \u00e1 vikuhaldsh\u00e1t\u00ed\u00f0inni og \u00e1 laufsk\u00e1lah\u00e1t\u00ed\u00f0inni, en enginn m\u00e1 \u00fear m\u00e6ta fyrir Drottni t\u00f3mhentur,<a name=\"17\"><span class=\"versanumer\">17<\/span><\/a>heldur hv\u00f6r eftir \u00fev\u00ed sem hann hefir efni \u00e1, eftir \u00feeirri blessan sem Drottinn \u00feinn Gu\u00f0 hefir honum veitt\u2014<a name=\"18\"><span class=\"versanumer\">18<\/span><\/a>d\u00f3mara og valdstj\u00f3rnarmenn skalt\u00fa tilsetja \u00ed \u00f6llum \u00fe\u00ednum borgarhli\u00f0um <span class='VideyAth'>**)<\/span> sem Drottinn \u00feinn Gu\u00f0 mun gefa \u00fe\u00e9r hj\u00e1 \u00f6llum kynkv\u00edslum, til a\u00f0 halda uppi l\u00f6gum og r\u00e9tti me\u00f0al f\u00f3lksins.<br \/><a name=\"19\"><span class=\"versanumer\">19<\/span><\/a>\u00de\u00fa skalt ekki halda r\u00e9ttinum, ekki fara \u00ed manngreinar\u00e1lit, og ekki \u00feiggja gjafir, \u00fev\u00ed gjafirnar blinda augun jafnvel \u00e1 vitrum m\u00f6nnum, og umhverfa m\u00e1lefnum \u00feeirra saklausu;<a name=\"20\"><span class=\"versanumer\">20<\/span><\/a>r\u00e9ttl\u00e6ti, r\u00e9ttl\u00e6ti skaltu framfylgja, svo \u00fe\u00fa megir lifa, og eignast \u00fea\u00f0 landi\u00f0 sem Drottinn \u00feinn Gu\u00f0 mun gefa \u00fe\u00e9r.<a name=\"21\"><span class=\"versanumer\">21<\/span><\/a>\u00de\u00fa skalt ekki planta lund af nokkurslags trj\u00e1m hj\u00e1 altari Drottins \u00fe\u00edns Gu\u00f0s, \u00fe\u00fa skalt ei heldur reisa upp neina myndarst\u00f3lpa, \u00fev\u00ed \u00feetta er Drottni \u00fe\u00ednum Gu\u00f0i m\u00f3ti ge\u00f0i.<\/p>\n<div class=\"footnoteVidey\">*) Sj\u00e1 h\u00e9r um Lev. 23,15 flg.  **) \u00deau voru \u00feingst\u00f6\u00f0 hj\u00e1 Gy\u00f0ingum.<\/div>\n","protected":false},"excerpt":{"rendered":"<p>Um st\u00f3rh\u00e1t\u00ed\u00f0ir \u00e1 hv\u00f6rju \u00e1ri. 1\u00de\u00fa skalt hyggja a\u00f0 m\u00e1nu\u00f0inum ab\u00edb, a\u00f0 \u00fe\u00fa haldir \u00fe\u00e1 Drottni \u00fe\u00ednum Gu\u00f0i p\u00e1skah\u00e1t\u00ed\u00f0ina, \u00fev\u00ed a\u00f0 \u00e1 \u00feessum m\u00e1nu\u00f0i ab\u00edb leiddi Drottinn \u00feinn Gu\u00f0 \u00feig \u00e1 n\u00e1ttar\u00feeli \u00fat \u00far Egyptalandi.2Og \u00fe\u00fa skalt offra Drottni \u00fe\u00ednum Gu\u00f0i p\u00e1skalambi, nautum og sau\u00f0um, \u00e1 \u00feeim sta\u00f0 sem Drottinn mun \u00fatvelja s\u00e9r til \u00edb\u00fa\u00f0ar.3\u00de\u00fa skalt ekkert s\u00fdrt eta \u00e1 \u00feessari h\u00e1t\u00ed\u00f0, heldur skaltu eta \u00f3s\u00fdrt brau\u00f0 harmanna; til endurminningar um harma e\u00f0ur ney\u00f0 \u00fe\u00edna \u00ed Egyptalandi, \u00ed 7 daga, \u00fev\u00ed \u00fe\u00fa fl\u00fd\u00f0ir \u00ed ofbo\u00f0i \u00far Egyptalandi, \u00feess vegna skal \u00fe\u00e9r alla \u00fe\u00edna \u00e6vi minnisst\u00e6\u00f0ur s\u00e1 dagur, \u00feegar \u00fe\u00fa f\u00f3rst <a href=\"https:\/\/biblian.is\/videy\/fimmta-mosebok-16-kafli\/\"> [&#8230;]<\/a><\/p>\n","protected":false},"author":1,"featured_media":0,"parent":0,"menu_order":0,"comment_status":"open","ping_status":"open","template":"bibliukaflar.php","meta":{"footnotes":""},"class_list":["post-21018","page","type-page","status-publish","hentry"],"_links":{"self":[{"href":"https:\/\/biblian.is\/videy\/wp-json\/wp\/v2\/pages\/21018","targetHints":{"allow":["GET"]}}],"collection":[{"href":"https:\/\/biblian.is\/videy\/wp-json\/wp\/v2\/pages"}],"about":[{"href":"https:\/\/biblian.is\/videy\/wp-json\/wp\/v2\/types\/page"}],"author":[{"embeddable":true,"href":"https:\/\/biblian.is\/videy\/wp-json\/wp\/v2\/users\/1"}],"replies":[{"embeddable":true,"href":"https:\/\/biblian.is\/videy\/wp-json\/wp\/v2\/comments?post=21018"}],"version-history":[{"count":0,"href":"https:\/\/biblian.is\/videy\/wp-json\/wp\/v2\/pages\/21018\/revisions"}],"wp:attachment":[{"href":"https:\/\/biblian.is\/videy\/wp-json\/wp\/v2\/media?parent=21018"}],"curies":[{"name":"wp","href":"https:\/\/api.w.org\/{rel}","templated":true}]}}