{"id":21017,"date":"2018-01-02T00:59:56","date_gmt":"2018-01-02T00:59:56","guid":{"rendered":"http:\/\/biblian.is\/videy\/fimmta-mosebok-15-kafli\/"},"modified":"2018-01-02T00:59:56","modified_gmt":"2018-01-02T00:59:56","slug":"fimmta-mosebok-15-kafli","status":"publish","type":"page","link":"https:\/\/biblian.is\/videy\/fimmta-mosebok-15-kafli\/","title":{"rendered":"Fimmta M\u00f3seb\u00f3k 15. kafli"},"content":{"rendered":"<div class=\"fyrirsognVidey\">Uppgj\u00f6f \u00e1 skuldum sj\u00f6unda hv\u00f6rt \u00e1r.<\/div>\n<p><a name=\"1\"><span class=\"versanumer\">1<\/span><\/a>Vi\u00f0 enda sj\u00f6unda hv\u00f6rs \u00e1rs skalt\u00fa gefa upp skuldir,<a name=\"2\"><span class=\"versanumer\">2<\/span><\/a>en \u00feeirri uppgj\u00f6f er svo vari\u00f0: hv\u00f6r sem hefir l\u00e1na\u00f0 s\u00ednum n\u00e1unga nokku\u00f0 skal gefa honum \u00fea\u00f0 upp, og krefja ekki n\u00e1unga sinn, e\u00f0a sinn br\u00f3\u00f0ur, \u00fev\u00ed hann eignar uppgj\u00f6fina Drottni;<a name=\"3\"><span class=\"versanumer\">3<\/span><\/a>af \u00fatlendingnum m\u00e1ttu krefja skuldar \u00feinnar, en landa \u00fe\u00ednum skalt\u00fa gefa hana upp, nema svo s\u00e9 a\u00f0 hann s\u00e9 ekki f\u00e1t\u00e6kur,<a name=\"4\"><span class=\"versanumer\">4<\/span><\/a>\u00fev\u00ed a\u00f0 Drottinn mun blessa \u00feig mj\u00f6g \u00ed \u00fev\u00ed landinu sem hann gefur \u00fe\u00e9r til eignar og umr\u00e1\u00f0a;<a name=\"5\"><span class=\"versanumer\">5<\/span><\/a>\u00fe\u00f3 me\u00f0 \u00fev\u00ed m\u00f3ti a\u00f0 \u00fe\u00fa einungis hl\u00fd\u00f0ir raustu Drottins \u00fe\u00edns Gu\u00f0s, og haldir \u00f6ll \u00feessi bo\u00f0or\u00f0, sem eg b\u00fd\u00f0 \u00fe\u00e9r \u00ed dag a\u00f0 breyta eftir,<a name=\"6\"><span class=\"versanumer\">6<\/span><\/a>\u00fev\u00ed a\u00f0 Drottinn \u00feinn Gu\u00f0 mun blessa \u00feig, eins og hann hefir heiti\u00f0 \u00fe\u00e9r, svo \u00fe\u00fa munt geta l\u00e1na\u00f0 m\u00f6rgum \u00fej\u00f3\u00f0um, en skalt ei \u00feurfa a\u00f0 taka l\u00e1n hj\u00e1 \u00f6\u00f0rum, \u00fe\u00fa munt drottna yfir m\u00f6rgum \u00fej\u00f3\u00f0um, en enginn skal drottna yfir \u00fe\u00e9r.<a name=\"7\"><span class=\"versanumer\">7<\/span><\/a>Ef nokkur af \u00fe\u00ednum br\u00e6\u00f0rum er f\u00e1t\u00e6kur \u00ed einhv\u00f6rri borg \u00ed landi \u00fe\u00ednu, sem Drottinn \u00feinn Gu\u00f0 mun gefa \u00fe\u00e9r, \u00fe\u00e1 skaltu ei forher\u00f0a \u00feitt hjarta e\u00f0ur afturloka \u00feinni hendi fyrir \u00fe\u00ednum f\u00e1t\u00e6ka landa;<a name=\"8\"><span class=\"versanumer\">8<\/span><\/a>heldur skaltu upplj\u00faka \u00feinni hendi fyrir honum, og l\u00e1na honum eftir \u00fev\u00ed sem hann hefir \u00fe\u00f6rf \u00e1.<a name=\"9\"><span class=\"versanumer\">9<\/span><\/a>Vara \u00feig vi\u00f0 \u00fev\u00ed a\u00f0 \u00fear s\u00e9 nokkur illur \u00feanki \u00ed \u00fe\u00ednu hjarta, sem segi: n\u00fa l\u00ed\u00f0ur undir sj\u00f6unda \u00e1ri\u00f0, sem er \u00e1r uppgjafarinnar, og l\u00edtir \u00fe\u00fa svo \u00f3bl\u00ed\u00f0lega til \u00fe\u00edns f\u00e1t\u00e6ka br\u00f3\u00f0urs og gefir honum ekkert\u2014\u00fe\u00e1 mun hann kvarta yfir \u00fe\u00e9r vi\u00f0 Drottin, og mun \u00fea\u00f0 ver\u00f0a \u00fe\u00e9r a\u00f0 synd;<a name=\"10\"><span class=\"versanumer\">10<\/span><\/a>heldur skaltu gefa honum, og sj\u00e1 ekki eftir \u00fev\u00ed sem \u00fe\u00fa gefur honum, \u00fev\u00ed \u00fear fyrir mun Drottinn \u00feinn Gu\u00f0 blessa \u00feig \u00ed \u00f6llum \u00fe\u00ednum verkum, og \u00f6llu sem \u00fe\u00fa tekur \u00fe\u00e9r fyrir hendur.<a name=\"11\"><span class=\"versanumer\">11<\/span><\/a>\u00c6t\u00ed\u00f0 munu f\u00e1t\u00e6kir vera til \u00ed landinu, \u00fev\u00ed b\u00fd\u00f0 eg \u00fe\u00e9r og segi, a\u00f0 \u00fe\u00fa skulir upplj\u00faka \u00feinni hendi fyrir \u00fe\u00ednum br\u00f3\u00f0ur, sem er f\u00e1t\u00e6kur og \u00feurfandi \u00ed landi \u00fe\u00ednu.<br \/><a name=\"12\"><span class=\"versanumer\">12<\/span><\/a>Ef \u00fe\u00e9r er seldur landi \u00feinn hebreskur ma\u00f0ur, karl e\u00f0a kona, \u00fe\u00e1 \u00fej\u00f3ni \u00fe\u00e9r \u00ed 6 \u00e1r, \u00fea\u00f0 sj\u00f6unda \u00e1ri\u00f0 skaltu sleppa honum og gefa hann lausan,<a name=\"13\"><span class=\"versanumer\">13<\/span><\/a>og \u00feegar \u00fe\u00fa l\u00e6tur hann fr\u00e1 \u00fe\u00e9r lausan, \u00fe\u00e1 skaltu ekki l\u00e1ta hann fara t\u00f3mhentan;<a name=\"14\"><span class=\"versanumer\">14<\/span><\/a>heldur skaltu gefa honum af \u00fe\u00ednu sau\u00f0f\u00e9, af \u00fe\u00ednu korni og \u00fe\u00ednu v\u00edni; eftir \u00fev\u00ed sem Drottinn hefir blessa\u00f0 \u00feig, skaltu gefa honum,<a name=\"15\"><span class=\"versanumer\">15<\/span><\/a>og minnst\u00fa \u00feess a\u00f0 \u00fe\u00fa hefir veri\u00f0 \u00fer\u00e6ll \u00ed Egyptalandi, og a\u00f0 Drottinn \u00feinn Gu\u00f0 frelsa\u00f0i \u00feig \u00fea\u00f0an, \u00feess vegna legg eg \u00feetta fyrir \u00feig \u00ed dag.<a name=\"16\"><span class=\"versanumer\">16<\/span><\/a>En segi hann \u00fe\u00e1 vi\u00f0 \u00feig: Eg vil ekki skilja vi\u00f0 \u00feig, \u00fev\u00ed a\u00f0 m\u00e9r er vel vi\u00f0 \u00feig og \u00fe\u00edna\u2014\u00fear honum fellur vel hj\u00e1 \u00fe\u00e9r\u2014<a name=\"17\"><span class=\"versanumer\">17<\/span><\/a>\u00fe\u00e1 tak al og sting \u00ed gegnum eyra\u00f0 \u00e1 honum upp vi\u00f0 dyrnar, og l\u00e1t hann upp \u00fea\u00f0an vera \u00feinn \u00fej\u00f3nustumann; eins skalt\u00fa fara me\u00f0 \u00fe\u00edna amb\u00e1tt. <span class='VideyAth'>(Exod. 21,6.)<\/span><a name=\"18\"><span class=\"versanumer\">18<\/span><\/a>L\u00e1t \u00fe\u00e9r ekki fallast um \u00fea\u00f0, \u00fe\u00f3 \u00fe\u00fa eigir a\u00f0 l\u00e1ta hann lausan, \u00fev\u00ed hann hefir \u00fej\u00f3na\u00f0 \u00fe\u00e9r um 6 \u00e1r, sem tv\u00edgildur vinnuma\u00f0ur, og Drottinn \u00feinn Gu\u00f0 mun blessa \u00feig \u00ed \u00f6llu sem \u00fe\u00fa gj\u00f6rir.<br \/><a name=\"19\"><span class=\"versanumer\">19<\/span><\/a>Allan frumbur\u00f0 af k\u00fam og sau\u00f0f\u00e9, sem er karlkyns, skaltu helga Drottni \u00fe\u00ednum Gu\u00f0i; frumbori\u00f0 naut skaltu ekki \u00fer\u00e6lka, og ekki klippa ullina af frumbur\u00f0i sau\u00f0fj\u00e1rins.<a name=\"20\"><span class=\"versanumer\">20<\/span><\/a>Heldur skaltu neyta \u00feeirra \u00e1rlega frammi fyrir Drottni \u00fe\u00ednum Gu\u00f0i, \u00fe\u00fa sj\u00e1lfur og heimilisf\u00f3lk \u00feitt \u00ed \u00feeim sta\u00f0 sem Drottinn \u00fatvelur;<a name=\"21\"><span class=\"versanumer\">21<\/span><\/a>en ef l\u00fdti eru \u00e1 \u00fev\u00ed nokkur, t.d. ef \u00fea\u00f0 er halt e\u00f0a blint, e\u00f0a hefir nokkur st\u00f3rl\u00fdti, \u00fe\u00e1 skaltu ekki offra \u00fev\u00ed Drottni \u00fe\u00ednum Gu\u00f0i,<a name=\"22\"><span class=\"versanumer\">22<\/span><\/a>heldur skalt\u00fa eta \u00fea\u00f0 heima, hv\u00f6rt sem \u00fe\u00fa ert hreinn e\u00f0a \u00f3hreinn me\u00f0 sama h\u00e6tti eins og r\u00e1d\u00fdr e\u00f0a hj\u00f6rt; en et ekki bl\u00f3\u00f0i\u00f0 \u00far \u00fev\u00ed, hell \u00fev\u00ed \u00fat eins og vatni.<\/p>\n<div class=\"footnoteVidey\">V. 18. \u00der\u00e6llinn var keyptur fyrir helfing af \u00fev\u00ed sem verkama\u00f0urinn, auk f\u00e6\u00f0isins, f\u00e9kk \u00ed kaup um 6 \u00e1ra t\u00edma; h\u00fasb\u00f3ndinn gr\u00e6ddi \u00feannig \u00e1 \u00fer\u00e6lnum, sem var hj\u00e1 honum \u00ed  6 \u00e1r, helfing af \u00fev\u00ed sem hann hef\u00f0i m\u00e1tt gefa \u00f6\u00f0rum frj\u00e1lsum, \u00feess vegna var sanngjarnlegt a\u00f0 \u00fer\u00e6lnum v\u00e6ri gj\u00f6rt eitthva\u00f0 gott, \u00feegar hann f\u00f3r fr\u00e1 h\u00fasb\u00f3ndanum og haf\u00f0i annars veri\u00f0 honum tr\u00far.<\/div>\n","protected":false},"excerpt":{"rendered":"<p>Uppgj\u00f6f \u00e1 skuldum sj\u00f6unda hv\u00f6rt \u00e1r. 1Vi\u00f0 enda sj\u00f6unda hv\u00f6rs \u00e1rs skalt\u00fa gefa upp skuldir,2en \u00feeirri uppgj\u00f6f er svo vari\u00f0: hv\u00f6r sem hefir l\u00e1na\u00f0 s\u00ednum n\u00e1unga nokku\u00f0 skal gefa honum \u00fea\u00f0 upp, og krefja ekki n\u00e1unga sinn, e\u00f0a sinn br\u00f3\u00f0ur, \u00fev\u00ed hann eignar uppgj\u00f6fina Drottni;3af \u00fatlendingnum m\u00e1ttu krefja skuldar \u00feinnar, en landa \u00fe\u00ednum skalt\u00fa gefa hana upp, nema svo s\u00e9 a\u00f0 hann s\u00e9 ekki f\u00e1t\u00e6kur,4\u00fev\u00ed a\u00f0 Drottinn mun blessa \u00feig mj\u00f6g \u00ed \u00fev\u00ed landinu sem hann gefur \u00fe\u00e9r til eignar og umr\u00e1\u00f0a;5\u00fe\u00f3 me\u00f0 \u00fev\u00ed m\u00f3ti a\u00f0 \u00fe\u00fa einungis hl\u00fd\u00f0ir raustu Drottins \u00fe\u00edns Gu\u00f0s, og haldir \u00f6ll \u00feessi bo\u00f0or\u00f0, sem eg <a href=\"https:\/\/biblian.is\/videy\/fimmta-mosebok-15-kafli\/\"> [&#8230;]<\/a><\/p>\n","protected":false},"author":1,"featured_media":0,"parent":0,"menu_order":0,"comment_status":"open","ping_status":"open","template":"bibliukaflar.php","meta":{"footnotes":""},"class_list":["post-21017","page","type-page","status-publish","hentry"],"_links":{"self":[{"href":"https:\/\/biblian.is\/videy\/wp-json\/wp\/v2\/pages\/21017","targetHints":{"allow":["GET"]}}],"collection":[{"href":"https:\/\/biblian.is\/videy\/wp-json\/wp\/v2\/pages"}],"about":[{"href":"https:\/\/biblian.is\/videy\/wp-json\/wp\/v2\/types\/page"}],"author":[{"embeddable":true,"href":"https:\/\/biblian.is\/videy\/wp-json\/wp\/v2\/users\/1"}],"replies":[{"embeddable":true,"href":"https:\/\/biblian.is\/videy\/wp-json\/wp\/v2\/comments?post=21017"}],"version-history":[{"count":0,"href":"https:\/\/biblian.is\/videy\/wp-json\/wp\/v2\/pages\/21017\/revisions"}],"wp:attachment":[{"href":"https:\/\/biblian.is\/videy\/wp-json\/wp\/v2\/media?parent=21017"}],"curies":[{"name":"wp","href":"https:\/\/api.w.org\/{rel}","templated":true}]}}