{"id":21016,"date":"2018-01-02T00:59:56","date_gmt":"2018-01-02T00:59:56","guid":{"rendered":"http:\/\/biblian.is\/videy\/fimmta-mosebok-14-kafli\/"},"modified":"2018-01-02T00:59:56","modified_gmt":"2018-01-02T00:59:56","slug":"fimmta-mosebok-14-kafli","status":"publish","type":"page","link":"https:\/\/biblian.is\/videy\/fimmta-mosebok-14-kafli\/","title":{"rendered":"Fimmta M\u00f3seb\u00f3k 14. kafli"},"content":{"rendered":"<div class=\"fyrirsognVidey\">Um leyfilega og \u00f3leyfilega f\u00e6\u00f0u.<\/div>\n<p><a name=\"1\"><span class=\"versanumer\">1<\/span><\/a>\u00de\u00e9r eru\u00f0 b\u00f6rn Drottins y\u00f0ar Gu\u00f0s, \u00fe\u00e9r skulu\u00f0 ekki vekja y\u00f0ur benjar, n\u00e9 raka y\u00f0ur sk\u00f6ll\u00f3tta fyrir ofan enni\u00f0, eftir nokkurn framli\u00f0inn,<a name=\"2\"><span class=\"versanumer\">2<\/span><\/a>\u00fev\u00ed \u00fe\u00fa ert Drottni \u00fe\u00ednum Gu\u00f0i helga\u00f0 f\u00f3lk, hann hefir \u00fatvali\u00f0 \u00feig af \u00f6llum \u00fej\u00f3\u00f0um \u00e1 jar\u00f0r\u00edki, a\u00f0 \u00fe\u00fa skulir vera hans eigind\u00f3mur.<br \/><a name=\"3\"><span class=\"versanumer\">3<\/span><\/a>\u00de\u00fa skalt ekki eta neitt vi\u00f0bj\u00f3\u00f0slegt;<a name=\"4\"><span class=\"versanumer\">4<\/span><\/a>\u00feessi eru \u00feau d\u00fdr sem \u00fe\u00e9r megi\u00f0 eta: naut, sau\u00f0ir, geitf\u00e9,<a name=\"5\"><span class=\"versanumer\">5<\/span><\/a>hj\u00f6rtur, hind, hrein, steingeit, einhyrningur, \u00faruxi, elgsd\u00fdr,<a name=\"6\"><span class=\"versanumer\">6<\/span><\/a>og \u00fe\u00e9r megi\u00f0 eta allt \u00fea\u00f0 kvikf\u00e9 sem hefir a\u00f0greindar klaufir og j\u00f3rtrar;<a name=\"7\"><span class=\"versanumer\">7<\/span><\/a>en \u00fe\u00e9r skulu\u00f0 ekki eta \u00fea\u00f0 sem j\u00f3rtrar, en hefir ekki klaufir, svo sem \u00falfaldann, h\u00e9rann og k\u00fan\u00edsinn, \u00feessi j\u00f3rtra, en hafa ei klaufir, \u00feess vegna skulu \u00feau vera y\u00f0ur \u00f3hrein;<a name=\"8\"><span class=\"versanumer\">8<\/span><\/a>s\u00f6mulei\u00f0is sv\u00edni\u00f0, sem hefir klaufir, en vegna \u00feess a\u00f0 \u00fea\u00f0 j\u00f3rtrar ekki, skal \u00fea\u00f0 vera y\u00f0ur \u00f3hreint, \u00fe\u00e9r skulu\u00f0 ekki eta kj\u00f6ti\u00f0 af \u00fev\u00ed, ei heldur snerta vi\u00f0 \u00feess hr\u00e6i.<a name=\"9\"><span class=\"versanumer\">9<\/span><\/a>\u00deetta megi\u00f0 \u00fe\u00e9r eta af vatnsd\u00fdrum: \u00f6ll \u00feau sem hafa sundugga og hreistur megi\u00f0 \u00fe\u00e9r eta;<a name=\"10\"><span class=\"versanumer\">10<\/span><\/a>en \u00feau sem ekki hafa sundugga e\u00f0ur hreistur megi\u00f0 \u00fe\u00e9r ekki eta, \u00fev\u00ed \u00feau eru y\u00f0ur \u00f3hrein.<a name=\"11\"><span class=\"versanumer\">11<\/span><\/a>\u00de\u00e9r megi\u00f0 eta alla hreina fugla;<a name=\"12\"><span class=\"versanumer\">12<\/span><\/a>en \u00feessa skulu\u00f0 \u00fe\u00e9r ekki eta: \u00f6rnina, gamminn,<a name=\"13\"><span class=\"versanumer\">13<\/span><\/a>og \u00f6ssuna, valinn, gripfuglinn, kj\u00f3ann me\u00f0 s\u00ednum tegundum,<a name=\"14\"><span class=\"versanumer\">14<\/span><\/a>og alls kyns hrafnategundir,<a name=\"15\"><span class=\"versanumer\">15<\/span><\/a>str\u00fatsfuglinn, sv\u00f6luna, svartbakinn og haukinn me\u00f0 sinni kyntegund,<a name=\"16\"><span class=\"versanumer\">16<\/span><\/a>kattugluna, n\u00e1ttugluna, fl\u00f3\u00f0setuna,<a name=\"17\"><span class=\"versanumer\">17<\/span><\/a>s\u00faluna, hr\u00e6fugla, svartfuglinn,<a name=\"18\"><span class=\"versanumer\">18<\/span><\/a>storkinn, l\u00e6kjardu\u00f0runa me\u00f0 sinni kyntegund, vei\u00f0ihoppuna og m\u00fasarbr\u00f3\u00f0urinn;<a name=\"19\"><span class=\"versanumer\">19<\/span><\/a>og allir fuglar sem skr\u00ed\u00f0a skulu vera y\u00f0ur \u00f3hreinir, og \u00fe\u00e9r megi\u00f0 ekki eta \u00fe\u00e1,<a name=\"20\"><span class=\"versanumer\">20<\/span><\/a>en hreinu fuglana megi\u00f0 \u00fe\u00e9r eta.<br \/><a name=\"21\"><span class=\"versanumer\">21<\/span><\/a>\u00de\u00e9r skulu\u00f0 ekki eta neitt sj\u00e1lfdautt,\u00feeim \u00fatlendu sem b\u00faa me\u00f0al \u00fe\u00edn m\u00e1ttu gefa \u00fea\u00f0 til a\u00f0 eta, e\u00f0a sel \u00fea\u00f0 \u00fatlendingum, \u00fev\u00ed \u00fe\u00fa ert Drottni \u00fe\u00ednum Gu\u00f0i helga\u00f0 f\u00f3lk; \u00fe\u00fa skalt ekki sl\u00e1tra ki\u00f0inu me\u00f0an \u00fea\u00f0 s\u00fdgur m\u00f3\u00f0ur s\u00edna.<br \/><a name=\"22\"><span class=\"versanumer\">22<\/span><\/a>\u00de\u00fa skalt \u00e1rlega leggja fr\u00e1 t\u00edunda partinn af \u00fe\u00ednu korni, og \u00feeim \u00e1rsgr\u00f3\u00f0a, sem \u00fe\u00e9r b\u00e6tist af \u00f6krum \u00fe\u00ednum,<a name=\"23\"><span class=\"versanumer\">23<\/span><\/a>og \u00feetta skalt\u00fa s\u00ed\u00f0an eta frammi fyrir Drottni \u00fe\u00ednum Gu\u00f0i \u00e1 \u00feeim sta\u00f0 sem hann mun \u00fatvelja s\u00e9r til \u00edb\u00fa\u00f0ar, t\u00edundirnar af korni \u00fe\u00ednu, v\u00edni og vi\u00f0smj\u00f6ri, og frumbur\u00f0ina af nautum \u00fe\u00ednum og sau\u00f0f\u00e9, svo \u00fe\u00fa megir l\u00e6ra a\u00f0 \u00f3ttast \u00feinn Gu\u00f0 alla \u00fe\u00edna \u00e6vidaga.<a name=\"24\"><span class=\"versanumer\">24<\/span><\/a>En \u00feegar vegurinn er \u00fe\u00e9r of langur, og s\u00e1 sta\u00f0ur sem Drottinn Gu\u00f0 \u00feinn hefir \u00fatvali\u00f0 s\u00e9r til \u00edb\u00fa\u00f0ar, er svo mj\u00f6g \u00ed fjarska vi\u00f0 \u00feig, a\u00f0 \u00fe\u00fa getur ekki komi\u00f0 \u00feanga\u00f0 t\u00edundum \u00fe\u00ednum, einkanlega \u00fear e\u00f0 Drottinn Gu\u00f0 mun blessa \u00feig,<a name=\"25\"><span class=\"versanumer\">25<\/span><\/a>\u00fe\u00e1 m\u00e1ttu l\u00e1ta \u00fea\u00f0 fyrir peninga \u00fat \u00ed h\u00f6nd, og far svo me\u00f0 \u00fe\u00e1 til \u00feess sta\u00f0ar sem Drottinn \u00feinn Gu\u00f0 hefir \u00fatvali\u00f0 s\u00e9r,<a name=\"26\"><span class=\"versanumer\">26<\/span><\/a>og kaup \u00fear aftur fyrir \u00fe\u00e1 s\u00f6mu peninga hva\u00f0 sem \u00feig helst girnir, hv\u00f6rt heldur naut, sau\u00f0i, v\u00edn, \u00e1fengan drykk, e\u00f0a hva\u00f0 anna\u00f0 sem \u00feig lystir, og neyt \u00feess \u00ed \u00feeim sama sta\u00f0 frammi fyrir Drottni \u00fe\u00ednum Gu\u00f0i, og gle\u00f0 \u00feig svo sj\u00e1lfur me\u00f0 heimilisf\u00f3lki \u00fe\u00ednu.<br \/><a name=\"27\"><span class=\"versanumer\">27<\/span><\/a>En \u00fe\u00e1 Lev\u00edta, sem eru innanborgar me\u00f0 \u00fe\u00e9r, skalt\u00fa ekki setja hj\u00e1, \u00fev\u00ed \u00feeir hafa \u00f6ngva hlutdeild e\u00f0ur eigind\u00f3m me\u00f0 \u00fe\u00e9r.<a name=\"28\"><span class=\"versanumer\">28<\/span><\/a>\u00deri\u00f0ja hv\u00f6rt \u00e1r skalt\u00fa leggja fr\u00e1 alla t\u00edund af inntekt \u00feinni \u00fea\u00f0 \u00e1ri\u00f0, \u00fea\u00f0 skalt\u00fa geyma \u00ed borginni,<a name=\"29\"><span class=\"versanumer\">29<\/span><\/a>skal svo Lev\u00edtinn, sem \u00f6ngva hlutdeild e\u00f0ur eigind\u00f3m hefir me\u00f0 \u00fe\u00e9r, s\u00e1 \u00fatlendi og f\u00f6\u00f0urlausi og ekkjan sem er innanborgar me\u00f0 \u00fe\u00e9r, koma \u00feanga\u00f0 og eta sig mett; fyrir \u00fea\u00f0 mun Drottinn \u00feinn Gu\u00f0 blessa \u00feig \u00ed \u00f6llum \u00fe\u00ednum handafla og \u00fatvegum.<\/p>\n<div class=\"footnoteVidey\"><\/div>\n","protected":false},"excerpt":{"rendered":"<p>Um leyfilega og \u00f3leyfilega f\u00e6\u00f0u. 1\u00de\u00e9r eru\u00f0 b\u00f6rn Drottins y\u00f0ar Gu\u00f0s, \u00fe\u00e9r skulu\u00f0 ekki vekja y\u00f0ur benjar, n\u00e9 raka y\u00f0ur sk\u00f6ll\u00f3tta fyrir ofan enni\u00f0, eftir nokkurn framli\u00f0inn,2\u00fev\u00ed \u00fe\u00fa ert Drottni \u00fe\u00ednum Gu\u00f0i helga\u00f0 f\u00f3lk, hann hefir \u00fatvali\u00f0 \u00feig af \u00f6llum \u00fej\u00f3\u00f0um \u00e1 jar\u00f0r\u00edki, a\u00f0 \u00fe\u00fa skulir vera hans eigind\u00f3mur.3\u00de\u00fa skalt ekki eta neitt vi\u00f0bj\u00f3\u00f0slegt;4\u00feessi eru \u00feau d\u00fdr sem \u00fe\u00e9r megi\u00f0 eta: naut, sau\u00f0ir, geitf\u00e9,5hj\u00f6rtur, hind, hrein, steingeit, einhyrningur, \u00faruxi, elgsd\u00fdr,6og \u00fe\u00e9r megi\u00f0 eta allt \u00fea\u00f0 kvikf\u00e9 sem hefir a\u00f0greindar klaufir og j\u00f3rtrar;7en \u00fe\u00e9r skulu\u00f0 ekki eta \u00fea\u00f0 sem j\u00f3rtrar, en hefir ekki klaufir, svo sem \u00falfaldann, h\u00e9rann og k\u00fan\u00edsinn, \u00feessi <a href=\"https:\/\/biblian.is\/videy\/fimmta-mosebok-14-kafli\/\"> [&#8230;]<\/a><\/p>\n","protected":false},"author":1,"featured_media":0,"parent":0,"menu_order":0,"comment_status":"open","ping_status":"open","template":"bibliukaflar.php","meta":{"footnotes":""},"class_list":["post-21016","page","type-page","status-publish","hentry"],"_links":{"self":[{"href":"https:\/\/biblian.is\/videy\/wp-json\/wp\/v2\/pages\/21016","targetHints":{"allow":["GET"]}}],"collection":[{"href":"https:\/\/biblian.is\/videy\/wp-json\/wp\/v2\/pages"}],"about":[{"href":"https:\/\/biblian.is\/videy\/wp-json\/wp\/v2\/types\/page"}],"author":[{"embeddable":true,"href":"https:\/\/biblian.is\/videy\/wp-json\/wp\/v2\/users\/1"}],"replies":[{"embeddable":true,"href":"https:\/\/biblian.is\/videy\/wp-json\/wp\/v2\/comments?post=21016"}],"version-history":[{"count":0,"href":"https:\/\/biblian.is\/videy\/wp-json\/wp\/v2\/pages\/21016\/revisions"}],"wp:attachment":[{"href":"https:\/\/biblian.is\/videy\/wp-json\/wp\/v2\/media?parent=21016"}],"curies":[{"name":"wp","href":"https:\/\/api.w.org\/{rel}","templated":true}]}}