{"id":21015,"date":"2018-01-02T00:59:56","date_gmt":"2018-01-02T00:59:56","guid":{"rendered":"http:\/\/biblian.is\/videy\/fimmta-mosebok-13-kafli\/"},"modified":"2018-01-02T00:59:56","modified_gmt":"2018-01-02T00:59:56","slug":"fimmta-mosebok-13-kafli","status":"publish","type":"page","link":"https:\/\/biblian.is\/videy\/fimmta-mosebok-13-kafli\/","title":{"rendered":"Fimmta M\u00f3seb\u00f3k 13. kafli"},"content":{"rendered":"<div class=\"fyrirsognVidey\">Um \u00feeirra straff sem t\u00e6li til afgu\u00f0ad\u00fdrkunar.<\/div>\n<p><a name=\"1\"><span class=\"versanumer\">1<\/span><\/a>Ef einhv\u00f6r sp\u00e1ma\u00f0ur e\u00f0a draumspekingur r\u00eds upp me\u00f0al y\u00f0ar, og gefur \u00fe\u00e9r eitthv\u00f6rt teikn e\u00f0ur fur\u00f0uverk,<a name=\"2\"><span class=\"versanumer\">2<\/span><\/a>og \u00fea\u00f0 teikn e\u00f0a undur r\u00e6tist, eins og hann sag\u00f0i fyrir, og hann segir: l\u00e1tum oss a\u00f0hyllast annarlega gu\u00f0i, sem \u00fe\u00e9r ekki \u00feekki\u00f0, og d\u00fdrka \u00fe\u00e1,<a name=\"3\"><span class=\"versanumer\">3<\/span><\/a>\u00fe\u00e1 skaltu ekki hl\u00fd\u00f0a or\u00f0um \u00feess sp\u00e1manns e\u00f0a draumspekings, \u00fev\u00ed a\u00f0 Drottinn y\u00f0ar Gu\u00f0 freistar y\u00f0ar me\u00f0 \u00feessu, \u00fear hann vill reyna hv\u00f6rt \u00fe\u00e9r elski\u00f0 sig af \u00f6llu hjarta og allri s\u00e1lu,<a name=\"4\"><span class=\"versanumer\">4<\/span><\/a>\u00fev\u00ed \u00fe\u00e9r eigi\u00f0 a\u00f0 a\u00f0hyllast Drottin y\u00f0ar Gu\u00f0, \u00f3ttast hann og halda hans bo\u00f0or\u00f0, hl\u00fd\u00f0a hans raustu, d\u00fdrka hann, og halda y\u00f0ur vi\u00f0 hann.<a name=\"5\"><span class=\"versanumer\">5<\/span><\/a>En s\u00e1 sp\u00e1ma\u00f0ur e\u00f0a draumspekingur skal deyja, af \u00fev\u00ed hann hvatti til fr\u00e1falls fr\u00e1 Drottni y\u00f0ar Gu\u00f0i, sem \u00fatleiddi y\u00f0ur af Egyptalandi, og frelsa\u00f0i y\u00f0ur af \u00fev\u00ed \u00fer\u00e6ld\u00f3msfangelsinu, og af \u00fev\u00ed hann <span class='VideyAth'>(vildi ginna)<\/span> \u00feig af \u00feeim vegi, sem Drottinn \u00feinn Gu\u00f0 hefur bo\u00f0i\u00f0 \u00fe\u00e9r a\u00f0 ganga \u00e1.<a name=\"6\"><span class=\"versanumer\">6<\/span><\/a>Afm\u00e1i\u00f0 \u00fev\u00ed \u00feennan vo\u00f0a \u00far y\u00f0ar h\u00f3p. \u00deegar br\u00f3\u00f0ir \u00feinn samm\u00e6\u00f0ra, sonur \u00feinn e\u00f0a d\u00f3ttir \u00fe\u00edn e\u00f0a konan \u00ed fa\u00f0mi \u00fe\u00ednum, e\u00f0a vinur \u00feinn s\u00e1 \u00fe\u00fa elskar eins og \u00feitt eigi\u00f0 hjarta, r\u00e6\u00f0ur \u00fe\u00e9r einslega og segir: l\u00e1tum oss fara og d\u00fdrka annarlega gu\u00f0i\u2014sem hv\u00f6rki \u00fe\u00fa \u00feekkir n\u00e9 \u00fe\u00ednir forfe\u00f0ur,<a name=\"7\"><span class=\"versanumer\">7<\/span><\/a>svo sem gu\u00f0i \u00feeirra \u00fej\u00f3\u00f0a sem kringum y\u00f0ur eru, hv\u00f6rt \u00feeir eru n\u00e6r e\u00f0a fj\u00e6r, fr\u00e1 einu heimsskauti til annars\u2014<a name=\"8\"><span class=\"versanumer\">8<\/span><\/a>\u00fe\u00e1 skaltu ei fallast \u00e1 \u00feetta me\u00f0 honum, n\u00e9 gegna \u00fev\u00ed, \u00feitt auga skal ekki v\u00e6gja honum, og \u00fe\u00fa skalt ekki skj\u00f3ta skj\u00f3lsh\u00fasi yfir hann af miskunnsemi vi\u00f0 hann,<a name=\"9\"><span class=\"versanumer\">9<\/span><\/a>heldur skaltu drepa hann, \u00fe\u00edn kona skal vera hin fyrsta til a\u00f0 vega a\u00f0 honum, og \u00fear n\u00e6st h\u00f6nd alls alm\u00fagans.<a name=\"10\"><span class=\"versanumer\">10<\/span><\/a>Me\u00f0 grj\u00f3ti skulu\u00f0 \u00fe\u00e9r lemja hann til dau\u00f0a, \u00fev\u00ed hann vildi sv\u00edkja \u00feig fr\u00e1 Drottni \u00fe\u00ednum Gu\u00f0i sem a\u00f0 \u00fatleiddi \u00feig af Egyptalandi, \u00fev\u00ed \u00fer\u00e6ld\u00f3msfangelsinu,<a name=\"11\"><span class=\"versanumer\">11<\/span><\/a>svo a\u00f0 allur \u00cdsrael ver\u00f0i hr\u00e6ddur, \u00feegar hann heyrir sl\u00edkt, og taki aldrei s\u00ed\u00f0an upp \u00e1 sl\u00edku \u00f3d\u00e6\u00f0i me\u00f0al y\u00f0ar.<br \/><a name=\"12\"><span class=\"versanumer\">12<\/span><\/a>Ef \u00fe\u00fa heyrir \u00ed einhv\u00f6rjum \u00feeim borgum, sem Drottinn \u00feinn Gu\u00f0 hefir gefi\u00f0 \u00fe\u00e9r til \u00edb\u00fa\u00f0ar, a\u00f0 menn segja:<a name=\"13\"><span class=\"versanumer\">13<\/span><\/a>\u00e1 me\u00f0al \u00fe\u00edn eru uppkomnir nokkrir sk\u00e1lkar, sem hafa villt sta\u00f0arins innb\u00faa og sagt: l\u00e1tum oss fara og \u00fej\u00f3na annarlegum gu\u00f0um sem \u00fei\u00f0 \u00feekki\u00f0 ekki til,<a name=\"14\"><span class=\"versanumer\">14<\/span><\/a>\u00fe\u00e1 skaltu innvir\u00f0ulega rannsaka og rekast \u00ed \u00feessu, og ef \u00fea\u00f0 reynist satt, a\u00f0 s\u00fa sv\u00edvir\u00f0ing hafi veri\u00f0 framin me\u00f0al y\u00f0ar,<a name=\"15\"><span class=\"versanumer\">15<\/span><\/a>\u00fe\u00e1 skalt\u00fa sl\u00e1 borgarmennina \u00ed \u00feeim sta\u00f0 me\u00f0 sver\u00f0seggjum og leggja bann \u00e1 \u00fe\u00e1, me\u00f0 \u00f6llu sem \u00fear er inni, og einnig f\u00e9na\u00f0i \u00feeirra.<a name=\"16\"><span class=\"versanumer\">16<\/span><\/a>Allt herfangi\u00f0 \u00far \u00feeim sta\u00f0 skalt\u00fa bera fram \u00e1 mitt str\u00e6ti\u00f0, og brenna svo \u00ed eldi, \u00e1samt me\u00f0 borginni sj\u00e1lfri, til hei\u00f0urs vi\u00f0 Drottin \u00feinn Gu\u00f0, svo a\u00f0 borgin ver\u00f0i a\u00f0 \u00e6varandi moldarr\u00fast, og byggist aldrei s\u00ed\u00f0an.<br \/><a name=\"17\"><span class=\"versanumer\">17<\/span><\/a>L\u00e1t ekkert af \u00fev\u00ed bannf\u00e6r\u00f0a lo\u00f0a \u00fe\u00e9r vi\u00f0 h\u00f6ndur, svo a\u00f0 Drottinn megi sn\u00faa fr\u00e1 \u00fe\u00e9r sinni heiftarrei\u00f0i, vera \u00fe\u00e9r miskunnsamur og l\u00edknsamur og margfalda \u00feig, eins og hann me\u00f0 ei\u00f0i lofa\u00f0i \u00fe\u00ednum forfe\u00f0rum.<a name=\"18\"><span class=\"versanumer\">18<\/span><\/a>\u00de\u00fa hefir heyrt raustu Drottins \u00fe\u00edns Gu\u00f0s, a\u00f0 \u00fe\u00fa skyldir halda \u00f6ll hans bo\u00f0or\u00f0 sem eg legg fyrir \u00feig \u00ed dag, svo \u00fe\u00fa m\u00e6ttir gj\u00f6ra hva\u00f0 r\u00e9tt er \u00ed hans augum.<\/p>\n<div class=\"footnoteVidey\"><\/div>\n","protected":false},"excerpt":{"rendered":"<p>Um \u00feeirra straff sem t\u00e6li til afgu\u00f0ad\u00fdrkunar. 1Ef einhv\u00f6r sp\u00e1ma\u00f0ur e\u00f0a draumspekingur r\u00eds upp me\u00f0al y\u00f0ar, og gefur \u00fe\u00e9r eitthv\u00f6rt teikn e\u00f0ur fur\u00f0uverk,2og \u00fea\u00f0 teikn e\u00f0a undur r\u00e6tist, eins og hann sag\u00f0i fyrir, og hann segir: l\u00e1tum oss a\u00f0hyllast annarlega gu\u00f0i, sem \u00fe\u00e9r ekki \u00feekki\u00f0, og d\u00fdrka \u00fe\u00e1,3\u00fe\u00e1 skaltu ekki hl\u00fd\u00f0a or\u00f0um \u00feess sp\u00e1manns e\u00f0a draumspekings, \u00fev\u00ed a\u00f0 Drottinn y\u00f0ar Gu\u00f0 freistar y\u00f0ar me\u00f0 \u00feessu, \u00fear hann vill reyna hv\u00f6rt \u00fe\u00e9r elski\u00f0 sig af \u00f6llu hjarta og allri s\u00e1lu,4\u00fev\u00ed \u00fe\u00e9r eigi\u00f0 a\u00f0 a\u00f0hyllast Drottin y\u00f0ar Gu\u00f0, \u00f3ttast hann og halda hans bo\u00f0or\u00f0, hl\u00fd\u00f0a hans raustu, d\u00fdrka hann, og halda y\u00f0ur <a href=\"https:\/\/biblian.is\/videy\/fimmta-mosebok-13-kafli\/\"> [&#8230;]<\/a><\/p>\n","protected":false},"author":1,"featured_media":0,"parent":0,"menu_order":0,"comment_status":"open","ping_status":"open","template":"bibliukaflar.php","meta":{"footnotes":""},"class_list":["post-21015","page","type-page","status-publish","hentry"],"_links":{"self":[{"href":"https:\/\/biblian.is\/videy\/wp-json\/wp\/v2\/pages\/21015","targetHints":{"allow":["GET"]}}],"collection":[{"href":"https:\/\/biblian.is\/videy\/wp-json\/wp\/v2\/pages"}],"about":[{"href":"https:\/\/biblian.is\/videy\/wp-json\/wp\/v2\/types\/page"}],"author":[{"embeddable":true,"href":"https:\/\/biblian.is\/videy\/wp-json\/wp\/v2\/users\/1"}],"replies":[{"embeddable":true,"href":"https:\/\/biblian.is\/videy\/wp-json\/wp\/v2\/comments?post=21015"}],"version-history":[{"count":0,"href":"https:\/\/biblian.is\/videy\/wp-json\/wp\/v2\/pages\/21015\/revisions"}],"wp:attachment":[{"href":"https:\/\/biblian.is\/videy\/wp-json\/wp\/v2\/media?parent=21015"}],"curies":[{"name":"wp","href":"https:\/\/api.w.org\/{rel}","templated":true}]}}