{"id":21014,"date":"2018-01-02T00:59:56","date_gmt":"2018-01-02T00:59:56","guid":{"rendered":"http:\/\/biblian.is\/videy\/fimmta-mosebok-12-kafli\/"},"modified":"2018-01-02T00:59:56","modified_gmt":"2018-01-02T00:59:56","slug":"fimmta-mosebok-12-kafli","status":"publish","type":"page","link":"https:\/\/biblian.is\/videy\/fimmta-mosebok-12-kafli\/","title":{"rendered":"Fimmta M\u00f3seb\u00f3k 12. kafli"},"content":{"rendered":"<div class=\"fyrirsognVidey\">Hv\u00f6rnig Gu\u00f0 vill d\u00fdrkast \u00ed \u00cdsrael.<\/div>\n<p><a name=\"1\"><span class=\"versanumer\">1<\/span><\/a>\u00deessi eru \u00feau bo\u00f0 og tilskipanir sem \u00fe\u00e9r eigi\u00f0 a\u00f0 var\u00f0veita svo lengi sem \u00fe\u00e9r lifi\u00f0 \u00e1 j\u00f6r\u00f0unni, svo \u00fe\u00e9r geti\u00f0 breytt eftir \u00feeim \u00ed \u00fev\u00ed landinu, sem Drottinn, \u00feinna fe\u00f0ra Gu\u00f0, hefir gefi\u00f0 \u00fe\u00e9r til eignar.<a name=\"2\"><span class=\"versanumer\">2<\/span><\/a>Ni\u00f0urbrj\u00f3ti\u00f0 a\u00f0 velli alla \u00fe\u00e1 sta\u00f0i, hv\u00f6rt \u00feeir eru \u00e1 h\u00e1fj\u00f6llum, h\u00e1lsum, e\u00f0a \u00fe\u00e1 undir bl\u00f3mgu\u00f0um vi\u00f0areikum, \u00e1 hv\u00f6rjum \u00fej\u00f3\u00f0irnar\u2014sem \u00fe\u00e9r munu\u00f0 reka fr\u00e1 l\u00f6ndum\u2014hafa \u00fej\u00f3na\u00f0 s\u00ednum gu\u00f0um.<a name=\"3\"><span class=\"versanumer\">3<\/span><\/a>Ni\u00f0urr\u00edfi\u00f0 \u00feeirra stalla, brj\u00f3ti\u00f0 \u00feeirra myndarst\u00f3lpa, uppbrenni\u00f0 \u00ed eldi \u00feeirra lunda og m\u00f6lvi\u00f0 \u00feeirra go\u00f0, og uppr\u00e6ti\u00f0 \u00feannig \u00feeirra n\u00f6fn \u00far \u00feessum st\u00f6\u00f0um.<a name=\"4\"><span class=\"versanumer\">4<\/span><\/a>\u00de\u00e9r skulu\u00f0 ekki d\u00fdrka Drottin y\u00f0ar Gu\u00f0 me\u00f0 l\u00edkum h\u00e6tti,<a name=\"5\"><span class=\"versanumer\">5<\/span><\/a>heldur \u00ed \u00feeim sta\u00f0 \u00fear sem Drottinn y\u00f0ar Gu\u00f0 mun velja s\u00e9r af \u00f6llum kynkv\u00edslum til \u00edb\u00fa\u00f0ar, a\u00f0 \u00fev\u00ed hans h\u00fasi skulu\u00f0 \u00fe\u00e9r leita og \u00feanga\u00f0 s\u00e6kja,<a name=\"6\"><span class=\"versanumer\">6<\/span><\/a>\u00feanga\u00f0 skulu\u00f0 \u00fe\u00e9r flytja y\u00f0ar brennioffur, og a\u00f0rar f\u00f3rnir, y\u00f0ar t\u00edundir og g\u00e1fur, y\u00f0ar heitgjafir og sj\u00e1lfkrafa f\u00f3rnir og frumbur\u00f0i y\u00f0ar st\u00f3rf\u00e9na\u00f0ar og sau\u00f0fj\u00e1r;<a name=\"7\"><span class=\"versanumer\">7<\/span><\/a>og \u00fear skulu\u00f0 \u00fe\u00e9r frammi fyrir Drottni y\u00f0ar Gu\u00f0i halda m\u00e1lt\u00ed\u00f0 og gle\u00f0ja y\u00f0ur \u00e1samt me\u00f0 heimilisf\u00f3lki y\u00f0ar, \u00fat af \u00f6llum y\u00f0ar \u00fatvegi, \u00fev\u00ed a\u00f0 Drottinn y\u00f0ar Gu\u00f0 mun blessa \u00feig;<a name=\"8\"><span class=\"versanumer\">8<\/span><\/a>\u00fe\u00e9r skulu\u00f0 ekki heg\u00f0a y\u00f0ur \u00fe\u00e1, eins og v\u00e9r heg\u00f0um oss n\u00fa, er hv\u00f6r gj\u00f6rir \u00fea\u00f0 honum gott \u00feykir,<a name=\"9\"><span class=\"versanumer\">9<\/span><\/a>\u00fev\u00ed \u00fe\u00e9r eru\u00f0 ekki enn komnir \u00e1 hv\u00edldarsta\u00f0inn, n\u00e9 til eignarinnar, sem Drottinn \u00feinn Gu\u00f0 mun gefa \u00fe\u00e9r.<a name=\"10\"><span class=\"versanumer\">10<\/span><\/a>En \u00fe\u00e9r munu\u00f0 komast yfir um J\u00f3rdan og b\u00faa \u00ed \u00fev\u00ed landi sem Drottinn Gu\u00f0 y\u00f0ar \u00fathlutar y\u00f0ur, \u00fe\u00e1 fyrst munu\u00f0 \u00fe\u00e9r \u00f6\u00f0last n\u00e6\u00f0i fyrir \u00f6llum y\u00f0ar \u00f3vinum allt \u00ed kring, og mega b\u00faa ugglausir.<a name=\"11\"><span class=\"versanumer\">11<\/span><\/a>Og \u00feegar n\u00fa Drottinn hefir \u00fatvali\u00f0 s\u00e9r sta\u00f0 til \u00edb\u00fa\u00f0ar, \u00fe\u00e1 skulu\u00f0 \u00fe\u00e9r flytja \u00feanga\u00f0 allt sem eg hefi bo\u00f0i\u00f0 y\u00f0ur, b\u00e6\u00f0i y\u00f0ar brennioffur og a\u00f0rar f\u00f3rnir, y\u00f0ar t\u00edundir, g\u00e1fur og \u00fatvalin heitoffur, sem \u00fe\u00e9r \u00e1nafni\u00f0 Drottni;<a name=\"12\"><span class=\"versanumer\">12<\/span><\/a>\u00fear skulu\u00f0 \u00fe\u00e9r gle\u00f0ja y\u00f0ur frammi fyrir Drottni y\u00f0ar og Gu\u00f0i, me\u00f0 sonum y\u00f0ar og d\u00e6trum, h\u00fask\u00f6llum y\u00f0ar og \u00feernum og Lev\u00edtunum sem eru innan y\u00f0ar borgarhli\u00f0a, sem \u00f6ngva hlutdeilt e\u00f0ur eigind\u00f3m hafa me\u00f0 y\u00f0ur;<a name=\"13\"><span class=\"versanumer\">13<\/span><\/a>en vara \u00feig vi\u00f0 \u00fev\u00ed a\u00f0 \u00fe\u00fa offrir ekki \u00fe\u00ednu brennioffri \u00e1 hv\u00f6rjum helst sta\u00f0 sem fyrir \u00feig ber,<a name=\"14\"><span class=\"versanumer\">14<\/span><\/a>heldur \u00ed \u00feeim sta\u00f0 sem Drottinn \u00fatvelur me\u00f0al einhv\u00f6rrar af \u00fe\u00ednum kynkv\u00edslum, \u00fear skaltu offra \u00fe\u00ednu brennioffri og gj\u00f6ra allt \u00fea\u00f0 sem eg lag\u00f0i fyrir \u00feig.<a name=\"15\"><span class=\"versanumer\">15<\/span><\/a>Samt m\u00e1ttu sl\u00e1tra og eta kj\u00f6t \u00ed borgum \u00fe\u00ednum, eftir \u00feinni eigin vild, \u00fev\u00ed a\u00f0 Drottinn \u00feinn Gu\u00f0 hefur \u00fear til gefi\u00f0 \u00fe\u00e9r s\u00edna blessun; b\u00e6\u00f0i hinn hreini og \u00f3hreini megu eta \u00fea\u00f0, svo sem til a\u00f0 taka, b\u00e6\u00f0i r\u00e1d\u00fdr og hirti,<a name=\"16\"><span class=\"versanumer\">16<\/span><\/a>\u00fe\u00f3 svo a\u00f0 \u00fe\u00fa etir ekki bl\u00f3\u00f0i\u00f0, heldur hellir \u00fev\u00ed \u00fat \u00e1 j\u00f6r\u00f0ina eins og vatni.<a name=\"17\"><span class=\"versanumer\">17<\/span><\/a>En ekki megi\u00f0 \u00fe\u00e9r \u00ed borgum y\u00f0ar eta af t\u00edundum y\u00f0ar korns, v\u00edns og vi\u00f0smj\u00f6rs, ekki heldur af frumbur\u00f0i \u00feinna k\u00faa, sau\u00f0fj\u00e1r, e\u00f0a nokku\u00f0 af \u00feeim heitoffrum sem \u00fe\u00fa hefir lofa\u00f0, e\u00f0a af \u00fe\u00ednu sj\u00e1lfkrafa offri e\u00f0a af \u00fe\u00ednum g\u00e1fum;<a name=\"18\"><span class=\"versanumer\">18<\/span><\/a>heldur skaltu \u00feetta eta frammi fyrir Drottni \u00fe\u00ednum Gu\u00f0i, \u00ed \u00feeim sta\u00f0 sem hann \u00fatvelur, \u00e1samt me\u00f0 syni \u00fe\u00ednum, d\u00f3ttur, h\u00faskalli og amb\u00e1tt og \u00feeim Lev\u00edtum sem eru innan \u00feinna borgarhli\u00f0a, og skaltu \u00fe\u00e1 gle\u00f0ja \u00feig \u00fat af \u00f6llum \u00fe\u00ednum \u00fatvegum,<a name=\"19\"><span class=\"versanumer\">19<\/span><\/a>og vara \u00feig vi\u00f0 \u00fev\u00ed a\u00f0 \u00fe\u00fa aldrei vanr\u00e6kir Lev\u00edtana.<a name=\"20\"><span class=\"versanumer\">20<\/span><\/a>\u00deegar Drottinn \u00feinn Gu\u00f0 f\u00e6rir \u00fat \u00fe\u00edn landamerki, eins og hann hefir lofa\u00f0 \u00fe\u00e9r, og \u00feig langar til a\u00f0 eta kj\u00f6t, \u00fe\u00e1 m\u00e1ttu neyta \u00feess eins og \u00feig lystir.<a name=\"21\"><span class=\"versanumer\">21<\/span><\/a>En ef s\u00e1 sta\u00f0ur er \u00ed fjarska vi\u00f0 \u00feig sem Drottinn \u00feinn Gu\u00f0 hefir \u00fatvali\u00f0 s\u00e9r til \u00edb\u00fa\u00f0ar, \u00fe\u00e1 m\u00e1ttu sl\u00e1tra af \u00fe\u00ednum nautum e\u00f0ur sau\u00f0f\u00e9, sem Drottinn hefir gefi\u00f0 \u00fe\u00e9r, eins og eg hefi bo\u00f0i\u00f0 \u00fe\u00e9r, og et \u00fea\u00f0 svo \u00ed \u00fe\u00ednum borgum eftir lyst \u00feinni,<a name=\"22\"><span class=\"versanumer\">22<\/span><\/a>einasta s\u00e9 \u00fea\u00f0 me\u00f0 sama h\u00e6tti og ma\u00f0ur etur r\u00e1d\u00fdr e\u00f0a hj\u00f6rt, \u00fe\u00e1 m\u00e1ttu eta \u00fea\u00f0; b\u00e6\u00f0i s\u00e1 hreini og \u00f3hreini megu bor\u00f0a \u00fea\u00f0 af \u00fev\u00ed;<a name=\"23\"><span class=\"versanumer\">23<\/span><\/a>einasta vara \u00feig a\u00f0 \u00fe\u00fa etir ei bl\u00f3\u00f0i\u00f0, \u00fev\u00ed a\u00f0 <span class='VideyAth'>(l\u00edfi\u00f0)<\/span> er \u00ed bl\u00f3\u00f0inu, en enginn m\u00e1 eta lifandi hold.<a name=\"24\"><span class=\"versanumer\">24<\/span><\/a>Heldur skaltu hella \u00fev\u00ed \u00fat \u00e1 j\u00f6r\u00f0ina sem vatni,<a name=\"25\"><span class=\"versanumer\">25<\/span><\/a>og \u00fe\u00fa skalt ekki eta \u00fea\u00f0, svo \u00fe\u00e9r megi vel vegna og b\u00f6rnum \u00fe\u00ednum eftir \u00feig, \u00fear e\u00f0 \u00fe\u00fa hafir gj\u00f6rt \u00fea\u00f0 sem Drottni l\u00edka\u00f0i.<br \/><a name=\"26\"><span class=\"versanumer\">26<\/span><\/a>En hafir \u00fe\u00fa helga\u00f0 eitthva\u00f0 sem er undir \u00feinni hendi, e\u00f0ur \u00fe\u00fa hefir gj\u00f6rt \u00e1heiti, \u00fe\u00e1 skaltu taka \u00fea\u00f0 og flytja til \u00feess sta\u00f0ar sem Drottinn hefir vali\u00f0 s\u00e9r;<a name=\"27\"><span class=\"versanumer\">27<\/span><\/a>\u00fear skaltu offra \u00feinni brennif\u00f3rn me\u00f0 kj\u00f6ti og bl\u00f3\u00f0i, \u00e1 altari \u00fe\u00edns Gu\u00f0s. En bl\u00f3\u00f0inu af \u00fe\u00ednu offri skaltu hella \u00e1 altari Drottins \u00fe\u00edns Gu\u00f0s, en kj\u00f6ti\u00f0 m\u00e1ttu eta. <br \/><a name=\"28\"><span class=\"versanumer\">28<\/span><\/a>Kosta\u00f0u n\u00fa kapps um a\u00f0 halda \u00f6ll \u00feessi bo\u00f0or\u00f0 sem eg legg fyrir \u00feig, svo a\u00f0 \u00fe\u00e9r megi \u00e6vinlega vel vegna og \u00fe\u00ednum ni\u00f0jum fyrir \u00fea\u00f0, a\u00f0 \u00fe\u00fa gj\u00f6rir \u00fea\u00f0 sem er r\u00e9tt og gott \u00ed augum Drottins \u00fe\u00edns Gu\u00f0s.<br \/><a name=\"29\"><span class=\"versanumer\">29<\/span><\/a>\u00deegar n\u00fa Drottinn \u00feinn Gu\u00f0 hefir afm\u00e1\u00f0 \u00fe\u00e6r \u00fej\u00f3\u00f0ir sem \u00fe\u00fa ert \u00e1 veginum a\u00f0 leggja undir \u00feig, og \u00fe\u00fa ert sestur \u00fear a\u00f0, eins og \u00feinni eign,<a name=\"30\"><span class=\"versanumer\">30<\/span><\/a>\u00fe\u00e1 vara \u00feig a\u00f0 \u00fe\u00fa freistist ekki til a\u00f0 taka upp \u00feeirra si\u00f0i, og farir ei a\u00f0 forvitnast um \u00feeirra gu\u00f0i og segir: eins og \u00feessar \u00fej\u00f3\u00f0ir d\u00fdrku\u00f0u s\u00edna gu\u00f0i, eins vil eg og gj\u00f6ra;<a name=\"31\"><span class=\"versanumer\">31<\/span><\/a>\u00fe\u00fa skalt ekki heg\u00f0a \u00fe\u00e9r svo vi\u00f0 Drottin \u00feinn Gu\u00f0, \u00fev\u00ed allt sem Drottinn \u00e1l\u00edtur sv\u00edvir\u00f0ilegt og honum er \u00e1 m\u00f3ti, gj\u00f6ra \u00feessar \u00fej\u00f3\u00f0ir gu\u00f0um s\u00ednum til hei\u00f0urs, svo \u00feeir jafnvel hafa gu\u00f0um s\u00ednum til ge\u00f0s brennt \u00ed eldi syni s\u00edna og d\u00e6tur.<a name=\"32\"><span class=\"versanumer\">32<\/span><\/a>\u00de\u00e9r skulu\u00f0 halda \u00f6ll \u00feau bo\u00f0or\u00f0, sem eg legg fyrir y\u00f0ur til eftirbreytni, \u00fe\u00e9r skulu\u00f0 hv\u00f6rki auka \u00fear vi\u00f0 n\u00e9 fr\u00e1taka.<\/p>\n<div class=\"footnoteVidey\"><\/div>\n","protected":false},"excerpt":{"rendered":"<p>Hv\u00f6rnig Gu\u00f0 vill d\u00fdrkast \u00ed \u00cdsrael. 1\u00deessi eru \u00feau bo\u00f0 og tilskipanir sem \u00fe\u00e9r eigi\u00f0 a\u00f0 var\u00f0veita svo lengi sem \u00fe\u00e9r lifi\u00f0 \u00e1 j\u00f6r\u00f0unni, svo \u00fe\u00e9r geti\u00f0 breytt eftir \u00feeim \u00ed \u00fev\u00ed landinu, sem Drottinn, \u00feinna fe\u00f0ra Gu\u00f0, hefir gefi\u00f0 \u00fe\u00e9r til eignar.2Ni\u00f0urbrj\u00f3ti\u00f0 a\u00f0 velli alla \u00fe\u00e1 sta\u00f0i, hv\u00f6rt \u00feeir eru \u00e1 h\u00e1fj\u00f6llum, h\u00e1lsum, e\u00f0a \u00fe\u00e1 undir bl\u00f3mgu\u00f0um vi\u00f0areikum, \u00e1 hv\u00f6rjum \u00fej\u00f3\u00f0irnar\u2014sem \u00fe\u00e9r munu\u00f0 reka fr\u00e1 l\u00f6ndum\u2014hafa \u00fej\u00f3na\u00f0 s\u00ednum gu\u00f0um.3Ni\u00f0urr\u00edfi\u00f0 \u00feeirra stalla, brj\u00f3ti\u00f0 \u00feeirra myndarst\u00f3lpa, uppbrenni\u00f0 \u00ed eldi \u00feeirra lunda og m\u00f6lvi\u00f0 \u00feeirra go\u00f0, og uppr\u00e6ti\u00f0 \u00feannig \u00feeirra n\u00f6fn \u00far \u00feessum st\u00f6\u00f0um.4\u00de\u00e9r skulu\u00f0 ekki d\u00fdrka Drottin y\u00f0ar Gu\u00f0 me\u00f0 l\u00edkum <a href=\"https:\/\/biblian.is\/videy\/fimmta-mosebok-12-kafli\/\"> [&#8230;]<\/a><\/p>\n","protected":false},"author":1,"featured_media":0,"parent":0,"menu_order":0,"comment_status":"open","ping_status":"open","template":"bibliukaflar.php","meta":{"footnotes":""},"class_list":["post-21014","page","type-page","status-publish","hentry"],"_links":{"self":[{"href":"https:\/\/biblian.is\/videy\/wp-json\/wp\/v2\/pages\/21014","targetHints":{"allow":["GET"]}}],"collection":[{"href":"https:\/\/biblian.is\/videy\/wp-json\/wp\/v2\/pages"}],"about":[{"href":"https:\/\/biblian.is\/videy\/wp-json\/wp\/v2\/types\/page"}],"author":[{"embeddable":true,"href":"https:\/\/biblian.is\/videy\/wp-json\/wp\/v2\/users\/1"}],"replies":[{"embeddable":true,"href":"https:\/\/biblian.is\/videy\/wp-json\/wp\/v2\/comments?post=21014"}],"version-history":[{"count":0,"href":"https:\/\/biblian.is\/videy\/wp-json\/wp\/v2\/pages\/21014\/revisions"}],"wp:attachment":[{"href":"https:\/\/biblian.is\/videy\/wp-json\/wp\/v2\/media?parent=21014"}],"curies":[{"name":"wp","href":"https:\/\/api.w.org\/{rel}","templated":true}]}}