{"id":21013,"date":"2018-01-02T00:59:56","date_gmt":"2018-01-02T00:59:56","guid":{"rendered":"http:\/\/biblian.is\/videy\/fimmta-mosebok-11-kafli\/"},"modified":"2018-01-02T00:59:56","modified_gmt":"2018-01-02T00:59:56","slug":"fimmta-mosebok-11-kafli","status":"publish","type":"page","link":"https:\/\/biblian.is\/videy\/fimmta-mosebok-11-kafli\/","title":{"rendered":"Fimmta M\u00f3seb\u00f3k 11. kafli"},"content":{"rendered":"<div class=\"fyrirsognVidey\">\u00deeim er heitin fars\u00e6ld sem hl\u00fd\u00f0a Gu\u00f0s bo\u00f0or\u00f0um.<\/div>\n<p><a name=\"1\"><span class=\"versanumer\">1<\/span><\/a>Elska skaltu Drottin \u00feinn Gu\u00f0, og halda hans l\u00f6g, tilskipanir og bo\u00f0or\u00f0 alla \u00fe\u00edna \u00e6vi;<a name=\"2\"><span class=\"versanumer\">2<\/span><\/a>\u00fev\u00ed \u00fe\u00e9r \u00feekki\u00f0\u2014ekki tala eg \u00feetta til barna y\u00f0ar, sem hv\u00f6rki hafa skynbrag\u00f0 \u00e1, n\u00e9 hafa s\u00e9\u00f0 aga Drottins y\u00f0ar Gu\u00f0s,<a name=\"3\"><span class=\"versanumer\">3<\/span><\/a>j\u00e1, \u00fe\u00e9r \u00feekki\u00f0 hans d\u00fdr\u00f0, hans volduga h\u00f6nd og \u00fatr\u00e9ttan armlegg, hans st\u00f3rmerki og d\u00e1semdarverk, sem hann gj\u00f6r\u00f0i me\u00f0al egypskra, \u00e1 faraoni Egyptalandskonungi og \u00f6llu landi hans,<a name=\"4\"><span class=\"versanumer\">4<\/span><\/a>og hva\u00f0 hann gj\u00f6r\u00f0i vi\u00f0 herli\u00f0 egypskra, vi\u00f0 \u00feeirra hervagna og v\u00edghesta, \u00feegar hann hleypti \u00e1 \u00fe\u00e1 vatninu \u00ed Rau\u00f0ahafinu, er \u00feeir eltu y\u00f0ur, og ey\u00f0ilag\u00f0i \u00fe\u00e1, hva\u00f0 allt er enn \u00ed manna minni;<a name=\"5\"><span class=\"versanumer\">5<\/span><\/a>og hva\u00f0 hann gj\u00f6r\u00f0i vi\u00f0 y\u00f0ur \u00ed ey\u00f0im\u00f6rkinni allt til \u00feess \u00fe\u00e9r komust hinga\u00f0;<a name=\"6\"><span class=\"versanumer\">6<\/span><\/a>og hv\u00f6rnig hann f\u00f3r me\u00f0 Datan og Ab\u00edram syni Eliabs, sem voru af R\u00faben\u00edtum, a\u00f0 j\u00f6r\u00f0in opna\u00f0i sinn munn og svelgdi \u00fe\u00e1 \u00ed sig mitt \u00far flokki \u00cdsrael\u00edta, \u00e1samt me\u00f0 \u00feeirra heimilisf\u00f3lki, tj\u00f6ldum og \u00f6llu g\u00f3ssi \u00feeirra sem \u00feeir h\u00f6f\u00f0u afla\u00f0;<a name=\"7\"><span class=\"versanumer\">7<\/span><\/a>hv\u00f6r mikil d\u00e1semdarverk Drottins \u00fe\u00e9r hafi\u00f0 s\u00e9\u00f0 me\u00f0 eigin augum.\u2014<a name=\"8\"><span class=\"versanumer\">8<\/span><\/a>\u00deess vegna skulu\u00f0 \u00fe\u00e9r halda \u00f6ll \u00feau bo\u00f0or\u00f0 sem eg legg \u00ed dag fyrir y\u00f0ur, svo y\u00f0ur veitist styrkur til a\u00f0 n\u00e1 a\u00f0 eignast \u00fea\u00f0 landi\u00f0, sem \u00fe\u00e9r n\u00fa \u00e6tli\u00f0 a\u00f0 setja y\u00f0ur yfir um J\u00f3rdan til a\u00f0 n\u00e1 undir y\u00f0ur,<a name=\"9\"><span class=\"versanumer\">9<\/span><\/a>og til \u00feess \u00fe\u00fa megir lengi lifa \u00ed \u00fev\u00ed landi sem Drottinn lofa\u00f0i me\u00f0 ei\u00f0i a\u00f0 gefa forfe\u00f0rum \u00fe\u00ednum og \u00feeirra ni\u00f0jum, landinu hvar mj\u00f3lkinni fl\u00e6\u00f0ir og hunanginu.<a name=\"10\"><span class=\"versanumer\">10<\/span><\/a>Og \u00feetta land, sem \u00fe\u00fa gengur til a\u00f0 eignast er ekki eins og Egyptaland, hva\u00f0an \u00fe\u00e9r f\u00f3ru\u00f0, \u00fev\u00ed \u00feegar \u00fe\u00fa varst b\u00fainn a\u00f0 s\u00e1 \u00fear fr\u00e6i \u00fe\u00ednu, m\u00e1ttu f\u00e6tur \u00fe\u00ednir hafa fyrir a\u00f0 v\u00f6kva \u00fea\u00f0, eins og annan k\u00e1lgar\u00f0,<a name=\"11\"><span class=\"versanumer\">11<\/span><\/a>heldur hefir \u00feetta land sem \u00fe\u00e9r \u00e6tli\u00f0 a\u00f0 setja yfir um til a\u00f0 eignast b\u00e6\u00f0i fj\u00f6ll og dali, og \u00fea\u00f0 drekkur himinsins regnvatn. <br \/><a name=\"12\"><span class=\"versanumer\">12<\/span><\/a>Drottinn \u00feinn Gu\u00f0 ber umhyggju fyrir \u00feessu landi, og hans augu g\u00e6ta a\u00f0 \u00fev\u00ed fr\u00e1 \u00e1rsins byrjun til \u00feess enda;<a name=\"13\"><span class=\"versanumer\">13<\/span><\/a>ef \u00fe\u00e9r hl\u00fd\u00f0i\u00f0 m\u00ednum bo\u00f0or\u00f0um sem eg legg fyrir y\u00f0ur \u00ed dag, sem eru: a\u00f0 \u00fe\u00e9r elski\u00f0 Drottin y\u00f0ar Gu\u00f0 og \u00fej\u00f3ni\u00f0 honum af \u00f6llu hjarta og af allri s\u00e1lu,<a name=\"14\"><span class=\"versanumer\">14<\/span><\/a>\u00fe\u00e1 skal eg <span class='VideyAth'>(segir Drottinn)<\/span> gefa y\u00f0ar landi regn \u00ed t\u00e6kan t\u00edma, b\u00e6\u00f0i vor og haust, svo \u00fe\u00fa getir safna\u00f0 \u00fe\u00e9r korni \u00fe\u00ednu, v\u00edni og vi\u00f0smj\u00f6ri;<a name=\"15\"><span class=\"versanumer\">15<\/span><\/a>\u00fe\u00e1 skal eg l\u00e1ta spretta \u00ed h\u00f6gunum n\u00f3g gras handa f\u00e9na\u00f0i \u00fe\u00ednum, svo \u00fe\u00e9r geti\u00f0 fengi\u00f0 n\u00e6gjanlegt vi\u00f0urv\u00e6ri. <br \/><a name=\"16\"><span class=\"versanumer\">16<\/span><\/a>En vari\u00f0 y\u00f0ur vi\u00f0 \u00fev\u00ed, a\u00f0 l\u00e1ta ekki y\u00f0ar hj\u00f6rtu t\u00e6last til a\u00f0 falla fr\u00e1 og \u00fej\u00f3na annarlegum gu\u00f0um og d\u00fdrka \u00fe\u00e1,<a name=\"17\"><span class=\"versanumer\">17<\/span><\/a>\u00fev\u00ed \u00fe\u00e1 mun Drottni gremjast vi\u00f0 y\u00f0ur, og loka himninum svo ekki komi regn, n\u00e9 j\u00f6r\u00f0in gefi \u00e1v\u00f6xt, en \u00fe\u00e9r snarlega uppr\u00e6tist \u00far landinu \u00fev\u00ed g\u00f3\u00f0a, sem Drottinn hefir gefi\u00f0 y\u00f0ur.<a name=\"18\"><span class=\"versanumer\">18<\/span><\/a>Innr\u00e6ti\u00f0 \u00fev\u00ed \u00feessi m\u00edn or\u00f0 y\u00f0ar hj\u00f6rtum og s\u00e1lum, og bindi\u00f0 \u00feau til merkis fyrir ofan hendurnar, og \u00feau s\u00e9u minnisbl\u00f6\u00f0 millum augna y\u00f0ar;<a name=\"19\"><span class=\"versanumer\">19<\/span><\/a>br\u00fdni\u00f0 \u00feau fyrir b\u00f6rnum y\u00f0ar og r\u00e6\u00f0i\u00f0 um \u00feau b\u00e6\u00f0i n\u00e6r \u00fe\u00e9r sitji\u00f0 inni og eru\u00f0 \u00e1 ferilsf\u00e6ti,<a name=\"20\"><span class=\"versanumer\">20<\/span><\/a>n\u00e6r \u00fe\u00fa leggur \u00feig fyrir og r\u00eds upp,<a name=\"21\"><span class=\"versanumer\">21<\/span><\/a>skrifa \u00feau \u00e1 dyrustafi h\u00fass \u00fe\u00edns og \u00e1 borgarhli\u00f0in, svo a\u00f0 \u00fe\u00fa og b\u00f6rn \u00fe\u00edn megi lengi lifa \u00ed \u00fev\u00ed landinu, sem Drottinn me\u00f0 ei\u00f0i h\u00e9t forfe\u00f0rum \u00fe\u00ednum a\u00f0 gefa \u00feeim, j\u00e1, lifa svo lengi sem dagur af himni rennur yfir j\u00f6r\u00f0ina,<a name=\"22\"><span class=\"versanumer\">22<\/span><\/a>\u00fev\u00ed ef \u00fe\u00e9r haldi\u00f0 \u00f6ll \u00feessi bo\u00f0or\u00f0, sem eg legg fyrir y\u00f0ur, og breyti\u00f0 eftir \u00feeim, svo \u00fe\u00e9r elski\u00f0 Drottin y\u00f0ar Gu\u00f0, gangi\u00f0 \u00e1 \u00f6llum hans vegum, og haldi\u00f0 y\u00f0ur vi\u00f0 hann,<a name=\"23\"><span class=\"versanumer\">23<\/span><\/a>\u00fe\u00e1 mun Drottinn reka \u00ed burtu fyrir y\u00f0ur allar \u00fej\u00f3\u00f0ir, svo a\u00f0 \u00fe\u00e9r geti\u00f0 lagt undir y\u00f0ur st\u00e6rri og voldugri \u00fej\u00f3\u00f0 en \u00fe\u00e9r eru\u00f0 sj\u00e1lfir.<a name=\"24\"><span class=\"versanumer\">24<\/span><\/a>S\u00e9rhv\u00f6r sta\u00f0ur, sem \u00fe\u00e9r st\u00edgi\u00f0 f\u00e6ti \u00e1 skal ver\u00f0a y\u00f0ar eign, fr\u00e1 ey\u00f0im\u00f6rkinni allt til L\u00edbanon, fr\u00e1 elfunni Frat allt til Vesturhafsins <span class='VideyAth'>(\u00fe. e. Mi\u00f0jar\u00f0arhafsins)<\/span> skulu y\u00f0ar landamerki n\u00e1.<a name=\"25\"><span class=\"versanumer\">25<\/span><\/a>Enginn skal geta sta\u00f0ist fyrir y\u00f0ur; \u00f3tta fyrir y\u00f0ur og hr\u00e6\u00f0slu mun Drottinn l\u00e1ta koma yfir \u00f6ll \u00feau l\u00f6nd sem \u00fe\u00e9r fari\u00f0 yfir, eins og hann hefir sagt y\u00f0ur.<a name=\"26\"><span class=\"versanumer\">26<\/span><\/a>Sj\u00e1! eg legg y\u00f0ur fyrir sj\u00f3nir \u00ed dag blessunina og b\u00f6lvunina,<a name=\"27\"><span class=\"versanumer\">27<\/span><\/a>blessunina, ef \u00fe\u00e9r hl\u00fd\u00f0i\u00f0 \u00feeim bo\u00f0or\u00f0um Drottins y\u00f0ar Gu\u00f0s sem eg legg fyrir y\u00f0ur \u00ed dag,<a name=\"28\"><span class=\"versanumer\">28<\/span><\/a>en b\u00f6lvanina, ef \u00fe\u00e9r hl\u00fd\u00f0i\u00f0 ekki bo\u00f0or\u00f0um Drottins y\u00f0ar Gu\u00f0s, og v\u00edki\u00f0 af \u00feeim vegi sem eg b\u00fd\u00f0 y\u00f0ur \u00ed dag, og gefi\u00f0 y\u00f0ur vi\u00f0 annarlegum gu\u00f0um sem \u00fe\u00e9r ekki \u00feekki\u00f0.<a name=\"29\"><span class=\"versanumer\">29<\/span><\/a>\u00deegar Drottinn hefir leitt \u00feig inn \u00ed landi\u00f0 sem \u00fe\u00fa ert \u00e1 veginum a\u00f0 eignast, \u00fe\u00e1 skaltu hr\u00f3pa blessunina \u00e1 fjallinu Grisim, en b\u00f6lvanina \u00e1 fjallinu Ebal,<a name=\"30\"><span class=\"versanumer\">30<\/span><\/a><span class='VideyAth'>(sem eru hinumegin vi\u00f0 J\u00f3rdan, \u00ed vestur, \u00e1 sl\u00e9ttlendi Kanaanslands, \u00e1 m\u00f3ts vi\u00f0 Gilgal, hj\u00e1 terpent\u00ednstr\u00e9nu M\u00f3re *)<\/span>,<a name=\"31\"><span class=\"versanumer\">31<\/span><\/a>\u00fev\u00ed \u00fe\u00fa munt fara yfir um J\u00f3rdan svo \u00fe\u00fa komist \u00feanga\u00f0 til a\u00f0 eignast landi\u00f0, sem Drottinn y\u00f0ar Gu\u00f0 hefir gefi\u00f0 y\u00f0ur til eignar og \u00e1b\u00fa\u00f0ar.<a name=\"32\"><span class=\"versanumer\">32<\/span><\/a>G\u00e6ti\u00f0 \u00feess vegna a\u00f0 \u00fev\u00ed, a\u00f0 \u00fe\u00e9r breyti\u00f0 eftir \u00f6llum \u00feeim l\u00f6gum og tilskipunum sem eg hefi lagt fyrir y\u00f0ur \u00ed dag.<\/p>\n<div class=\"footnoteVidey\">V. 10.11. \u00cd Egyptalandi rigndi l\u00edti\u00f0, svo \u00feeir jusu \u00fear vatn \u00far N\u00edlsflj\u00f3tinu me\u00f0 tilf\u00e6ringum og veittu svo \u00e1 akra s\u00edna, \u00feessar tilf\u00e6ringar voru gj\u00f6r\u00f0ar me\u00f0 konst, og m\u00e1ttu menn st\u00edga \u00fe\u00e6r me\u00f0 f\u00f3tunum, \u00fev\u00ed segir a\u00f0 f\u00e6turnir hafi v\u00f6kva\u00f0. M\u00f3ses telur \u00fea\u00f0 \u00fev\u00ed Kanaanslandi til gildis a\u00f0 \u00fea\u00f0 drekki himinsins regnvatn\u2014er \u00fea\u00f0 l\u00edka sannreynt a\u00f0 korn \u00fea\u00f0 sem sprettur af regni er langtum betra en hitt sem sprettur af vatnsveitingum.  *) A\u00f0r: hj\u00e1 Eik. A\u00f0r: Lundur. Terpent\u00ednstr\u00e9\u00f0 n\u00e6r venjulega mj\u00f6g h\u00e1um aldri, vi\u00f0 \u00fea\u00f0 \u00fe\u00fasund \u00e1rum, \u00fea\u00f0 var \u00feess vegna \u00e1liti\u00f0 sem heilagt af \u00feeim g\u00f6mlu, sem oft offru\u00f0u undir \u00fev\u00ed og bygg\u00f0u \u00fear \u00f6lturu; \u00fear a\u00f0 auk h\u00f6f\u00f0u Austurlendingar gagn af \u00feessum trj\u00e1m til a\u00f0 marka lei\u00f0ir, e\u00f0ur mi\u00f0a vi\u00f0 fer\u00f0al\u00f6g s\u00edn, eins og v\u00e9r mi\u00f0um vi\u00f0 ein e\u00f0a \u00f6nnur \u00f6rnefni. Voru \u00fe\u00e1 tr\u00e9 \u00feessi oft kennd vi\u00f0 \u00fe\u00e1 sem \u00feau h\u00f6f\u00f0u planta\u00f0, e\u00f0ur b\u00fai\u00f0 \u00fear \u00ed grennd og fleira. Terpent\u00ednstr\u00e9\u00f0 M\u00f3re var til \u00ed Abrahams t\u00ed\u00f0. Sj\u00e1 1 M\u00f3s. b. 12,6.<\/div>\n","protected":false},"excerpt":{"rendered":"<p>\u00deeim er heitin fars\u00e6ld sem hl\u00fd\u00f0a Gu\u00f0s bo\u00f0or\u00f0um. 1Elska skaltu Drottin \u00feinn Gu\u00f0, og halda hans l\u00f6g, tilskipanir og bo\u00f0or\u00f0 alla \u00fe\u00edna \u00e6vi;2\u00fev\u00ed \u00fe\u00e9r \u00feekki\u00f0\u2014ekki tala eg \u00feetta til barna y\u00f0ar, sem hv\u00f6rki hafa skynbrag\u00f0 \u00e1, n\u00e9 hafa s\u00e9\u00f0 aga Drottins y\u00f0ar Gu\u00f0s,3j\u00e1, \u00fe\u00e9r \u00feekki\u00f0 hans d\u00fdr\u00f0, hans volduga h\u00f6nd og \u00fatr\u00e9ttan armlegg, hans st\u00f3rmerki og d\u00e1semdarverk, sem hann gj\u00f6r\u00f0i me\u00f0al egypskra, \u00e1 faraoni Egyptalandskonungi og \u00f6llu landi hans,4og hva\u00f0 hann gj\u00f6r\u00f0i vi\u00f0 herli\u00f0 egypskra, vi\u00f0 \u00feeirra hervagna og v\u00edghesta, \u00feegar hann hleypti \u00e1 \u00fe\u00e1 vatninu \u00ed Rau\u00f0ahafinu, er \u00feeir eltu y\u00f0ur, og ey\u00f0ilag\u00f0i \u00fe\u00e1, hva\u00f0 allt er enn \u00ed <a href=\"https:\/\/biblian.is\/videy\/fimmta-mosebok-11-kafli\/\"> [&#8230;]<\/a><\/p>\n","protected":false},"author":1,"featured_media":0,"parent":0,"menu_order":0,"comment_status":"open","ping_status":"open","template":"bibliukaflar.php","meta":{"footnotes":""},"class_list":["post-21013","page","type-page","status-publish","hentry"],"_links":{"self":[{"href":"https:\/\/biblian.is\/videy\/wp-json\/wp\/v2\/pages\/21013","targetHints":{"allow":["GET"]}}],"collection":[{"href":"https:\/\/biblian.is\/videy\/wp-json\/wp\/v2\/pages"}],"about":[{"href":"https:\/\/biblian.is\/videy\/wp-json\/wp\/v2\/types\/page"}],"author":[{"embeddable":true,"href":"https:\/\/biblian.is\/videy\/wp-json\/wp\/v2\/users\/1"}],"replies":[{"embeddable":true,"href":"https:\/\/biblian.is\/videy\/wp-json\/wp\/v2\/comments?post=21013"}],"version-history":[{"count":0,"href":"https:\/\/biblian.is\/videy\/wp-json\/wp\/v2\/pages\/21013\/revisions"}],"wp:attachment":[{"href":"https:\/\/biblian.is\/videy\/wp-json\/wp\/v2\/media?parent=21013"}],"curies":[{"name":"wp","href":"https:\/\/api.w.org\/{rel}","templated":true}]}}