{"id":21012,"date":"2018-01-02T00:59:56","date_gmt":"2018-01-02T00:59:56","guid":{"rendered":"http:\/\/biblian.is\/videy\/fimmta-mosebok-10-kafli\/"},"modified":"2018-01-02T00:59:56","modified_gmt":"2018-01-02T00:59:56","slug":"fimmta-mosebok-10-kafli","status":"publish","type":"page","link":"https:\/\/biblian.is\/videy\/fimmta-mosebok-10-kafli\/","title":{"rendered":"Fimmta M\u00f3seb\u00f3k 10. kafli"},"content":{"rendered":"<div class=\"fyrirsognVidey\">Upphvatning til hl\u00fd\u00f0ni.<\/div>\n<p><a name=\"1\"><span class=\"versanumer\">1<\/span><\/a>\u00cd sama sinni sag\u00f0i Drottinn vi\u00f0 mig: h\u00f6gg \u00fe\u00fa til 2 steinspj\u00f6ld eins og hin fyrri, komdu til m\u00edn upp \u00e1 fjalli\u00f0, og gj\u00f6r\u00f0u \u00fe\u00e9r \u00f6rk af tr\u00e9,<a name=\"2\"><span class=\"versanumer\">2<\/span><\/a>\u00fev\u00ed eg \u00e6tla a\u00f0 skrifa \u00e1 spj\u00f6ldin \u00fea\u00f0 sama sem var \u00e1 hinum fyrri er \u00fe\u00fa braust \u00ed sundur, og skaltu leggja \u00feau \u00ed \u00f6rkina.<a name=\"3\"><span class=\"versanumer\">3<\/span><\/a>Eg gj\u00f6r\u00f0i \u00fe\u00e1 \u00f6rk eina af belg\u00feornsvi\u00f0i, og hj\u00f3 til 2 steinspj\u00f6ld, eins og hin fyrri, gekk svo upp \u00e1 fjalli\u00f0, og h\u00e9lt \u00e1 b\u00e1\u00f0um steinspj\u00f6ldunum.<a name=\"4\"><span class=\"versanumer\">4<\/span><\/a>\u00de\u00e1 skrifa\u00f0i hann \u00e1 t\u00f6flurnar \u00fea\u00f0 sama sem hann haf\u00f0i skrifa\u00f0 \u00e1 \u00fe\u00e6r fyrri, \u00feau 10 bo\u00f0or\u00f0, sem hann haf\u00f0i m\u00e6lt fram vi\u00f0 y\u00f0ur \u00e1 fjallinu, \u00far mi\u00f0jum eldinum, daginn sem \u00fe\u00e9r voru\u00f0 \u00fear samankomnir, s\u00ed\u00f0an f\u00e9kk Drottinn m\u00e9r \u00fe\u00e6r \u00ed hendur.<a name=\"5\"><span class=\"versanumer\">5<\/span><\/a>Eg sneri m\u00e9r \u00fe\u00e1, og gekk ofan af fjallinu, og lag\u00f0i spj\u00f6ldin \u00ed \u00f6rkina sem eg haf\u00f0i tilb\u00fai\u00f0, svo a\u00f0 \u00feau v\u00e6ru geymd \u00fear eins og Drottinn haf\u00f0i lagt fyrir mig.<a name=\"6\"><span class=\"versanumer\">6<\/span><\/a><span class='VideyAth'>(\u00cdsraelsb\u00f6rn fer\u00f0u\u00f0ust fr\u00e1 Jaakan\u00edtabrunnum (til) Mosera. \u00dear anda\u00f0ist Aron og var jar\u00f0a\u00f0ur, og sonur hans Eleasar var\u00f0 kennima\u00f0ur \u00ed hans sta\u00f0.<\/span><a name=\"7\"><span class=\"versanumer\">7<\/span><\/a><span class='VideyAth'>\u00dea\u00f0an fer\u00f0u\u00f0ust \u00feeir til Gudegoda *)<\/span>, og \u00fea\u00f0an til Jotbata, eru \u00fear n\u00f3gir l\u00e6kir \u00ed \u00fev\u00ed landi.<a name=\"8\"><span class=\"versanumer\">8<\/span><\/a>Um \u00feetta leyti t\u00f3k Drottinn \u00e6ttkv\u00edslina Lev\u00ed fr\u00e1, til \u00feess a\u00f0 \u00feeir b\u00e6ru s\u00e1ttm\u00e1ls\u00f6rk Drottins, st\u00e6\u00f0u fyrir Drottni og \u00fej\u00f3nu\u00f0u honum og pr\u00edsu\u00f0u hans nafn, eins og \u00feeir gj\u00f6ra enn \u00ed dag. <br \/><a name=\"9\"><span class=\"versanumer\">9<\/span><\/a>\u00deess vegna skulu Lev\u00edtar ekki hafa hlutdeild e\u00f0ur eigind\u00f3m me\u00f0al landa sinna. Gu\u00f0 skal vera \u00feeirra eigind\u00f3mur, eins og hann h\u00e9t \u00feeim.<br \/><a name=\"10\"><span class=\"versanumer\">10<\/span><\/a>Og eg h\u00e9lt til \u00fearna \u00e1 fjallinu, eins og \u00ed fyrra sinni 40 daga og 40 n\u00e6tur, og Drottinn b\u00e6nheyr\u00f0i mig \u00ed \u00feetta skipti og vildi ekki afm\u00e1 \u00feig,<a name=\"11\"><span class=\"versanumer\">11<\/span><\/a>en hann sag\u00f0i vi\u00f0 mig: tak \u00feig upp h\u00e9\u00f0an, og haf\u00f0u alla fyrirg\u00f6ngu fyrir \u00feessu f\u00f3lki, svo \u00fea\u00f0 geti n\u00e1\u00f0 a\u00f0 eignast \u00fea\u00f0 landi\u00f0, sem eg me\u00f0 ei\u00f0i lofa\u00f0i forfe\u00f0rum \u00feeirra a\u00f0 gefa \u00feeim.<a name=\"12\"><span class=\"versanumer\">12<\/span><\/a>N\u00fa \u00cdsrael! hv\u00f6rs krefur Drottinn \u00feinn Gu\u00f0 af \u00fe\u00e9r nema \u00feess a\u00f0 \u00fe\u00fa \u00f3ttist Drottin Gu\u00f0 \u00feinn, svo a\u00f0 \u00fe\u00fa gangir \u00e1 \u00f6llum hans vegum, elskir hann og \u00fej\u00f3nir honum af \u00f6llu \u00fe\u00ednu hjarta og af allri \u00feinni s\u00e1lu;<a name=\"13\"><span class=\"versanumer\">13<\/span><\/a>a\u00f0 \u00fe\u00fa haldir hans bo\u00f0or\u00f0 og setninga, sem eg hefi lagt fyrir \u00feig \u00ed dag, til \u00feess a\u00f0 \u00fe\u00e9r m\u00e6tti sj\u00e1lfum l\u00ed\u00f0a vel?<a name=\"14\"><span class=\"versanumer\">14<\/span><\/a>Sj\u00e1 \u00fe\u00fa! himnarnir og himnanna himnar, j\u00f6r\u00f0in og allt sem \u00e1 henni er, tilheyrir Drottni Gu\u00f0i \u00fe\u00ednum;<a name=\"15\"><span class=\"versanumer\">15<\/span><\/a>samt dr\u00f3 hann velvilji til forfe\u00f0ra \u00feinna, er hann elska\u00f0i \u00fe\u00e1 svo, a\u00f0 hann valdi afkomendur \u00feeirra, y\u00f0ur, fremur \u00f6llum \u00fej\u00f3\u00f0um \u00f6\u00f0rum, eins og sj\u00e1 m\u00e1 enn \u00ed dag.<a name=\"16\"><span class=\"versanumer\">16<\/span><\/a>Umskeri\u00f0 \u00feess vegna yfirh\u00fa\u00f0 y\u00f0ar hjartna, og veri\u00f0 ekki lengur har\u00f0sv\u00edra\u00f0ir!<a name=\"17\"><span class=\"versanumer\">17<\/span><\/a>\u00fev\u00ed a\u00f0 Drottinn y\u00f0ar Gu\u00f0 er Gu\u00f0 yfir \u00f6llum gu\u00f0um, er Drottinn yfir \u00f6llum drottnum, mikill Gu\u00f0, voldugur og \u00f3ttalegur, hann fer ekki \u00ed manngreinar\u00e1lit, og \u00feiggur \u00f6ngvar m\u00fatur;<a name=\"18\"><span class=\"versanumer\">18<\/span><\/a>hann heldur uppi svari ekkjunnar og hins f\u00f6\u00f0urlausa, og elskar \u00fatlendinginn, svo hann gefur honum mat og kl\u00e6\u00f0i.<a name=\"19\"><span class=\"versanumer\">19<\/span><\/a>\u00deess vegna skulu\u00f0 \u00fe\u00e9r l\u00edka elska \u00fatlendinginn, \u00fev\u00ed \u00fe\u00e9r voru\u00f0 sj\u00e1lfir \u00fatlendingar \u00ed Egyptalandi;<a name=\"20\"><span class=\"versanumer\">20<\/span><\/a>Drottin Gu\u00f0 \u00feinn skaltu \u00f3ttast, honum skaltu \u00fej\u00f3na, hann skaltu a\u00f0hyllast, og vi\u00f0 hans nafn skaltu sverja;<a name=\"21\"><span class=\"versanumer\">21<\/span><\/a>hann skal vera \u00feitt yrkisefni, hann er \u00feinn Gu\u00f0, sem hefir gj\u00f6rt svo mikla og \u00f3gurlega hluti hj\u00e1 \u00fe\u00e9r, sem \u00fe\u00fa hefir s\u00e9\u00f0 me\u00f0 eigin augum.<a name=\"22\"><span class=\"versanumer\">22<\/span><\/a>Forfe\u00f0ur \u00fe\u00ednir voru 70 a\u00f0 t\u00f6lu, \u00feegar \u00feeir f\u00f3ru ofan \u00ed Egyptaland, en n\u00fa hefir Drottinn \u00feinn Gu\u00f0 fj\u00f6lga\u00f0 \u00feeim a\u00f0 \u00feeir eru margir or\u00f0nir eins og stj\u00f6rnur himinsins.<\/p>\n<div class=\"footnoteVidey\">*) Kallast \u00f6\u00f0ru nafni Horgidgad. Num. 33,22.<\/div>\n","protected":false},"excerpt":{"rendered":"<p>Upphvatning til hl\u00fd\u00f0ni. 1\u00cd sama sinni sag\u00f0i Drottinn vi\u00f0 mig: h\u00f6gg \u00fe\u00fa til 2 steinspj\u00f6ld eins og hin fyrri, komdu til m\u00edn upp \u00e1 fjalli\u00f0, og gj\u00f6r\u00f0u \u00fe\u00e9r \u00f6rk af tr\u00e9,2\u00fev\u00ed eg \u00e6tla a\u00f0 skrifa \u00e1 spj\u00f6ldin \u00fea\u00f0 sama sem var \u00e1 hinum fyrri er \u00fe\u00fa braust \u00ed sundur, og skaltu leggja \u00feau \u00ed \u00f6rkina.3Eg gj\u00f6r\u00f0i \u00fe\u00e1 \u00f6rk eina af belg\u00feornsvi\u00f0i, og hj\u00f3 til 2 steinspj\u00f6ld, eins og hin fyrri, gekk svo upp \u00e1 fjalli\u00f0, og h\u00e9lt \u00e1 b\u00e1\u00f0um steinspj\u00f6ldunum.4\u00de\u00e1 skrifa\u00f0i hann \u00e1 t\u00f6flurnar \u00fea\u00f0 sama sem hann haf\u00f0i skrifa\u00f0 \u00e1 \u00fe\u00e6r fyrri, \u00feau 10 bo\u00f0or\u00f0, sem hann haf\u00f0i m\u00e6lt <a href=\"https:\/\/biblian.is\/videy\/fimmta-mosebok-10-kafli\/\"> [&#8230;]<\/a><\/p>\n","protected":false},"author":1,"featured_media":0,"parent":0,"menu_order":0,"comment_status":"open","ping_status":"open","template":"bibliukaflar.php","meta":{"footnotes":""},"class_list":["post-21012","page","type-page","status-publish","hentry"],"_links":{"self":[{"href":"https:\/\/biblian.is\/videy\/wp-json\/wp\/v2\/pages\/21012","targetHints":{"allow":["GET"]}}],"collection":[{"href":"https:\/\/biblian.is\/videy\/wp-json\/wp\/v2\/pages"}],"about":[{"href":"https:\/\/biblian.is\/videy\/wp-json\/wp\/v2\/types\/page"}],"author":[{"embeddable":true,"href":"https:\/\/biblian.is\/videy\/wp-json\/wp\/v2\/users\/1"}],"replies":[{"embeddable":true,"href":"https:\/\/biblian.is\/videy\/wp-json\/wp\/v2\/comments?post=21012"}],"version-history":[{"count":0,"href":"https:\/\/biblian.is\/videy\/wp-json\/wp\/v2\/pages\/21012\/revisions"}],"wp:attachment":[{"href":"https:\/\/biblian.is\/videy\/wp-json\/wp\/v2\/media?parent=21012"}],"curies":[{"name":"wp","href":"https:\/\/api.w.org\/{rel}","templated":true}]}}