{"id":21009,"date":"2018-01-02T00:59:51","date_gmt":"2018-01-02T00:59:51","guid":{"rendered":"http:\/\/biblian.is\/videy\/fimmta-mosebok-7-kafli\/"},"modified":"2018-01-02T00:59:51","modified_gmt":"2018-01-02T00:59:51","slug":"fimmta-mosebok-7-kafli","status":"publish","type":"page","link":"https:\/\/biblian.is\/videy\/fimmta-mosebok-7-kafli\/","title":{"rendered":"Fimmta M\u00f3seb\u00f3k 7. kafli"},"content":{"rendered":"<div class=\"fyrirsognVidey\">\u00cdsraelsb\u00f6rn mega ei fremja fri\u00f0 vi\u00f0 Kanan\u00edta, n\u00e9 rengjast vi\u00f0 \u00fe\u00e1.<\/div>\n<p><a name=\"1\"><span class=\"versanumer\">1<\/span><\/a>\u00deegar Drottinn \u00feinn Gu\u00f0, hefir leitt \u00feig inn \u00ed \u00fea\u00f0 landi\u00f0, sem \u00fe\u00fa n\u00fa stefnir a\u00f0, til a\u00f0 n\u00e1 \u00fev\u00ed undir \u00feig og hann rekur \u00fea\u00f0an burtu fyrir \u00fe\u00e9r margar \u00fej\u00f3\u00f0ir, sem eru Het\u00edtar, Girgos\u00edtar, Amor\u00edtar, Kanan\u00edtar, Feris\u00edtar, Hev\u00edtar og Jeb\u00fas\u00edtar, sj\u00f6 \u00fej\u00f3\u00f0ir sem eru b\u00e6\u00f0i meiri og voldugri en \u00fe\u00fa,<a name=\"2\"><span class=\"versanumer\">2<\/span><\/a>og sem hann hefir gefi\u00f0 \u00fe\u00e6r \u00e1 \u00feitt vald svo \u00fe\u00fa sl\u00e1ir \u00fe\u00e6r, \u00fe\u00e1 skaltu leggja \u00e1 \u00fe\u00e6r bann <span class='VideyAth'>*)<\/span>, gj\u00f6ra \u00f6ngvan <span class='VideyAth'>(fri\u00f0arsamning)<\/span> vi\u00f0 \u00fe\u00e6r, n\u00e9 s\u00fdna \u00feeim nokkra v\u00e6g\u00f0.<a name=\"3\"><span class=\"versanumer\">3<\/span><\/a>\u00de\u00fa skalt ekki m\u00e6gjast vi\u00f0 \u00fe\u00e6r, \u00fe\u00fa skalt ei gefa \u00feeirra sonum \u00fe\u00ednar d\u00e6tur, og \u00feeirra d\u00e6tur skulu\u00f0 \u00fe\u00e9r ekki taka til handa sonum y\u00f0ar,<a name=\"4\"><span class=\"versanumer\">4<\/span><\/a>\u00fev\u00ed \u00fe\u00e6r munu koma sonum y\u00f0ar til a\u00f0 falla fr\u00e1 m\u00e9r, og til a\u00f0 d\u00fdrka annarlega gu\u00f0i, og mundi \u00fe\u00e1 Drottinn rei\u00f0ast y\u00f0ur og afm\u00e1 y\u00f0ur skyndilega;<a name=\"5\"><span class=\"versanumer\">5<\/span><\/a>heldur skulu\u00f0 \u00fe\u00e9r fara me\u00f0 \u00fe\u00e1 sem n\u00fa segir: \u00fe\u00e9r skulu\u00f0 r\u00edfa ni\u00f0ur \u00feeirra \u00f6lturu, brj\u00f3ta myndarst\u00f3lpa \u00feeirra, uppr\u00e6ta lunda \u00feeirra, og go\u00f0 \u00feeirra skulu\u00f0 \u00fe\u00e9r brenna \u00ed eldi;<a name=\"6\"><span class=\"versanumer\">6<\/span><\/a>\u00fev\u00ed a\u00f0 \u00fe\u00fa ert Drottni \u00fe\u00ednum Gu\u00f0i helga\u00f0ur l\u00fd\u00f0ur, og hann kaus \u00feig af \u00f6llum \u00fej\u00f3\u00f0um \u00e1 jar\u00f0r\u00edki, til a\u00f0 vera s\u00edna eigin \u00fej\u00f3\u00f0;<a name=\"7\"><span class=\"versanumer\">7<\/span><\/a>ekki var \u00fea\u00f0 af \u00fev\u00ed, a\u00f0 \u00fe\u00fa v\u00e6rir fj\u00f6lmennari, en a\u00f0rar \u00fej\u00f3\u00f0ir, a\u00f0 Drottinn \u00feannig t\u00f3k \u00feig a\u00f0 s\u00e9r, og kaus \u00feig\u2014\u00fev\u00ed \u00fe\u00fa ert einhv\u00f6r hin minnsta \u00fej\u00f3\u00f0.<a name=\"8\"><span class=\"versanumer\">8<\/span><\/a>Heldur af \u00fev\u00ed hann hefir elska\u00f0 y\u00f0ur, og til a\u00f0 halda ei\u00f0inn sem hann haf\u00f0i svari\u00f0 y\u00f0ar forfe\u00f0rum, \u00fe\u00e1 \u00fatleiddi hann y\u00f0ur me\u00f0 voldugri hendi, og frelsa\u00f0i \u00feig af \u00fer\u00e6ld\u00f3msfangelsinu, af hendi fara\u00f3s Egyptalandskonungs;<a name=\"9\"><span class=\"versanumer\">9<\/span><\/a>\u00fev\u00ed \u00fe\u00e9r skulu\u00f0 vita a\u00f0 Drottinn y\u00f0ar Gu\u00f0 er s\u00e1 r\u00e9tti Gu\u00f0, er tr\u00fafastur Gu\u00f0 sem heldur s\u00e1ttm\u00e1la og miskunnsemi \u00ed \u00fe\u00fasund li\u00f0u vi\u00f0 \u00fe\u00e1 sem hann elska og var\u00f0veita hans bo\u00f0or\u00f0;<a name=\"10\"><span class=\"versanumer\">10<\/span><\/a>en hann geldur l\u00edka \u00feeim sem hann hata me\u00f0 minnist\u00e6\u00f0um \u00f3f\u00f6rum, og hann dregur ekki a\u00f0 endurgjalda \u00feeim eftirminnilega sem hann hata.<a name=\"11\"><span class=\"versanumer\">11<\/span><\/a>Var\u00f0veiti\u00f0 \u00feess vegna \u00feau bo\u00f0or\u00f0 og setninga, sem eg \u00ed dag legg fyrir y\u00f0ur til eftirbreytni;<a name=\"12\"><span class=\"versanumer\">12<\/span><\/a>\u00fe\u00e9r munu\u00f0 og hlj\u00f3ta laun fyrir, ef \u00fe\u00e9r heyri\u00f0 \u00feessi l\u00f6g, haldi\u00f0 \u00feau og breyti\u00f0 eftir \u00feeim; en Drottinn \u00feinn Gu\u00f0 mun halda vi\u00f0 \u00feig \u00feann s\u00e1ttm\u00e1la og miskunnsemi sem hann s\u00f3r \u00fe\u00ednum forfe\u00f0rum,<a name=\"13\"><span class=\"versanumer\">13<\/span><\/a>hann mun elska, blessa og margfalda \u00feig, og hann mun blessa \u00feinn l\u00edfs\u00e1v\u00f6xt, og \u00e1v\u00f6xt lands \u00fe\u00edns, \u00feitt korn, \u00feitt v\u00edn, \u00feitt vi\u00f0smj\u00f6r, \u00e1v\u00f6xtinn af \u00fe\u00ednum k\u00fam og b\u00fasmala, \u00ed \u00fev\u00ed landinu sem hann me\u00f0 ei\u00f0i lofa\u00f0i forfe\u00f0rum \u00fe\u00ednum a\u00f0 gefa \u00fe\u00e9r;<a name=\"14\"><span class=\"versanumer\">14<\/span><\/a>\u00fe\u00fa munt ver\u00f0a \u00f6llum \u00fej\u00f3\u00f0um fars\u00e6lli, enginn ma\u00f0ur skal vera \u00f3frj\u00f3vsamur me\u00f0al \u00fe\u00edn, ekki heldur skal f\u00e9na\u00f0ur \u00feinn vera \u00f3frj\u00f3vsamur,<a name=\"15\"><span class=\"versanumer\">15<\/span><\/a>\u00fe\u00e1 mun Drottinn l\u00edka b\u00e6gja fr\u00e1 \u00fe\u00e9r \u00f6llum sj\u00fakd\u00f3mum, og \u00feann vonda egypska krankleika, sem \u00fe\u00fa \u00feekkir, mun hann ekki leggja \u00e1 \u00feig, heldur \u00e1 \u00fe\u00edna hatursmenn;<a name=\"16\"><span class=\"versanumer\">16<\/span><\/a>\u00fe\u00fa munt ey\u00f0a \u00f6llum \u00feeim \u00fej\u00f3\u00f0um sem Drottinn \u00feinn Gu\u00f0 gefur \u00e1 \u00feitt vald, \u00fe\u00fa skalt ekki v\u00e6gja \u00feeim, og ekki d\u00fdrka \u00feeirra gu\u00f0i, \u00fev\u00ed \u00fea\u00f0 mundi ver\u00f0a \u00fe\u00e9r a\u00f0 sn\u00f6ru.<a name=\"17\"><span class=\"versanumer\">17<\/span><\/a>En \u00fe\u00fa hugsar kannske me\u00f0 sj\u00e1lfum \u00fe\u00e9r, \u00feetta f\u00f3lk er fj\u00f6lmennara en eg, hv\u00f6rnig get eg reki\u00f0 \u00fea\u00f0 burt?<a name=\"18\"><span class=\"versanumer\">18<\/span><\/a>\u00de\u00fa skalt ekki vera hr\u00e6ddur vi\u00f0 \u00fea\u00f0; l\u00e1ttu \u00feig reka minni til \u00feess sem Drottinn \u00feinn Gu\u00f0 gj\u00f6r\u00f0i vi\u00f0 fara\u00f3, og alla Egyptalandsmenn,<a name=\"19\"><span class=\"versanumer\">19<\/span><\/a>til \u00feeirra miklu rauna, sem \u00fe\u00e9r s\u00e1u\u00f0 me\u00f0 eigin augum, t\u00e1kna og st\u00f3rmerkja, hv\u00f6rnig Drottinn \u00feinn \u00fatleiddi \u00feig me\u00f0 voldugri hendi og \u00fatr\u00e9ttum armlegg, eins mun Drottinn \u00feinn gj\u00f6ra \u00f6llu \u00fev\u00ed f\u00f3lki sem \u00fe\u00fa ert hr\u00e6ddur vi\u00f0;<a name=\"20\"><span class=\"versanumer\">20<\/span><\/a>Drottinn \u00feinn Gu\u00f0 mun senda geitunga <span class='VideyAth'>*)<\/span> \u00e1 me\u00f0al \u00feeirra \u00feanga\u00f0 til \u00feeir allir ver\u00f0a ey\u00f0ilag\u00f0ir sem eftir hafa or\u00f0i\u00f0, og hafa fali\u00f0 sig fyrir \u00fe\u00e9r;<a name=\"21\"><span class=\"versanumer\">21<\/span><\/a>veri\u00f0 \u00feess vegna ekki hr\u00e6ddir vi\u00f0 \u00fe\u00e1, \u00fev\u00ed Drottinn \u00feinn Gu\u00f0 er me\u00f0 y\u00f0ur, s\u00e1 hinn mikli og \u00f3gurlegi Gu\u00f0.<a name=\"22\"><span class=\"versanumer\">22<\/span><\/a>Samt mun Drottinn \u00feinn Gu\u00f0 ey\u00f0a \u00feessum \u00fej\u00f3\u00f0um fyrir \u00feig sm\u00e1tt og sm\u00e1tt, \u00fe\u00fa m\u00e1tt ekki allt \u00ed einu uppr\u00e6ta \u00fe\u00e6r, svo a\u00f0 sk\u00f3gard\u00fdrin ver\u00f0i ekki of m\u00f6rg \u00e1 m\u00f3ti \u00fe\u00e9r \u00ed landinu;<a name=\"23\"><span class=\"versanumer\">23<\/span><\/a>Drottinn \u00feinn Gu\u00f0 mun gefa \u00fe\u00e6r \u00e1 \u00feitt vald, og gj\u00f6ra miki\u00f0 mannfall me\u00f0al \u00feeirra, \u00feanga\u00f0 til \u00fe\u00fa hefir uppr\u00e6tt \u00fe\u00e1,<a name=\"24\"><span class=\"versanumer\">24<\/span><\/a>og hann mun gefa \u00feeirra k\u00f3nga \u00ed \u00fe\u00ednar hendur, hv\u00f6rra n\u00f6fn \u00fe\u00fa skalt uppr\u00e6ta undir himninum; enginn skal geta sta\u00f0ist fyrir \u00fe\u00e9r, alla muntu \u00fe\u00e1 yfirst\u00edga;<a name=\"25\"><span class=\"versanumer\">25<\/span><\/a>\u00fe\u00fa skalt \u00ed eldi brenna l\u00edkneski \u00feeirra skur\u00f0go\u00f0a, \u00fe\u00fa skalt ei girnast \u00fea\u00f0 gull e\u00f0a silfur sem \u00fear er \u00e1, e\u00f0a taka til \u00fe\u00edn nokku\u00f0 af \u00fev\u00ed, svo \u00fe\u00e9r ver\u00f0i ekki \u00e1 \u00ed \u00fev\u00ed, \u00fev\u00ed sl\u00edkt er sv\u00edvir\u00f0ing fyrir Drottni \u00fe\u00ednum Gu\u00f0i;<a name=\"26\"><span class=\"versanumer\">26<\/span><\/a>\u00fe\u00fa skalt \u00fev\u00ed ekki bera \u00fe\u00e1 sv\u00edvir\u00f0ing inn \u00ed \u00feitt h\u00fas, svo a\u00f0 \u00fe\u00fa ekki ratir \u00ed sama banni\u00f0 sem \u00fea\u00f0 er \u00ed, heldur skal \u00fe\u00e9r standa vi\u00f0bj\u00f3\u00f0ur og stuggur af \u00fev\u00ed, \u00fear e\u00f0 \u00fea\u00f0 er \u00ed banni.<\/p>\n<div class=\"footnoteVidey\">*) Sj\u00e1 kap. 3,6.  *) Sbr. Exod. 23,28.<\/div>\n","protected":false},"excerpt":{"rendered":"<p>\u00cdsraelsb\u00f6rn mega ei fremja fri\u00f0 vi\u00f0 Kanan\u00edta, n\u00e9 rengjast vi\u00f0 \u00fe\u00e1. 1\u00deegar Drottinn \u00feinn Gu\u00f0, hefir leitt \u00feig inn \u00ed \u00fea\u00f0 landi\u00f0, sem \u00fe\u00fa n\u00fa stefnir a\u00f0, til a\u00f0 n\u00e1 \u00fev\u00ed undir \u00feig og hann rekur \u00fea\u00f0an burtu fyrir \u00fe\u00e9r margar \u00fej\u00f3\u00f0ir, sem eru Het\u00edtar, Girgos\u00edtar, Amor\u00edtar, Kanan\u00edtar, Feris\u00edtar, Hev\u00edtar og Jeb\u00fas\u00edtar, sj\u00f6 \u00fej\u00f3\u00f0ir sem eru b\u00e6\u00f0i meiri og voldugri en \u00fe\u00fa,2og sem hann hefir gefi\u00f0 \u00fe\u00e6r \u00e1 \u00feitt vald svo \u00fe\u00fa sl\u00e1ir \u00fe\u00e6r, \u00fe\u00e1 skaltu leggja \u00e1 \u00fe\u00e6r bann *), gj\u00f6ra \u00f6ngvan (fri\u00f0arsamning) vi\u00f0 \u00fe\u00e6r, n\u00e9 s\u00fdna \u00feeim nokkra v\u00e6g\u00f0.3\u00de\u00fa skalt ekki m\u00e6gjast vi\u00f0 \u00fe\u00e6r, \u00fe\u00fa skalt ei gefa <a href=\"https:\/\/biblian.is\/videy\/fimmta-mosebok-7-kafli\/\"> [&#8230;]<\/a><\/p>\n","protected":false},"author":1,"featured_media":0,"parent":0,"menu_order":0,"comment_status":"open","ping_status":"open","template":"bibliukaflar.php","meta":{"footnotes":""},"class_list":["post-21009","page","type-page","status-publish","hentry"],"_links":{"self":[{"href":"https:\/\/biblian.is\/videy\/wp-json\/wp\/v2\/pages\/21009","targetHints":{"allow":["GET"]}}],"collection":[{"href":"https:\/\/biblian.is\/videy\/wp-json\/wp\/v2\/pages"}],"about":[{"href":"https:\/\/biblian.is\/videy\/wp-json\/wp\/v2\/types\/page"}],"author":[{"embeddable":true,"href":"https:\/\/biblian.is\/videy\/wp-json\/wp\/v2\/users\/1"}],"replies":[{"embeddable":true,"href":"https:\/\/biblian.is\/videy\/wp-json\/wp\/v2\/comments?post=21009"}],"version-history":[{"count":0,"href":"https:\/\/biblian.is\/videy\/wp-json\/wp\/v2\/pages\/21009\/revisions"}],"wp:attachment":[{"href":"https:\/\/biblian.is\/videy\/wp-json\/wp\/v2\/media?parent=21009"}],"curies":[{"name":"wp","href":"https:\/\/api.w.org\/{rel}","templated":true}]}}