{"id":21008,"date":"2018-01-02T00:59:51","date_gmt":"2018-01-02T00:59:51","guid":{"rendered":"http:\/\/biblian.is\/videy\/fimmta-mosebok-6-kafli\/"},"modified":"2018-01-02T00:59:51","modified_gmt":"2018-01-02T00:59:51","slug":"fimmta-mosebok-6-kafli","status":"publish","type":"page","link":"https:\/\/biblian.is\/videy\/fimmta-mosebok-6-kafli\/","title":{"rendered":"Fimmta M\u00f3seb\u00f3k 6. kafli"},"content":{"rendered":"<div class=\"fyrirsognVidey\">M\u00f3ses hvetur \u00fej\u00f3\u00f0ina til a\u00f0 muna og var\u00f0veita Gu\u00f0s bo\u00f0or\u00f0.<\/div>\n<p><a name=\"1\"><span class=\"versanumer\">1<\/span><\/a>\u00deetta eru \u00fe\u00e6r tilskipanir, setningar og bo\u00f0or\u00f0 sem Drottinn y\u00f0ar Gu\u00f0 hefir bo\u00f0i\u00f0 a\u00f0 \u00fe\u00e9r skyldu\u00f0 l\u00e6ra og breyta eftir \u00ed \u00fev\u00ed landinu, sem \u00fe\u00e9r eru\u00f0 n\u00fa \u00e1 veginum a\u00f0 eignast;<a name=\"2\"><span class=\"versanumer\">2<\/span><\/a>a\u00f0 \u00fe\u00fa skalt \u00f3ttast Drottin \u00feinn Gu\u00f0, og halda alla hans setninga og tilskipanir sem eg legg fyrir \u00feig, b\u00e6\u00f0i \u00fe\u00fa sj\u00e1lfur, b\u00f6rn \u00fe\u00edn og barnab\u00f6rn um alla y\u00f0ar \u00e6vidaga, svo \u00fe\u00e9r megi\u00f0 lengi lifa.<a name=\"3\"><span class=\"versanumer\">3<\/span><\/a>Heyr \u00feetta \u00cdsrael! var\u00f0veit \u00fea\u00f0 og breyt \u00fear eftir, svo \u00fe\u00e9r megi ganga vel, og manntal \u00feitt aukast sem mest, \u00fear e\u00f0 Drottinn Gu\u00f0 fe\u00f0ra \u00feinna hefur heiti\u00f0 \u00fe\u00e9r \u00fev\u00ed landi hvar mj\u00f3lkinni fl\u00e6\u00f0ir og hunanginu.<a name=\"4\"><span class=\"versanumer\">4<\/span><\/a>Heyr \u00fe\u00fa \u00cdsrael! Drottinn vor Gu\u00f0 er s\u00e1 einasti Gu\u00f0;<a name=\"5\"><span class=\"versanumer\">5<\/span><\/a>\u00fe\u00fa \u00e1tt a\u00f0 elska Drottin \u00feinn Gu\u00f0 af \u00f6llu hjarta \u00fe\u00ednu, allri \u00f6ndu \u00feinni og \u00f6llum m\u00e6tti \u00fe\u00ednum;<a name=\"6\"><span class=\"versanumer\">6<\/span><\/a>og \u00feessi or\u00f0 sem eg \u00ed dag legg fyrir \u00feig, skalt\u00fa leggja \u00e1 hjarta\u00f0,<a name=\"7\"><span class=\"versanumer\">7<\/span><\/a>og \u00fe\u00fa skalt br\u00fdna \u00feau fyrir b\u00f6rnum \u00fe\u00ednum, og \u00fe\u00fa skalt tala um \u00feau, \u00feegar \u00fe\u00fa situr heima, ert \u00e1 ferilsf\u00e6ti, og \u00feegar \u00fe\u00fa leggst fyrir e\u00f0a r\u00eds upp aftur.<a name=\"8\"><span class=\"versanumer\">8<\/span><\/a>Og \u00fe\u00fa skalt binda \u00feau til merkis \u00e1 h\u00f6nd \u00fe\u00e9r, og \u00feau skulu vera minnisbl\u00f6\u00f0 millum augna \u00fe\u00e9r. <span class='VideyAth'>*)<\/span> <br \/><a name=\"9\"><span class=\"versanumer\">9<\/span><\/a>\u00de\u00fa skalt skrifa \u00feau \u00e1 \u00fe\u00edna dyrustafi og \u00e1 borgarhli\u00f0in,<a name=\"10\"><span class=\"versanumer\">10<\/span><\/a>\u00feegar Drottinn \u00feinn Gu\u00f0 hefir leitt \u00feig inn \u00ed landi\u00f0, sem hann me\u00f0 ei\u00f0i lofa\u00f0i forfe\u00f0rum \u00fe\u00ednum Abraham, \u00cdsaak og Jakob a\u00f0 gefa \u00fe\u00e9r, til st\u00f3rra og \u00e1g\u00e6tra borga sem \u00fe\u00fa ekki hefir sj\u00e1lfur byggt,<a name=\"11\"><span class=\"versanumer\">11<\/span><\/a>til h\u00fasa sem eru full me\u00f0 alls kyns kosti en sem \u00fe\u00fa hefir ekki sj\u00e1lfur fyllt\u2014til \u00fath\u00f6gginna brunna, sem \u00fe\u00fa ekki hefir \u00fath\u00f6ggi\u00f0, til v\u00edngar\u00f0a og \u00f3l\u00edugar\u00f0a sem \u00fe\u00fa ekki hefir planta\u00f0; \u00fe\u00e1 \u00feegar \u00fe\u00fa etur af \u00feessu og ver\u00f0ur mettur,<a name=\"12\"><span class=\"versanumer\">12<\/span><\/a>svo vara \u00feig a\u00f0 \u00fe\u00fa gleymir ekki Drottni, sem \u00fatleiddi \u00feig af Egyptalandi, \u00fev\u00ed \u00fer\u00e6ld\u00f3msfangelsinu,<a name=\"13\"><span class=\"versanumer\">13<\/span><\/a>heldur skaltu \u00f3ttast og d\u00fdrka Drottin \u00feinn Gu\u00f0, og sverja vi\u00f0 hans nafn.<a name=\"14\"><span class=\"versanumer\">14<\/span><\/a>\u00de\u00fa skalt ekki gefa \u00feig vi\u00f0 annarlegum gu\u00f0um \u00feeirra \u00fej\u00f3\u00f0a sem \u00ed kringum \u00feig eru,<a name=\"15\"><span class=\"versanumer\">15<\/span><\/a>\u00fev\u00ed a\u00f0 Drottinn \u00feinn Gu\u00f0, er vandl\u00e1tur Gu\u00f0, og er hj\u00e1 \u00fe\u00e9r. Svo hann ver\u00f0i \u00fe\u00e9r ekki rei\u00f0ur og afm\u00e1i \u00feig af landinu.<a name=\"16\"><span class=\"versanumer\">16<\/span><\/a>Freisti\u00f0 ekki Drottins y\u00f0ar Gu\u00f0s, eins og \u00fe\u00e9r freistu\u00f0u\u00f0 hans \u00ed Massa,<a name=\"17\"><span class=\"versanumer\">17<\/span><\/a>heldur skulu\u00f0 \u00fe\u00e9r halda bo\u00f0or\u00f0 Drottins y\u00f0ar Gu\u00f0s, hans augl\u00fdsingar og lagasetninga, sem hann hefir lagt fyrir y\u00f0ur.<a name=\"18\"><span class=\"versanumer\">18<\/span><\/a>Gj\u00f6r a\u00f0 sem hann \u00e1l\u00edtur r\u00e9tt og gott, svo \u00fe\u00e9r megi vel vegna, og \u00fe\u00fa komist inn \u00ed landi\u00f0 g\u00f3\u00f0a og eignist \u00fea\u00f0, hv\u00f6rju Drottinn me\u00f0 ei\u00f0i lofa\u00f0i \u00fe\u00ednum forfe\u00f0rum.<a name=\"19\"><span class=\"versanumer\">19<\/span><\/a>\u00de\u00edna fjandmenn mun hann reka \u00e1 undan \u00fe\u00e9r, eins og Drottinn er b\u00fainn a\u00f0 lofa.<a name=\"20\"><span class=\"versanumer\">20<\/span><\/a>\u00deegar sonur \u00feinn seinna meir spyr \u00feig a\u00f0 og segir: hva\u00f0a augl\u00fdsingar, l\u00f6g og bo\u00f0or\u00f0 eru \u00fea\u00f0, sem Drottinn vor Gu\u00f0 hefir lagt fyrir y\u00f0ur?<a name=\"21\"><span class=\"versanumer\">21<\/span><\/a>\u00fe\u00e1 skaltu svara syni \u00fe\u00ednum: v\u00e9r vorum \u00fer\u00e6lar faraonis \u00ed Egyptalandi, en Drottinn \u00fatleiddi oss af Egyptalandi me\u00f0 voldugri hendi,<a name=\"22\"><span class=\"versanumer\">22<\/span><\/a>og Drottinn gj\u00f6r\u00f0i st\u00f3r og sk\u00e6\u00f0 t\u00e1kn og fur\u00f0uverk \u00e1 hendur egypskum, fara\u00f3 sj\u00e1lfum og hir\u00f0m\u00f6nnum hans, a\u00f0 oss \u00e1sj\u00e1andi<a name=\"23\"><span class=\"versanumer\">23<\/span><\/a>og hann leiddi oss \u00fea\u00f0an burt, svo hann leiddi oss inn hinga\u00f0, og g\u00e6fi oss \u00fea\u00f0 land, sem hann me\u00f0 ei\u00f0i var b\u00fainn a\u00f0 heita forfe\u00f0rum vorum.<a name=\"24\"><span class=\"versanumer\">24<\/span><\/a>\u00de\u00e1 bau\u00f0 Drottinn oss a\u00f0 v\u00e9r skyldum breyta eftir \u00f6llum \u00feessum setningum, svo a\u00f0 v\u00e9r \u00f3ttu\u00f0umst Drottin vorn Gu\u00f0, a\u00f0 oss m\u00e6tti ganga vel alla \u00e6vi vora, eins og gengi\u00f0 hefir til \u00feessa;<a name=\"25\"><span class=\"versanumer\">25<\/span><\/a>og \u00fea\u00f0 mun ver\u00f0a oss til gildis fyrir Drottni vorum Gu\u00f0i, ef v\u00e9r h\u00f6ldum og gj\u00f6rum \u00f6ll \u00feessi bo\u00f0or\u00f0 eftir hans vilja.<\/p>\n<div class=\"footnoteVidey\">*) \u00deetta\u00f0 l\u00edtur til pergamentsreima sem Gy\u00f0ingar b\u00e1ru \u00e1 enninu (millum augnanna) og \u00e1 \u00falfli\u00f0num, og ritu\u00f0u \u00fear \u00e1 vissar merkisgreinar \u00far l\u00f6gm\u00e1linu svo sem til minnis. Sj\u00e1 2 M\u00f3s. 13,9.16. Seinna meir var\u00f0 hj\u00e1tr\u00fa \u00far \u00feessu, eins og bl\u00f6\u00f0 \u00feessi hef\u00f0u einhv\u00f6rn kynjakraft til a\u00f0 varna \u00f3lukkum, og skinhelgin br\u00faka\u00f0i \u00feau til a\u00f0 koma \u00e1 sig gu\u00f0hr\u00e6\u00f0sluor\u00f0i, til \u00feessa er mi\u00f0a\u00f0 af Jes\u00fa \u00ed N. t. Sj\u00e1 Mth. 23,5.<\/div>\n","protected":false},"excerpt":{"rendered":"<p>M\u00f3ses hvetur \u00fej\u00f3\u00f0ina til a\u00f0 muna og var\u00f0veita Gu\u00f0s bo\u00f0or\u00f0. 1\u00deetta eru \u00fe\u00e6r tilskipanir, setningar og bo\u00f0or\u00f0 sem Drottinn y\u00f0ar Gu\u00f0 hefir bo\u00f0i\u00f0 a\u00f0 \u00fe\u00e9r skyldu\u00f0 l\u00e6ra og breyta eftir \u00ed \u00fev\u00ed landinu, sem \u00fe\u00e9r eru\u00f0 n\u00fa \u00e1 veginum a\u00f0 eignast;2a\u00f0 \u00fe\u00fa skalt \u00f3ttast Drottin \u00feinn Gu\u00f0, og halda alla hans setninga og tilskipanir sem eg legg fyrir \u00feig, b\u00e6\u00f0i \u00fe\u00fa sj\u00e1lfur, b\u00f6rn \u00fe\u00edn og barnab\u00f6rn um alla y\u00f0ar \u00e6vidaga, svo \u00fe\u00e9r megi\u00f0 lengi lifa.3Heyr \u00feetta \u00cdsrael! var\u00f0veit \u00fea\u00f0 og breyt \u00fear eftir, svo \u00fe\u00e9r megi ganga vel, og manntal \u00feitt aukast sem mest, \u00fear e\u00f0 Drottinn Gu\u00f0 fe\u00f0ra \u00feinna <a href=\"https:\/\/biblian.is\/videy\/fimmta-mosebok-6-kafli\/\"> [&#8230;]<\/a><\/p>\n","protected":false},"author":1,"featured_media":0,"parent":0,"menu_order":0,"comment_status":"open","ping_status":"open","template":"bibliukaflar.php","meta":{"footnotes":""},"class_list":["post-21008","page","type-page","status-publish","hentry"],"_links":{"self":[{"href":"https:\/\/biblian.is\/videy\/wp-json\/wp\/v2\/pages\/21008","targetHints":{"allow":["GET"]}}],"collection":[{"href":"https:\/\/biblian.is\/videy\/wp-json\/wp\/v2\/pages"}],"about":[{"href":"https:\/\/biblian.is\/videy\/wp-json\/wp\/v2\/types\/page"}],"author":[{"embeddable":true,"href":"https:\/\/biblian.is\/videy\/wp-json\/wp\/v2\/users\/1"}],"replies":[{"embeddable":true,"href":"https:\/\/biblian.is\/videy\/wp-json\/wp\/v2\/comments?post=21008"}],"version-history":[{"count":0,"href":"https:\/\/biblian.is\/videy\/wp-json\/wp\/v2\/pages\/21008\/revisions"}],"wp:attachment":[{"href":"https:\/\/biblian.is\/videy\/wp-json\/wp\/v2\/media?parent=21008"}],"curies":[{"name":"wp","href":"https:\/\/api.w.org\/{rel}","templated":true}]}}