{"id":21007,"date":"2018-01-02T00:59:51","date_gmt":"2018-01-02T00:59:51","guid":{"rendered":"http:\/\/biblian.is\/videy\/fimmta-mosebok-5-kafli\/"},"modified":"2018-01-02T00:59:51","modified_gmt":"2018-01-02T00:59:51","slug":"fimmta-mosebok-5-kafli","status":"publish","type":"page","link":"https:\/\/biblian.is\/videy\/fimmta-mosebok-5-kafli\/","title":{"rendered":"Fimmta M\u00f3seb\u00f3k 5. kafli"},"content":{"rendered":"<div class=\"fyrirsognVidey\">Gu\u00f0s t\u00edu laga bo\u00f0or\u00f0 \u00edtrekast.<\/div>\n<p><a name=\"1\"><span class=\"versanumer\">1<\/span><\/a>M\u00f3ses stefndi \u00f6llum \u00cdsrael til samans, og sag\u00f0i til \u00feeirra: heyr \u00fe\u00fa \u00cdsrael! \u00fe\u00e1 lagasetninga og \u00feau bo\u00f0or\u00f0, sem eg \u00ed dag vil birta \u00fe\u00e9r \u00ed heyranda hlj\u00f3\u00f0i, svo \u00fe\u00e9r l\u00e6ri\u00f0 \u00feau, haldi\u00f0 og breyti\u00f0 eftir \u00feeim;<a name=\"2\"><span class=\"versanumer\">2<\/span><\/a>Drottinn vor Gu\u00f0 gj\u00f6r\u00f0i vi\u00f0 oss s\u00e1ttm\u00e1la \u00e1 H\u00f3reb;<a name=\"3\"><span class=\"versanumer\">3<\/span><\/a>ekki haf\u00f0i Drottinn gj\u00f6rt \u00feenna s\u00e1ttm\u00e1la vi\u00f0 forfe\u00f0ur vora, heldur vi\u00f0 oss sem h\u00e9r erum n\u00fa \u00e1 l\u00edfi n\u00e1l\u00e6gir;<a name=\"4\"><span class=\"versanumer\">4<\/span><\/a>hann tala\u00f0i vi\u00f0 oss eins og ma\u00f0ur vi\u00f0 mann, mitt \u00far eldinum upp \u00e1 fjallinu.<a name=\"5\"><span class=\"versanumer\">5<\/span><\/a><span class='VideyAth'>(Eg st\u00f3\u00f0 \u00e1 \u00feeim t\u00edma \u00e1 millum Drottins og y\u00f0ar, til a\u00f0 bera y\u00f0ur or\u00f0 Drottins, \u00fev\u00ed y\u00f0ur st\u00f3\u00f0 \u00f3tti af eldsloganum, og gengu\u00f0 \u00fev\u00ed ekki upp \u00e1 fjalli\u00f0.)<\/span> En hann sag\u00f0i: <br \/><a name=\"6\"><span class=\"versanumer\">6<\/span><\/a>Eg er Drottinn \u00feinn Gu\u00f0, sem \u00fatleiddi \u00feig af Egyptalandi, \u00far \u00fev\u00ed \u00fer\u00e6ld\u00f3msfangelsi.<a name=\"7\"><span class=\"versanumer\">7<\/span><\/a>\u00de\u00fa skalt ekki hafa annarlega gu\u00f0i fyrir m\u00e9r.<a name=\"8\"><span class=\"versanumer\">8<\/span><\/a>\u00de\u00fa skalt \u00f6ngva l\u00edkneskju gj\u00f6ra \u00fe\u00e9r eftir nokkurri mynd, sem er \u00e1 himnum uppi e\u00f0a \u00e1 j\u00f6r\u00f0u ni\u00f0ri, e\u00f0a \u00ed vatninu undir j\u00f6r\u00f0inni.<a name=\"9\"><span class=\"versanumer\">9<\/span><\/a>\u00de\u00fa skalt ekki tilbi\u00f0ja \u00fe\u00e6r e\u00f0ur d\u00fdrka, \u00fev\u00ed a\u00f0 eg er Drottinn \u00feinn Gu\u00f0, vandl\u00e1tur Gu\u00f0, sem l\u00e6t fe\u00f0ranna afbrot koma fram vi\u00f0 b\u00f6rnin \u00ed \u00feri\u00f0ja og fj\u00f3r\u00f0a li\u00f0, \u00fea\u00f0 er a\u00f0 segja, \u00feegar \u00feau hata mig;<a name=\"10\"><span class=\"versanumer\">10<\/span><\/a>eg au\u00f0s\u00fdni l\u00edka miskunnsemi \u00ed \u00fe\u00fasundasta li\u00f0 \u00feeim sem elska mig og halda m\u00edn bo\u00f0or\u00f0.<a name=\"11\"><span class=\"versanumer\">11<\/span><\/a>\u00de\u00fa skalt ekki leggja nafn Drottins \u00fe\u00edns Gu\u00f0s vi\u00f0 \u00f3sannindi, \u00fev\u00ed Drottinn mun ekki l\u00e1ta \u00feann \u00f3hegndan, sem leggur hans nafn vi\u00f0 \u00f3sannindi.<a name=\"12\"><span class=\"versanumer\">12<\/span><\/a>Halt\u00fa helgan hv\u00edldardaginn, eins og Drottinn Gu\u00f0 \u00feinn hefir bo\u00f0i\u00f0 \u00fe\u00e9r;<a name=\"13\"><span class=\"versanumer\">13<\/span><\/a>sex daga skalt\u00fa erfi\u00f0a og vinna allt \u00feitt verk,<a name=\"14\"><span class=\"versanumer\">14<\/span><\/a>en s\u00e1 sj\u00f6undi dagur er hv\u00edldardagur Drottins \u00fe\u00edns Gu\u00f0s, \u00fe\u00e1 skaltu ekkert erfi\u00f0i fremja, ekki heldur sonur \u00feinn e\u00f0a d\u00f3ttir, ei heldur h\u00faskarl \u00feinn e\u00f0a amb\u00e1tt, eigi uxi \u00feinn n\u00e9 asni, n\u00e9 nokkur af \u00fe\u00ednum gripum, eigi heldur hinn \u00fatlendi sem er innanborgar me\u00f0 \u00fe\u00e9r, svo a\u00f0 \u00feinn \u00fer\u00e6ll og amb\u00e1tt f\u00e1i a\u00f0 hv\u00edla sig eins og \u00fe\u00fa;<a name=\"15\"><span class=\"versanumer\">15<\/span><\/a>\u00fev\u00ed \u00feig skal reka minni til a\u00f0 \u00fe\u00fa varst sj\u00e1lfur \u00fer\u00e6ll \u00ed Egyptalandi, og Drottinn \u00feinn Gu\u00f0 leiddi \u00feig \u00fea\u00f0an me\u00f0 voldugri hendi og \u00fatr\u00e9ttum armlegg, \u00feess vegna bau\u00f0 Drottinn \u00feinn Gu\u00f0 \u00fe\u00e9r a\u00f0 r\u00e6kja hv\u00edldardaginn.<a name=\"16\"><span class=\"versanumer\">16<\/span><\/a>Hei\u00f0ra skalt\u00fa f\u00f6\u00f0ur \u00feinn og m\u00f3\u00f0ur \u00fe\u00edna, eins og Drottinn \u00feinn Gu\u00f0 hefir bo\u00f0i\u00f0 \u00fe\u00e9r, svo \u00fe\u00fa f\u00e1ir lengi a\u00f0 lifa og \u00fe\u00e9r megi vel vegna \u00ed landi \u00fev\u00ed sem Drottinn \u00feinn Gu\u00f0 mun gefa \u00fe\u00e9r.<a name=\"17\"><span class=\"versanumer\">17<\/span><\/a>\u00de\u00fa skalt ekki mann vega.<a name=\"18\"><span class=\"versanumer\">18<\/span><\/a>\u00de\u00fa skalt ekki h\u00f3rd\u00f3m dr\u00fdgja.<a name=\"19\"><span class=\"versanumer\">19<\/span><\/a>\u00de\u00fa skalt ekki stela.<a name=\"20\"><span class=\"versanumer\">20<\/span><\/a>\u00de\u00fa skalt ekki bera lj\u00fagvitni m\u00f3ti \u00fe\u00ednum n\u00e1unga.<a name=\"21\"><span class=\"versanumer\">21<\/span><\/a>\u00de\u00fa skalt ekki girnast h\u00fasfreyju \u00fe\u00edns n\u00e1unga, ei heldur hans h\u00fas, akur, \u00fer\u00e6l e\u00f0a amb\u00e1tt, uxa, asna, e\u00f0a nokku\u00f0 sem hann \u00e1 me\u00f0.<a name=\"22\"><span class=\"versanumer\">22<\/span><\/a>\u00deetta eru \u00feau or\u00f0 sem Drottinn tala\u00f0i vi\u00f0 y\u00f0ur \u00fear sem \u00fe\u00e9r voru\u00f0 samankomnir, \u00e1 fjallinu, \u00far mi\u00f0jum eldinum, sk\u00fdinu og myrkrinu, me\u00f0 h\u00e1rri raust. B\u00e6tti hann \u00fear \u00f6ngvu vi\u00f0, heldur skrifa\u00f0i \u00e1 2 steint\u00f6flur sem hann f\u00e9kk m\u00e9r.<a name=\"23\"><span class=\"versanumer\">23<\/span><\/a>En \u00fe\u00e1 \u00fe\u00e9r heyr\u00f0u\u00f0 r\u00f6ddina \u00far dimmunni og fjalli\u00f0 loga\u00f0i \u00ed eldi, \u00fe\u00e1 gengu\u00f0 \u00fe\u00e9r til m\u00edn, allir formenn og \u00f6ldungar \u00ed y\u00f0ar \u00e6ttkv\u00edslum, og s\u00f6g\u00f0u\u00f0:<a name=\"24\"><span class=\"versanumer\">24<\/span><\/a>Sj\u00e1 \u00fe\u00fa! Drottinn vor Gu\u00f0 hefir s\u00fdnt oss s\u00edna d\u00fdr\u00f0 og sitt tignarveldi, v\u00e9r heyr\u00f0um hans raust \u00far mi\u00f0jum eldinum og v\u00e9r s\u00e1um \u00ed dag a\u00f0 Gu\u00f0 talar vi\u00f0 manninn, og a\u00f0 ma\u00f0urinn heldur \u00fe\u00f3 l\u00edfi.<a name=\"25\"><span class=\"versanumer\">25<\/span><\/a>En hv\u00ed skulum v\u00e9r deyja? \u00feessi mikli eldur \u00e6tlar a\u00f0 ey\u00f0a oss; ef v\u00e9r n\u00fa lengur heyrum raustina Drottins vors Gu\u00f0s, \u00fe\u00e1 munum v\u00e9r deyja,<a name=\"26\"><span class=\"versanumer\">26<\/span><\/a>\u00fev\u00ed a\u00f0 hv\u00f6r ma\u00f0ur hefir heyrt m\u00e1lr\u00f3m lifanda Gu\u00f0s \u00far mi\u00f0jum eldi, eins og v\u00e9r, og haldi\u00f0 \u00fe\u00f3 l\u00edfinu?<a name=\"27\"><span class=\"versanumer\">27<\/span><\/a>Far\u00f0u n\u00fa og heyr\u00f0u hva\u00f0 Drottinn vor Gu\u00f0 segir, og ber oss \u00fea\u00f0 aftur, \u00f6llu sem hann segir vi\u00f0 \u00feig viljum v\u00e9r gegna og hl\u00fd\u00f0a.<a name=\"28\"><span class=\"versanumer\">28<\/span><\/a>\u00de\u00e1 Drottinn heyr\u00f0i \u00fea\u00f0 sem \u00fe\u00e9r t\u00f6lu\u00f0u\u00f0 vi\u00f0 mig, sag\u00f0i hann vi\u00f0 mig: eg heyr\u00f0i hva\u00f0 f\u00f3lki\u00f0 tala\u00f0i vi\u00f0 \u00feig, og var \u00fea\u00f0 vel tala\u00f0.<a name=\"29\"><span class=\"versanumer\">29<\/span><\/a>En \u00e6 a\u00f0 \u00feeir \u00e6t\u00ed\u00f0 yr\u00f0u svo sinna\u00f0ir, a\u00f0 \u00f3ttast mig og halda \u00f6ll m\u00edn bo\u00f0or\u00f0, svo \u00feeim m\u00e6tti \u00e6vinlega vegna vel og b\u00f6rnum \u00feeirra. <br \/><a name=\"30\"><span class=\"versanumer\">30<\/span><\/a>Far\u00f0u og seg\u00f0u \u00feeim a\u00f0 hverfa heim \u00ed s\u00edn landtj\u00f6ld;<a name=\"31\"><span class=\"versanumer\">31<\/span><\/a>en \u00fe\u00fa skalt standa h\u00e9r hj\u00e1 m\u00e9r \u00e1 me\u00f0an eg tala vi\u00f0 \u00feig um \u00fe\u00e6r tilskipanir, setninga og bo\u00f0or\u00f0, sem \u00fe\u00fa \u00e1tt a\u00f0 br\u00fdna fyrir \u00feeim, svo \u00feeir breyti \u00fear eftir \u00feegar \u00feeir eru komnir \u00ed \u00fea\u00f0 land sem eg mun gefa \u00feeim til eignar. <br \/><a name=\"32\"><span class=\"versanumer\">32<\/span><\/a>Svo haldi\u00f0 \u00feetta \u00fe\u00e1, og breyti\u00f0 eins og Drottinn y\u00f0ar Gu\u00f0 hefir bo\u00f0i\u00f0 y\u00f0ur, og v\u00edki\u00f0 \u00fear ei fr\u00e1 hv\u00f6rki til h\u00e6gri n\u00e9 vinstri.<a name=\"33\"><span class=\"versanumer\">33<\/span><\/a>Gangi\u00f0 kostg\u00e6filega \u00fe\u00e1 lei\u00f0, sem Drottinn y\u00f0ar Gu\u00f0 hefir fyrir y\u00f0ur lagt, svo y\u00f0ur farnist vel og fars\u00e6llega og \u00fe\u00e9r lifi\u00f0 lengi \u00ed \u00fev\u00ed landinu sem \u00fe\u00e9r munu\u00f0 eignast.<\/p>\n<div class=\"footnoteVidey\"><\/div>\n","protected":false},"excerpt":{"rendered":"<p>Gu\u00f0s t\u00edu laga bo\u00f0or\u00f0 \u00edtrekast. 1M\u00f3ses stefndi \u00f6llum \u00cdsrael til samans, og sag\u00f0i til \u00feeirra: heyr \u00fe\u00fa \u00cdsrael! \u00fe\u00e1 lagasetninga og \u00feau bo\u00f0or\u00f0, sem eg \u00ed dag vil birta \u00fe\u00e9r \u00ed heyranda hlj\u00f3\u00f0i, svo \u00fe\u00e9r l\u00e6ri\u00f0 \u00feau, haldi\u00f0 og breyti\u00f0 eftir \u00feeim;2Drottinn vor Gu\u00f0 gj\u00f6r\u00f0i vi\u00f0 oss s\u00e1ttm\u00e1la \u00e1 H\u00f3reb;3ekki haf\u00f0i Drottinn gj\u00f6rt \u00feenna s\u00e1ttm\u00e1la vi\u00f0 forfe\u00f0ur vora, heldur vi\u00f0 oss sem h\u00e9r erum n\u00fa \u00e1 l\u00edfi n\u00e1l\u00e6gir;4hann tala\u00f0i vi\u00f0 oss eins og ma\u00f0ur vi\u00f0 mann, mitt \u00far eldinum upp \u00e1 fjallinu.5(Eg st\u00f3\u00f0 \u00e1 \u00feeim t\u00edma \u00e1 millum Drottins og y\u00f0ar, til a\u00f0 bera y\u00f0ur or\u00f0 Drottins, \u00fev\u00ed y\u00f0ur st\u00f3\u00f0 <a href=\"https:\/\/biblian.is\/videy\/fimmta-mosebok-5-kafli\/\"> [&#8230;]<\/a><\/p>\n","protected":false},"author":1,"featured_media":0,"parent":0,"menu_order":0,"comment_status":"open","ping_status":"open","template":"bibliukaflar.php","meta":{"footnotes":""},"class_list":["post-21007","page","type-page","status-publish","hentry"],"_links":{"self":[{"href":"https:\/\/biblian.is\/videy\/wp-json\/wp\/v2\/pages\/21007","targetHints":{"allow":["GET"]}}],"collection":[{"href":"https:\/\/biblian.is\/videy\/wp-json\/wp\/v2\/pages"}],"about":[{"href":"https:\/\/biblian.is\/videy\/wp-json\/wp\/v2\/types\/page"}],"author":[{"embeddable":true,"href":"https:\/\/biblian.is\/videy\/wp-json\/wp\/v2\/users\/1"}],"replies":[{"embeddable":true,"href":"https:\/\/biblian.is\/videy\/wp-json\/wp\/v2\/comments?post=21007"}],"version-history":[{"count":0,"href":"https:\/\/biblian.is\/videy\/wp-json\/wp\/v2\/pages\/21007\/revisions"}],"wp:attachment":[{"href":"https:\/\/biblian.is\/videy\/wp-json\/wp\/v2\/media?parent=21007"}],"curies":[{"name":"wp","href":"https:\/\/api.w.org\/{rel}","templated":true}]}}