{"id":21006,"date":"2018-01-02T00:59:51","date_gmt":"2018-01-02T00:59:51","guid":{"rendered":"http:\/\/biblian.is\/videy\/fimmta-mosebok-4-kafli\/"},"modified":"2018-01-02T00:59:51","modified_gmt":"2018-01-02T00:59:51","slug":"fimmta-mosebok-4-kafli","status":"publish","type":"page","link":"https:\/\/biblian.is\/videy\/fimmta-mosebok-4-kafli\/","title":{"rendered":"Fimmta M\u00f3seb\u00f3k 4. kafli"},"content":{"rendered":"<div class=\"fyrirsognVidey\">M\u00f3ses br\u00fdnir fyrir \u00fej\u00f3\u00f0inni fastheldni vi\u00f0 einn Gu\u00f0 og hans bo\u00f0or\u00f0.<\/div>\n<p><a name=\"1\"><span class=\"versanumer\">1<\/span><\/a>Heyr \u00fe\u00fa n\u00fa, \u00cdsrael! \u00fe\u00e1 setninga og bo\u00f0or\u00f0, sem eg kenni y\u00f0ur, og breyti\u00f0 eftir \u00feeim, svo \u00fe\u00e9r megi\u00f0 lifa og n\u00e1 a\u00f0 eignast \u00fea\u00f0 land, sem Drottinn Gu\u00f0 fe\u00f0ra y\u00f0ar mun gefa y\u00f0ur;<a name=\"2\"><span class=\"versanumer\">2<\/span><\/a>\u00fe\u00e9r skulu\u00f0 \u00f6ngvu auka vi\u00f0 \u00fea\u00f0 sem eg legg fyrir y\u00f0ur, og \u00fe\u00e9r skulu\u00f0 ei heldur \u00fear fr\u00e1 draga heldur skulu\u00f0 \u00fe\u00e9r kostg\u00e6filega var\u00f0veita bo\u00f0or\u00f0 Drottins y\u00f0ar Gu\u00f0s, \u00feau sem eg hefi fyrir y\u00f0ur lagt.<a name=\"3\"><span class=\"versanumer\">3<\/span><\/a>Me\u00f0 y\u00f0ar eigin augum hafi\u00f0 \u00fe\u00e9r s\u00e9\u00f0, hv\u00f6rnig Drottinn f\u00f3r me\u00f0 Baal-Peor <span class='VideyAth'>*)<\/span>, \u00fev\u00ed allan \u00feann flokk, sem fylgdi Baal-Peor, uppr\u00e6tti Drottinn \u00feinn Gu\u00f0 \u00far y\u00f0ar samf\u00e9lagi;<a name=\"4\"><span class=\"versanumer\">4<\/span><\/a>en \u00fe\u00e9r sem a\u00f0hylltust Drottin y\u00f0ar Gu\u00f0, lifi\u00f0 enn allir saman fram \u00e1 \u00feenna dag.<a name=\"5\"><span class=\"versanumer\">5<\/span><\/a>Sj\u00e1i\u00f0! eg hefi kennt y\u00f0ur l\u00f6g og bo\u00f0or\u00f0, eftir \u00fev\u00ed sem Drottinn minn Gu\u00f0 lag\u00f0i fyrir mig, til \u00feess \u00fe\u00e9r skyldu\u00f0 breyta eftir \u00feeim \u00ed landinu, sem \u00fe\u00e9r n\u00fa \u00e6tli\u00f0 inn \u00ed til a\u00f0 n\u00e1 undir y\u00f0ur.<a name=\"6\"><span class=\"versanumer\">6<\/span><\/a>Haldi\u00f0 \u00feau \u00fev\u00ed og var\u00f0veiti\u00f0! mun \u00fea\u00f0 koma \u00e1 y\u00f0ur or\u00f0i hj\u00e1 \u00f6llum \u00fej\u00f3\u00f0um fyrir v\u00edsd\u00f3m og skynsemi, og \u00feegar \u00fe\u00e6r heyra alla \u00feessa setninga, munu \u00feeir segja: \u00feetta er sannlega vitur \u00fej\u00f3\u00f0 og skyns\u00f6m og \u00fear me\u00f0 n\u00e6sta voldug,<a name=\"7\"><span class=\"versanumer\">7<\/span><\/a>\u00fev\u00ed hv\u00f6r er s\u00fa voldug \u00fej\u00f3\u00f0, sem gu\u00f0irnir hafi veri\u00f0 eins n\u00e1l\u00e6gir, og Drottinn vor Gu\u00f0 var oss allt\u00e9nd \u00feegar v\u00e9r k\u00f6llu\u00f0um til hans,<a name=\"8\"><span class=\"versanumer\">8<\/span><\/a>og hvar er s\u00fa voldug \u00fej\u00f3\u00f0 sem hafi eins r\u00e9ttv\u00edsa lagasetninga og bo\u00f0or\u00f0, svo sem er allt \u00feetta l\u00f6gm\u00e1l, sem eg legg \u00ed dag fram fyrir y\u00f0ur.<a name=\"9\"><span class=\"versanumer\">9<\/span><\/a>En vara\u00f0u \u00feig og g\u00e6ttu vandlega s\u00e1lu \u00feinnar, a\u00f0 ei gleymir \u00fe\u00fa \u00feeim hlutum sem \u00fe\u00fa hefur s\u00e9\u00f0 me\u00f0 eigin augum, og a\u00f0 \u00fea\u00f0 ekki l\u00ed\u00f0i \u00fe\u00e9r \u00far minni \u00e6vilangt; \u00fe\u00ednum b\u00f6rnum og barnab\u00f6rnum skalt\u00fa \u00fe\u00e1 kunngj\u00f6ra,<a name=\"10\"><span class=\"versanumer\">10<\/span><\/a><span class='VideyAth'>(kunngj\u00f6ra)<\/span> daginn \u00feann, \u00feegar \u00fe\u00fa st\u00f3\u00f0st frammi fyrir Drottni Gu\u00f0i \u00fe\u00ednum vi\u00f0 fjalli\u00f0 H\u00f3reb og Drottinn sag\u00f0i vi\u00f0 mig: safna\u00f0u \u00f6llu f\u00f3lkinu til m\u00edn, svo eg sj\u00e1lfur l\u00e1ti \u00fe\u00e1 heyra m\u00edn bo\u00f0or\u00f0, og svo \u00feeir l\u00e6ri a\u00f0 \u00f3ttast mig alla \u00fe\u00e1 daga sem \u00feeir lifa \u00e1 j\u00f6r\u00f0unni, og kenni \u00fea\u00f0 einnig b\u00f6rnum s\u00ednum.<a name=\"11\"><span class=\"versanumer\">11<\/span><\/a>\u00de\u00e9r komu\u00f0 \u00fe\u00e1 fram og sta\u00f0n\u00e6mdust undir fjallinu, en fjalli\u00f0 loga\u00f0i allt \u00ed eldi upp \u00ed meginloft, fylgdi \u00fear me\u00f0 myrkursk\u00fd og \u00feoka.<a name=\"12\"><span class=\"versanumer\">12<\/span><\/a>Og Drottinn tala\u00f0i vi\u00f0 y\u00f0ur mitt \u00far eldinum, r\u00f3minn or\u00f0anna heyr\u00f0u\u00f0 \u00fe\u00e9r, en \u00f6ngva mynd s\u00e1u\u00f0 \u00fe\u00e9r, r\u00f3murinn var \u00fea\u00f0 einn.<a name=\"13\"><span class=\"versanumer\">13<\/span><\/a>\u00de\u00e1 birti hann y\u00f0ur sinn s\u00e1ttm\u00e1la, eftir hv\u00f6rjum hann bau\u00f0 y\u00f0ur a\u00f0 breyta, \u00feau 10 bo\u00f0or\u00f0in sem hann skrifa\u00f0i \u00e1 2 steinspj\u00f6ld.<a name=\"14\"><span class=\"versanumer\">14<\/span><\/a>Um lei\u00f0 skipa\u00f0i Drottinn m\u00e9r a\u00f0 eg skyldi kenna y\u00f0ur lagasetninga og r\u00e9ttarbo\u00f0, svo \u00fe\u00e9r g\u00e6tu\u00f0 breytt \u00fear eftir \u00ed \u00fev\u00ed landi sem \u00fe\u00e9r eru\u00f0 \u00e1 veginum a\u00f0 eignast.<a name=\"15\"><span class=\"versanumer\">15<\/span><\/a>G\u00e6ti\u00f0 n\u00fa vel s\u00e1lna y\u00f0varra, \u00fev\u00ed \u00fe\u00e9r s\u00e1u\u00f0 \u00f6ngva mynd \u00e1 \u00feeim degi \u00feegar Drottinn y\u00f0ar Gu\u00f0 tala\u00f0i vi\u00f0 y\u00f0ur \u00far eldinum \u00e1 H\u00f3reb,<a name=\"16\"><span class=\"versanumer\">16<\/span><\/a>a\u00f0 \u00fe\u00e9r ekki mannspilli\u00f0 y\u00f0ur, me\u00f0 a\u00f0 tilb\u00faa y\u00f0ur nokkra l\u00edkneskju, sem l\u00edkist karli e\u00f0a konu<a name=\"17\"><span class=\"versanumer\">17<\/span><\/a>e\u00f0ur f\u00e9na\u00f0i \u00e1 j\u00f6r\u00f0u e\u00f0ur fuglum sem flj\u00faga \u00ed loftinu<a name=\"18\"><span class=\"versanumer\">18<\/span><\/a>ellegar ormum \u00e1 j\u00f6r\u00f0unni, e\u00f0ur fiskunum \u00ed vatninu undir j\u00f6r\u00f0inni.<a name=\"19\"><span class=\"versanumer\">19<\/span><\/a>Ennframar\u2014\u00feegar \u00fe\u00fa lyftir augum \u00fe\u00ednum til himins og sko\u00f0ar s\u00f3lina, tungli\u00f0 og stj\u00f6rnurnar, \u00feenna mikla himinsins herskara, a\u00f0 \u00fe\u00fa \u00fe\u00e1 ekki sn\u00faist fr\u00e1 m\u00e9r, og tilbi\u00f0jir \u00feau og d\u00fdrkir, \u00fe\u00f3 Gu\u00f0 hafi leyft \u00f6\u00f0rum \u00fej\u00f3\u00f0um undir himninum a\u00f0 skipta \u00feeim me\u00f0 s\u00e9r <span class='VideyAth'>(til \u00e1tr\u00fana\u00f0ar)<\/span>.<a name=\"20\"><span class=\"versanumer\">20<\/span><\/a>En y\u00f0ur hefir Drottinn teki\u00f0 a\u00f0 s\u00e9r og leitt \u00fat \u00far j\u00e1rnofninum, \u00fea\u00f0 er: \u00far Egyptalandi, svo \u00fe\u00e9r skyldu\u00f0 ver\u00f0a eins og \u00f3\u00f0alsf\u00f3lk hans, hva\u00f0 svo hefir reynst til \u00feessa.<br \/><a name=\"21\"><span class=\"versanumer\">21<\/span><\/a>Og Drottinn var\u00f0 m\u00e9r rei\u00f0ur y\u00f0ar vegna, svo hann s\u00f3r a\u00f0 eg skyldi ekki komast yfir J\u00f3rdan, a\u00f0 eg ekki skyldi komast \u00ed \u00fea\u00f0 g\u00f3\u00f0a landi\u00f0, sem Drottinn Gu\u00f0 \u00feinn mun gefa \u00fe\u00e9r a\u00f0 eign,<a name=\"22\"><span class=\"versanumer\">22<\/span><\/a>heldur hl\u00fdt eg a\u00f0 deyja \u00ed \u00feessu landi, \u00e1n \u00feess a\u00f0 komast yfir J\u00f3rdan, en \u00fe\u00e9r munu\u00f0 \u00feanga\u00f0 komast, og eignast landi\u00f0 \u00fea\u00f0 i\u00f0 g\u00f3\u00f0a.<a name=\"23\"><span class=\"versanumer\">23<\/span><\/a>G\u00e6ti\u00f0 y\u00f0ar \u00fev\u00ed a\u00f0 \u00fe\u00e9r ekki gleymi\u00f0 s\u00e1ttm\u00e1la Drottins y\u00f0ar Gu\u00f0s sem hann hefir gj\u00f6rt vi\u00f0 y\u00f0ur, og b\u00fai\u00f0 y\u00f0ur ekki l\u00edkneski eftir nokkurs mynd, eins og Drottinn \u00feinn Gu\u00f0 hefir bo\u00f0i\u00f0 \u00fe\u00e9r.<a name=\"24\"><span class=\"versanumer\">24<\/span><\/a>\u00dev\u00ed a\u00f0 Drottinn \u00feinn Gu\u00f0 er brennandi eldur og vandl\u00e1tur Gu\u00f0.<a name=\"25\"><span class=\"versanumer\">25<\/span><\/a>\u00de\u00e1 \u00fe\u00e9r ali\u00f0 b\u00f6rn og barnab\u00f6rn, og eru\u00f0 algj\u00f6rlega b\u00fanir a\u00f0 koma y\u00f0ur ni\u00f0ur \u00ed landinu, ef \u00fe\u00e9r \u00fe\u00e1 mannspilli\u00f0 y\u00f0ur me\u00f0 a\u00f0 gj\u00f6ra l\u00edkneski eftir einhv\u00f6rri mynd, og breyti\u00f0 \u00feannig illa \u00ed augum y\u00f0ar Gu\u00f0s, og reiti\u00f0 hann til rei\u00f0i,<a name=\"26\"><span class=\"versanumer\">26<\/span><\/a>\u00fe\u00e1 kalla eg \u00ed dag b\u00e6\u00f0i himin og j\u00f6r\u00f0 til vitnis m\u00f3ti y\u00f0ur, a\u00f0 \u00fe\u00e1 munu\u00f0 \u00fe\u00e9r br\u00e1tt ey\u00f0ast \u00far \u00fev\u00ed landi, sem \u00fe\u00e9r n\u00fa fari\u00f0 yfir J\u00f3rdan til a\u00f0 eignast, \u00fe\u00e9r munu\u00f0 ei lengi lifa \u00fear \u00far \u00fev\u00ed, heldur munu\u00f0 \u00fe\u00e9r ver\u00f0a reknir burtu.<a name=\"27\"><span class=\"versanumer\">27<\/span><\/a>Drottinn mun \u00fe\u00e1 dreifa y\u00f0ur \u00e1 millum \u00fej\u00f3\u00f0anna, svo a\u00f0 af y\u00f0ur skal einasta eftir ver\u00f0a l\u00edtill h\u00f3pur \u00e1 me\u00f0al hei\u00f0ingjanna, til hv\u00f6rra Drottinn mun reka y\u00f0ur.<a name=\"28\"><span class=\"versanumer\">28<\/span><\/a>\u00dear muntu \u00fej\u00f3na \u00feeim gu\u00f0um sem eru tilb\u00fanir af mannah\u00f6ndum, b\u00e6\u00f0i \u00far tr\u00e9 og steinum, sem hv\u00f6rki kunna a\u00f0 sj\u00e1 n\u00e9 heyra, eta n\u00e9 lukta.<a name=\"29\"><span class=\"versanumer\">29<\/span><\/a>\u00de\u00e1 muntu leita Drottins \u00fe\u00edns Gu\u00f0s og \u00fe\u00fa munt l\u00edka finna hann, svo framarlega sem \u00fe\u00fa leitar hans af \u00f6llu \u00fe\u00ednu hjarta, og allri \u00feinni \u00f6ndu.<a name=\"30\"><span class=\"versanumer\">30<\/span><\/a>\u00deegar \u00fe\u00fa kemst \u00ed allar \u00feessar nau\u00f0ir, \u00fe\u00e1 mun allt \u00feetta koma fram vi\u00f0 \u00feig seinna meir, en sn\u00fa\u00f0u \u00fe\u00e9r \u00fe\u00e1 aftur til Drottins \u00fe\u00edns Gu\u00f0s og hl\u00fdddu hans vilja,<a name=\"31\"><span class=\"versanumer\">31<\/span><\/a>\u00fev\u00ed a\u00f0 Drottinn \u00feinn Gu\u00f0 er miskunnsamur Gu\u00f0 sem ekki mun yfirgefa \u00feig, n\u00e9 gj\u00f6rsamlega ey\u00f0ileggja, og ekki mun hann gleyma s\u00e1ttm\u00e1lanum sem hann s\u00f3r fe\u00f0rum \u00fe\u00ednum.<a name=\"32\"><span class=\"versanumer\">32<\/span><\/a>Spyr\u00f0\u00fa \u00feig einasta fyrir um t\u00edmana sem veri\u00f0 hafa fyrir \u00feig, fr\u00e1 \u00feeim t\u00edma Gu\u00f0 skapa\u00f0i fyrst manninn \u00e1 jar\u00f0r\u00edki\u00f0, j\u00e1, spyr\u00f0u fr\u00e1 einu heimsskauti til annars, hv\u00f6rt a\u00f0 nokkurn t\u00edma hefir fyrri ske\u00f0 e\u00f0ur heyrst svo vegsamlegur atbur\u00f0ur,<a name=\"33\"><span class=\"versanumer\">33<\/span><\/a>a\u00f0 nokkur \u00fej\u00f3\u00f0 hafi heyrt m\u00e1lr\u00f3m Gu\u00f0s \u00fat af mi\u00f0jum eldi, eins og \u00fe\u00fa hefir heyrt og lifir \u00fe\u00f3?<a name=\"34\"><span class=\"versanumer\">34<\/span><\/a>E\u00f0a hv\u00f6rt Gu\u00f0 hefir tilreynt nokkurn t\u00edma a\u00f0 koma sj\u00e1lfur til a\u00f0 n\u00e1 handa s\u00e9r \u00fej\u00f3\u00f0, sem var \u00ed annarrar \u00fej\u00f3\u00f0ar valdi, me\u00f0 raunum, teiknum, og fyrirbur\u00f0um, me\u00f0 str\u00ed\u00f0um, me\u00f0 voldugri hendi og \u00fatr\u00e9ttum armlegg, og \u00f3ttalegum vi\u00f0bur\u00f0um, eins og Drottinn y\u00f0ar Gu\u00f0 gj\u00f6r\u00f0i allt saman y\u00f0ar vegna \u00ed Egyptalandi \u00ed \u00feinni eigin augs\u00fdn.<a name=\"35\"><span class=\"versanumer\">35<\/span><\/a>\u00deetta hefir \u00fe\u00fa s\u00e9\u00f0, svo \u00fe\u00fa vissir, a\u00f0 Drottinn er s\u00e1 einasti Gu\u00f0, en enginn annar.<a name=\"36\"><span class=\"versanumer\">36<\/span><\/a>Hann hefir l\u00e1ti\u00f0 \u00feig heyra s\u00edna raust af himni til a\u00f0 kenna \u00fe\u00e9r, og hann hefir l\u00e1ti\u00f0 \u00feig sj\u00e1 sinn mikla eld \u00e1 j\u00f6r\u00f0u, og \u00fe\u00fa hefir heyrt \u00fat af eldinum hans m\u00e1lr\u00f3m.<a name=\"37\"><span class=\"versanumer\">37<\/span><\/a>Vegna \u00feess hann elska\u00f0i y\u00f0ar fe\u00f0ur, og t\u00f3k trygg\u00f0 vi\u00f0 \u00feeirra ni\u00f0ja, \u00fe\u00e1 leiddi hann \u00feig sj\u00e1lfur \u00far Egyptalandi me\u00f0 s\u00ednum volduga krafti,<a name=\"38\"><span class=\"versanumer\">38<\/span><\/a>til \u00feess a\u00f0 reka \u00ed burtu \u00fe\u00edn vegna miklar \u00fej\u00f3\u00f0ir, og voldugri en \u00fe\u00fa ert, en lei\u00f0a \u00feig aftur \u00feanga\u00f0 og gefa \u00fe\u00e9r land \u00feeirra til eignar, eins og s\u00ed\u00f0an hefir fram komi\u00f0.<a name=\"39\"><span class=\"versanumer\">39<\/span><\/a>Svo m\u00e1ttu \u00fea\u00f0 skilja \u00ed dag, og leggja \u00fe\u00e9r \u00e1 hjarta\u00f0, a\u00f0 Drottinn er Gu\u00f0 \u00e1 himnum uppi, og \u00e1 j\u00f6r\u00f0u ni\u00f0ri, og alls enginn annar.<a name=\"40\"><span class=\"versanumer\">40<\/span><\/a>Takt\u00fa vara \u00e1 hans lagasetningum og tilskipunum, sem eg legg fyrir \u00feig \u00ed dag, \u00fe\u00e1 skal \u00fe\u00e9r ganga vel og b\u00f6rnum \u00fe\u00ednum eftir \u00feinn dag, svo \u00fe\u00fa megir lengi lifa \u00ed \u00fev\u00ed landinu sem Drottinn \u00feinn Gu\u00f0 gefur \u00fe\u00e9r til \u00e6vinlegrar eignar.<a name=\"41\"><span class=\"versanumer\">41<\/span><\/a>\u00de\u00e1 t\u00f3k M\u00f3ses 3 borgir fr\u00e1, sem voru hinumegin vi\u00f0 J\u00f3rdan \u00ed austur,<a name=\"42\"><span class=\"versanumer\">42<\/span><\/a>til \u00feess a\u00f0 \u00feanga\u00f0 g\u00e6ti fl\u00fai\u00f0 s\u00e1 sem \u00f3viljandi banar n\u00e1unga s\u00ednum, og v\u00e6ri hann ekki \u00e1\u00f0ur fyrri hans \u00f3vin, \u00fe\u00e1 m\u00e1tti hann fl\u00fdja til einhv\u00f6rra \u00feessara borga, og for\u00f0a svo l\u00edfi s\u00ednu,<a name=\"43\"><span class=\"versanumer\">43<\/span><\/a>\u00fe\u00e6r voru: Beser \u00e1 ey\u00f0im\u00f6rkinni, \u00e1 flatlendinu \u00ed R\u00faben\u00edtalandi, og Ramot \u00ed Gilea\u00f0, sem heyrir undir Ga\u00f0\u00edta, og Gola \u00ed Basan, sem heyrir undir Manassis \u00e6ttkv\u00edsl. <br \/><a name=\"44\"><span class=\"versanumer\">44<\/span><\/a>\u00deetta er \u00fea\u00f0 l\u00f6gm\u00e1l sem M\u00f3ses framsetti fyrir \u00cdsraelsb\u00f6rn,<a name=\"45\"><span class=\"versanumer\">45<\/span><\/a>\u00feetta eru \u00fe\u00e6r augl\u00fdsingar, lagasetningar og bo\u00f0or\u00f0, sem M\u00f3ses \u00fatlista\u00f0i fyrir \u00cdsraelsb\u00f6rnum, \u00fe\u00e1 \u00feeir voru sloppnir \u00far Egyptalandi,<a name=\"46\"><span class=\"versanumer\">46<\/span><\/a>hinumegin vi\u00f0 J\u00f3rdan, \u00ed dalnum gagnvart Betpeor \u00ed landi S\u00edhons Amor\u00edtak\u00f3ngs, sem haf\u00f0i a\u00f0setur \u00ed Hesbon, hv\u00f6rn e\u00f0 M\u00f3ses og \u00cdsraelsb\u00f6rn felldu eftir burtf\u00f6rina \u00far Egyptalandi,<a name=\"47\"><span class=\"versanumer\">47<\/span><\/a>og t\u00f3ku svo land hans, og l\u00edka land k\u00f3ngsins \u00d3ggs af Basan <span class='VideyAth'>(voru \u00feeir b\u00e1\u00f0ir k\u00f3ngar yfir Amor\u00edtum hinumegin vi\u00f0 J\u00f3rdan \u00ed austur)<\/span>,<a name=\"48\"><span class=\"versanumer\">48<\/span><\/a>n\u00e1\u00f0i \u00fea\u00f0 land fr\u00e1 Aroer, sem liggur vi\u00f0 l\u00e6kinn Arnon, allt til fjallsins S\u00edon, \u00fea\u00f0 er: Hermon;<a name=\"49\"><span class=\"versanumer\">49<\/span><\/a>\u00fear undir heyr\u00f0i l\u00edka flatlendi\u00f0 hinumegin vi\u00f0 J\u00f3rdan \u00ed austur, ofan til sj\u00e1varins sem er \u00e1 undirlendinu fyrir ne\u00f0an fjalli\u00f0 P\u00edsga.<\/p>\n<div class=\"footnoteVidey\"><\/div>\n","protected":false},"excerpt":{"rendered":"<p>M\u00f3ses br\u00fdnir fyrir \u00fej\u00f3\u00f0inni fastheldni vi\u00f0 einn Gu\u00f0 og hans bo\u00f0or\u00f0. 1Heyr \u00fe\u00fa n\u00fa, \u00cdsrael! \u00fe\u00e1 setninga og bo\u00f0or\u00f0, sem eg kenni y\u00f0ur, og breyti\u00f0 eftir \u00feeim, svo \u00fe\u00e9r megi\u00f0 lifa og n\u00e1 a\u00f0 eignast \u00fea\u00f0 land, sem Drottinn Gu\u00f0 fe\u00f0ra y\u00f0ar mun gefa y\u00f0ur;2\u00fe\u00e9r skulu\u00f0 \u00f6ngvu auka vi\u00f0 \u00fea\u00f0 sem eg legg fyrir y\u00f0ur, og \u00fe\u00e9r skulu\u00f0 ei heldur \u00fear fr\u00e1 draga heldur skulu\u00f0 \u00fe\u00e9r kostg\u00e6filega var\u00f0veita bo\u00f0or\u00f0 Drottins y\u00f0ar Gu\u00f0s, \u00feau sem eg hefi fyrir y\u00f0ur lagt.3Me\u00f0 y\u00f0ar eigin augum hafi\u00f0 \u00fe\u00e9r s\u00e9\u00f0, hv\u00f6rnig Drottinn f\u00f3r me\u00f0 Baal-Peor *), \u00fev\u00ed allan \u00feann flokk, sem fylgdi Baal-Peor, uppr\u00e6tti Drottinn <a href=\"https:\/\/biblian.is\/videy\/fimmta-mosebok-4-kafli\/\"> [&#8230;]<\/a><\/p>\n","protected":false},"author":1,"featured_media":0,"parent":0,"menu_order":0,"comment_status":"open","ping_status":"open","template":"bibliukaflar.php","meta":{"footnotes":""},"class_list":["post-21006","page","type-page","status-publish","hentry"],"_links":{"self":[{"href":"https:\/\/biblian.is\/videy\/wp-json\/wp\/v2\/pages\/21006","targetHints":{"allow":["GET"]}}],"collection":[{"href":"https:\/\/biblian.is\/videy\/wp-json\/wp\/v2\/pages"}],"about":[{"href":"https:\/\/biblian.is\/videy\/wp-json\/wp\/v2\/types\/page"}],"author":[{"embeddable":true,"href":"https:\/\/biblian.is\/videy\/wp-json\/wp\/v2\/users\/1"}],"replies":[{"embeddable":true,"href":"https:\/\/biblian.is\/videy\/wp-json\/wp\/v2\/comments?post=21006"}],"version-history":[{"count":0,"href":"https:\/\/biblian.is\/videy\/wp-json\/wp\/v2\/pages\/21006\/revisions"}],"wp:attachment":[{"href":"https:\/\/biblian.is\/videy\/wp-json\/wp\/v2\/media?parent=21006"}],"curies":[{"name":"wp","href":"https:\/\/api.w.org\/{rel}","templated":true}]}}