{"id":21005,"date":"2018-01-02T00:59:51","date_gmt":"2018-01-02T00:59:51","guid":{"rendered":"http:\/\/biblian.is\/videy\/fimmta-mosebok-3-kafli\/"},"modified":"2018-01-02T00:59:51","modified_gmt":"2018-01-02T00:59:51","slug":"fimmta-mosebok-3-kafli","status":"publish","type":"page","link":"https:\/\/biblian.is\/videy\/fimmta-mosebok-3-kafli\/","title":{"rendered":"Fimmta M\u00f3seb\u00f3k 3. kafli"},"content":{"rendered":"<div class=\"fyrirsognVidey\">Unnin \u00d3gg k\u00f3ngur \u00ed Basan.<\/div>\n<p><a name=\"1\"><span class=\"versanumer\">1<\/span><\/a>S\u00ed\u00f0an f\u00f3rum v\u00e9r \u00fea\u00f0an, og h\u00e9ldum veginn til Basan, \u00fe\u00e1 r\u00e9\u00f0st k\u00f3ngurinn \u00d3gg af Basan \u00fat \u00e1 m\u00f3ti oss me\u00f0 \u00f6llu s\u00ednu li\u00f0i til a\u00f0 heyja bardaga vi\u00f0 Edrei.<a name=\"2\"><span class=\"versanumer\">2<\/span><\/a>En Drottinn sag\u00f0i vi\u00f0 mig: Vert\u00fa \u00f3hr\u00e6ddur vi\u00f0 \u00fe\u00e1, \u00fev\u00ed eg hefi gefi\u00f0 \u00ed \u00fe\u00ednar hendur, b\u00e6\u00f0i hann sj\u00e1lfan, li\u00f0 hans allt og land, skalt\u00fa svo fara me\u00f0 hann, eins og \u00fe\u00fa f\u00f3rst me\u00f0 S\u00edhon Amor\u00edtak\u00f3ng sem bj\u00f3 \u00ed Hesbon.<a name=\"3\"><span class=\"versanumer\">3<\/span><\/a>Svo Drottinn vor Gu\u00f0 gaf oss \u00feannig \u00ed hendur einnig \u00d3gg k\u00f3nginn \u00ed Basan og allt li\u00f0 hans, svo v\u00e9r dr\u00e1pum \u00fear hv\u00f6rt mannsbarn.<a name=\"4\"><span class=\"versanumer\">4<\/span><\/a>Um sama leyti sigru\u00f0um v\u00e9r allar hans borgir og var s\u00fa engin, a\u00f0 v\u00e9r ekki n\u00e6\u00f0um undan honum, en \u00fe\u00e6r voru talsins 60 \u00ed h\u00e9ra\u00f0inu Argob, sem \u00d3gg af Basan haf\u00f0i til yfirr\u00e1\u00f0a;<a name=\"5\"><span class=\"versanumer\">5<\/span><\/a>allar \u00feessar borgir voru rambygg\u00f0ar me\u00f0 h\u00e1um m\u00farveggjum, hli\u00f0um og slagbr\u00f6ndum, h\u00e9r a\u00f0 auk var fj\u00f6ldi mikill af \u00f3umgirtum \u00feorpum,<a name=\"6\"><span class=\"versanumer\">6<\/span><\/a>og settum v\u00e9r \u00fe\u00e1 \u00ed bann <span class='VideyAth'>*)<\/span> eins og v\u00e9r h\u00f6f\u00f0um \u00e1\u00f0ur gj\u00f6rt vi\u00f0 S\u00edhon k\u00f3nginn af Hesbon, v\u00e9r settum \u00ed \u00feetta bann allar borgirnar b\u00e6\u00f0i menn, konur og b\u00f6rn.<a name=\"7\"><span class=\"versanumer\">7<\/span><\/a>En allan f\u00e9na\u00f0 og herfang \u00far borgunum dr\u00f3gum v\u00e9r undir oss.<br \/><a name=\"8\"><span class=\"versanumer\">8<\/span><\/a>Me\u00f0 svofelldu m\u00f3ti t\u00f3kum v\u00e9r \u00e1 \u00feeim t\u00edma, af hendi beggja Amor\u00edtak\u00f3nga, land allt hinumegin J\u00f3rdanar, fr\u00e1 l\u00e6knum Arnon, allt til fjallsins Hermon.<a name=\"9\"><span class=\"versanumer\">9<\/span><\/a>Fjalli\u00f0 Hermon kalla S\u00eddon\u00edtar Sirion, en Amor\u00edtar kalla \u00fea\u00f0 Senir.<a name=\"10\"><span class=\"versanumer\">10<\/span><\/a>Allar borgir \u00e1 flatlendinu allt fr\u00e1 Gilea\u00f0 og Basan til Salka og Edrei heyr\u00f0u undir k\u00f3ngsr\u00edki \u00d3ggs af Basan.<a name=\"11\"><span class=\"versanumer\">11<\/span><\/a>\u00dev\u00ed k\u00f3ngurinn \u00d3gg \u00ed Basan var s\u00e1 eini sem eftir var or\u00f0inn af risunum. Sj\u00e1 \u00fe\u00fa! hans j\u00e1rns\u00e6ng er h\u00e9r \u00ed Rabbat hj\u00e1 Amor\u00edtum, h\u00fan er 9 \u00e1lna l\u00f6ng, og 3 \u00e1lna brei\u00f0, alinin reiknu\u00f0 eftir karlmanns alboga.<a name=\"12\"><span class=\"versanumer\">12<\/span><\/a>V\u00e9r l\u00f6g\u00f0um \u00feetta land undir oss \u00feann t\u00edma, fr\u00e1 Aroer, sem er vi\u00f0 l\u00e6kinn Arnon, og h\u00e1lft G\u00edlea\u00f0fjall me\u00f0 s\u00ednum borgum, og eg gaf \u00fea\u00f0 \u00feeim R\u00faben\u00edtum og Ga\u00f0\u00edtum;<a name=\"13\"><span class=\"versanumer\">13<\/span><\/a>en \u00fea\u00f0 sem eftir var gaf eg h\u00e1lfri Manassis \u00e6ttkv\u00edsl <span class='VideyAth'>(allt h\u00e9ra\u00f0i\u00f0 Argob og allt Basan kallast risaland;<\/span><a name=\"14\"><span class=\"versanumer\">14<\/span><\/a><span class='VideyAth'>Jair son Manassis nam allt h\u00e9ra\u00f0i\u00f0 Argob til Gess\u00fari og Maakati landamerkja, og hann kalla\u00f0i Basan eftir s\u00e9r Ja\u00edrs\u00feorp og helst \u00fea\u00f0 nafn vi\u00f0 enn \u00ed dag)<\/span>.<a name=\"15\"><span class=\"versanumer\">15<\/span><\/a>Makkir gaf eg Gilea\u00f0,<a name=\"16\"><span class=\"versanumer\">16<\/span><\/a>R\u00faben\u00edtum og Ga\u00f0\u00edtum gaf eg part af Gilea\u00f0 til Arnonl\u00e6ks, e\u00f0a \u00ed hann mi\u00f0jan, hvar m\u00f6rkin eru, og allt a\u00f0 \u00e1nni Jabok, hvar merki eru Amor\u00edtalands,<a name=\"17\"><span class=\"versanumer\">17<\/span><\/a>s\u00f6mulei\u00f0is flatlendi\u00f0 og J\u00f3rdan, sem er \u00e1 m\u00f6rkum, fr\u00e1 vatninu Kinneret til sj\u00e1varins \u00e1 sl\u00e9ttlendinu, sem er Saltisj\u00f3rinn, ne\u00f0anvert vi\u00f0 fjalli\u00f0 P\u00edsga austan \u00ed m\u00f3ti.<a name=\"18\"><span class=\"versanumer\">18<\/span><\/a>Um sama leyti bau\u00f0 eg y\u00f0ur og sag\u00f0i: Drottinn y\u00f0ar Gu\u00f0 hefir gefi\u00f0 y\u00f0ur \u00feetta land til eignar; gangi\u00f0 \u00feess vegna herkl\u00e6ddir \u00e1 undan br\u00e6\u00f0rum y\u00f0ar, \u00cdsraelsb\u00f6rnum, allir \u00fe\u00e9r sem \u00fear til eru\u00f0 f\u00e6rir,<a name=\"19\"><span class=\"versanumer\">19<\/span><\/a>nema konur y\u00f0ar, b\u00f6rn og f\u00e9na\u00f0ur, \u00fev\u00ed eg veit \u00fe\u00e9r hafi\u00f0 mikinn f\u00e9na\u00f0. \u00deetta skulu\u00f0 \u00fe\u00e9r allt skilja eftir \u00ed \u00feeim borgum sem eg hefi gefi\u00f0 y\u00f0ur,<a name=\"20\"><span class=\"versanumer\">20<\/span><\/a>\u00feanga\u00f0 til Drottinn kemur br\u00e6\u00f0rum y\u00f0ar til hv\u00edldar eins og y\u00f0ur, og \u00feeir eru b\u00fanir a\u00f0 n\u00e1 \u00fev\u00ed landi, sem Drottinn y\u00f0ar Gu\u00f0 mun gefa \u00feeim hinumegin vi\u00f0 J\u00f3rdan, \u00fe\u00e1 skal hv\u00f6r y\u00f0ar mega sn\u00faa aftur til eigna sinna sem eg hefi honum gefi\u00f0.<a name=\"21\"><span class=\"versanumer\">21<\/span><\/a>Um sama leyti bau\u00f0 eg J\u00f3s\u00faa: \u00fe\u00edn augu hafa s\u00e9\u00f0 allt hva\u00f0 Drottinn y\u00f0ar Gu\u00f0 hefir gj\u00f6rt \u00feessum 2 k\u00f3ngum, sama mun Drottinn gj\u00f6ra vi\u00f0 \u00f6ll \u00feau k\u00f3ngsr\u00edki sem \u00fe\u00fa \u00e1tt a\u00f0 koma til.<a name=\"22\"><span class=\"versanumer\">22<\/span><\/a>Veri\u00f0 ei hr\u00e6ddir vi\u00f0 \u00fe\u00e1, \u00fev\u00ed Drottinn y\u00f0ar Gu\u00f0 mun str\u00ed\u00f0a fyrir y\u00f0ur.<a name=\"23\"><span class=\"versanumer\">23<\/span><\/a>\u00de\u00e1 beiddi eg Drottin og sag\u00f0i:<a name=\"24\"><span class=\"versanumer\">24<\/span><\/a>Drottinn minn Gu\u00f0, \u00fe\u00fa hefir byrja\u00f0 a\u00f0 s\u00fdna \u00fe\u00ednum \u00fe\u00e9nara \u00feitt veldi og \u00fe\u00edna \u00f6flugu h\u00f6nd, \u00fev\u00ed hv\u00f6r er s\u00e1 Gu\u00f0 \u00e1 himni e\u00f0a j\u00f6r\u00f0u sem f\u00e1i komist n\u00e6rri \u00fe\u00ednum verkum og \u00fe\u00ednum m\u00e6tti?<a name=\"25\"><span class=\"versanumer\">25<\/span><\/a>Lofa\u00f0u m\u00e9r a\u00f0 sj\u00e1 \u00fea\u00f0 g\u00f3\u00f0a landi\u00f0 hinumegin vi\u00f0 J\u00f3rdan, fjalli\u00f0 g\u00f3\u00f0a og Libanon.<a name=\"26\"><span class=\"versanumer\">26<\/span><\/a>En Drottinn reiddist m\u00e9r y\u00f0ar vegna og b\u00e6nheyr\u00f0i mig ekki, en sag\u00f0i vi\u00f0 mig: slepptu \u00feessu, og tala ekki vi\u00f0 mig um \u00fea\u00f0 oftar!<a name=\"27\"><span class=\"versanumer\">27<\/span><\/a>St\u00edg \u00fe\u00fa upp \u00e1 tindinn \u00e1 P\u00edsgafjalli, og lyft augum \u00fe\u00ednum m\u00f3t vestri, nor\u00f0ri, su\u00f0ri og austri, og l\u00edt \u00fea\u00f0an yfir landi\u00f0, \u00fev\u00ed \u00fe\u00fa munt ekki komast yfir \u00feessa J\u00f3rdan.<a name=\"28\"><span class=\"versanumer\">28<\/span><\/a>En seg \u00fe\u00fa J\u00f3s\u00faa a\u00f0 vera hugg\u00f3\u00f0um og \u00f6ruggum, \u00fev\u00ed hann skal vera yfir \u00feessu f\u00f3lki, og hann skal skipta me\u00f0 \u00fev\u00ed landinu sem \u00fe\u00fa munt sj\u00e1. <br \/><a name=\"29\"><span class=\"versanumer\">29<\/span><\/a>Dv\u00f6ldum v\u00e9r svo um hr\u00ed\u00f0 \u00ed dalnum \u00e1 m\u00f3ts vi\u00f0 Betpeor.<\/p>\n<div class=\"footnoteVidey\">*) \u00cd hebreskunni \u00fe\u00fd\u00f0ir or\u00f0i\u00f0 a\u00f0 helga e\u00f0ur \u00e1nafna. Me\u00f0 \u00feessu m\u00f3ti helgu\u00f0u Gy\u00f0ingar Jeh\u00f3va b\u00e6\u00f0i f\u00e9na\u00f0, lendur og menn, sem \u00feeir h\u00f6f\u00f0u herteki\u00f0, \u00fe\u00e6r lendur er \u00feannig v\u00f3ru helga\u00f0ar f\u00e9llu prestinum, en mennirnir v\u00f3ru l\u00edfl\u00e1tnir, var svo mikil helgi \u00e1 \u00feessu a\u00f0 ef einhv\u00f6r skaut manni e\u00f0a \u00f6\u00f0ru undan, var hann sj\u00e1lfur dr\u00e6pur. \u00cd str\u00ed\u00f0um vi\u00f0 hei\u00f0ingja v\u00f3ru stundum heilar borgir me\u00f0 \u00f6llu, helga\u00f0ar me\u00f0 \u00feessum h\u00e6tti, e\u00f0a sem betur l\u00e6tur \u00ed voru m\u00e1li, settar \u00ed bann.<\/div>\n","protected":false},"excerpt":{"rendered":"<p>Unnin \u00d3gg k\u00f3ngur \u00ed Basan. 1S\u00ed\u00f0an f\u00f3rum v\u00e9r \u00fea\u00f0an, og h\u00e9ldum veginn til Basan, \u00fe\u00e1 r\u00e9\u00f0st k\u00f3ngurinn \u00d3gg af Basan \u00fat \u00e1 m\u00f3ti oss me\u00f0 \u00f6llu s\u00ednu li\u00f0i til a\u00f0 heyja bardaga vi\u00f0 Edrei.2En Drottinn sag\u00f0i vi\u00f0 mig: Vert\u00fa \u00f3hr\u00e6ddur vi\u00f0 \u00fe\u00e1, \u00fev\u00ed eg hefi gefi\u00f0 \u00ed \u00fe\u00ednar hendur, b\u00e6\u00f0i hann sj\u00e1lfan, li\u00f0 hans allt og land, skalt\u00fa svo fara me\u00f0 hann, eins og \u00fe\u00fa f\u00f3rst me\u00f0 S\u00edhon Amor\u00edtak\u00f3ng sem bj\u00f3 \u00ed Hesbon.3Svo Drottinn vor Gu\u00f0 gaf oss \u00feannig \u00ed hendur einnig \u00d3gg k\u00f3nginn \u00ed Basan og allt li\u00f0 hans, svo v\u00e9r dr\u00e1pum \u00fear hv\u00f6rt mannsbarn.4Um sama leyti sigru\u00f0um v\u00e9r <a href=\"https:\/\/biblian.is\/videy\/fimmta-mosebok-3-kafli\/\"> [&#8230;]<\/a><\/p>\n","protected":false},"author":1,"featured_media":0,"parent":0,"menu_order":0,"comment_status":"open","ping_status":"open","template":"bibliukaflar.php","meta":{"footnotes":""},"class_list":["post-21005","page","type-page","status-publish","hentry"],"_links":{"self":[{"href":"https:\/\/biblian.is\/videy\/wp-json\/wp\/v2\/pages\/21005","targetHints":{"allow":["GET"]}}],"collection":[{"href":"https:\/\/biblian.is\/videy\/wp-json\/wp\/v2\/pages"}],"about":[{"href":"https:\/\/biblian.is\/videy\/wp-json\/wp\/v2\/types\/page"}],"author":[{"embeddable":true,"href":"https:\/\/biblian.is\/videy\/wp-json\/wp\/v2\/users\/1"}],"replies":[{"embeddable":true,"href":"https:\/\/biblian.is\/videy\/wp-json\/wp\/v2\/comments?post=21005"}],"version-history":[{"count":0,"href":"https:\/\/biblian.is\/videy\/wp-json\/wp\/v2\/pages\/21005\/revisions"}],"wp:attachment":[{"href":"https:\/\/biblian.is\/videy\/wp-json\/wp\/v2\/media?parent=21005"}],"curies":[{"name":"wp","href":"https:\/\/api.w.org\/{rel}","templated":true}]}}