{"id":21004,"date":"2018-01-02T00:59:51","date_gmt":"2018-01-02T00:59:51","guid":{"rendered":"http:\/\/biblian.is\/videy\/fimmta-mosebok-2-kafli\/"},"modified":"2018-01-02T00:59:51","modified_gmt":"2018-01-02T00:59:51","slug":"fimmta-mosebok-2-kafli","status":"publish","type":"page","link":"https:\/\/biblian.is\/videy\/fimmta-mosebok-2-kafli\/","title":{"rendered":"Fimmta M\u00f3seb\u00f3k 2. kafli"},"content":{"rendered":"<div class=\"fyrirsognVidey\">\u00cdsraelsb\u00f6rn vinna sigur \u00e1 Amm\u00f3n\u00edtum.<\/div>\n<p><a name=\"1\"><span class=\"versanumer\">1<\/span><\/a>S\u00ed\u00f0an beyg\u00f0um v\u00e9r vi\u00f0, og h\u00e9ldum til ey\u00f0imerkurinnar \u00fat \u00e1 m\u00f3ts vi\u00f0 Rau\u00f0ahafsbotna, eins og Drottinn haf\u00f0i lagt fyrir mig, og f\u00f3rum \u00ed kringum fjalli\u00f0 Seir langa t\u00edma.<a name=\"2\"><span class=\"versanumer\">2<\/span><\/a>\u00de\u00e1 sag\u00f0i Drottinn vi\u00f0 mig:<a name=\"3\"><span class=\"versanumer\">3<\/span><\/a>\u00fe\u00e9r hafi\u00f0 n\u00f3gu lengi reika\u00f0 \u00ed kringum fjall \u00feetta, sn\u00fai\u00f0 y\u00f0ur n\u00fa \u00ed nor\u00f0ur.<a name=\"4\"><span class=\"versanumer\">4<\/span><\/a>En f\u00f3lkinu skalt\u00fa bj\u00f3\u00f0a og segja: \u00de\u00e9r skulu\u00f0 fara yfir landamerki br\u00e6\u00f0ra y\u00f0ar, sem komnir eru af Esa\u00fa og b\u00faa \u00ed Seir, \u00feeir munu ver\u00f0a hr\u00e6ddir vi\u00f0 y\u00f0ur,<a name=\"5\"><span class=\"versanumer\">5<\/span><\/a>en taki\u00f0 y\u00f0ur mikinn vara fyrir a\u00f0 leggja til orrustu vi\u00f0 \u00fe\u00e1, \u00fev\u00ed a\u00f0 eg vil ekki gefa y\u00f0ur svo miki\u00f0 sem eitt fet af landi \u00feeirra, \u00fev\u00ed a\u00f0 eg hefi \u00e1nafna\u00f0 ni\u00f0jum Esa\u00fa fjalli\u00f0 Seir,<a name=\"6\"><span class=\"versanumer\">6<\/span><\/a>mat og drykk skulu\u00f0 \u00fe\u00e9r kaupa af \u00feeim hv\u00f6rutveggi fyrir peninga,<a name=\"7\"><span class=\"versanumer\">7<\/span><\/a>\u00fev\u00ed a\u00f0 Gu\u00f0 Drottinn \u00feinn hefir blessa\u00f0 allan \u00feinn handafla, hann l\u00e9t s\u00e9r annt um \u00feig \u00e1 fer\u00f0 \u00feinni um ey\u00f0im\u00f6rk \u00feessa hina miklu, \u00ed 40 \u00e1r hefir Drottinn Gu\u00f0 \u00feinn veri\u00f0 me\u00f0 \u00fe\u00e9r, svo \u00feig skorti \u00f6ngvan hlut. <br \/><a name=\"8\"><span class=\"versanumer\">8<\/span><\/a>\u00de\u00e1 v\u00e9r v\u00f3rum n\u00fa komnir framhj\u00e1 br\u00e6\u00f0rum vorum, ni\u00f0jum Esa\u00fa, sem b\u00faa \u00ed Seir, yfir flatlendi\u00f0 hj\u00e1 Elat og Eseongobere, \u00fe\u00e1 beyg\u00f0um v\u00e9r vi\u00f0, og stefndum til M\u00f3ab\u00edtaey\u00f0imerkur.<a name=\"9\"><span class=\"versanumer\">9<\/span><\/a>\u00de\u00e1 sag\u00f0i Drottinn vi\u00f0 mig: \u00fe\u00fa skalt ekki \u00e1reita M\u00f3ab\u00edta, og ekki leggja til bardaga vi\u00f0 \u00fe\u00e1, \u00fev\u00ed eg vil ekkert gefa \u00fe\u00e9r af \u00feeirra landi til eignar, \u00fev\u00ed eg hefi \u00e1nafna\u00f0 ni\u00f0jum Lots sta\u00f0inn Ar.<a name=\"10\"><span class=\"versanumer\">10<\/span><\/a><span class='VideyAth'>(\u00deeir Amim bjuggu \u00fear for\u00f0um. \u00dea\u00f0 var f\u00f3lkr\u00edk og voldug \u00fej\u00f3\u00f0 og st\u00f3rvaxin eins og Enakim,<\/span><a name=\"11\"><span class=\"versanumer\">11<\/span><\/a><span class='VideyAth'>\u00feeir eru og haldnir risakyns eins og Enakim, en M\u00f3ab\u00edtar k\u00f6llu\u00f0u \u00fe\u00e1 Emim.<\/span><a name=\"12\"><span class=\"versanumer\">12<\/span><\/a><span class='VideyAth'>H\u00f3r\u00edtar bjuggu for\u00f0um \u00ed Seir, en Esa\u00fani\u00f0jar hr\u00f6ktu \u00fe\u00e1 \u00ed burt og eyddu \u00feeim, en settust sj\u00e1lfir a\u00f0 l\u00f6ndum \u00feeirra, eins og \u00cdsrael\u00edtar gj\u00f6ra vi\u00f0 \u00feau l\u00f6nd sem Drottinn gefur \u00feeim til eignar.)<\/span><a name=\"13\"><span class=\"versanumer\">13<\/span><\/a>Og Drottinn sag\u00f0i: taki\u00f0 y\u00f0ur n\u00fa upp og fari\u00f0 yfir um elfuna Sared, en v\u00e9r gj\u00f6r\u00f0um eins og hann skipa\u00f0i. <br \/><a name=\"14\"><span class=\"versanumer\">14<\/span><\/a>En t\u00edminn sem v\u00e9r vorum fr\u00e1 Kadesbarnea til \u00feess v\u00e9r f\u00f3rum yfir um \u00e1na Sared,  v\u00f3ru 38 \u00e1r, svo a\u00f0 d\u00e1nir v\u00f3ru allir vopnf\u00e6rir menn \u00far herli\u00f0inu, eins og Drottinn haf\u00f0i svari\u00f0,<a name=\"15\"><span class=\"versanumer\">15<\/span><\/a>hv\u00f6rs h\u00f6nd var svo upp \u00e1 m\u00f3ti \u00feeim, a\u00f0 hann eyddi \u00feeim \u00far herli\u00f0inu \u00feanga\u00f0 til enginn var eftir.<a name=\"16\"><span class=\"versanumer\">16<\/span><\/a>Og \u00feegar allir \u00feessir str\u00ed\u00f0smenn me\u00f0al f\u00f3lksins v\u00f3ru fallnir ni\u00f0ur \u00ed str\u00e1,<a name=\"17\"><span class=\"versanumer\">17<\/span><\/a>\u00fe\u00e1 \u00e1varpa\u00f0i Drottinn mig \u00feessum or\u00f0um:<a name=\"18\"><span class=\"versanumer\">18<\/span><\/a>\u00fe\u00fa munt \u00ed dag fara framhj\u00e1 landamerkjum M\u00f3ab\u00edta hj\u00e1 Ar,<a name=\"19\"><span class=\"versanumer\">19<\/span><\/a>og lei\u00f0 \u00fe\u00edn mun liggja n\u00e6rri Amm\u00f3n\u00edtum, en ekki skalt\u00fa \u00e1reita \u00fe\u00e1, n\u00e9 eggja til bardaga, \u00fev\u00ed eg \u00e6tla ekkert a\u00f0 gefa \u00fe\u00e9r til eignar af landi Amm\u00f3nsbarna, \u00fev\u00ed eg hefi gefi\u00f0 \u00fea\u00f0 ni\u00f0jum Lots til eignar.<a name=\"20\"><span class=\"versanumer\">20<\/span><\/a><span class='VideyAth'>(\u00dea\u00f0 er og \u00e1liti\u00f0 vera risaland, skulu risar hafa b\u00fai\u00f0 \u00fear \u00ed gamla daga, og k\u00f6llu\u00f0u Ammonitar \u00fe\u00e1 Sams\u00famim,<\/span><a name=\"21\"><span class=\"versanumer\">21<\/span><\/a><span class='VideyAth'>\u00fea\u00f0 er voldug \u00fej\u00f3\u00f0, fj\u00f6lmenn og st\u00f3r a\u00f0 vexti eins og Enakim, en Drottinn eyddi \u00feeim fyrir Ammonitum svo \u00feessir eignu\u00f0ust landi\u00f0 og t\u00f3ku \u00fea\u00f0 undir sig.<\/span><a name=\"22\"><span class=\"versanumer\">22<\/span><\/a><span class='VideyAth'>Sama haf\u00f0i Drottinn gj\u00f6rt fyrir ni\u00f0ja Esa\u00fa sem bjuggu \u00ed Seir, \u00fe\u00e1 hann eyddi H\u00f3r\u00edtum fyrir \u00feeim en \u00feeir fengu aftur landi\u00f0, og settust a\u00f0 \u00ed hinna sta\u00f0, hva\u00f0 svo stendur enn \u00ed dag.<\/span><a name=\"23\"><span class=\"versanumer\">23<\/span><\/a><span class='VideyAth'>Me\u00f0 l\u00edkum h\u00e6tti t\u00f3ku Kaft\u00f3rim sig upp fr\u00e1 Kaft\u00f3r og ey\u00f0il\u00f6g\u00f0u Avim, sem bjuggu \u00ed Haserim allt til Gasa, en t\u00f3ku undir sig land \u00feeirr<\/span><br \/><a name=\"24\"><span class=\"versanumer\">24<\/span><\/a><span class='VideyAth'>a.)<\/span>Taki\u00f0 y\u00f0ur n\u00fa upp til fer\u00f0ar, og fari\u00f0 yfir l\u00e6kinn Arnon, sj\u00e1! eg hefi gefi\u00f0 \u00e1 \u00feitt vald S\u00edhon Ammoritak\u00f3ng \u00ed Hesbon, og land hans allt; tak n\u00fa til a\u00f0 vinna landi\u00f0 og legg til orrustu vi\u00f0 hann,<a name=\"25\"><span class=\"versanumer\">25<\/span><\/a>skal eg l\u00e1ta \u00fea\u00f0 hefjast \u00ed dag a\u00f0 \u00f6llum \u00fej\u00f3\u00f0um undir himninum standi af \u00fe\u00e9r \u00f3tti og hr\u00e6\u00f0sla, svo a\u00f0 allir sem heyri \u00feig nefndan \u00e1 nafn f\u00e1i \u00ed sig hr\u00e6\u00f0slu og kv\u00ed\u00f0a fyrir \u00fe\u00e9r. <br \/><a name=\"26\"><span class=\"versanumer\">26<\/span><\/a>\u00de\u00e1 gj\u00f6r\u00f0i eg menn \u00far Kidm\u00f3tey\u00f0im\u00f6rk \u00e1 fund S\u00edhons k\u00f3ngs \u00ed Hesbon, me\u00f0 vingjarnlegri or\u00f0sending, svol\u00e1tandi:<a name=\"27\"><span class=\"versanumer\">27<\/span><\/a>Eg vil f\u00e1 fararleyfi yfir land \u00feitt um r\u00e9tta \u00fej\u00f3\u00f0lei\u00f0, og skal eg hv\u00f6rki sveigja \u00fear \u00fat af til h\u00e6gri n\u00e9 vinstri.<a name=\"28\"><span class=\"versanumer\">28<\/span><\/a>Matv\u00e6li og drykk muntu selja m\u00e9r vi\u00f0 ver\u00f0i, m\u00e9r er n\u00f3g f\u00e1i eg a\u00f0 ganga f\u00e6ti yfir land \u00feitt,<a name=\"29\"><span class=\"versanumer\">29<\/span><\/a><span class='VideyAth'>(eins og \u00feeir veittu m\u00e9r ni\u00f0jar Esa\u00fa, sem b\u00faa \u00ed Seir og M\u00f3ab\u00edtar sem b\u00faa \u00ed Ar)<\/span> \u00feanga\u00f0 til eg kemst yfir J\u00f3rdan, \u00ed \u00fea\u00f0 land sem Drottinn vor Gu\u00f0 hefir gefi\u00f0 oss.<br \/><a name=\"30\"><span class=\"versanumer\">30<\/span><\/a>En S\u00edhon k\u00f3ngurinn \u00ed Hesbon, vildi ekki v\u00e9r f\u00e6rum yfir land sitt, \u00fev\u00ed a\u00f0 Drottinn Gu\u00f0 \u00feinn forherti hans anda og blinda\u00f0i hans hjarta, af \u00fev\u00ed hann vildi gefa hann \u00ed \u00fe\u00ednar hendur, eins og l\u00edka var\u00f0.<a name=\"31\"><span class=\"versanumer\">31<\/span><\/a>\u00de\u00e1 sag\u00f0i Drottinn vi\u00f0 mig, sj\u00e1 \u00fe\u00fa! eg \u00e6tla n\u00fa a\u00f0 gefa upp vi\u00f0 \u00feig S\u00edhon og land hans, byrja \u00fev\u00ed a\u00f0 leggja land hans undir \u00feig.<br \/><a name=\"32\"><span class=\"versanumer\">32<\/span><\/a>Lag\u00f0i \u00fe\u00e1 S\u00edhon \u00fat \u00e1 m\u00f3ts vi\u00f0 oss me\u00f0 \u00f6llu li\u00f0i s\u00ednu til a\u00f0 heyja orrustu hj\u00e1 Jahsa.<br \/><a name=\"33\"><span class=\"versanumer\">33<\/span><\/a>En Drottinn vor Gu\u00f0 gaf hann \u00e1 vort vald, svo v\u00e9r sigru\u00f0umst \u00e1 honum, sonum hans og \u00f6llu li\u00f0i;<a name=\"34\"><span class=\"versanumer\">34<\/span><\/a>\u00fe\u00e1 unnum v\u00e9r og \u00e1 sama t\u00edma allar hans borgir, eyddum \u00feeim \u00e1samt \u00f6llu mannf\u00f3lki, svo vel konum sem b\u00f6rnum,<a name=\"35\"><span class=\"versanumer\">35<\/span><\/a>svo v\u00e9r l\u00e9tum \u00fear ekkert lifa, nema f\u00e9na\u00f0inn og herfangi\u00f0 \u00far borgunum sem v\u00e9r h\u00f6f\u00f0um unni\u00f0 og t\u00f3kum v\u00e9r \u00fea\u00f0 undir oss. <br \/><a name=\"36\"><span class=\"versanumer\">36<\/span><\/a>Fr\u00e1 Aroer, sem liggur vi\u00f0 bakkann \u00e1 l\u00e6knum Arnon, og fr\u00e1 borginni sem er \u00ed dalnum inn til Gilea\u00f0, var engi s\u00fa borg sem g\u00e6ti varist fyrir oss, allar \u00fe\u00e6r gaf Drottinn vor Gu\u00f0 oss \u00ed hendur,<a name=\"37\"><span class=\"versanumer\">37<\/span><\/a>nema hva\u00f0 \u00fe\u00fa m\u00e1ttir ekki koma \u00ed land Ammonsbarna, \u00ed h\u00e9ra\u00f0i\u00f0 umhverfis vatni\u00f0 Jabok, ei heldur til borganna upp \u00e1 fjallbygg\u00f0inni, e\u00f0a nokkura \u00feeirra sta\u00f0a sem Drottinn vor Gu\u00f0 haf\u00f0i banna\u00f0.<\/p>\n<div class=\"footnoteVidey\"><\/div>\n","protected":false},"excerpt":{"rendered":"<p>\u00cdsraelsb\u00f6rn vinna sigur \u00e1 Amm\u00f3n\u00edtum. 1S\u00ed\u00f0an beyg\u00f0um v\u00e9r vi\u00f0, og h\u00e9ldum til ey\u00f0imerkurinnar \u00fat \u00e1 m\u00f3ts vi\u00f0 Rau\u00f0ahafsbotna, eins og Drottinn haf\u00f0i lagt fyrir mig, og f\u00f3rum \u00ed kringum fjalli\u00f0 Seir langa t\u00edma.2\u00de\u00e1 sag\u00f0i Drottinn vi\u00f0 mig:3\u00fe\u00e9r hafi\u00f0 n\u00f3gu lengi reika\u00f0 \u00ed kringum fjall \u00feetta, sn\u00fai\u00f0 y\u00f0ur n\u00fa \u00ed nor\u00f0ur.4En f\u00f3lkinu skalt\u00fa bj\u00f3\u00f0a og segja: \u00de\u00e9r skulu\u00f0 fara yfir landamerki br\u00e6\u00f0ra y\u00f0ar, sem komnir eru af Esa\u00fa og b\u00faa \u00ed Seir, \u00feeir munu ver\u00f0a hr\u00e6ddir vi\u00f0 y\u00f0ur,5en taki\u00f0 y\u00f0ur mikinn vara fyrir a\u00f0 leggja til orrustu vi\u00f0 \u00fe\u00e1, \u00fev\u00ed a\u00f0 eg vil ekki gefa y\u00f0ur svo miki\u00f0 sem eitt fet <a href=\"https:\/\/biblian.is\/videy\/fimmta-mosebok-2-kafli\/\"> [&#8230;]<\/a><\/p>\n","protected":false},"author":1,"featured_media":0,"parent":0,"menu_order":0,"comment_status":"open","ping_status":"open","template":"bibliukaflar.php","meta":{"footnotes":""},"class_list":["post-21004","page","type-page","status-publish","hentry"],"_links":{"self":[{"href":"https:\/\/biblian.is\/videy\/wp-json\/wp\/v2\/pages\/21004","targetHints":{"allow":["GET"]}}],"collection":[{"href":"https:\/\/biblian.is\/videy\/wp-json\/wp\/v2\/pages"}],"about":[{"href":"https:\/\/biblian.is\/videy\/wp-json\/wp\/v2\/types\/page"}],"author":[{"embeddable":true,"href":"https:\/\/biblian.is\/videy\/wp-json\/wp\/v2\/users\/1"}],"replies":[{"embeddable":true,"href":"https:\/\/biblian.is\/videy\/wp-json\/wp\/v2\/comments?post=21004"}],"version-history":[{"count":0,"href":"https:\/\/biblian.is\/videy\/wp-json\/wp\/v2\/pages\/21004\/revisions"}],"wp:attachment":[{"href":"https:\/\/biblian.is\/videy\/wp-json\/wp\/v2\/media?parent=21004"}],"curies":[{"name":"wp","href":"https:\/\/api.w.org\/{rel}","templated":true}]}}