{"id":21003,"date":"2018-01-02T00:59:51","date_gmt":"2018-01-02T00:59:51","guid":{"rendered":"http:\/\/biblian.is\/videy\/fimmta-mosebok-1-kafli\/"},"modified":"2018-01-02T00:59:51","modified_gmt":"2018-01-02T00:59:51","slug":"fimmta-mosebok-1-kafli","status":"publish","type":"page","link":"https:\/\/biblian.is\/videy\/fimmta-mosebok-1-kafli\/","title":{"rendered":"Fimmta M\u00f3seb\u00f3k 1. kafli"},"content":{"rendered":"<div class=\"fyrirsognVidey\">Uppreisn \u00cdsraelsbarna \u00ed ey\u00f0im\u00f6rkinni og straff.<\/div>\n<p><a name=\"1\"><span class=\"versanumer\">1<\/span><\/a>\u00deessi eru \u00feau or\u00f0, sem M\u00f3ses tala\u00f0i vi\u00f0 allan \u00cdsrael, hinumegin vi\u00f0 J\u00f3rdan \u00ed ey\u00f0im\u00f6rkinni, \u00e1 sl\u00e9ttlendinu \u00fat \u00e1 m\u00f3ts vi\u00f0 Suf, \u00e1 milli Paran og Tofel, Laban, Hliseroth, og Disahab.<a name=\"2\"><span class=\"versanumer\">2<\/span><\/a><span class='VideyAth'>(\u00dea\u00f0 eru ellefu daglei\u00f0ir fr\u00e1 H\u00f3reb til Kadesbarnea, \u00feegar farinn er fjallvegurinn Seir.<a name=\"3\"><span class=\"versanumer\">3<\/span><\/a>\u00c1 fertugasta \u00e1ri, fyrsta degi \u00feess ellefta m\u00e1na\u00f0ar, tala\u00f0i M\u00f3ses vi\u00f0 \u00cdsraelsf\u00f3lk allt \u00fea\u00f0 sem Drottinn haf\u00f0i fyrir hann lagt,<a name=\"4\"><span class=\"versanumer\">4<\/span><\/a>eftir a\u00f0 hann haf\u00f0i unni\u00f0 \u00e1 Sihon Amor\u00edtak\u00f3ngi, sem haf\u00f0i a\u00f0setur \u00ed Hesbon, og \u00e1 \u00d3gg k\u00f3nginum \u00ed Basan, sem haf\u00f0i a\u00f0setur \u00ed Astaroth. *)<\/span> <br \/><a name=\"5\"><span class=\"versanumer\">5<\/span><\/a>Hinumegin vi\u00f0 J\u00f3rdan, \u00ed M\u00f3ab\u00edtalandi, f\u00f3r M\u00f3ses a\u00f0 \u00fatlista l\u00f6gm\u00e1li\u00f0 \u00feessum or\u00f0um:<a name=\"6\"><span class=\"versanumer\">6<\/span><\/a>Drottinn vor Gu\u00f0 tala\u00f0i vi\u00f0 oss \u00e1 H\u00f3reb svolei\u00f0is: \u00fe\u00e9r eru\u00f0 n\u00f3gu lengi b\u00fanir a\u00f0 vera \u00e1 \u00feessu fjalli,<a name=\"7\"><span class=\"versanumer\">7<\/span><\/a>sn\u00fai\u00f0 n\u00fa vi\u00f0 og fari\u00f0 til Amor\u00edtafjalls, og \u00feeirra sta\u00f0a sem \u00fear liggja \u00ed grennd vi\u00f0 b\u00e6\u00f0i \u00e1 sl\u00e9ttlendi, fj\u00f6llum, d\u00f6lum, \u00e1 m\u00f3ti su\u00f0ri og vi\u00f0 sj\u00f3, til Kanaanslands og L\u00edbanon, allt til \u00feeirrar miklu m\u00f3\u00f0u Evfrat.<a name=\"8\"><span class=\"versanumer\">8<\/span><\/a>Sj\u00e1! eg hefi gefi\u00f0 y\u00f0ur \u00fea\u00f0 land, sem fyrir y\u00f0ur liggur, fari\u00f0 og taki\u00f0 \u00fea\u00f0 undir y\u00f0ur, hefir Drottinn svari\u00f0 fe\u00f0rum y\u00f0ar, Abraham, \u00cdsaak og Jakob a\u00f0 gefa \u00feeim landi\u00f0 og ni\u00f0jum \u00feeirra. <br \/><a name=\"9\"><span class=\"versanumer\">9<\/span><\/a>Um sama leyti sag\u00f0i eg vi\u00f0 y\u00f0ur: eg r\u00eds ekki undir y\u00f0ur einsamall,<a name=\"10\"><span class=\"versanumer\">10<\/span><\/a>\u00fev\u00ed a\u00f0 Drottinn y\u00f0ar Gu\u00f0 hefur margfalda\u00f0 y\u00f0ur, svo \u00fe\u00e9r eru\u00f0 n\u00fa or\u00f0nir, a\u00f0 fj\u00f6ldanum til, \u00e1l\u00edkir himinsins stj\u00f6rnum.<a name=\"11\"><span class=\"versanumer\">11<\/span><\/a><span class='VideyAth'>(En Gu\u00f0, Drottinn fe\u00f0ra y\u00f0ar, gj\u00f6ri y\u00f0ur enn m\u00f6rgum \u00fe\u00fasundum fleiri, og blessi y\u00f0ur eins og hann hefir lofa\u00f0.)<\/span><a name=\"12\"><span class=\"versanumer\">12<\/span><\/a>En hv\u00f6rnig \u00e1 eg einn a\u00f0 geta bori\u00f0 \u00f6ll \u00feyngsli af y\u00f0ur, \u00e1nau\u00f0 og \u00fer\u00e6tur.<a name=\"13\"><span class=\"versanumer\">13<\/span><\/a>Velji\u00f0 v\u00edsa, skynsama og valinkunna menn af kynkv\u00edslum y\u00f0ar, og skal eg setja \u00fe\u00e1 til h\u00f6f\u00f0ingja yfir y\u00f0ur.<a name=\"14\"><span class=\"versanumer\">14<\/span><\/a>\u00de\u00e1 sv\u00f6ru\u00f0u\u00f0 \u00fe\u00e9r m\u00e9r og s\u00f6g\u00f0u\u00f0: \u00fea\u00f0 er vel tilfalli\u00f0 sem \u00fe\u00fa segist vilja gj\u00f6ra.<a name=\"15\"><span class=\"versanumer\">15<\/span><\/a>T\u00f3k eg \u00fe\u00e1 \u00f6\u00f0lingana \u00far \u00e6ttkv\u00edslum y\u00f0ar, skynsama menn og valinkunna, og setti \u00fe\u00e1 h\u00f6f\u00f0ingja yfir y\u00f0ur, yfir \u00fe\u00fasund, yfir hundra\u00f0, yfir fimmt\u00edu og yfir t\u00edu, og til emb\u00e6ttismanna me\u00f0al y\u00f0ar kynkv\u00edsla.<a name=\"16\"><span class=\"versanumer\">16<\/span><\/a>Og eg lag\u00f0i \u00fe\u00e1 svo fyrir d\u00f3mendur y\u00f0ar segjandi: gegni\u00f0 br\u00e6\u00f0rum y\u00f0ar, og d\u00e6mi\u00f0 r\u00e9tt \u00e1 millum hv\u00f6rs manns, hv\u00f6rt sem hann er innlendur e\u00f0a \u00fatlendur;<a name=\"17\"><span class=\"versanumer\">17<\/span><\/a>hafi\u00f0 ekkert manngreinar\u00e1lit \u00ed d\u00f3mum, gegni\u00f0 eins nau\u00f0syn minni- sem meirih\u00e1ttar manna, og hr\u00e6\u00f0ist ekki nokkurn mann, \u00fev\u00ed d\u00f3maraemb\u00e6tti\u00f0 er Gu\u00f0s; en ef eitthv\u00f6rt m\u00e1lefni er y\u00f0ur ofvaxi\u00f0, \u00fe\u00e1 skj\u00f3ti\u00f0 \u00fev\u00ed til m\u00edn, og skal eg \u00fev\u00ed gegna.<a name=\"18\"><span class=\"versanumer\">18<\/span><\/a>\u00deannig skipa\u00f0i eg y\u00f0ur \u00ed \u00fea\u00f0 sinni \u00f6ll \u00feau l\u00f6g sem \u00fe\u00e9r skyldu\u00f0 halda. <br \/><a name=\"19\"><span class=\"versanumer\">19<\/span><\/a>S\u00ed\u00f0an f\u00f3rum v\u00e9r fr\u00e1 H\u00f3reb, og h\u00e9ldum \u00e1fram yfir alla ey\u00f0im\u00f6rkina\u2014sem b\u00e6\u00f0i er mikil og hr\u00e6\u00f0ileg, eins og \u00fe\u00e9r sj\u00e1lfir s\u00e9\u00f0 hafi\u00f0\u2014lei\u00f0ina til Amor\u00edtafjalls, eins og Drottinn vor Gu\u00f0 haf\u00f0i fyrir oss lagt, og n\u00e1\u00f0um \u00feannig til Kadesbarnea.<a name=\"20\"><span class=\"versanumer\">20<\/span><\/a>\u00de\u00e1 sag\u00f0i eg vi\u00f0 y\u00f0ur: \u00fe\u00e9r eru\u00f0 komnir til Amor\u00edtafjalls, sem Drottinn vor Gu\u00f0 vill gefa oss;<a name=\"21\"><span class=\"versanumer\">21<\/span><\/a>sj\u00e1 \u00fe\u00fa! Drottinn vor Gu\u00f0 hefir gefi\u00f0 \u00fe\u00e9r \u00ed hendur land \u00feetta, fari\u00f0 upp og n\u00e1i\u00f0 \u00fev\u00ed, eins og Gu\u00f0 Drottinn fe\u00f0ra \u00feinna hefir heiti\u00f0 \u00fe\u00e9r, vert ekki hr\u00e6ddur n\u00e9 huglaus.<a name=\"22\"><span class=\"versanumer\">22<\/span><\/a>\u00de\u00e1 s\u00f6fnu\u00f0ust \u00fe\u00e9r allir til m\u00edn og s\u00f6g\u00f0u\u00f0: l\u00e1tum oss senda \u00feanga\u00f0 nokkra menn \u00e1 undan, til a\u00f0 kanna landi\u00f0, sem geti sagt oss aftur um hva\u00f0a veg \u00feanga\u00f0 ver\u00f0i komist, og hv\u00f6rjar borgir \u00fear ver\u00f0i \u00ed lei\u00f0 vorri.<a name=\"23\"><span class=\"versanumer\">23<\/span><\/a>M\u00e9r fell \u00feetta vel \u00ed ge\u00f0, svo eg valdi 12 menn af y\u00f0ur, einn \u00far hv\u00f6rri kynkv\u00edsl;<br \/><a name=\"24\"><span class=\"versanumer\">24<\/span><\/a>\u00feessir t\u00f3ku sig n\u00fa upp, gengu upp fj\u00f6llin, og komust \u00ed dalinn Esk\u00f3l, og k\u00f6nnu\u00f0u \u00fear land;<a name=\"25\"><span class=\"versanumer\">25<\/span><\/a>t\u00f3ku \u00feeir me\u00f0 s\u00e9r nokku\u00f0 af jar\u00f0ar\u00e1v\u00f6xtum, sem \u00feeir f\u00e6r\u00f0u oss aftur, og b\u00e1ru \u00fe\u00e1 fregn, a\u00f0 land \u00fea\u00f0 v\u00e6ri gott sem Drottinn vor Gu\u00f0 hef\u00f0i gefi\u00f0 oss.<a name=\"26\"><span class=\"versanumer\">26<\/span><\/a>En \u00fe\u00e9r vildu\u00f0 ei halda \u00feanga\u00f0, og v\u00f3ru\u00f0 \u00f3hl\u00fd\u00f0nir or\u00f0um Drottins, y\u00f0ar Gu\u00f0s, m\u00f6glu\u00f0u\u00f0 \u00ed landtj\u00f6ldum y\u00f0ar og s\u00f6g\u00f0u\u00f0:<a name=\"27\"><span class=\"versanumer\">27<\/span><\/a>af hatri til vor hefir Drottinn leitt oss burt \u00far Egyptalandi, svo v\u00e9r k\u00e6mustum \u00ed hendur Amor\u00edtum, og yr\u00f0um af \u00feeim ey\u00f0ilag\u00f0ir, hv\u00f6rt skulum v\u00e9r n\u00fa halda?<a name=\"28\"><span class=\"versanumer\">28<\/span><\/a>Landar vorir hafa skelft hj\u00f6rtu vor, og sagt oss a\u00f0 f\u00f3lk \u00fea\u00f0 v\u00e6ri st\u00e6rra og voldugara en v\u00e9r, a\u00f0 borgir v\u00e6ru \u00fear st\u00f3rar og rambygg\u00f0ar h\u00e1tt \u00ed loft upp, l\u00edka hef\u00f0u \u00feeir s\u00e9\u00f0 \u00fear afkomara Enakims. <br \/><a name=\"29\"><span class=\"versanumer\">29<\/span><\/a>\u00de\u00e1 sag\u00f0i eg vi\u00f0 y\u00f0ur: l\u00e1ti\u00f0 ei hugfallast og hr\u00e6\u00f0ist \u00fe\u00e1 ekki,<a name=\"30\"><span class=\"versanumer\">30<\/span><\/a>Drottinn y\u00f0ar Gu\u00f0 mun ganga \u00e1 undan y\u00f0ur og berjast fyrir y\u00f0ur, eins og hann gj\u00f6r\u00f0i y\u00f0ur \u00e1sj\u00e1andi \u00ed Egyptalandi.<a name=\"31\"><span class=\"versanumer\">31<\/span><\/a>Eins \u00e1 ey\u00f0im\u00f6rkinni, hvar \u00fe\u00fa hefir s\u00e9\u00f0 hv\u00f6rnig hann bar \u00feig, eins og fa\u00f0ir ber son sinn um allan \u00feann veg sem \u00fe\u00e9r hafi\u00f0 yfir fari\u00f0, \u00feanga\u00f0 til \u00fe\u00e9r komust hinga\u00f0.<a name=\"32\"><span class=\"versanumer\">32<\/span><\/a>En \u00fe\u00e9r vildu\u00f0 ekki \u00ed \u00feessu treysta Drottni y\u00f0ar Gu\u00f0i,<a name=\"33\"><span class=\"versanumer\">33<\/span><\/a>sem \u00e6t\u00ed\u00f0 gekk \u00e1 undan y\u00f0ur, til a\u00f0 v\u00edsa y\u00f0ur \u00e1 g\u00f3\u00f0a tjaldsta\u00f0i, \u00e1 n\u00f3ttunni \u00ed eldi, til a\u00f0 s\u00fdna y\u00f0ur veginn sem \u00fe\u00e9r \u00e6ttu\u00f0 a\u00f0 halda, en \u00e1 daginn \u00ed sk\u00fdi. <br \/><a name=\"34\"><span class=\"versanumer\">34<\/span><\/a>En \u00feegar Drottinn heyr\u00f0i umt\u00f6lur y\u00f0ar, var\u00f0 hann rei\u00f0ur, s\u00f3r og sag\u00f0i: <br \/><a name=\"35\"><span class=\"versanumer\">35<\/span><\/a>enginn af \u00feessu vonda f\u00f3lki skal f\u00e1 a\u00f0 sj\u00e1 land \u00fea\u00f0 i\u00f0 g\u00f3\u00f0a, sem eg hefi svari\u00f0 a\u00f0 gefa fe\u00f0rum \u00feeirra,<a name=\"36\"><span class=\"versanumer\">36<\/span><\/a>nema Kaleb son Jefunnis, honum skal au\u00f0nast a\u00f0 sj\u00e1 \u00fea\u00f0, honum og hans b\u00f6rnum vil eg gefa \u00fea\u00f0 land, sem hann hefir yfirfari\u00f0, af \u00fev\u00ed hann hefir haldi\u00f0 s\u00e9r st\u00f6\u00f0ugt vi\u00f0 Drottin.<a name=\"37\"><span class=\"versanumer\">37<\/span><\/a>Og Drottinn var\u00f0 einnig rei\u00f0ur vi\u00f0 mig y\u00f0ar vegna og sag\u00f0i: \u00fe\u00fa skalt ekki heldur komast \u00feanga\u00f0,<a name=\"38\"><span class=\"versanumer\">38<\/span><\/a>en J\u00f3s\u00faa, sonur N\u00fans, sem er \u00fe\u00e9nari \u00feinn, skal komast \u00feanga\u00f0, gj\u00f6r\u00f0u hann \u00f6ruggan, \u00fev\u00ed hann mun lei\u00f0a \u00cdsraelsf\u00f3lk inn \u00ed \u00feetta erf\u00f0aland.<a name=\"39\"><span class=\"versanumer\">39<\/span><\/a>Y\u00f0ar b\u00f6rn, sem \u00fe\u00e9r s\u00f6g\u00f0u\u00f0 a\u00f0 mundu ver\u00f0a fjandm\u00f6nnunum a\u00f0 br\u00e1\u00f0, og y\u00f0ar synir, sem enn \u00fe\u00e1 hafa hv\u00f6rki skyn \u00e1 illu n\u00e9 g\u00f3\u00f0u, munu \u00feanga\u00f0 komast, \u00feeim vil eg gefa \u00fea\u00f0 til eignar.<a name=\"40\"><span class=\"versanumer\">40<\/span><\/a>En \u00fe\u00e9r skulu\u00f0 sn\u00faa vi\u00f0, og fara til ey\u00f0imerkurinnar, sem liggur a\u00f0 Rau\u00f0ahafsbotnum.<a name=\"41\"><span class=\"versanumer\">41<\/span><\/a>\u00de\u00e1 sv\u00f6ru\u00f0u\u00f0 \u00fe\u00e9r og s\u00f6g\u00f0u\u00f0: v\u00e9r h\u00f6fum syndga\u00f0 m\u00f3ti Drottni, v\u00e9r viljum taka oss upp, og leggja a\u00f0 \u00f3vinunum, allt eins og Drottinn vor Gu\u00f0 bau\u00f0 oss; \u00fe\u00e1 \u00fe\u00e9r n\u00fa herkl\u00e6ddust hv\u00f6r s\u00ednum vopnum og v\u00f3ru\u00f0 b\u00fanir til a\u00f0 leggja upp \u00e1 fjalli\u00f0,<a name=\"42\"><span class=\"versanumer\">42<\/span><\/a>\u00fe\u00e1 sag\u00f0i Drottinn vi\u00f0 mig: seg\u00f0u \u00feeim a\u00f0 \u00feeir leggi ekki upp til bardaga, \u00fev\u00ed eg s\u00e9 ekki \u00ed fylgd me\u00f0 \u00feeim til a\u00f0 hl\u00edfa \u00feeim fyrir mannslagi af \u00f3vinunum.<a name=\"43\"><span class=\"versanumer\">43<\/span><\/a>\u00de\u00f3 eg seg\u00f0i y\u00f0ur \u00feetta, vildu\u00f0 \u00fe\u00e9r samt ekki gegna, v\u00f3ru\u00f0 \u00f3hl\u00fd\u00f0ugir skipan Drottins, \u00ferj\u00f3sku\u00f0ust og l\u00f6g\u00f0u\u00f0 upp \u00e1 fjalli\u00f0.<a name=\"44\"><span class=\"versanumer\">44<\/span><\/a>Amor\u00edtar, sem bjuggu \u00e1 fj\u00f6llunum, l\u00f6g\u00f0u \u00fe\u00e1 \u00e1 m\u00f3ti y\u00f0ur, eltu y\u00f0ur, eins og b\u00fdflugur plaga a\u00f0 gj\u00f6ra og gj\u00f6r\u00f0u mannfall miki\u00f0 me\u00f0al y\u00f0ar fr\u00e1 Se\u00edr og allt til Harma.<a name=\"45\"><span class=\"versanumer\">45<\/span><\/a>\u00deegar \u00fe\u00e9r v\u00f3ru\u00f0 aftur komnir, og gr\u00e9tu\u00f0 fyrir Drottni, \u00fe\u00e1 vildi Drottinn ekki heyra b\u00e6nir y\u00f0ar, n\u00e9 hl\u00fd\u00f0a \u00e1 y\u00f0ur. <br \/><a name=\"46\"><span class=\"versanumer\">46<\/span><\/a>\u00de\u00e9r hafi\u00f0 \u00feannig dvali\u00f0 \u00ed Kades langa t\u00edma, eins og \u00fe\u00e9r viti\u00f0 sj\u00e1lfir.<\/p>\n<div class=\"footnoteVidey\">*) Sj\u00e1 kap. 3,1.<\/div>\n","protected":false},"excerpt":{"rendered":"<p>Uppreisn \u00cdsraelsbarna \u00ed ey\u00f0im\u00f6rkinni og straff. 1\u00deessi eru \u00feau or\u00f0, sem M\u00f3ses tala\u00f0i vi\u00f0 allan \u00cdsrael, hinumegin vi\u00f0 J\u00f3rdan \u00ed ey\u00f0im\u00f6rkinni, \u00e1 sl\u00e9ttlendinu \u00fat \u00e1 m\u00f3ts vi\u00f0 Suf, \u00e1 milli Paran og Tofel, Laban, Hliseroth, og Disahab.2(\u00dea\u00f0 eru ellefu daglei\u00f0ir fr\u00e1 H\u00f3reb til Kadesbarnea, \u00feegar farinn er fjallvegurinn Seir.3\u00c1 fertugasta \u00e1ri, fyrsta degi \u00feess ellefta m\u00e1na\u00f0ar, tala\u00f0i M\u00f3ses vi\u00f0 \u00cdsraelsf\u00f3lk allt \u00fea\u00f0 sem Drottinn haf\u00f0i fyrir hann lagt,4eftir a\u00f0 hann haf\u00f0i unni\u00f0 \u00e1 Sihon Amor\u00edtak\u00f3ngi, sem haf\u00f0i a\u00f0setur \u00ed Hesbon, og \u00e1 \u00d3gg k\u00f3nginum \u00ed Basan, sem haf\u00f0i a\u00f0setur \u00ed Astaroth. *) 5Hinumegin vi\u00f0 J\u00f3rdan, \u00ed M\u00f3ab\u00edtalandi, f\u00f3r M\u00f3ses a\u00f0 <a href=\"https:\/\/biblian.is\/videy\/fimmta-mosebok-1-kafli\/\"> [&#8230;]<\/a><\/p>\n","protected":false},"author":1,"featured_media":0,"parent":0,"menu_order":0,"comment_status":"open","ping_status":"open","template":"bibliukaflar.php","meta":{"footnotes":""},"class_list":["post-21003","page","type-page","status-publish","hentry"],"_links":{"self":[{"href":"https:\/\/biblian.is\/videy\/wp-json\/wp\/v2\/pages\/21003","targetHints":{"allow":["GET"]}}],"collection":[{"href":"https:\/\/biblian.is\/videy\/wp-json\/wp\/v2\/pages"}],"about":[{"href":"https:\/\/biblian.is\/videy\/wp-json\/wp\/v2\/types\/page"}],"author":[{"embeddable":true,"href":"https:\/\/biblian.is\/videy\/wp-json\/wp\/v2\/users\/1"}],"replies":[{"embeddable":true,"href":"https:\/\/biblian.is\/videy\/wp-json\/wp\/v2\/comments?post=21003"}],"version-history":[{"count":0,"href":"https:\/\/biblian.is\/videy\/wp-json\/wp\/v2\/pages\/21003\/revisions"}],"wp:attachment":[{"href":"https:\/\/biblian.is\/videy\/wp-json\/wp\/v2\/media?parent=21003"}],"curies":[{"name":"wp","href":"https:\/\/api.w.org\/{rel}","templated":true}]}}