{"id":21001,"date":"2018-01-02T00:59:51","date_gmt":"2018-01-02T00:59:51","guid":{"rendered":"http:\/\/biblian.is\/videy\/fjorda-mosebok-35-kafli\/"},"modified":"2018-01-02T00:59:51","modified_gmt":"2018-01-02T00:59:51","slug":"fjorda-mosebok-35-kafli","status":"publish","type":"page","link":"https:\/\/biblian.is\/videy\/fjorda-mosebok-35-kafli\/","title":{"rendered":"Fj\u00f3r\u00f0a M\u00f3seb\u00f3k 35. kafli"},"content":{"rendered":"<div class=\"fyrirsognVidey\">Um sta\u00f0i Lev\u00edtanna og fr\u00edsta\u00f0ina.<\/div>\n<p><a name=\"1\"><span class=\"versanumer\">1<\/span><\/a>Og Drottinn tala\u00f0i vi\u00f0 M\u00f3ses \u00e1 M\u00f3absv\u00f6llum hj\u00e1 J\u00f3rdan gegnt Jer\u00edk\u00f3 og m\u00e6lti:<a name=\"2\"><span class=\"versanumer\">2<\/span><\/a>bj\u00f3\u00f0 \u00fe\u00fa \u00cdsraelssonum, a\u00f0 \u00feeir gefi Lev\u00edtunum til \u00edb\u00fa\u00f0ar borgir af \u00feeirra eiginlegu eignum.<a name=\"3\"><span class=\"versanumer\">3<\/span><\/a>Og borgirnar skulu vera \u00feeim til \u00edb\u00fa\u00f0ar og landi\u00f0, \u00ed kringum \u00fe\u00e6r, skal vera fyrir \u00feeirra f\u00e9na\u00f0 og fyrir \u00feeirra fj\u00e1rmuni og fyrir allar \u00feeirra skepnur.<a name=\"4\"><span class=\"versanumer\">4<\/span><\/a>Og landi\u00f0 \u00ed kringum borgirnar, sem \u00fe\u00e9r eigi\u00f0 a\u00f0 gefa Lev\u00edtunum, s\u00e9 fr\u00e1 borgarveggnum \u00fe\u00fasund \u00e1lnir umm\u00e1ls.<a name=\"5\"><span class=\"versanumer\">5<\/span><\/a>Og m\u00e6li\u00f0 fyrir utan borgina, a\u00f0 austanver\u00f0u vi\u00f0 hana, 2 \u00fe\u00fasund \u00e1lnir, og a\u00f0 sunnanver\u00f0u 2 \u00fe\u00fasund \u00e1lnir, og a\u00f0 vestanver\u00f0u 2 \u00fe\u00fasund \u00e1lnir og a\u00f0 nor\u00f0anver\u00f0u 2 \u00fe\u00fasund \u00e1lnir, og borgin s\u00e9 \u00ed mi\u00f0ju, \u00fea\u00f0 skal landi\u00f0 vera \u00ed kringum borgirnar.<a name=\"6\"><span class=\"versanumer\">6<\/span><\/a>Og af borgunum sem \u00fe\u00e9r skulu\u00f0 gefa Lev\u00edtunum, <span class='VideyAth'>(s\u00e9u)<\/span> 6 gri\u00f0asta\u00f0ir, er \u00fe\u00e9r skulu\u00f0 tiltaka, a\u00f0 \u00ed \u00fe\u00e1 fl\u00fdi, hv\u00f6r sem hefur v\u00edg unni\u00f0, og auk \u00feeirra skulu\u00f0 \u00fe\u00e9r gefa \u00feeim 42 borgir;<a name=\"7\"><span class=\"versanumer\">7<\/span><\/a>allar \u00fe\u00e6r borgir, sem \u00fe\u00e9r skulu\u00f0 gefa Lev\u00edtunum, eru 48, \u00fe\u00e6r og landi\u00f0 \u00ed kring.<a name=\"8\"><span class=\"versanumer\">8<\/span><\/a>Og hva\u00f0 \u00fe\u00e6r borgir \u00e1hr\u00e6rir sem \u00fe\u00e9r skulu\u00f0 gefa af eign \u00cdsraelssona, \u00fe\u00e1 taki\u00f0 miki\u00f0 af miklu og l\u00edti\u00f0 af litlu; hv\u00f6r einn skal gefa Lev\u00edtunum af s\u00ednum borgum eftir tilt\u00f6lu sinnar eignar, sem hann \u00e1. <br \/><a name=\"9\"><span class=\"versanumer\">9<\/span><\/a>Og Drottinn tala\u00f0i vi\u00f0 M\u00f3ses og m\u00e6lti:<a name=\"10\"><span class=\"versanumer\">10<\/span><\/a>tala \u00fe\u00fa vi\u00f0 \u00cdsraelssyni og seg til \u00feeirra: \u00feegar \u00fe\u00e9r fari\u00f0 yfrum J\u00f3rdan inn \u00ed Kanaansland,<a name=\"11\"><span class=\"versanumer\">11<\/span><\/a>svo velji\u00f0 y\u00f0ur haganlegar borgir. gri\u00f0asta\u00f0ir skulu \u00fea\u00f0 y\u00f0ur vera, a\u00f0 \u00feanga\u00f0 fl\u00fdi dr\u00e1psma\u00f0urinn, sem unni\u00f0 hefir \u00e1 manni af \u00f3g\u00e6tni.<a name=\"12\"><span class=\"versanumer\">12<\/span><\/a>Og borgirnar skulu vera y\u00f0ur h\u00e6li fyrir hegnaranum <span class='VideyAth'>(eftirm\u00e1lsmanninum)<\/span>, a\u00f0 dr\u00e1psma\u00f0urinn deyi ekki fyrr, en hann hefir komi\u00f0 fyrir safna\u00f0arins d\u00f3m.<a name=\"13\"><span class=\"versanumer\">13<\/span><\/a>\u00deessar borgir, sem \u00fe\u00e9r tiltaki\u00f0, skulu vera 6, gri\u00f0asta\u00f0ir hj\u00e1 y\u00f0ur.<a name=\"14\"><span class=\"versanumer\">14<\/span><\/a>\u00derj\u00e1r borgir skulu\u00f0 \u00fe\u00e9r tiltaka \u00feessumegin J\u00f3rdanar, og \u00ferj\u00e1r borgir skulu\u00f0 \u00fe\u00e9r tiltaka \u00ed Kanaanslandi; gri\u00f0asta\u00f0ir skulu \u00fe\u00e6r vera;<a name=\"15\"><span class=\"versanumer\">15<\/span><\/a>fyrir \u00cdsraelssyni, fyrir \u00feann \u00fatlenda, og fyrir \u00fe\u00e1 sem hj\u00e1 y\u00f0ur b\u00faa skulu \u00feessar \u00ferj\u00e1r borgir vera gri\u00f0asta\u00f0ir, svo a\u00f0 \u00feanga\u00f0 fl\u00fdi, hv\u00f6r sem mann hefir vegi\u00f0 af \u00f3g\u00e6tni.<a name=\"16\"><span class=\"versanumer\">16<\/span><\/a>Hafi hann slegi\u00f0 hann me\u00f0 j\u00e1rni svo hann d\u00f3, svo er hann manndr\u00e1pari; manndr\u00e1parinn skal dey\u00f0ast.<a name=\"17\"><span class=\"versanumer\">17<\/span><\/a>Og ef hann sl\u00f3 hann me\u00f0 steini \u00ed hendi, hvar af ma\u00f0ur getur d\u00e1i\u00f0, svo a\u00f0 hann d\u00f3, \u00fe\u00e1 er hann manndr\u00e1pari; manndr\u00e1parinn skal dey\u00f0ast.<a name=\"18\"><span class=\"versanumer\">18<\/span><\/a>E\u00f0a ef hann sl\u00f3 hann me\u00f0 tr\u00e9 \u00ed hendi, er ma\u00f0ur getur d\u00e1i\u00f0 af, svo a\u00f0 hann d\u00f3, \u00fe\u00e1 er hann manndr\u00e1pari; manndr\u00e1parinn skal dey\u00f0ast.<a name=\"19\"><span class=\"versanumer\">19<\/span><\/a>Bl\u00f3\u00f0hegnarinn skal dey\u00f0a manndr\u00e1parann; hann skal drepa hann, ef hann hittir hann.<a name=\"20\"><span class=\"versanumer\">20<\/span><\/a>Og hrindi hann honum af hatri, e\u00f0a kasti hann \u00ed hann af \u00e1setningi, svo hann deyr,<a name=\"21\"><span class=\"versanumer\">21<\/span><\/a>e\u00f0a sl\u00e6r hann af fjandskap me\u00f0 hendinni svo hann deyr, \u00fe\u00e1 skal s\u00e1 dey\u00f0ast sem sl\u00f3; manndr\u00e1pari er hann; bl\u00f3\u00f0hegnarinn skal drepa manndr\u00e1parann \u00feegar hann hittir hann.<a name=\"22\"><span class=\"versanumer\">22<\/span><\/a>En hafi hann af tilviljun, en ekki fjandskap hrundi\u00f0 honum, e\u00f0a kasta\u00f0 til hans, hv\u00f6rju sem helst verkf\u00e6ri, tilgangslaust;<a name=\"23\"><span class=\"versanumer\">23<\/span><\/a>e\u00f0a steini, hvar af ma\u00f0ur getur d\u00e1i\u00f0, \u00e1n \u00feess a\u00f0 sj\u00e1 \u00fea\u00f0, og l\u00e9t hann \u00e1 hann falla, svo a\u00f0 hann d\u00f3, en hann var ekki hans fjandma\u00f0ur, og leita\u00f0i honum ekki tj\u00f3ns,<a name=\"24\"><span class=\"versanumer\">24<\/span><\/a>svo d\u00e6mi s\u00f6fnu\u00f0urinn milli \u00feess sem sl\u00f3, og bl\u00f3\u00f0hegnarans eftir \u00feessum l\u00f6gum.<a name=\"25\"><span class=\"versanumer\">25<\/span><\/a>Og s\u00f6fnu\u00f0urinn frelsi dr\u00e1psmanninn af hendi bl\u00f3\u00f0hegnarans, og flytji hann aftur \u00ed gri\u00f0asta\u00f0inn, hv\u00f6rt hann var fl\u00fainn, og \u00fear s\u00e9 hann \u00feanga\u00f0 til s\u00e1 ypparsti prestur deyr, sem smur\u00f0ur var me\u00f0 \u00fev\u00ed heilaga vi\u00f0smj\u00f6ri.<a name=\"26\"><span class=\"versanumer\">26<\/span><\/a>En ef manndr\u00e1parinn fer \u00fat fyrir landamerki s\u00edns gri\u00f0asta\u00f0ar,<a name=\"27\"><span class=\"versanumer\">27<\/span><\/a>og bl\u00f3\u00f0hegnarinn finnur hann fyrir utan landamerki hans gri\u00f0asta\u00f0ar, \u00fe\u00f3 bl\u00f3\u00f0hegnarinn drepi hann \u00fe\u00e1, svo hefir hann enga bl\u00f3\u00f0skuld.<a name=\"28\"><span class=\"versanumer\">28<\/span><\/a>\u00dev\u00ed \u00ed s\u00ednum gri\u00f0asta\u00f0 skal hann vera allt til dau\u00f0a ypparsta prestsins, og eftir dau\u00f0a ypparsta \u00feess ypparsta prests m\u00e1 manndr\u00e1parinn fara aftur \u00ed land sinnar eignar.<br \/><a name=\"29\"><span class=\"versanumer\">29<\/span><\/a>Og \u00fea\u00f0 s\u00e9 y\u00f0ur lagaregla fyrir y\u00f0ar eftirkomendur, \u00ed \u00f6llum y\u00f0ar b\u00fast\u00f6\u00f0um.<a name=\"30\"><span class=\"versanumer\">30<\/span><\/a>\u00deegar einhv\u00f6r drepur mann, svo dey\u00f0i menn manndr\u00e1parann eftir frambur\u00f0i tveggja vitna; en eitt vitni skal ekki vitna m\u00f3ti nokkrum manni til dau\u00f0a.<a name=\"31\"><span class=\"versanumer\">31<\/span><\/a>Og \u00fe\u00e9r skulu\u00f0 engar b\u00e6tur taka fyrir l\u00edf manndr\u00e1parans, sem hefir unni\u00f0 til \u00feess a\u00f0 deyja, heldur skal hann dey\u00f0ast.<a name=\"32\"><span class=\"versanumer\">32<\/span><\/a>Og \u00fe\u00e9r skulu\u00f0 engar b\u00e6tur taka fyrir fl\u00f3ttann \u00ed hans gri\u00f0asta\u00f0, svo a\u00f0 hann geti fari\u00f0 \u00fea\u00f0an heim og b\u00fai\u00f0 \u00ed landinu allt til dau\u00f0a prestsins.<a name=\"33\"><span class=\"versanumer\">33<\/span><\/a>\u00de\u00e9r skulu\u00f0 ekki vanhelga landi\u00f0, sem \u00fe\u00e9r eru\u00f0 \u00ed; \u00fev\u00ed bl\u00f3\u00f0i\u00f0 vanhelgar landi\u00f0, og vi\u00f0 landi\u00f0 ver\u00f0ur ekki forl\u00edkast fyrir bl\u00f3\u00f0 sem \u00e1 \u00fea\u00f0 var \u00fathellt, nema me\u00f0 bl\u00f3\u00f0i \u00feess sem \u00fev\u00ed \u00fathellti.<a name=\"34\"><span class=\"versanumer\">34<\/span><\/a>Og \u00fe\u00e9r skulu\u00f0 ekki saurga landi\u00f0 sem \u00fe\u00e9r b\u00fai\u00f0 \u00ed, sem eg einmitt b\u00fd \u00ed, \u00fev\u00ed eg Drottinn hefi minn b\u00fasta\u00f0 me\u00f0al \u00cdsraelssona.<\/p>\n<div class=\"footnoteVidey\"><\/div>\n","protected":false},"excerpt":{"rendered":"<p>Um sta\u00f0i Lev\u00edtanna og fr\u00edsta\u00f0ina. 1Og Drottinn tala\u00f0i vi\u00f0 M\u00f3ses \u00e1 M\u00f3absv\u00f6llum hj\u00e1 J\u00f3rdan gegnt Jer\u00edk\u00f3 og m\u00e6lti:2bj\u00f3\u00f0 \u00fe\u00fa \u00cdsraelssonum, a\u00f0 \u00feeir gefi Lev\u00edtunum til \u00edb\u00fa\u00f0ar borgir af \u00feeirra eiginlegu eignum.3Og borgirnar skulu vera \u00feeim til \u00edb\u00fa\u00f0ar og landi\u00f0, \u00ed kringum \u00fe\u00e6r, skal vera fyrir \u00feeirra f\u00e9na\u00f0 og fyrir \u00feeirra fj\u00e1rmuni og fyrir allar \u00feeirra skepnur.4Og landi\u00f0 \u00ed kringum borgirnar, sem \u00fe\u00e9r eigi\u00f0 a\u00f0 gefa Lev\u00edtunum, s\u00e9 fr\u00e1 borgarveggnum \u00fe\u00fasund \u00e1lnir umm\u00e1ls.5Og m\u00e6li\u00f0 fyrir utan borgina, a\u00f0 austanver\u00f0u vi\u00f0 hana, 2 \u00fe\u00fasund \u00e1lnir, og a\u00f0 sunnanver\u00f0u 2 \u00fe\u00fasund \u00e1lnir, og a\u00f0 vestanver\u00f0u 2 \u00fe\u00fasund \u00e1lnir og a\u00f0 nor\u00f0anver\u00f0u 2 \u00fe\u00fasund <a href=\"https:\/\/biblian.is\/videy\/fjorda-mosebok-35-kafli\/\"> [&#8230;]<\/a><\/p>\n","protected":false},"author":1,"featured_media":0,"parent":0,"menu_order":0,"comment_status":"open","ping_status":"open","template":"bibliukaflar.php","meta":{"footnotes":""},"class_list":["post-21001","page","type-page","status-publish","hentry"],"_links":{"self":[{"href":"https:\/\/biblian.is\/videy\/wp-json\/wp\/v2\/pages\/21001","targetHints":{"allow":["GET"]}}],"collection":[{"href":"https:\/\/biblian.is\/videy\/wp-json\/wp\/v2\/pages"}],"about":[{"href":"https:\/\/biblian.is\/videy\/wp-json\/wp\/v2\/types\/page"}],"author":[{"embeddable":true,"href":"https:\/\/biblian.is\/videy\/wp-json\/wp\/v2\/users\/1"}],"replies":[{"embeddable":true,"href":"https:\/\/biblian.is\/videy\/wp-json\/wp\/v2\/comments?post=21001"}],"version-history":[{"count":0,"href":"https:\/\/biblian.is\/videy\/wp-json\/wp\/v2\/pages\/21001\/revisions"}],"wp:attachment":[{"href":"https:\/\/biblian.is\/videy\/wp-json\/wp\/v2\/media?parent=21001"}],"curies":[{"name":"wp","href":"https:\/\/api.w.org\/{rel}","templated":true}]}}