{"id":21000,"date":"2018-01-02T00:59:51","date_gmt":"2018-01-02T00:59:51","guid":{"rendered":"http:\/\/biblian.is\/videy\/fjorda-mosebok-34-kafli\/"},"modified":"2018-01-02T00:59:51","modified_gmt":"2018-01-02T00:59:51","slug":"fjorda-mosebok-34-kafli","status":"publish","type":"page","link":"https:\/\/biblian.is\/videy\/fjorda-mosebok-34-kafli\/","title":{"rendered":"Fj\u00f3r\u00f0a M\u00f3seb\u00f3k 34. kafli"},"content":{"rendered":"<div class=\"fyrirsognVidey\">Landamerki Kanaanslands eru tilgreind. Tilteki\u00f0 hv\u00f6rjir landinu skuli skipta.<\/div>\n<p><a name=\"1\"><span class=\"versanumer\">1<\/span><\/a>Og Drottinn tala\u00f0i vi\u00f0 M\u00f3ses og sag\u00f0i:<a name=\"2\"><span class=\"versanumer\">2<\/span><\/a>Bj\u00f3\u00f0 \u00fe\u00fa \u00cdsraelsb\u00f6rnum og seg vi\u00f0 \u00feau: \u00feegar \u00fe\u00e9r komi\u00f0 \u00ed Kanaansland, er \u00fea\u00f0 \u00feetta land, sem \u00fei\u00f0 munu\u00f0 f\u00e1 til eignar, landi\u00f0 Kanaan me\u00f0 \u00feessum landamerkjum:<a name=\"3\"><span class=\"versanumer\">3<\/span><\/a>su\u00f0urhli\u00f0 \u00feess mun vera: fr\u00e1 ey\u00f0im\u00f6rkinni S\u00edn me\u00f0 endilangri \u00cdd\u00fameu, og landamerki\u00f0 gegnt su\u00f0ri \u00fear fyrir liggja svona: a\u00f0 austanver\u00f0u, fr\u00e1 botni Dau\u00f0ahafsins,<a name=\"4\"><span class=\"versanumer\">4<\/span><\/a>\u00fea\u00f0an mun \u00fev\u00ed veita og fyrir sunnan Skorp\u00edonsh\u00e6\u00f0irnar, liggja svo yfir \u00fevera ey\u00f0im\u00f6rkina S\u00edn, lenda fyrir sunnan Kades-Barnea, n\u00e1 til Hadsar-Adar, liggja um Asemon,<a name=\"5\"><span class=\"versanumer\">5<\/span><\/a>svo \u00e1 bug til l\u00e6kjar Egyptalands og enda vi\u00f0 hafi\u00f0.<a name=\"6\"><span class=\"versanumer\">6<\/span><\/a>\u00cd vestur mun landamerki y\u00f0ar vera hafi\u00f0, j\u00e1 landamerki y\u00f0ar skal \u00fea\u00f0 vera, landamerki a\u00f0 vestanver\u00f0u.<a name=\"7\"><span class=\"versanumer\">7<\/span><\/a>En a\u00f0 nor\u00f0anver\u00f0u skal \u00feetta vera landamerki y\u00f0ar: fr\u00e1 hafinu mikla skulu\u00f0 \u00fe\u00e9r taka stefnu allt a\u00f0 fjallinu H\u00f3r,<a name=\"8\"><span class=\"versanumer\">8<\/span><\/a>fr\u00e1 fjallinu H\u00f3r skulu\u00f0 \u00fe\u00e9r taka stefnu \u00e1 Hamat, og \u00fea\u00f0an til Sedads,<a name=\"9\"><span class=\"versanumer\">9<\/span><\/a>svo til Sifron og enda vi\u00f0 Hasar-Enan. \u00deetta skal vera landamerki y\u00f0ar a\u00f0 nor\u00f0anver\u00f0u.<a name=\"10\"><span class=\"versanumer\">10<\/span><\/a>Svo skulu\u00f0 \u00fe\u00e9r tiltaka landamerki y\u00f0ar a\u00f0 austanver\u00f0u fr\u00e1 Hasar-Enan til Sefam,<a name=\"11\"><span class=\"versanumer\">11<\/span><\/a>fr\u00e1 Sefam skulu \u00feau liggja ni\u00f0ureftir til Ribla fyrir austan Ain og svo lengra ni\u00f0ur \u00e1 vi\u00f0 \u00fear til \u00feau snerta austurhli\u00f0ina \u00e1 sj\u00f3num Genesaret.<a name=\"12\"><span class=\"versanumer\">12<\/span><\/a>S\u00ed\u00f0an skulu \u00feau liggja ni\u00f0ur me\u00f0 J\u00f3rdan og enda vi\u00f0 Dau\u00f0ahafi\u00f0. \u00deetta land skal y\u00f0ur tilheyra eftir sem landamerki \u00feess tilsegja allt \u00ed kring!<a name=\"13\"><span class=\"versanumer\">13<\/span><\/a>\u00deetta bau\u00f0 M\u00f3ses \u00cdsraelsb\u00f6rnum og sag\u00f0i: \u00feetta er landi\u00f0 sem \u00fe\u00e9r skulu\u00f0 skipta \u00e1 milli y\u00f0ar me\u00f0 hlutkesti, sem Drottinn bau\u00f0 a\u00f0 gefa \u00feeim 9 kynkv\u00edslum og \u00feeirri h\u00e1lfu kynkv\u00edsl.<a name=\"14\"><span class=\"versanumer\">14<\/span><\/a>\u00dev\u00ed kynkv\u00edsl R\u00fabensbarna eftir \u00e6ttlegg fe\u00f0ra \u00feeirra og kynkv\u00edsl Ga\u00f0s eftir \u00e6ttlegg fe\u00f0ra \u00feeirra og h\u00e1lf Manassis kynkv\u00edsl h\u00f6f\u00f0u fengi\u00f0 s\u00edna fasteign;<a name=\"15\"><span class=\"versanumer\">15<\/span><\/a>h\u00e1lf \u00feri\u00f0ja kynkv\u00edsl haf\u00f0i fengi\u00f0 fasteign hinumegin J\u00f3rdanar gegnt Jer\u00edk\u00f3 a\u00f0 austanver\u00f0u. <br \/><a name=\"16\"><span class=\"versanumer\">16<\/span><\/a>Og Drottinn tala\u00f0i vi\u00f0 M\u00f3ses og sag\u00f0i:<a name=\"17\"><span class=\"versanumer\">17<\/span><\/a>\u00feessi eru n\u00f6fnin \u00e1 \u00feeim m\u00f6nnum sem skulu skipta landinu milli y\u00f0ar: presturinn Eleasar, J\u00f3s\u00faa sonur N\u00fans;<a name=\"18\"><span class=\"versanumer\">18<\/span><\/a>skulu\u00f0 \u00fei\u00f0 taka einn h\u00f6f\u00f0ingja af hv\u00f6rri kynkv\u00edsl til a\u00f0 skipta landinu,<a name=\"19\"><span class=\"versanumer\">19<\/span><\/a>og eru \u00feetta n\u00f6fn \u00feessara manna: af J\u00fada kynkv\u00edsl: Kaleb sonur Jef\u00fannis;<a name=\"20\"><span class=\"versanumer\">20<\/span><\/a>af S\u00edmeons kynkv\u00edsl: Sem\u00fael sonur Amm\u00edh\u00fa\u00f0s;<a name=\"21\"><span class=\"versanumer\">21<\/span><\/a>af Benjam\u00edns kynkv\u00edsl: Elidad sonur Kislons;<a name=\"22\"><span class=\"versanumer\">22<\/span><\/a>af Dans kynkv\u00edsl: h\u00f6f\u00f0inginn Bukki sonur Jaglis;<a name=\"23\"><span class=\"versanumer\">23<\/span><\/a>af b\u00f6rnum J\u00f3seps, af kynkv\u00edsl Manassis: h\u00f6f\u00f0inginn Haniel sonur Efods;<a name=\"24\"><span class=\"versanumer\">24<\/span><\/a>og af Efra\u00edms \u00e6ttkv\u00edsl: h\u00f6f\u00f0inginn Kemuel sonur Siftans;<a name=\"25\"><span class=\"versanumer\">25<\/span><\/a>af Seb\u00falons kynkv\u00edsl: h\u00f6f\u00f0inginn Elisafan sonur Parnaks;<a name=\"26\"><span class=\"versanumer\">26<\/span><\/a>af \u00cdsaskars kynkv\u00edsl: h\u00f6f\u00f0inginn Palt\u00edel sonur Assans;<a name=\"27\"><span class=\"versanumer\">27<\/span><\/a>af Assers kynkv\u00edsl: h\u00f6f\u00f0inginn Akkihud sonur Selomis;<a name=\"28\"><span class=\"versanumer\">28<\/span><\/a>og af Naftal\u00eds kynkv\u00edsl: h\u00f6f\u00f0inginn Pedahel sonur Amm\u00edhuds:<a name=\"29\"><span class=\"versanumer\">29<\/span><\/a>\u00feetta voru \u00feeir sem Drottinn skipa\u00f0i a\u00f0 skipta skyldu milli \u00cdsraelsbarna fasteigninni \u00ed Kanaanslandi.<\/p>\n<div class=\"footnoteVidey\">V. 6. \u00de. e. Mi\u00f0jar\u00f0arhafi\u00f0.  V. 11. \u00de. e. Su\u00f0ur eftir.<\/div>\n","protected":false},"excerpt":{"rendered":"<p>Landamerki Kanaanslands eru tilgreind. Tilteki\u00f0 hv\u00f6rjir landinu skuli skipta. 1Og Drottinn tala\u00f0i vi\u00f0 M\u00f3ses og sag\u00f0i:2Bj\u00f3\u00f0 \u00fe\u00fa \u00cdsraelsb\u00f6rnum og seg vi\u00f0 \u00feau: \u00feegar \u00fe\u00e9r komi\u00f0 \u00ed Kanaansland, er \u00fea\u00f0 \u00feetta land, sem \u00fei\u00f0 munu\u00f0 f\u00e1 til eignar, landi\u00f0 Kanaan me\u00f0 \u00feessum landamerkjum:3su\u00f0urhli\u00f0 \u00feess mun vera: fr\u00e1 ey\u00f0im\u00f6rkinni S\u00edn me\u00f0 endilangri \u00cdd\u00fameu, og landamerki\u00f0 gegnt su\u00f0ri \u00fear fyrir liggja svona: a\u00f0 austanver\u00f0u, fr\u00e1 botni Dau\u00f0ahafsins,4\u00fea\u00f0an mun \u00fev\u00ed veita og fyrir sunnan Skorp\u00edonsh\u00e6\u00f0irnar, liggja svo yfir \u00fevera ey\u00f0im\u00f6rkina S\u00edn, lenda fyrir sunnan Kades-Barnea, n\u00e1 til Hadsar-Adar, liggja um Asemon,5svo \u00e1 bug til l\u00e6kjar Egyptalands og enda vi\u00f0 hafi\u00f0.6\u00cd vestur mun landamerki y\u00f0ar <a href=\"https:\/\/biblian.is\/videy\/fjorda-mosebok-34-kafli\/\"> [&#8230;]<\/a><\/p>\n","protected":false},"author":1,"featured_media":0,"parent":0,"menu_order":0,"comment_status":"open","ping_status":"open","template":"bibliukaflar.php","meta":{"footnotes":""},"class_list":["post-21000","page","type-page","status-publish","hentry"],"_links":{"self":[{"href":"https:\/\/biblian.is\/videy\/wp-json\/wp\/v2\/pages\/21000","targetHints":{"allow":["GET"]}}],"collection":[{"href":"https:\/\/biblian.is\/videy\/wp-json\/wp\/v2\/pages"}],"about":[{"href":"https:\/\/biblian.is\/videy\/wp-json\/wp\/v2\/types\/page"}],"author":[{"embeddable":true,"href":"https:\/\/biblian.is\/videy\/wp-json\/wp\/v2\/users\/1"}],"replies":[{"embeddable":true,"href":"https:\/\/biblian.is\/videy\/wp-json\/wp\/v2\/comments?post=21000"}],"version-history":[{"count":0,"href":"https:\/\/biblian.is\/videy\/wp-json\/wp\/v2\/pages\/21000\/revisions"}],"wp:attachment":[{"href":"https:\/\/biblian.is\/videy\/wp-json\/wp\/v2\/media?parent=21000"}],"curies":[{"name":"wp","href":"https:\/\/api.w.org\/{rel}","templated":true}]}}