{"id":20998,"date":"2018-01-02T00:59:51","date_gmt":"2018-01-02T00:59:51","guid":{"rendered":"http:\/\/biblian.is\/videy\/fjorda-mosebok-32-kafli\/"},"modified":"2018-01-02T00:59:51","modified_gmt":"2018-01-02T00:59:51","slug":"fjorda-mosebok-32-kafli","status":"publish","type":"page","link":"https:\/\/biblian.is\/videy\/fjorda-mosebok-32-kafli\/","title":{"rendered":"Fj\u00f3r\u00f0a M\u00f3seb\u00f3k 32. kafli"},"content":{"rendered":"<div class=\"fyrirsognVidey\">R\u00fabens, Ga\u00f0s og h\u00e1lfri Manassis kynkv\u00edsl er \u00fathluta\u00f0 land fyrir austan J\u00f3rdan.<\/div>\n<p><a name=\"1\"><span class=\"versanumer\">1<\/span><\/a>B\u00f6rn R\u00fabens og Ga\u00f0s \u00e1ttu margar og mj\u00f6g miklar hjar\u00f0ir, og sem \u00feeir s\u00e1u Jaesersland og Gilea\u00f0sland, sj\u00e1! \u00fe\u00e1 var \u00fea\u00f0 h\u00e9ra\u00f0 hentugt fyrir kvikf\u00e9na\u00f0.<a name=\"2\"><span class=\"versanumer\">2<\/span><\/a>B\u00f6rn R\u00fabens og Ga\u00f0s komu \u00feess vegna og s\u00f6g\u00f0u vi\u00f0 M\u00f3ses, prestinn Eleasar og ena yppurstu l\u00fd\u00f0sins:<a name=\"3\"><span class=\"versanumer\">3<\/span><\/a>Atarot, Dibon, Jaeser, Nimra, Hesbon, Eleali, Sebam, Nebo og Beku,<a name=\"4\"><span class=\"versanumer\">4<\/span><\/a>\u00feessi l\u00f6nd sem Drottinn hefir lagt undir \u00cdsraelsb\u00f6rn, eru hentug fyrir hjar\u00f0ir og \u00fe\u00ednir \u00fej\u00f3nar eiga hjar\u00f0ir.<a name=\"5\"><span class=\"versanumer\">5<\/span><\/a>Og s\u00ed\u00f0an s\u00f6g\u00f0u \u00feeir: ef v\u00e9r h\u00f6fum fundi\u00f0 n\u00e1\u00f0 fyrir \u00fe\u00ednu augliti, \u00fe\u00e1 gef \u00fej\u00f3num \u00fe\u00ednum land \u00feetta til eignar og lei\u00f0 oss ekki yfir J\u00f3rdan.<a name=\"6\"><span class=\"versanumer\">6<\/span><\/a>\u00de\u00e1 sag\u00f0i M\u00f3ses vi\u00f0 b\u00f6rn Ga\u00f0s og R\u00fabens: eiga br\u00e6\u00f0ur y\u00f0ar a\u00f0 fara \u00ed str\u00ed\u00f0, en \u00fe\u00e9r setjast h\u00e9r a\u00f0?<a name=\"7\"><span class=\"versanumer\">7<\/span><\/a>\u00fev\u00ed gj\u00f6ri\u00f0 \u00fe\u00e9r hugi \u00cdsraelsbarna fr\u00e1hverfa \u00fev\u00ed a\u00f0 fara inn \u00ed land sem Drottinn hefir \u00feeim gefi\u00f0?<a name=\"8\"><span class=\"versanumer\">8<\/span><\/a>Svo gj\u00f6r\u00f0u og fe\u00f0ur y\u00f0ar \u00feegar eg sendi \u00fe\u00e1 \u00ed Kades-Barnea til a\u00f0 sko\u00f0a landi\u00f0,<a name=\"9\"><span class=\"versanumer\">9<\/span><\/a>\u00feeir komu til dalsins Esk\u00f3l og sko\u00f0u\u00f0u landi\u00f0, en sneru svo hugum \u00cdsraelsbarna, a\u00f0 \u00feeir ekki vildu fara inn \u00ed \u00fea\u00f0 land, sem Drottinn haf\u00f0i gefi\u00f0 \u00feeim.<a name=\"10\"><span class=\"versanumer\">10<\/span><\/a>\u00de\u00e1 upptendra\u00f0ist rei\u00f0i Drottins \u00feann sama dag, svo hann s\u00f3r og sag\u00f0i:<a name=\"11\"><span class=\"versanumer\">11<\/span><\/a>\u00deessir menn, sem \u00fat eru gengnir af Egyptalandi, tv\u00edtugir og \u00fear yfir, skulu ekki f\u00e1 a\u00f0 sj\u00e1 \u00fea\u00f0 land sem eg me\u00f0 ei\u00f0i hefi lofa\u00f0 Abraham, \u00cdsaak og Jakob, \u00fev\u00ed \u00feeir hafa ekki tr\u00falega eftirfylgt m\u00e9r,<a name=\"12\"><span class=\"versanumer\">12<\/span><\/a>a\u00f0 fr\u00e1teknum Kaleb Kenes\u00edta, syni Jef\u00fannis og J\u00f3s\u00faa syni N\u00fans, \u00fev\u00ed \u00feeir hafa tr\u00falega eftirfylgt Drottni.<a name=\"13\"><span class=\"versanumer\">13<\/span><\/a>\u00deess vegna reiddist Drottinn \u00cdsrael mikillega og hann l\u00e9t \u00fe\u00e1 r\u00e1fa um kring \u00ed ey\u00f0im\u00f6rkinni \u00ed 40 \u00e1r, \u00fear til \u00f6ll s\u00fa kynsl\u00f3\u00f0 var \u00fatdau\u00f0 sem a\u00f0hafst haf\u00f0i \u00fea\u00f0 sem Drottni misl\u00edka\u00f0i.<a name=\"14\"><span class=\"versanumer\">14<\/span><\/a>Og sj\u00e1! n\u00fa r\u00edsi\u00f0 \u00fe\u00e9r upp \u00ed sta\u00f0 fe\u00f0ra y\u00f0ar, \u00fe\u00e9r afsprengi syndugra manna, til \u00feess a\u00f0 gj\u00f6ra Drottins grimmdarrei\u00f0i gegn \u00cdsrael enn \u00fe\u00e1 meiri;<a name=\"15\"><span class=\"versanumer\">15<\/span><\/a>\u00fev\u00ed ef \u00fe\u00e9r falli\u00f0 fr\u00e1 honum mun hann enn \u00fe\u00e1 lengur l\u00e1ta \u00cdsrael dvelja \u00ed ey\u00f0im\u00f6rkinni, og \u00fe\u00e9r munu\u00f0 ey\u00f0ileggja allan \u00feennan l\u00fd\u00f0.<a name=\"16\"><span class=\"versanumer\">16<\/span><\/a>\u00deeir gengu n\u00fa til hans og s\u00f6g\u00f0u: h\u00e9r viljum v\u00e9r uppbyggja fj\u00e1rh\u00fas handa f\u00e9na\u00f0i vorum og borgir handa b\u00f6rnum vorum;<a name=\"17\"><span class=\"versanumer\">17<\/span><\/a>en sj\u00e1lfir viljum v\u00e9r hertygja\u00f0ir me\u00f0 hra\u00f0a ganga \u00e1 undan \u00cdsraelsb\u00f6rnum \u00fear til v\u00e9r h\u00f6fum innleitt \u00fe\u00e1 \u00e1 sinn sta\u00f0; en b\u00f6rn vor skulu b\u00faa \u00ed v\u00edggirtum borgum s\u00f6kum landsins innb\u00faa;<a name=\"18\"><span class=\"versanumer\">18<\/span><\/a>eigi viljum v\u00e9r sn\u00faa heim aftur fyrr en s\u00e9rhv\u00f6r af \u00cdsraelsb\u00f6rnum hefir fengi\u00f0 sinn erf\u00f0ahlut,<a name=\"19\"><span class=\"versanumer\">19<\/span><\/a>\u00fev\u00ed ekki viljum v\u00e9r taka arf me\u00f0 \u00feeim hinumegin J\u00f3rdanar og lengra burtu ef v\u00e9r f\u00e1um eign vora \u00feessumegin J\u00f3rdanar gegnt austri.<a name=\"20\"><span class=\"versanumer\">20<\/span><\/a>\u00de\u00e1 sag\u00f0i M\u00f3ses vi\u00f0 \u00fe\u00e1: ef \u00fe\u00e9r vilji\u00f0 \u00feetta gj\u00f6ra, ef \u00fe\u00e9r vilji\u00f0 hertygja y\u00f0ur til str\u00ed\u00f0s fyrir Drottni,<a name=\"21\"><span class=\"versanumer\">21<\/span><\/a>og hv\u00f6r af y\u00f0ur hertygja\u00f0ur fara yfir J\u00f3rdan fyrir Drottni, \u00fear til hann hefir reki\u00f0 \u00f3vini s\u00edna, fr\u00e1 augum s\u00e9r,<a name=\"22\"><span class=\"versanumer\">22<\/span><\/a>og landi\u00f0 er komi\u00f0 undir vald hans \u00fe\u00e1 megi\u00f0 \u00fe\u00e9r sn\u00faa aftur og vera s\u00fdknir saka fyrir Drottni og fyrir \u00cdsrael og hafa \u00feetta land til eignar fyrir Drottni.<a name=\"23\"><span class=\"versanumer\">23<\/span><\/a>En ef \u00fe\u00e9r ekki gj\u00f6ri\u00f0 svo, sj\u00e1, \u00fe\u00e1 hafi\u00f0 \u00fe\u00e9r syndga\u00f0 m\u00f3ti Drottni og \u00fe\u00e9r skulu\u00f0 f\u00e1 a\u00f0 kenna \u00e1 synd y\u00f0ar sem mun finna y\u00f0ur.<a name=\"24\"><span class=\"versanumer\">24<\/span><\/a>Byggi\u00f0 y\u00f0ur \u00fear fyrir borgir handa sm\u00e1b\u00f6rnum y\u00f0ar og h\u00fas handa f\u00e9na\u00f0i y\u00f0ar og gj\u00f6ri\u00f0 allt sem \u00fe\u00e9r hafi\u00f0 l\u00e1ti\u00f0 y\u00f0ur um munn fara.<a name=\"25\"><span class=\"versanumer\">25<\/span><\/a>\u00de\u00e1 m\u00e6ltu b\u00f6rn Ga\u00f0s og b\u00f6rn R\u00fabens vi\u00f0 M\u00f3ses og s\u00f6g\u00f0u: \u00dej\u00f3nar \u00fe\u00ednir munu gj\u00f6ra eins og \u00fe\u00fa, herra minn, b\u00fd\u00f0ur.<a name=\"26\"><span class=\"versanumer\">26<\/span><\/a>Sm\u00e1b\u00f6rn vor, konur vorar, hjar\u00f0ir vorar og allur b\u00fasmali vor skal vera h\u00e9r \u00ed borgum G\u00edlea\u00f0s<a name=\"27\"><span class=\"versanumer\">27<\/span><\/a>en v\u00e9r \u00fej\u00f3nar \u00fe\u00ednir skulum allir hertygja\u00f0ir ganga fyrir Drottni \u00ed str\u00ed\u00f0i\u00f0 eins og \u00fe\u00fa, herra minn, hefir bo\u00f0i\u00f0.<a name=\"28\"><span class=\"versanumer\">28<\/span><\/a>Bau\u00f0 \u00fe\u00e1 M\u00f3ses \u00feeirra vegna prestinum Eleasar, J\u00f3s\u00faa syni N\u00fans og inum yppurstu h\u00f6f\u00f0ingjum kynkv\u00edsla \u00cdsraelsbarna<a name=\"29\"><span class=\"versanumer\">29<\/span><\/a>og sag\u00f0i vi\u00f0 \u00fe\u00e1: ef a\u00f0 synir Ga\u00f0s og R\u00fabens fara me\u00f0 y\u00f0ur yfir J\u00f3rdan, allir \u00fatb\u00fanir til str\u00ed\u00f0s fyrir Drottni, og \u00feegar b\u00fai\u00f0 er a\u00f0 leggja landi\u00f0 undir y\u00f0ur \u00fe\u00e1 skulu\u00f0 \u00fe\u00e9r gefa \u00feeim landi\u00f0 G\u00edlea\u00f0 til eignar;<a name=\"30\"><span class=\"versanumer\">30<\/span><\/a>en ef \u00feeir ekki fara herkl\u00e6ddir me\u00f0 y\u00f0ur, skulu \u00feeir taka arf me\u00f0 y\u00f0ur \u00ed Kanaanslandi.<a name=\"31\"><span class=\"versanumer\">31<\/span><\/a>En synir Ga\u00f0s og R\u00fabens sv\u00f6ru\u00f0u og s\u00f6g\u00f0u: \u00fea\u00f0 sem Drottinn hefir tala\u00f0 til \u00fej\u00f3na sinna, \u00fea\u00f0 viljum v\u00e9r gj\u00f6ra;<a name=\"32\"><span class=\"versanumer\">32<\/span><\/a>vopna\u00f0ir viljum v\u00e9r fara fyrir Drottni inn \u00ed Kanaansland, en \u00f3\u00f0alseign vor skal vera \u00feessumegin J\u00f3rdanar.<a name=\"33\"><span class=\"versanumer\">33<\/span><\/a>\u00deess vegna gaf M\u00f3ses sonum Ga\u00f0s, sonum R\u00fabens og h\u00e1lfri kynkv\u00edsl Manassis, sonar J\u00f3seps, r\u00edki S\u00edhons Amor\u00edtak\u00f3ngs og \u00d3gs k\u00f3ngs \u00ed Basan, landi\u00f0 allt \u00e1samt \u00f6llum \u00feeim borgum sem \u00fear v\u00f3ru umhverfis, innan \u00feess lands takmarka.<a name=\"34\"><span class=\"versanumer\">34<\/span><\/a>Uppbygg\u00f0u synir Ga\u00f0s Dibon, Atarot, Aroer,<a name=\"35\"><span class=\"versanumer\">35<\/span><\/a>Atarot-Sofan, Jaeser, Jogbea,<a name=\"36\"><span class=\"versanumer\">36<\/span><\/a>Bet-Nimra og Bet-Haran, v\u00f3ru \u00fea\u00f0 v\u00edggirtar borgir, og r\u00e9ttir fyrir f\u00e9na\u00f0.<a name=\"37\"><span class=\"versanumer\">37<\/span><\/a>En synir R\u00fabens uppbygg\u00f0u Hesbon, Eleale, Kiriataim,<a name=\"38\"><span class=\"versanumer\">38<\/span><\/a>Nebo og Baal-Meon sem \u00feeir g\u00e1fu n\u00fd n\u00f6fn, og Sibma; annars l\u00e9tu \u00feeir \u00fe\u00e6r borgir sem \u00feeir uppbygg\u00f0u halda s\u00ednum g\u00f6mlu n\u00f6fnum.<a name=\"39\"><span class=\"versanumer\">39<\/span><\/a>Synir Makirs, sonar Manassis r\u00e9\u00f0ust \u00e1 Gilea\u00f0, unnu hana og r\u00e1ku burt Amor\u00edtana sem \u00fear voru;<a name=\"40\"><span class=\"versanumer\">40<\/span><\/a>og M\u00f3ses gaf Mak\u00edr syni Manassis Gilea\u00f0, og bj\u00f3 hann \u00fear.<a name=\"41\"><span class=\"versanumer\">41<\/span><\/a>Jair sonur Manassis f\u00f3r \u00e1 sta\u00f0, vann \u00feorp Amor\u00edta og kalla\u00f0i \u00feau Jairs\u00feorp.<a name=\"42\"><span class=\"versanumer\">42<\/span><\/a>Noba f\u00f3r l\u00edka \u00e1 sta\u00f0 og vann Kenat og \u00feorpin \u00fear \u00ed kring og kalla\u00f0i eftir s\u00e9r Noba.<\/p>\n<div class=\"footnoteVidey\">V. 20. Drottinn haf\u00f0i lofa\u00f0 Gy\u00f0ingum Kanaanslandi, \u00feess vegna var\u00f0 hann l\u00edka a\u00f0 leggja \u00fea\u00f0 undir \u00fe\u00e1, l\u00edka sem sj\u00e1lfur a\u00f0 ganga \u00ed str\u00ed\u00f0 vi\u00f0 \u00fe\u00e6r hei\u00f0nu \u00fej\u00f3\u00f0ir sem \u00fear bjuggu.  V. 38. R\u00e9ttirnar voru umgirtar me\u00f0 m\u00farvegg til \u00feess f\u00e9na\u00f0inum v\u00e6ri \u00f3h\u00e6tt fyrir \u00f3argad\u00fdrum.<\/div>\n","protected":false},"excerpt":{"rendered":"<p>R\u00fabens, Ga\u00f0s og h\u00e1lfri Manassis kynkv\u00edsl er \u00fathluta\u00f0 land fyrir austan J\u00f3rdan. 1B\u00f6rn R\u00fabens og Ga\u00f0s \u00e1ttu margar og mj\u00f6g miklar hjar\u00f0ir, og sem \u00feeir s\u00e1u Jaesersland og Gilea\u00f0sland, sj\u00e1! \u00fe\u00e1 var \u00fea\u00f0 h\u00e9ra\u00f0 hentugt fyrir kvikf\u00e9na\u00f0.2B\u00f6rn R\u00fabens og Ga\u00f0s komu \u00feess vegna og s\u00f6g\u00f0u vi\u00f0 M\u00f3ses, prestinn Eleasar og ena yppurstu l\u00fd\u00f0sins:3Atarot, Dibon, Jaeser, Nimra, Hesbon, Eleali, Sebam, Nebo og Beku,4\u00feessi l\u00f6nd sem Drottinn hefir lagt undir \u00cdsraelsb\u00f6rn, eru hentug fyrir hjar\u00f0ir og \u00fe\u00ednir \u00fej\u00f3nar eiga hjar\u00f0ir.5Og s\u00ed\u00f0an s\u00f6g\u00f0u \u00feeir: ef v\u00e9r h\u00f6fum fundi\u00f0 n\u00e1\u00f0 fyrir \u00fe\u00ednu augliti, \u00fe\u00e1 gef \u00fej\u00f3num \u00fe\u00ednum land \u00feetta til eignar og lei\u00f0 oss <a href=\"https:\/\/biblian.is\/videy\/fjorda-mosebok-32-kafli\/\"> [&#8230;]<\/a><\/p>\n","protected":false},"author":1,"featured_media":0,"parent":0,"menu_order":0,"comment_status":"open","ping_status":"open","template":"bibliukaflar.php","meta":{"footnotes":""},"class_list":["post-20998","page","type-page","status-publish","hentry"],"_links":{"self":[{"href":"https:\/\/biblian.is\/videy\/wp-json\/wp\/v2\/pages\/20998","targetHints":{"allow":["GET"]}}],"collection":[{"href":"https:\/\/biblian.is\/videy\/wp-json\/wp\/v2\/pages"}],"about":[{"href":"https:\/\/biblian.is\/videy\/wp-json\/wp\/v2\/types\/page"}],"author":[{"embeddable":true,"href":"https:\/\/biblian.is\/videy\/wp-json\/wp\/v2\/users\/1"}],"replies":[{"embeddable":true,"href":"https:\/\/biblian.is\/videy\/wp-json\/wp\/v2\/comments?post=20998"}],"version-history":[{"count":0,"href":"https:\/\/biblian.is\/videy\/wp-json\/wp\/v2\/pages\/20998\/revisions"}],"wp:attachment":[{"href":"https:\/\/biblian.is\/videy\/wp-json\/wp\/v2\/media?parent=20998"}],"curies":[{"name":"wp","href":"https:\/\/api.w.org\/{rel}","templated":true}]}}