{"id":20997,"date":"2018-01-02T00:59:51","date_gmt":"2018-01-02T00:59:51","guid":{"rendered":"http:\/\/biblian.is\/videy\/fjorda-mosebok-31-kafli\/"},"modified":"2018-01-02T00:59:51","modified_gmt":"2018-01-02T00:59:51","slug":"fjorda-mosebok-31-kafli","status":"publish","type":"page","link":"https:\/\/biblian.is\/videy\/fjorda-mosebok-31-kafli\/","title":{"rendered":"Fj\u00f3r\u00f0a M\u00f3seb\u00f3k 31. kafli"},"content":{"rendered":"<div class=\"fyrirsognVidey\">Midian\u00edtar eru sigra\u00f0ir og herfangi \u00feeirra skipt.<\/div>\n<p><a name=\"1\"><span class=\"versanumer\">1<\/span><\/a>Og Drottinn tala\u00f0i vi\u00f0 M\u00f3ses og sag\u00f0i:<a name=\"2\"><span class=\"versanumer\">2<\/span><\/a>hefn \u00fe\u00fa \u00cdsraelsbarna \u00e1 Midian\u00edtum, og eftir \u00fea\u00f0 skalt\u00fa safnast til fe\u00f0ra \u00feinna!<a name=\"3\"><span class=\"versanumer\">3<\/span><\/a>M\u00f3ses tala\u00f0i \u00fe\u00e1 vi\u00f0 l\u00fd\u00f0inn og sag\u00f0i: allir karlmenn me\u00f0al y\u00f0ar b\u00fai sig \u00fat til herfer\u00f0ar, skulu \u00feeir fara \u00e1 m\u00f3ti Midian\u00edtum, til a\u00f0 hefna Drottins \u00e1 \u00feeim.<a name=\"4\"><span class=\"versanumer\">4<\/span><\/a>Skulu\u00f0 \u00fe\u00e9r senda 1.000 af hv\u00f6rri kynkv\u00edsl fyrir sig til herfer\u00f0arinnar.<a name=\"5\"><span class=\"versanumer\">5<\/span><\/a>Var \u00fe\u00e1 teki\u00f0 fr\u00e1 \u00far merg\u00f0 \u00cdsraelsbarna 1.000 af hv\u00f6rri kynkv\u00edsl, til herfer\u00f0arinnar, alls 12 \u00fe\u00fasundir hertygja\u00f0ra manna.<a name=\"6\"><span class=\"versanumer\">6<\/span><\/a>Og M\u00f3ses sendi 1.000 af s\u00e9rhv\u00f6rri kynkv\u00edsl til herfer\u00f0arinnar og Pinehas son prestsins Eleasars; haf\u00f0i hann \u00ed hendi s\u00e9r \u00feau helgu \u00e1h\u00f6ld og \u00fe\u00e1 hvellu str\u00ed\u00f0sl\u00fa\u00f0ra.<a name=\"7\"><span class=\"versanumer\">7<\/span><\/a>Og \u00feeir f\u00f3ru \u00e1 m\u00f3ti Midian\u00edtum, eins og Drottinn haf\u00f0i bo\u00f0i\u00f0 M\u00f3ses, og sl\u00f3gu \u00ed hel allt karlkyns;<a name=\"8\"><span class=\"versanumer\">8<\/span><\/a>l\u00edka l\u00f6g\u00f0u \u00feeir a\u00f0 velli k\u00f3nga Midian\u00edta me\u00f0al \u00feeirra vegnu, Evi, Rekem, Sur, Hur og Reba, \u00feessa 5 k\u00f3nga Midian\u00edta og B\u00edleam son Beors dr\u00e1pu \u00feeir me\u00f0 sver\u00f0i.<a name=\"9\"><span class=\"versanumer\">9<\/span><\/a>Og \u00cdsraelsb\u00f6rn hert\u00f3ku konur Midian\u00edta og b\u00f6rn \u00feeirra, og r\u00e6ntu \u00f6llum vinnud\u00fdrum \u00feeirra, \u00f6llum b\u00fasmala og \u00f6llu \u00feeirra g\u00f3ssi;<a name=\"10\"><span class=\"versanumer\">10<\/span><\/a>en allar borgir \u00feeirra sem \u00feeir bjuggu \u00ed og \u00f6ll v\u00edgi \u00feeirra uppbrenndu \u00feeir;<a name=\"11\"><span class=\"versanumer\">11<\/span><\/a>s\u00ed\u00f0an r\u00e6ndu \u00feeir \u00fe\u00e1 f\u00f6llnu \u00f6llum hertygjum og t\u00f3ku allt sem \u00feeir g\u00e1tu n\u00e1\u00f0 af m\u00f6nnum og f\u00e9na\u00f0i,<a name=\"12\"><span class=\"versanumer\">12<\/span><\/a>og f\u00e6r\u00f0u M\u00f3ses, prestinum Eleasar og s\u00f6fnu\u00f0i \u00cdsraelsbarna, fangana, r\u00e1nsf\u00e9\u00f0 og herfangi\u00f0, til herb\u00fa\u00f0anna \u00ed ey\u00f0im\u00f6rku M\u00f3ab\u00edta, sem liggur hj\u00e1 J\u00f3rdan gegnt Jer\u00edk\u00f3.<a name=\"13\"><span class=\"versanumer\">13<\/span><\/a>En M\u00f3ses, presturinn Eleasar og allir h\u00f6f\u00f0ingjar safna\u00f0arins gengu \u00ed m\u00f3ti \u00feeim \u00fat fyrir herb\u00fa\u00f0irnar;<a name=\"14\"><span class=\"versanumer\">14<\/span><\/a>reiddist \u00fe\u00e1 M\u00f3ses hersh\u00f6f\u00f0ingjunum, b\u00e6\u00f0i \u00feeim sem settir v\u00f3ru yfir hundra\u00f0 og yfir \u00fe\u00fasund, sem komu fr\u00e1 herfer\u00f0inni;<a name=\"15\"><span class=\"versanumer\">15<\/span><\/a>og sag\u00f0i vi\u00f0 \u00fe\u00e1: g\u00e1fu\u00f0 \u00fe\u00e9r \u00f6llum konunum l\u00edf?<a name=\"16\"><span class=\"versanumer\">16<\/span><\/a>Sj\u00e1! \u00fea\u00f0 v\u00f3ru einmitt \u00fe\u00e6r sem a\u00f0 r\u00e1\u00f0i B\u00edleams komu \u00cdsraelsb\u00f6rnum til a\u00f0 falla fr\u00e1 Drottni vegna Peors, hv\u00f6rs vegna pl\u00e1gan kom yfir s\u00f6fnu\u00f0 Drottins;<a name=\"17\"><span class=\"versanumer\">17<\/span><\/a>drepi\u00f0 \u00fear fyrir n\u00fa allt karlkyns me\u00f0al barnanna og allar \u00fe\u00e6r konur sem samr\u00e6\u00f0i hafa \u00e1tt vi\u00f0 karlmenn!<a name=\"18\"><span class=\"versanumer\">18<\/span><\/a>en \u00f6ll st\u00falkub\u00f6rn sem ekki hafa samr\u00e6\u00f0i \u00e1tt vi\u00f0 karlmenn, megi\u00f0 \u00fe\u00e9r l\u00e1ta lifa handa y\u00f0ur.<a name=\"19\"><span class=\"versanumer\">19<\/span><\/a>En sj\u00e1lfir eigi\u00f0 \u00fe\u00e9r a\u00f0 liggja utan herb\u00fa\u00f0anna \u00ed 7 daga; hv\u00f6r sem hefur mann vegi\u00f0 og hv\u00f6r sem hefir snert veginn mann skal hreinsa sig af synd \u00e1 3ja og 7da degi, b\u00e6\u00f0i \u00fe\u00e9r og fangar y\u00f0ar!<a name=\"20\"><span class=\"versanumer\">20<\/span><\/a>allan kl\u00e6\u00f0na\u00f0, \u00f6ll \u00e1h\u00f6ld \u00far skinni, allt sem tilb\u00fai\u00f0 er \u00far geitah\u00e1ri og \u00f6ll tr\u00e9\u00edl\u00e1t, skulu\u00f0 \u00fe\u00e9r hreinsa.<a name=\"21\"><span class=\"versanumer\">21<\/span><\/a>\u00de\u00e1 sag\u00f0i presturinn Eleasar vi\u00f0 str\u00ed\u00f0smennina sem komu \u00far herfer\u00f0inni: \u00feetta er l\u00f6gbo\u00f0i\u00f0 sem Drottinn hefir gefi\u00f0 M\u00f3ses:<a name=\"22\"><span class=\"versanumer\">22<\/span><\/a>gull, silfur, eir, j\u00e1rn, tin og bl\u00fd,<a name=\"23\"><span class=\"versanumer\">23<\/span><\/a>allt sem eld \u00feolir skulu\u00f0 \u00fe\u00e9r l\u00e1ta ganga \u00ed gegnum eld, svo er \u00fea\u00f0 hreint, einasta a\u00f0 \u00fea\u00f0 l\u00edka s\u00e9 hreinsa\u00f0 me\u00f0 hreinsunarvatninu. En allt sem ekki \u00feolir eld skulu\u00f0 \u00fe\u00e9r l\u00e1ta ganga \u00ed gegnum vatn;<a name=\"24\"><span class=\"versanumer\">24<\/span><\/a>\u00fe\u00e9r skulu\u00f0 \u00fevo kl\u00e6\u00f0i y\u00f0ar \u00e1 7da deginum, og \u00fe\u00e1 eru\u00f0 \u00fe\u00e9r hreinir og eftir \u00fea\u00f0 megi\u00f0 \u00fe\u00e9r ganga inn \u00ed herb\u00fa\u00f0irnar. <br \/><a name=\"25\"><span class=\"versanumer\">25<\/span><\/a>Og Drottinn tala\u00f0i vi\u00f0 M\u00f3ses og sag\u00f0i:<a name=\"26\"><span class=\"versanumer\">26<\/span><\/a>reikna \u00fe\u00fa og presturinn Eleasar og enir yppurstu fe\u00f0ur safna\u00f0arins saman hva\u00f0 miki\u00f0 herfangi\u00f0 er sem \u00fe\u00e9r hafi\u00f0 n\u00e1\u00f0, b\u00e6\u00f0i af m\u00f6nnum og f\u00e9na\u00f0i,<a name=\"27\"><span class=\"versanumer\">27<\/span><\/a>og skipt herfanginu \u00ed tvo parta milli \u00feeirra sem t\u00f3ku \u00fe\u00e1tt \u00ed bardaganum og gengu \u00ed str\u00ed\u00f0i\u00f0, og milli alls safna\u00f0arins;<a name=\"28\"><span class=\"versanumer\">28<\/span><\/a>og \u00fe\u00fa skalt taka handa Drottni toll af str\u00ed\u00f0sm\u00f6nnunum sem gengu \u00ed str\u00ed\u00f0i\u00f0, eina skepnu af hv\u00f6rjum 500: af m\u00f6nnum, nautum, \u00f6snum og sm\u00e1f\u00e9na\u00f0i;<a name=\"29\"><span class=\"versanumer\">29<\/span><\/a>af \u00feeirra helmingi skulu\u00f0 \u00fe\u00e9r taka \u00feetta, og \u00fe\u00fa skalt f\u00e1 \u00fea\u00f0 prestinum Eleasar sem upplyftingarf\u00f3rn handa Drottni.<a name=\"30\"><span class=\"versanumer\">30<\/span><\/a>En af helmingi \u00cdsraelsbarna skaltu taka einn af hv\u00f6rjum 50, b\u00e6\u00f0i af m\u00f6nnum, nautum, \u00f6snum og sm\u00e1f\u00e9na\u00f0i, \u00f6llum b\u00fasmala og f\u00e1 Lev\u00edtunum, sem g\u00e6ta \u00feess sem g\u00e6ta \u00fearf vi\u00f0 tjaldb\u00fa\u00f0 Drottins.<a name=\"31\"><span class=\"versanumer\">31<\/span><\/a>Og M\u00f3ses og presturinn Eleasar gj\u00f6r\u00f0u eins og Drottinn haf\u00f0i bo\u00f0i\u00f0 M\u00f3ses.<a name=\"32\"><span class=\"versanumer\">32<\/span><\/a>Var herfangi\u00f0, nefnilega \u00fea\u00f0 sem eftir var af r\u00e1nsf\u00e9 \u00fev\u00ed sem str\u00ed\u00f0smennirnir h\u00f6f\u00f0u n\u00e1\u00f0, 675 \u00fe\u00fasundir af sm\u00e1f\u00e9na\u00f0i,<a name=\"33\"><span class=\"versanumer\">33<\/span><\/a>72 \u00fe\u00fasundir af nautum,<a name=\"34\"><span class=\"versanumer\">34<\/span><\/a>61 \u00fe\u00fasund af \u00f6snum,<a name=\"35\"><span class=\"versanumer\">35<\/span><\/a>og af m\u00f6nnum, \u00fea\u00f0 er a\u00f0 segja af konum sem ekki h\u00f6f\u00f0u samr\u00e6\u00f0i \u00e1tt vi\u00f0 karlmenn, alls 32 \u00fe\u00fasundir.<a name=\"36\"><span class=\"versanumer\">36<\/span><\/a>\u00deannig var \u00fe\u00e1 helmingur s\u00e1 sem tilf\u00e9ll str\u00ed\u00f0sm\u00f6nnunum 337 \u00fe\u00fasundir og 500 af sm\u00e1f\u00e9na\u00f0i,<a name=\"37\"><span class=\"versanumer\">37<\/span><\/a>og tollurinn handa Drottni af \u00feessum sm\u00e1f\u00e9na\u00f0i 675.<a name=\"38\"><span class=\"versanumer\">38<\/span><\/a>Af nautum <span class='VideyAth'>(fengu str\u00ed\u00f0smennirnir)<\/span> 36 \u00fe\u00fasundir, tollurinn \u00fear af handa Drottni 72.<a name=\"39\"><span class=\"versanumer\">39<\/span><\/a>Af \u00f6snum 30 \u00fe\u00fasundir og 500, f\u00e9kk Drottinn \u00fear af 61.<a name=\"40\"><span class=\"versanumer\">40<\/span><\/a>Af m\u00f6nnum 16 \u00fe\u00fasundir, hvar af Drottinn f\u00e9kk 32 s\u00e1lir:<a name=\"41\"><span class=\"versanumer\">41<\/span><\/a>\u00deennan toll, \u00feessa upplyftingarf\u00f3rn Drottins f\u00e9kk M\u00f3ses prestinum Eleasar eins og Drottinn haf\u00f0i bo\u00f0i\u00f0 honum.<a name=\"42\"><span class=\"versanumer\">42<\/span><\/a>Af \u00feeim helmingi sem tilf\u00e9ll \u00cdsraelsb\u00f6rnum sem M\u00f3ses \u00fathluta\u00f0i \u00feeim fr\u00e1 str\u00ed\u00f0sm\u00f6nnunum,<a name=\"43\"><span class=\"versanumer\">43<\/span><\/a>kom \u00ed hlut safna\u00f0arins, af sm\u00e1f\u00e9na\u00f0i 337 \u00fe\u00fasundir og 500,<a name=\"44\"><span class=\"versanumer\">44<\/span><\/a>af nautum 36 \u00fe\u00fasundir,<a name=\"45\"><span class=\"versanumer\">45<\/span><\/a>af \u00f6snum 30 \u00fe\u00fasundir og 500,<a name=\"46\"><span class=\"versanumer\">46<\/span><\/a>og af m\u00f6nnum 16 \u00fe\u00fasundir.<a name=\"47\"><span class=\"versanumer\">47<\/span><\/a>T\u00f3k M\u00f3ses af helmingi \u00cdsraelsbarna 1 af hv\u00f6rjum 50, b\u00e6\u00f0i af m\u00f6nnum og f\u00e9na\u00f0i, og f\u00e9kk Lev\u00edtunum sem g\u00e6ta \u00feess sem g\u00e6ta \u00fearf vi\u00f0 tjaldb\u00fa\u00f0 Drottins, eins og Drottinn haf\u00f0i bo\u00f0i\u00f0 M\u00f3ses.<br \/><a name=\"48\"><span class=\"versanumer\">48<\/span><\/a>N\u00fa gengu hersh\u00f6f\u00f0ingjarnir fram fyrir M\u00f3ses, b\u00e6\u00f0i \u00feeir sem settir v\u00f3ru yfir 1.000 og yfir 100,<a name=\"49\"><span class=\"versanumer\">49<\/span><\/a>og s\u00f6g\u00f0u vi\u00f0 hann: \u00fej\u00f3nar \u00fe\u00ednir hafa tali\u00f0 str\u00ed\u00f0smenn \u00fe\u00e1, sem v\u00e9r h\u00f6f\u00f0um r\u00e1\u00f0 yfir og \u00fear vanta\u00f0i ekki einn;<a name=\"50\"><span class=\"versanumer\">50<\/span><\/a>\u00feess vegna f\u00e6rum v\u00e9r Drottni, sem f\u00f3rnarg\u00e1fu, \u00fea\u00f0 sem hv\u00f6r af oss hefir fundi\u00f0 af gullgersemum, festum, armsp\u00f6ngum, fingurgullum, eyrnahringum, h\u00e1lsfestum, til a\u00f0 fri\u00f0\u00fe\u00e6gja fyrir s\u00e1lir vorar hj\u00e1 Drottni.<a name=\"51\"><span class=\"versanumer\">51<\/span><\/a>T\u00f3k M\u00f3ses og presturinn Eleasar vi\u00f0 gullinu af \u00feeim, sem v\u00f3ru alls konar kj\u00f6rgripir;<a name=\"52\"><span class=\"versanumer\">52<\/span><\/a>var gulli\u00f0 sem \u00feeir f\u00e6r\u00f0u Drottni sem upplyftingarf\u00f3rn alls 16 \u00fe\u00fasund og 750 siklar, var \u00fea\u00f0 fr\u00e1 \u00feeim sem r\u00e9\u00f0u yfir 1.000 m\u00f6nnum og yfir 100;<a name=\"53\"><span class=\"versanumer\">53<\/span><\/a>\u00fev\u00ed str\u00ed\u00f0smennirnir h\u00f6f\u00f0u r\u00e6nt hv\u00f6r handa s\u00e9r.<a name=\"54\"><span class=\"versanumer\">54<\/span><\/a>T\u00f3ku M\u00f3ses og presturinn Eleasar m\u00f3ti gulli \u00feessu af \u00feeim sem settir v\u00f3ru yfir 1.000 og yfir 100 og f\u00e6r\u00f0u \u00fea\u00f0 \u00ed samkundutjaldb\u00fa\u00f0ina \u00cdsraelsb\u00f6rnum til endurminningar fyrir Drottni.<\/p>\n<div class=\"footnoteVidey\">V. 3. \u00dev\u00ed \u00feeir h\u00f6f\u00f0u komi\u00f0 Gy\u00f0ingum til a\u00f0 falla fr\u00e1 Drottni, sj\u00e1 25. kap.  V. 8. Sj\u00e1 J\u00f3s\u00faab. 13,21.  V. 53. Og \u00feeir f\u00f3rnf\u00e6r\u00f0u engu.<\/div>\n","protected":false},"excerpt":{"rendered":"<p>Midian\u00edtar eru sigra\u00f0ir og herfangi \u00feeirra skipt. 1Og Drottinn tala\u00f0i vi\u00f0 M\u00f3ses og sag\u00f0i:2hefn \u00fe\u00fa \u00cdsraelsbarna \u00e1 Midian\u00edtum, og eftir \u00fea\u00f0 skalt\u00fa safnast til fe\u00f0ra \u00feinna!3M\u00f3ses tala\u00f0i \u00fe\u00e1 vi\u00f0 l\u00fd\u00f0inn og sag\u00f0i: allir karlmenn me\u00f0al y\u00f0ar b\u00fai sig \u00fat til herfer\u00f0ar, skulu \u00feeir fara \u00e1 m\u00f3ti Midian\u00edtum, til a\u00f0 hefna Drottins \u00e1 \u00feeim.4Skulu\u00f0 \u00fe\u00e9r senda 1.000 af hv\u00f6rri kynkv\u00edsl fyrir sig til herfer\u00f0arinnar.5Var \u00fe\u00e1 teki\u00f0 fr\u00e1 \u00far merg\u00f0 \u00cdsraelsbarna 1.000 af hv\u00f6rri kynkv\u00edsl, til herfer\u00f0arinnar, alls 12 \u00fe\u00fasundir hertygja\u00f0ra manna.6Og M\u00f3ses sendi 1.000 af s\u00e9rhv\u00f6rri kynkv\u00edsl til herfer\u00f0arinnar og Pinehas son prestsins Eleasars; haf\u00f0i hann \u00ed hendi s\u00e9r \u00feau helgu <a href=\"https:\/\/biblian.is\/videy\/fjorda-mosebok-31-kafli\/\"> [&#8230;]<\/a><\/p>\n","protected":false},"author":1,"featured_media":0,"parent":0,"menu_order":0,"comment_status":"open","ping_status":"open","template":"bibliukaflar.php","meta":{"footnotes":""},"class_list":["post-20997","page","type-page","status-publish","hentry"],"_links":{"self":[{"href":"https:\/\/biblian.is\/videy\/wp-json\/wp\/v2\/pages\/20997","targetHints":{"allow":["GET"]}}],"collection":[{"href":"https:\/\/biblian.is\/videy\/wp-json\/wp\/v2\/pages"}],"about":[{"href":"https:\/\/biblian.is\/videy\/wp-json\/wp\/v2\/types\/page"}],"author":[{"embeddable":true,"href":"https:\/\/biblian.is\/videy\/wp-json\/wp\/v2\/users\/1"}],"replies":[{"embeddable":true,"href":"https:\/\/biblian.is\/videy\/wp-json\/wp\/v2\/comments?post=20997"}],"version-history":[{"count":0,"href":"https:\/\/biblian.is\/videy\/wp-json\/wp\/v2\/pages\/20997\/revisions"}],"wp:attachment":[{"href":"https:\/\/biblian.is\/videy\/wp-json\/wp\/v2\/media?parent=20997"}],"curies":[{"name":"wp","href":"https:\/\/api.w.org\/{rel}","templated":true}]}}