{"id":20996,"date":"2018-01-02T00:59:51","date_gmt":"2018-01-02T00:59:51","guid":{"rendered":"http:\/\/biblian.is\/videy\/fjorda-mosebok-30-kafli\/"},"modified":"2018-01-02T00:59:51","modified_gmt":"2018-01-02T00:59:51","slug":"fjorda-mosebok-30-kafli","status":"publish","type":"page","link":"https:\/\/biblian.is\/videy\/fjorda-mosebok-30-kafli\/","title":{"rendered":"Fj\u00f3r\u00f0a M\u00f3seb\u00f3k 30. kafli"},"content":{"rendered":"<div class=\"fyrirsognVidey\">Um sekt.<\/div>\n<p><a name=\"1\"><span class=\"versanumer\">1<\/span><\/a>Og M\u00f3ses sag\u00f0i vi\u00f0 \u00cdsraelsb\u00f6rn allt sem Drottinn haf\u00f0i honum bo\u00f0i\u00f0:<a name=\"2\"><span class=\"versanumer\">2<\/span><\/a>og hann \u00e1varpa\u00f0i \u00feannig ina yppurstu \u00ed s\u00e9rhv\u00f6rri kynkv\u00edsl af \u00cdsraelsb\u00f6rnum: \u00feetta er \u00fea\u00f0 sem Drottinn hefur bo\u00f0i\u00f0:<a name=\"3\"><span class=\"versanumer\">3<\/span><\/a>\u00feegar karlma\u00f0ur lofar Drottni a\u00f0 hann skuli gj\u00f6ra eitthva\u00f0 e\u00f0a me\u00f0 ei\u00f0 skuldbindur sig til a\u00f0 halda bindindi, m\u00e1 hann ekki breg\u00f0a or\u00f0 sitt, heldur gj\u00f6ra \u00fea\u00f0 allt eins og \u00fea\u00f0 fram gekk af hans munni.<a name=\"4\"><span class=\"versanumer\">4<\/span><\/a>\u00deegar kvenma\u00f0ur lofar Drottni a\u00f0 h\u00fan skuli gj\u00f6ra eitthva\u00f0, og \u00ed \u00e6sku sinni \u00ed f\u00f6\u00f0urh\u00fasum skuldbindur sig til a\u00f0 halda bindindi,<a name=\"5\"><span class=\"versanumer\">5<\/span><\/a>og fa\u00f0ir hennar heyrir \u00e1 \u00feegar h\u00fan heitir \u00feessu, og skuldbindur sig \u00fear til og hann \u00feegir \u00fear til, \u00fe\u00e1 skal allt sem h\u00fan h\u00e9t, og allt sem h\u00fan skuldbatt sig til, st\u00f6\u00f0ugt standa.<a name=\"6\"><span class=\"versanumer\">6<\/span><\/a>En ef fa\u00f0ir hennar gj\u00f6rir \u00fea\u00f0 \u00f3gilt strax sem hann heyrir \u00fea\u00f0, \u00fe\u00e1 skal allt sem h\u00fan h\u00e9t og allt sem h\u00fan skuldbatt sig til \u00f3gilt vera og Drottinn mun fyrirgefa henni \u00fea\u00f0 af \u00fev\u00ed fa\u00f0ir hennar gj\u00f6r\u00f0i \u00fea\u00f0 \u00f3gilt.<a name=\"7\"><span class=\"versanumer\">7<\/span><\/a>En ef h\u00fan giftist og hefir \u00e1\u00f0ur lofa\u00f0 a\u00f0 gj\u00f6ra eitthva\u00f0 e\u00f0a \u00f3fyrirsynju skuldbundi\u00f0 sig til a\u00f0 halda bindindi,<a name=\"8\"><span class=\"versanumer\">8<\/span><\/a>og ma\u00f0ur hennar heyrir \u00fea\u00f0 og \u00feegir \u00fear til \u00feegar hann heyrir \u00fea\u00f0, \u00fe\u00e1 skal heit hennar st\u00f6\u00f0ugt standa og \u00fea\u00f0 sem h\u00fan skuldbatt sig til;<a name=\"9\"><span class=\"versanumer\">9<\/span><\/a>en ef ma\u00f0ur hennar stendur \u00e1 m\u00f3ti strax sem hann heyrir \u00fea\u00f0, gj\u00f6rir hann \u00f3gilt heit hennar og \u00fea\u00f0 sem h\u00fan \u00f3fyrirsynju skuldbatt sig til, og Drottinn mun gefa henni \u00fea\u00f0 upp.<a name=\"10\"><span class=\"versanumer\">10<\/span><\/a>En \u00fea\u00f0 sem ekkja lofar e\u00f0a s\u00fa sem skilin er vi\u00f0 mann sinn, allt sem h\u00fan skuldbindur sig til skal st\u00f6\u00f0ugt standa.<a name=\"11\"><span class=\"versanumer\">11<\/span><\/a>Ef a\u00f0 kona \u00ed h\u00fasi manns s\u00edns lofar a\u00f0 gj\u00f6ra eitthva\u00f0 e\u00f0a me\u00f0 ei\u00f0i skuldbindur sig til a\u00f0 halda bindindi,<a name=\"12\"><span class=\"versanumer\">12<\/span><\/a>og ma\u00f0ur hennar heyrir \u00fea\u00f0 og \u00feegir \u00fear til, og ekki aftrar henni, \u00fe\u00e1 skal allt sem h\u00fan h\u00e9t og allt sem h\u00fan skuldbatt sig til standa st\u00f6\u00f0ugt;<a name=\"13\"><span class=\"versanumer\">13<\/span><\/a>en ef ma\u00f0ur hennar me\u00f0 \u00f6llu \u00f3n\u00fdtti \u00fea\u00f0 strax sem hann heyr\u00f0i \u00fea\u00f0, \u00fe\u00e1 skal ekkert af \u00fev\u00ed sem kom yfir hennar varir, hv\u00f6rki \u00fea\u00f0 sem h\u00fan h\u00e9t n\u00e9 skuldbatt sig til, gilt vera; ma\u00f0ur hennar \u00f3n\u00fdtti \u00fea\u00f0 og Drottinn mun uppgefa henni \u00fea\u00f0.<a name=\"14\"><span class=\"versanumer\">14<\/span><\/a>S\u00e9rhv\u00f6rt heit og s\u00e9rhv\u00f6rn \u00feann ei\u00f0, me\u00f0 hv\u00f6rjum konan skuldbindur sig til a\u00f0 \u00fej\u00e1 l\u00edkama sinn, getur ma\u00f0ur hennar gj\u00f6rt b\u00e6\u00f0i gilt og \u00f3gilt;<a name=\"15\"><span class=\"versanumer\">15<\/span><\/a>ef ma\u00f0ur hennar \u00f6ldungis \u00feegir \u00fear til dag eftir dag, \u00fe\u00e1 sta\u00f0festir hann allt sem h\u00fan hefir heiti\u00f0, e\u00f0a allt sem h\u00fan hefir skuldbundi\u00f0 sig til; hann sta\u00f0festi \u00fea\u00f0 me\u00f0 \u00fev\u00ed a\u00f0 hann \u00feag\u00f0i \u00fear til \u00feegar hann heyr\u00f0i \u00fea\u00f0.<a name=\"16\"><span class=\"versanumer\">16<\/span><\/a>En ef hann nokkru eftir a\u00f0 hann hefir heyrt \u00fea\u00f0, me\u00f0 \u00f6llu vill gj\u00f6ra \u00fea\u00f0 \u00f3gilt, skal hann sj\u00e1lfur l\u00ed\u00f0a straff \u00fear fyrir.<a name=\"17\"><span class=\"versanumer\">17<\/span><\/a>\u00deessar v\u00f3ru \u00fe\u00e6r reglugj\u00f6r\u00f0ir sem Drottinn sag\u00f0i M\u00f3ses a\u00f0 gilda skyldu milli manns og konu, milli f\u00f6\u00f0ur og d\u00f3ttur me\u00f0an h\u00fan er ung og \u00ed f\u00f6\u00f0urh\u00fasum.<\/p>\n<div class=\"footnoteVidey\">V. 3. \u00de. e. halda s\u00e9r fr\u00e1 einhv\u00f6rju sem \u00fe\u00f3 annars \u00ed sj\u00e1lfu s\u00e9r er leyfilegt.  V. 14. \u00de. e. a\u00f0 halda f\u00f6stu og bindindi.  V. 16. \u00de. e. straffast eins og hann sj\u00e1lfur hef\u00f0i gj\u00f6rt heiti\u00f0 en svikist um \u00fea\u00f0.<\/div>\n","protected":false},"excerpt":{"rendered":"<p>Um sekt. 1Og M\u00f3ses sag\u00f0i vi\u00f0 \u00cdsraelsb\u00f6rn allt sem Drottinn haf\u00f0i honum bo\u00f0i\u00f0:2og hann \u00e1varpa\u00f0i \u00feannig ina yppurstu \u00ed s\u00e9rhv\u00f6rri kynkv\u00edsl af \u00cdsraelsb\u00f6rnum: \u00feetta er \u00fea\u00f0 sem Drottinn hefur bo\u00f0i\u00f0:3\u00feegar karlma\u00f0ur lofar Drottni a\u00f0 hann skuli gj\u00f6ra eitthva\u00f0 e\u00f0a me\u00f0 ei\u00f0 skuldbindur sig til a\u00f0 halda bindindi, m\u00e1 hann ekki breg\u00f0a or\u00f0 sitt, heldur gj\u00f6ra \u00fea\u00f0 allt eins og \u00fea\u00f0 fram gekk af hans munni.4\u00deegar kvenma\u00f0ur lofar Drottni a\u00f0 h\u00fan skuli gj\u00f6ra eitthva\u00f0, og \u00ed \u00e6sku sinni \u00ed f\u00f6\u00f0urh\u00fasum skuldbindur sig til a\u00f0 halda bindindi,5og fa\u00f0ir hennar heyrir \u00e1 \u00feegar h\u00fan heitir \u00feessu, og skuldbindur sig \u00fear til og hann <a href=\"https:\/\/biblian.is\/videy\/fjorda-mosebok-30-kafli\/\"> [&#8230;]<\/a><\/p>\n","protected":false},"author":1,"featured_media":0,"parent":0,"menu_order":0,"comment_status":"open","ping_status":"open","template":"bibliukaflar.php","meta":{"footnotes":""},"class_list":["post-20996","page","type-page","status-publish","hentry"],"_links":{"self":[{"href":"https:\/\/biblian.is\/videy\/wp-json\/wp\/v2\/pages\/20996","targetHints":{"allow":["GET"]}}],"collection":[{"href":"https:\/\/biblian.is\/videy\/wp-json\/wp\/v2\/pages"}],"about":[{"href":"https:\/\/biblian.is\/videy\/wp-json\/wp\/v2\/types\/page"}],"author":[{"embeddable":true,"href":"https:\/\/biblian.is\/videy\/wp-json\/wp\/v2\/users\/1"}],"replies":[{"embeddable":true,"href":"https:\/\/biblian.is\/videy\/wp-json\/wp\/v2\/comments?post=20996"}],"version-history":[{"count":0,"href":"https:\/\/biblian.is\/videy\/wp-json\/wp\/v2\/pages\/20996\/revisions"}],"wp:attachment":[{"href":"https:\/\/biblian.is\/videy\/wp-json\/wp\/v2\/media?parent=20996"}],"curies":[{"name":"wp","href":"https:\/\/api.w.org\/{rel}","templated":true}]}}