{"id":20995,"date":"2018-01-02T00:59:51","date_gmt":"2018-01-02T00:59:51","guid":{"rendered":"http:\/\/biblian.is\/videy\/fjorda-mosebok-29-kafli\/"},"modified":"2018-01-02T00:59:51","modified_gmt":"2018-01-02T00:59:51","slug":"fjorda-mosebok-29-kafli","status":"publish","type":"page","link":"https:\/\/biblian.is\/videy\/fjorda-mosebok-29-kafli\/","title":{"rendered":"Fj\u00f3r\u00f0a M\u00f3seb\u00f3k 29. kafli"},"content":{"rendered":"<div class=\"fyrirsognVidey\">H\u00e1t\u00ed\u00f0af\u00f3rnir \u00edtrekast.<\/div>\n<p><a name=\"1\"><span class=\"versanumer\">1<\/span><\/a>\u00cd m\u00e1nu\u00f0inum 7da \u00e1 1ta degi m\u00e1na\u00f0arins skal vera heil\u00f6g samkoma hj\u00e1 y\u00f0ur, megi\u00f0 \u00fe\u00e9r \u00fe\u00e1 ekkert vi\u00f0 stritvinnu f\u00e1st; l\u00fa\u00f0rahlj\u00f3mur skal \u00fe\u00e1 heyrast me\u00f0al y\u00f0ar;<a name=\"2\"><span class=\"versanumer\">2<\/span><\/a>sem brennif\u00f3rn Drottni til s\u00e6ts ilms skulu\u00f0 \u00fe\u00e9r framrei\u00f0a: ungan uxa, hr\u00fat og 7 \u00e1rsg\u00f6mul l\u00fdtalaus hr\u00fatl\u00f6mb,<a name=\"3\"><span class=\"versanumer\">3<\/span><\/a>s\u00f6mulei\u00f0is samsvarandi matf\u00f3rn, af hveitimj\u00f6li vi\u00f0smj\u00f6ri mengu\u00f0u, \u00ferj\u00e1 10u parta af efa me\u00f0 uxanum, tvo 10du parta me\u00f0 hr\u00fatnum<a name=\"4\"><span class=\"versanumer\">4<\/span><\/a>og einn 10a part me\u00f0 s\u00e9rhv\u00f6rju af \u00feeim 7 l\u00f6mbum;<a name=\"5\"><span class=\"versanumer\">5<\/span><\/a>\u00fear a\u00f0 auki einn geithafur til syndaf\u00f3rnar, til a\u00f0 fri\u00f0\u00fe\u00e6gja fyrir y\u00f0ur;<a name=\"6\"><span class=\"versanumer\">6<\/span><\/a>h\u00e9r a\u00f0 auk tunglkomubrennif\u00f3rnina \u00e1samt samsvarandi matf\u00f3rn, og daglegu brennif\u00f3rnina \u00e1samt samsvarandi mat- og drykkjarf\u00f3rn, \u00e1 venjulegan h\u00e1tt; skal \u00fea\u00f0 vera eldf\u00f3rn Drottni til s\u00e6ts ilms.<a name=\"7\"><span class=\"versanumer\">7<\/span><\/a>\u00c1 10a degi \u00ed \u00feessum sama sj\u00f6unda m\u00e1nu\u00f0i <span class='VideyAth'>a)<\/span> skal vera hj\u00e1 y\u00f0ur heil\u00f6g samkoma og \u00fe\u00e9r \u00fej\u00e1 y\u00f0ar s\u00e1lir <span class='VideyAth'>b)<\/span>, megi\u00f0 \u00fei\u00f0 \u00fe\u00e1 ekkert vi\u00f0 vinnu f\u00e1st,<a name=\"8\"><span class=\"versanumer\">8<\/span><\/a>skulu\u00f0 \u00fe\u00e9r \u00fe\u00e1 f\u00e6ra brennif\u00f3rn Drottni til s\u00e6ts ilms: ungan uxa, hr\u00fat, 7 \u00e1rsg\u00f6mul hr\u00fatl\u00f6mb, sem skulu vera l\u00fdtalaus;<a name=\"9\"><span class=\"versanumer\">9<\/span><\/a>s\u00f6mulei\u00f0is samsvarandi matf\u00f3rn, hveitimj\u00f6l vi\u00f0smj\u00f6ri menga\u00f0, \u00ferj\u00e1 10u parta me\u00f0 uxanum, tvo 10u parta me\u00f0 hr\u00fatnum,<a name=\"10\"><span class=\"versanumer\">10<\/span><\/a>og einn 10a part me\u00f0 s\u00e9rhv\u00f6rju af \u00feeim 7 l\u00f6mbum;<a name=\"11\"><span class=\"versanumer\">11<\/span><\/a>ennfremur einn geithafur til syndaf\u00f3rnar, fyrir utan fri\u00f0\u00fe\u00e6gingarsyndaf\u00f3rnina og \u00fe\u00e1 daglegu brennif\u00f3rn \u00e1samt samsvarandi matar- og drykkjarf\u00f3rn.<a name=\"12\"><span class=\"versanumer\">12<\/span><\/a>\u00c1 15a degi \u00ed m\u00e1nu\u00f0inum sj\u00f6unda skal vera hj\u00e1 y\u00f0ur heil\u00f6g samkoma, megi\u00f0 \u00fe\u00e9r \u00fe\u00e1 ekkert vi\u00f0 stritvinnu f\u00e1st, en halda Drottni h\u00e1t\u00ed\u00f0 \u00ed 7 daga.<a name=\"13\"><span class=\"versanumer\">13<\/span><\/a>Skulu\u00f0 \u00fe\u00e9r \u00fe\u00e1 f\u00e6ra brennif\u00f3rn, eldf\u00f3rn Drottni til s\u00e6ts ilms: 13 unga uxa, 2 hr\u00fata og 14 \u00e1rsg\u00f6mul hr\u00fatl\u00f6mb, sem eiga a\u00f0 vera l\u00fdtalaus,<a name=\"14\"><span class=\"versanumer\">14<\/span><\/a>s\u00f6mulei\u00f0is samsvarandi matf\u00f3rn: hveitimj\u00f6l vi\u00f0smj\u00f6ri menga\u00f0, \u00ferj\u00e1 10du parta af efa me\u00f0 s\u00e9rhv\u00f6rjum af \u00feeim 13 uxum, tvo 10du parta me\u00f0 hv\u00f6rjum fyrir sig af \u00feeim 2ur hr\u00fatum<a name=\"15\"><span class=\"versanumer\">15<\/span><\/a>og einn 10da part me\u00f0 s\u00e9rhv\u00f6rju af \u00feeim 14 l\u00f6mbum,<a name=\"16\"><span class=\"versanumer\">16<\/span><\/a>h\u00e9r a\u00f0 auki einn geithafur til syndaf\u00f3rnar auk \u00feeirrar daglegu brennif\u00f3rnar \u00e1samt samsvarandi matar- og drykkjarf\u00f3rn.<a name=\"17\"><span class=\"versanumer\">17<\/span><\/a>\u00c1 \u00f6\u00f0rum degi <span class='VideyAth'>(h\u00e1t\u00ed\u00f0arinnar)<\/span> skulu\u00f0 \u00fe\u00e9r framrei\u00f0a 12 unga uxa, 2 hr\u00fata og 14 \u00e1rsg\u00f6mul l\u00fdtalaus hr\u00fatl\u00f6mb,<a name=\"18\"><span class=\"versanumer\">18<\/span><\/a>s\u00f6mulei\u00f0is samsvarandi matar- og drykkjarf\u00f3rn me\u00f0 uxunum, hr\u00fatunum og l\u00f6mbunum eftir t\u00f6lu \u00feeirra, \u00e1 venjulegan h\u00e1tt;<a name=\"19\"><span class=\"versanumer\">19<\/span><\/a>h\u00e9r a\u00f0 auki einn geithafur til syndaf\u00f3rnar \u00e1samt samsvarandi matar- og drykkjarf\u00f3rn.<a name=\"20\"><span class=\"versanumer\">20<\/span><\/a>\u00c1 3ja degi: 11 uxa, tvo hr\u00fata, 14 \u00e1rsg\u00f6mul l\u00fdtalaus hr\u00fatl\u00f6mb,<a name=\"21\"><span class=\"versanumer\">21<\/span><\/a>s\u00f6mulei\u00f0is samsvarandi matar- og drykkjarf\u00f3rn me\u00f0 uxunum, hr\u00fatunum, l\u00f6mbunum eftir t\u00f6lu \u00feeirra, \u00e1 venjulegan h\u00e1tt;<a name=\"22\"><span class=\"versanumer\">22<\/span><\/a>h\u00e9r a\u00f0 auki geithafur til syndaf\u00f3rnar auk \u00feeirrar daglegu brennif\u00f3rnar \u00e1samt samsvarandi matar- og drykkjarf\u00f3rn.<a name=\"23\"><span class=\"versanumer\">23<\/span><\/a>\u00c1 4\u00f0a degi: 10 uxa, 2 hr\u00fata, 14 \u00e1rsg\u00f6mul l\u00fdtalaus hr\u00fatl\u00f6mb,<a name=\"24\"><span class=\"versanumer\">24<\/span><\/a>s\u00f6mulei\u00f0is samsvarandi mat- og drykkjarf\u00f3rn me\u00f0 uxunum, hr\u00fatunum og l\u00f6mbunum eftir \u00feeirra t\u00f6lu, \u00e1 venjulegan h\u00e1tt;<a name=\"25\"><span class=\"versanumer\">25<\/span><\/a>h\u00e9r a\u00f0 auki geithafur til syndaf\u00f3rnar auk \u00feeirrar daglegu brennif\u00f3rnar \u00e1samt samsvarandi mat- og drykkjarf\u00f3rn.<a name=\"26\"><span class=\"versanumer\">26<\/span><\/a>\u00c1 5ta degi: 9 uxa, 2 hr\u00fata og 14 \u00e1rsg\u00f6mul l\u00fdtalaus hr\u00fatl\u00f6mb,<a name=\"27\"><span class=\"versanumer\">27<\/span><\/a>s\u00f6mulei\u00f0is samsvarandi matar- og drykkjarf\u00f3rn me\u00f0 uxunum, hr\u00fatunum og l\u00f6mbunum eftir \u00feeirra t\u00f6lu, \u00e1 venjulegan h\u00e1tt;<a name=\"28\"><span class=\"versanumer\">28<\/span><\/a>h\u00e9r a\u00f0 auki geithafur til syndaf\u00f3rnar auk \u00feeirrar daglegu brennif\u00f3rnar \u00e1samt samsvarandi matar- og drykkjarf\u00f3rn.<a name=\"29\"><span class=\"versanumer\">29<\/span><\/a>\u00c1 6ta degi: 8 uxa, 2 hr\u00fata og 14 \u00e1rsg\u00f6mul l\u00fdtalaus hr\u00fatl\u00f6mb,<a name=\"30\"><span class=\"versanumer\">30<\/span><\/a>s\u00f6mulei\u00f0is samsvarandi matar- og drykkjarf\u00f3rn me\u00f0 uxunum, hr\u00fatunum og l\u00f6mbunum eftir t\u00f6lu \u00feeirra, \u00e1 venjulegan h\u00e1tt,<a name=\"31\"><span class=\"versanumer\">31<\/span><\/a>h\u00e9r a\u00f0 auki einn geithafur til syndaf\u00f3rnar, auk \u00feeirrar daglegu brennif\u00f3rnar \u00e1samt samsvarandi matar- og drykkjarf\u00f3rn.<a name=\"32\"><span class=\"versanumer\">32<\/span><\/a>\u00c1 7da degi: 7 uxa, 2 hr\u00fata, 14 \u00e1rsg\u00f6mul l\u00fdtalaus hr\u00fatl\u00f6mb,<a name=\"33\"><span class=\"versanumer\">33<\/span><\/a>s\u00f6mulei\u00f0is samsvarandi matar- og drykkjarf\u00f3rn me\u00f0 uxunum, hr\u00fatunum og l\u00f6mbunum eftir \u00feeirra t\u00f6lu, \u00e1 venjulegan h\u00e1tt;<a name=\"34\"><span class=\"versanumer\">34<\/span><\/a>h\u00e9r a\u00f0 auki geithafur til syndaf\u00f3rnar, auk \u00feeirrar daglegu brennif\u00f3rnar \u00e1samt samsvarandi matar- og drykkjaf\u00f3rn.<a name=\"35\"><span class=\"versanumer\">35<\/span><\/a>\u00c1 8da degi skal vera hj\u00e1 y\u00f0ur h\u00e1t\u00ed\u00f0leg samkoma, ekki megi\u00f0 \u00fe\u00e9r \u00fe\u00e1 vi\u00f0 stritvinnu f\u00e1st;<a name=\"36\"><span class=\"versanumer\">36<\/span><\/a>skulu\u00f0 \u00fe\u00e9r \u00fe\u00e1 f\u00e6ra brennif\u00f3rn, eldf\u00f3rn Drottni til s\u00e6ts ilms: Einn uxa, einn hr\u00fat, 7 \u00e1rsg\u00f6mul l\u00fdtalaus hr\u00fatl\u00f6mb,<a name=\"37\"><span class=\"versanumer\">37<\/span><\/a>s\u00f6mulei\u00f0is samsvarandi mat- og drykkjarf\u00f3rn me\u00f0 uxanum, hr\u00fatnum og l\u00f6mbunum eftir \u00feeirra t\u00f6lu, \u00e1 venjulegan h\u00e1tt;<a name=\"38\"><span class=\"versanumer\">38<\/span><\/a>h\u00e9r a\u00f0 auki geithafur til syndaf\u00f3rnar, auk \u00feeirrar daglegu brennif\u00f3rnar \u00e1samt samsvarandi matar- og drykkjarf\u00f3rn.<a name=\"39\"><span class=\"versanumer\">39<\/span><\/a>\u00deetta skulu\u00f0 \u00fe\u00e9r framrei\u00f0a Drottni \u00e1 h\u00e1t\u00ed\u00f0um y\u00f0ar auk \u00feeirra f\u00f3rna sem \u00fe\u00e9r hafi\u00f0 heiti\u00f0 e\u00f0a sj\u00e1lfkrafa framberi\u00f0, hv\u00f6rt sem \u00fea\u00f0 eru brennif\u00f3rnir, matf\u00f3rnir, drykkjarf\u00f3rnir e\u00f0a \u00feakkarf\u00f3rnir.<\/p>\n<div class=\"footnoteVidey\">V. 1. \u00deessi m\u00e1nu\u00f0ur var s\u00e1 7di \u00ed \u00e1rinu, en Gy\u00f0ingar byrju\u00f0u \u00fe\u00e1 me\u00f0 honum \u00e1ri\u00f0.  V. 7. a) Sj\u00e1 3 M\u00f3s. b. 16. kap. b) \u00de. e. fastan.  V. 12. Sj\u00e1 3 M\u00f3s. b. 23,34. ff. um laufsk\u00e1lah\u00e1t\u00ed\u00f0ina.<\/div>\n","protected":false},"excerpt":{"rendered":"<p>H\u00e1t\u00ed\u00f0af\u00f3rnir \u00edtrekast. 1\u00cd m\u00e1nu\u00f0inum 7da \u00e1 1ta degi m\u00e1na\u00f0arins skal vera heil\u00f6g samkoma hj\u00e1 y\u00f0ur, megi\u00f0 \u00fe\u00e9r \u00fe\u00e1 ekkert vi\u00f0 stritvinnu f\u00e1st; l\u00fa\u00f0rahlj\u00f3mur skal \u00fe\u00e1 heyrast me\u00f0al y\u00f0ar;2sem brennif\u00f3rn Drottni til s\u00e6ts ilms skulu\u00f0 \u00fe\u00e9r framrei\u00f0a: ungan uxa, hr\u00fat og 7 \u00e1rsg\u00f6mul l\u00fdtalaus hr\u00fatl\u00f6mb,3s\u00f6mulei\u00f0is samsvarandi matf\u00f3rn, af hveitimj\u00f6li vi\u00f0smj\u00f6ri mengu\u00f0u, \u00ferj\u00e1 10u parta af efa me\u00f0 uxanum, tvo 10du parta me\u00f0 hr\u00fatnum4og einn 10a part me\u00f0 s\u00e9rhv\u00f6rju af \u00feeim 7 l\u00f6mbum;5\u00fear a\u00f0 auki einn geithafur til syndaf\u00f3rnar, til a\u00f0 fri\u00f0\u00fe\u00e6gja fyrir y\u00f0ur;6h\u00e9r a\u00f0 auk tunglkomubrennif\u00f3rnina \u00e1samt samsvarandi matf\u00f3rn, og daglegu brennif\u00f3rnina \u00e1samt samsvarandi mat- og drykkjarf\u00f3rn, \u00e1 venjulegan h\u00e1tt; skal <a href=\"https:\/\/biblian.is\/videy\/fjorda-mosebok-29-kafli\/\"> [&#8230;]<\/a><\/p>\n","protected":false},"author":1,"featured_media":0,"parent":0,"menu_order":0,"comment_status":"open","ping_status":"open","template":"bibliukaflar.php","meta":{"footnotes":""},"class_list":["post-20995","page","type-page","status-publish","hentry"],"_links":{"self":[{"href":"https:\/\/biblian.is\/videy\/wp-json\/wp\/v2\/pages\/20995","targetHints":{"allow":["GET"]}}],"collection":[{"href":"https:\/\/biblian.is\/videy\/wp-json\/wp\/v2\/pages"}],"about":[{"href":"https:\/\/biblian.is\/videy\/wp-json\/wp\/v2\/types\/page"}],"author":[{"embeddable":true,"href":"https:\/\/biblian.is\/videy\/wp-json\/wp\/v2\/users\/1"}],"replies":[{"embeddable":true,"href":"https:\/\/biblian.is\/videy\/wp-json\/wp\/v2\/comments?post=20995"}],"version-history":[{"count":0,"href":"https:\/\/biblian.is\/videy\/wp-json\/wp\/v2\/pages\/20995\/revisions"}],"wp:attachment":[{"href":"https:\/\/biblian.is\/videy\/wp-json\/wp\/v2\/media?parent=20995"}],"curies":[{"name":"wp","href":"https:\/\/api.w.org\/{rel}","templated":true}]}}