{"id":20994,"date":"2018-01-02T00:59:51","date_gmt":"2018-01-02T00:59:51","guid":{"rendered":"http:\/\/biblian.is\/videy\/fjorda-mosebok-28-kafli\/"},"modified":"2018-01-02T00:59:51","modified_gmt":"2018-01-02T00:59:51","slug":"fjorda-mosebok-28-kafli","status":"publish","type":"page","link":"https:\/\/biblian.is\/videy\/fjorda-mosebok-28-kafli\/","title":{"rendered":"Fj\u00f3r\u00f0a M\u00f3seb\u00f3k 28. kafli"},"content":{"rendered":"<div class=\"fyrirsognVidey\">L\u00f6glegar f\u00f3rnir \u00e1 hv\u00edldard\u00f6gum, \u00e1 tunglkomud\u00f6gum, \u00e1 p\u00e1skum og hv\u00edtasunnu.<\/div>\n<p><a name=\"1\"><span class=\"versanumer\">1<\/span><\/a>Og Drottinn tala\u00f0i vi\u00f0 M\u00f3ses og sag\u00f0i:<a name=\"2\"><span class=\"versanumer\">2<\/span><\/a>bj\u00f3\u00f0 \u00cdsraelsb\u00f6rnum og seg vi\u00f0 \u00feau: \u00dei\u00f0 ver\u00f0i\u00f0 a\u00f0 g\u00e6ta \u00feess \u00e1 \u00feeim tiltekna t\u00edma a\u00f0 f\u00e6ra m\u00e9r m\u00edna f\u00f3rnarg\u00e1fu, brau\u00f0 mitt, eldf\u00f3rn handa m\u00e9r til s\u00e6ts ilms.<a name=\"3\"><span class=\"versanumer\">3<\/span><\/a>Og \u00fe\u00fa skalt segja vi\u00f0 \u00fe\u00e1: \u00feetta er eldf\u00f3rnin sem \u00fei\u00f0 skulu\u00f0 f\u00e6ra Drottni. Tv\u00f6 l\u00fdtalaus \u00e1rsg\u00f6mul hr\u00fatl\u00f6mb \u00e1 hv\u00f6rjum degi til daglegrar brennif\u00f3rnar;<a name=\"4\"><span class=\"versanumer\">4<\/span><\/a>anna\u00f0 a\u00f0 morgni hitt a\u00f0 kv\u00f6ldi,<a name=\"5\"><span class=\"versanumer\">5<\/span><\/a>\u00fear a\u00f0 auki 10a part efa af hveitimj\u00f6li til matf\u00f3rnar, menga\u00f0an me\u00f0 4\u00f0a parti h\u00edns af besta vi\u00f0smj\u00f6ri;<a name=\"6\"><span class=\"versanumer\">6<\/span><\/a>\u00fea\u00f0 er s\u00fa daglega brennif\u00f3rn sem f\u00e6r\u00f0 var \u00e1 fjallinu S\u00edna\u00ed til s\u00e6ts ilms, eldf\u00f3rn handa Drottni.<a name=\"7\"><span class=\"versanumer\">7<\/span><\/a>Drykkjarf\u00f3rnin sem h\u00e9r tilheyrir er: 4\u00f0i partur h\u00edns me\u00f0 hv\u00f6rju lambi; \u00ed helgid\u00f3minum skal f\u00e6ra Drottni drykkjarf\u00f3rn af \u00f3bl\u00f6ndu\u00f0u v\u00edni.<a name=\"8\"><span class=\"versanumer\">8<\/span><\/a>Hitt lambi\u00f0 skal tilrei\u00f0a a\u00f0 kv\u00f6ldi me\u00f0 s\u00f6mu mat- og drykkjarf\u00f3rn sem \u00fea\u00f0 um morguninn, \u00fea\u00f0 er eldf\u00f3rn Drottni til s\u00e6ts ilms.<a name=\"9\"><span class=\"versanumer\">9<\/span><\/a>En \u00e1 hv\u00edldardegi skal f\u00f3rnf\u00e6ra tveimur hr\u00fatl\u00f6mbum, \u00e1rsg\u00f6mlum l\u00fdtalausum og tveimur 10u p\u00f6rtum efa af hveitimj\u00f6li til matf\u00f3rnar mengu\u00f0um vi\u00f0smj\u00f6ri og samsvarandi drykkjarf\u00f3rn.<a name=\"10\"><span class=\"versanumer\">10<\/span><\/a>\u00deetta er brennif\u00f3rnin sem f\u00e6ra skal \u00e1 hv\u00f6rjum hv\u00edldardegi, auk \u00feeirrar daglegu brennif\u00f3rnar og samsvarandi drykkjarf\u00f3rnar.<a name=\"11\"><span class=\"versanumer\">11<\/span><\/a>\u00c1 fyrsta degi s\u00e9rhv\u00f6rs m\u00e1na\u00f0ar y\u00f0ar skulu\u00f0 \u00fe\u00e9r f\u00e6ra Drottni brennif\u00f3rn: tvo unga uxa, einn hr\u00fat og 7 \u00e1rsg\u00f6mul l\u00fdtalaus hr\u00fatl\u00f6mb,<a name=\"12\"><span class=\"versanumer\">12<\/span><\/a>og sem matf\u00f3rn \u00ferj\u00e1 10du parta efa af hveitimj\u00f6li, vi\u00f0smj\u00f6ri menga\u00f0a me\u00f0 hv\u00f6rjum uxa, og tvo 10du parta efa hveitimj\u00f6ls vi\u00f0smj\u00f6ri menga\u00f0a me\u00f0 hv\u00f6rjum hr\u00fat,<a name=\"13\"><span class=\"versanumer\">13<\/span><\/a>og einn 10a part efa hveitimj\u00f6ls vi\u00f0smj\u00f6ri menga\u00f0an, me\u00f0 hv\u00f6rju lambi. \u00dea\u00f0 er brennif\u00f3rn til s\u00e6ts ilms, eldf\u00f3rn handa Drottni;<a name=\"14\"><span class=\"versanumer\">14<\/span><\/a>og drykkjarf\u00f3rnin sem h\u00e9r tilheyrir er h\u00e1lf h\u00edn v\u00edns me\u00f0 hv\u00f6rjum uxa, \u00feri\u00f0jipartur h\u00ednar me\u00f0 hv\u00f6rjum hr\u00fat og 4\u00f0i partur h\u00ednar me\u00f0 hv\u00f6rju lambi. \u00deetta er brennif\u00f3rnin sem f\u00e6rast skal \u00e1 s\u00e9rhv\u00f6rjum m\u00e1nu\u00f0i \u00ed \u00e1rinu.<a name=\"15\"><span class=\"versanumer\">15<\/span><\/a>\u00dear a\u00f0 auki skal einn hafur tilrei\u00f0ast Drottni til syndaf\u00f3rnar auk \u00feeirrar daglegu brennif\u00f3rnar og henni samsvarandi drykkjarf\u00f3rnar.<a name=\"16\"><span class=\"versanumer\">16<\/span><\/a>\u00cd m\u00e1nu\u00f0inum fyrsta, \u00e1 fj\u00f3rt\u00e1nda degi m\u00e1na\u00f0arins eru p\u00e1skar Drottins,<a name=\"17\"><span class=\"versanumer\">17<\/span><\/a>og \u00e1 15a degi \u00ed \u00feessum m\u00e1nu\u00f0i er h\u00e1t\u00ed\u00f0in; \u00ed 7 daga skal \u00f3s\u00fdrt brau\u00f0 eta;<a name=\"18\"><span class=\"versanumer\">18<\/span><\/a>\u00e1 fyrsta degi skal vera heil\u00f6g samkoma, megi\u00f0 \u00fei\u00f0 \u00fe\u00e1 enga stritvinnu hafa fyrir stafni;<a name=\"19\"><span class=\"versanumer\">19<\/span><\/a>skulu\u00f0 \u00fei\u00f0 \u00fe\u00e1 f\u00e6ra Drottni brennif\u00f3rn sem eldf\u00f3rn, tvo unga uxa, einn hr\u00fat, 7 \u00e1rsg\u00f6mul hr\u00fatl\u00f6mb sem skulu vera l\u00fdtalaus,<a name=\"20\"><span class=\"versanumer\">20<\/span><\/a>matf\u00f3rnin sem h\u00e9r tilheyrir er hveitimj\u00f6l vi\u00f0smj\u00f6ri menga\u00f0, \u00fer\u00edr 10u partar af efa me\u00f0 hv\u00f6rjum uxa, 2r 10u partar me\u00f0 hv\u00f6rjum hr\u00fat,<a name=\"21\"><span class=\"versanumer\">21<\/span><\/a>og einn 10i partur me\u00f0 s\u00e9rhv\u00f6rju af \u00feeim 7 l\u00f6mbum;<a name=\"22\"><span class=\"versanumer\">22<\/span><\/a>h\u00e9r a\u00f0 auki einn hafur til syndaf\u00f3rnar, til a\u00f0 fri\u00f0\u00fe\u00e6gja fyrir y\u00f0ur.<a name=\"23\"><span class=\"versanumer\">23<\/span><\/a>Auk brennif\u00f3rnarinnar um morguninn, sem er s\u00fa daglega brennif\u00f3rn, skulu\u00f0 \u00fe\u00e9r tilrei\u00f0a \u00feetta.<a name=\"24\"><span class=\"versanumer\">24<\/span><\/a>\u00c1 sama h\u00e1tt skulu\u00f0 \u00fe\u00e9r daglega \u00feessa 7 daga framrei\u00f0a eldf\u00f3rnarf\u00f3rn Drottni til s\u00e6ts ilms; auk \u00feeirrar daglegu brennif\u00f3rnar skal \u00feetta framrei\u00f0ast \u00e1samt samsvarandi drykkjarf\u00f3rn.<a name=\"25\"><span class=\"versanumer\">25<\/span><\/a>En \u00e1 7da degi skal vera heil\u00f6g samkoma hj\u00e1 y\u00f0ur, megi\u00f0 \u00fe\u00e9r \u00fe\u00f3 ekkert vi\u00f0 stritvinnu f\u00e1st.<a name=\"26\"><span class=\"versanumer\">26<\/span><\/a>\u00c1 frumgr\u00f3\u00f0ah\u00e1t\u00ed\u00f0inni, \u00feegar \u00fe\u00e9r f\u00e6ri\u00f0 Drottni n\u00fdja matarf\u00f3rn \u00e1 h\u00e1t\u00ed\u00f0inni sem er 7 vikur eftir p\u00e1ska, skal vera heil\u00f6g samkoma hj\u00e1 y\u00f0ur, ekki megi\u00f0 \u00fe\u00e9r \u00fe\u00e1 vi\u00f0 stritvinnu f\u00e1st.<a name=\"27\"><span class=\"versanumer\">27<\/span><\/a>Sem brennif\u00f3rn Drottni til s\u00e6ts ilms skulu\u00f0 \u00fe\u00e9r \u00fe\u00e1 f\u00e6ra tvo unga uxa, einn hr\u00fat, 7 \u00e1rsg\u00f6mul hr\u00fatl\u00f6mb;<a name=\"28\"><span class=\"versanumer\">28<\/span><\/a>matf\u00f3rnin sem \u00fear tilheyrir er hveitimj\u00f6l vi\u00f0smj\u00f6ri menga\u00f0, \u00fer\u00edr 10u partar <span class='VideyAth'>(efa)<\/span> me\u00f0 hv\u00f6rjum uxa, tveir 10u partar me\u00f0 hv\u00f6rjum hr\u00fat,<a name=\"29\"><span class=\"versanumer\">29<\/span><\/a>og einn 10i partur me\u00f0 s\u00e9rhv\u00f6rjum af \u00feeim 7 l\u00f6mbum;<a name=\"30\"><span class=\"versanumer\">30<\/span><\/a>\u00fear a\u00f0 auki einn geithafur til a\u00f0 fri\u00f0\u00fe\u00e6gja fyrir y\u00f0ur;<a name=\"31\"><span class=\"versanumer\">31<\/span><\/a>auk \u00feeirrar daglegu brennif\u00f3rnar og \u00feeirri samsvarandi matf\u00f3rn skulu\u00f0 \u00fe\u00e9r tilrei\u00f0a \u00feetta, skal \u00fea\u00f0 vera gallalaust og eins s\u00fa samsvarandi drykkjarf\u00f3rn.<\/p>\n<div class=\"footnoteVidey\">V. 17. Sj\u00e1 2 M\u00f3s. b. 12,16.  V. 26. \u00de. e. \u00e1 hv\u00edtasunnuh\u00e1t\u00ed\u00f0inni.<\/div>\n","protected":false},"excerpt":{"rendered":"<p>L\u00f6glegar f\u00f3rnir \u00e1 hv\u00edldard\u00f6gum, \u00e1 tunglkomud\u00f6gum, \u00e1 p\u00e1skum og hv\u00edtasunnu. 1Og Drottinn tala\u00f0i vi\u00f0 M\u00f3ses og sag\u00f0i:2bj\u00f3\u00f0 \u00cdsraelsb\u00f6rnum og seg vi\u00f0 \u00feau: \u00dei\u00f0 ver\u00f0i\u00f0 a\u00f0 g\u00e6ta \u00feess \u00e1 \u00feeim tiltekna t\u00edma a\u00f0 f\u00e6ra m\u00e9r m\u00edna f\u00f3rnarg\u00e1fu, brau\u00f0 mitt, eldf\u00f3rn handa m\u00e9r til s\u00e6ts ilms.3Og \u00fe\u00fa skalt segja vi\u00f0 \u00fe\u00e1: \u00feetta er eldf\u00f3rnin sem \u00fei\u00f0 skulu\u00f0 f\u00e6ra Drottni. Tv\u00f6 l\u00fdtalaus \u00e1rsg\u00f6mul hr\u00fatl\u00f6mb \u00e1 hv\u00f6rjum degi til daglegrar brennif\u00f3rnar;4anna\u00f0 a\u00f0 morgni hitt a\u00f0 kv\u00f6ldi,5\u00fear a\u00f0 auki 10a part efa af hveitimj\u00f6li til matf\u00f3rnar, menga\u00f0an me\u00f0 4\u00f0a parti h\u00edns af besta vi\u00f0smj\u00f6ri;6\u00fea\u00f0 er s\u00fa daglega brennif\u00f3rn sem f\u00e6r\u00f0 var \u00e1 fjallinu S\u00edna\u00ed til <a href=\"https:\/\/biblian.is\/videy\/fjorda-mosebok-28-kafli\/\"> [&#8230;]<\/a><\/p>\n","protected":false},"author":1,"featured_media":0,"parent":0,"menu_order":0,"comment_status":"open","ping_status":"open","template":"bibliukaflar.php","meta":{"footnotes":""},"class_list":["post-20994","page","type-page","status-publish","hentry"],"_links":{"self":[{"href":"https:\/\/biblian.is\/videy\/wp-json\/wp\/v2\/pages\/20994","targetHints":{"allow":["GET"]}}],"collection":[{"href":"https:\/\/biblian.is\/videy\/wp-json\/wp\/v2\/pages"}],"about":[{"href":"https:\/\/biblian.is\/videy\/wp-json\/wp\/v2\/types\/page"}],"author":[{"embeddable":true,"href":"https:\/\/biblian.is\/videy\/wp-json\/wp\/v2\/users\/1"}],"replies":[{"embeddable":true,"href":"https:\/\/biblian.is\/videy\/wp-json\/wp\/v2\/comments?post=20994"}],"version-history":[{"count":0,"href":"https:\/\/biblian.is\/videy\/wp-json\/wp\/v2\/pages\/20994\/revisions"}],"wp:attachment":[{"href":"https:\/\/biblian.is\/videy\/wp-json\/wp\/v2\/media?parent=20994"}],"curies":[{"name":"wp","href":"https:\/\/api.w.org\/{rel}","templated":true}]}}