{"id":20993,"date":"2018-01-02T00:59:51","date_gmt":"2018-01-02T00:59:51","guid":{"rendered":"http:\/\/biblian.is\/videy\/fjorda-mosebok-27-kafli\/"},"modified":"2018-01-02T00:59:51","modified_gmt":"2018-01-02T00:59:51","slug":"fjorda-mosebok-27-kafli","status":"publish","type":"page","link":"https:\/\/biblian.is\/videy\/fjorda-mosebok-27-kafli\/","title":{"rendered":"Fj\u00f3r\u00f0a M\u00f3seb\u00f3k 27. kafli"},"content":{"rendered":"<div class=\"fyrirsognVidey\">Selofea\u00f0sd\u00e6tur. J\u00f3s\u00faa er settur til a\u00f0 vera eftirma\u00f0ur M\u00f3sis.<\/div>\n<p><a name=\"1\"><span class=\"versanumer\">1<\/span><\/a>Og d\u00e6tur Selofea\u00f0s, sonar Hefers, sonar Gilea\u00f0s, sonar Mak\u00edrs, sonar Manassis, af \u00e6tt Manassis sonar J\u00f3seps, sem h\u00e9tu Mahela, Noa, Hogla, Milka og Tirsa,<a name=\"2\"><span class=\"versanumer\">2<\/span><\/a>komu og gengu fram fyrir M\u00f3ses, prestinn Eleasar, h\u00f6f\u00f0ingjana og allan l\u00fd\u00f0inn vi\u00f0 innganginn \u00ed samkundutjaldb\u00fa\u00f0ina og s\u00f6g\u00f0u:<a name=\"3\"><span class=\"versanumer\">3<\/span><\/a>fa\u00f0ir vor d\u00f3 \u00ed ey\u00f0im\u00f6rkinni og var hann \u00fe\u00f3 ekki \u00ed flokki \u00feeirra sem settu sig \u00ed m\u00f3ti Drottni \u00e1samt K\u00f3ra, er d\u00f3 vegna syndar sinnar. En hann \u00e1tti enga syni;<a name=\"4\"><span class=\"versanumer\">4<\/span><\/a>hv\u00f6rs vegna skal n\u00fa nafn f\u00f6\u00f0ur vors afm\u00e1st \u00far \u00e6tt hans, af \u00fev\u00ed hann ekki \u00e1tti son? gef oss eignir me\u00f0al f\u00f6\u00f0urbr\u00e6\u00f0ra vorra!<a name=\"5\"><span class=\"versanumer\">5<\/span><\/a>Og M\u00f3ses flutti m\u00e1l \u00feeirra fyrir Drottin.<a name=\"6\"><span class=\"versanumer\">6<\/span><\/a>\u00de\u00e1 m\u00e6lti Drottinn vi\u00f0 M\u00f3ses og sag\u00f0i:<a name=\"7\"><span class=\"versanumer\">7<\/span><\/a>d\u00e6tur Selofea\u00f0s t\u00f6lu\u00f0u sennilega; gef \u00feeim fasteign me\u00f0al f\u00f6\u00f0urbr\u00e6\u00f0ra sinna er a\u00f0 erf\u00f0um gangi; fasteign f\u00f6\u00f0ur \u00feeirra skaltu l\u00e1ta ganga til \u00feeirra.<a name=\"8\"><span class=\"versanumer\">8<\/span><\/a>En vi\u00f0 \u00cdsraelsb\u00f6rn skalt\u00fa m\u00e6la \u00feessum or\u00f0um: \u00feegar ma\u00f0ur deyr og \u00e1 ekki son, \u00fe\u00e1 skulu\u00f0 \u00fe\u00e9r l\u00e1ta eign hans ganga til d\u00f3ttur hans;<a name=\"9\"><span class=\"versanumer\">9<\/span><\/a>en eigi hann enga d\u00f3ttur, skulu\u00f0 \u00fe\u00e9r l\u00e1ta eign hans ganga til br\u00e6\u00f0ra hans;<a name=\"10\"><span class=\"versanumer\">10<\/span><\/a>en ef hann enga br\u00e6\u00f0ur \u00e1, skulu\u00f0 \u00fe\u00e9r f\u00e1 f\u00f6\u00f0urbr\u00e6\u00f0rum hans eign hans;<a name=\"11\"><span class=\"versanumer\">11<\/span><\/a>en eigi hann enga f\u00f6\u00f0urbr\u00e6\u00f0ur, skulu\u00f0 \u00fe\u00e9r f\u00e1 \u00feeim n\u00e1nasta n\u00e1unga af \u00e6tt hans eign hans, og hann skal eignast hana. \u00deetta skal vera \u00e6varandi l\u00f6gm\u00e1l fyrir \u00cdsraelsb\u00f6rn eins og Drottinn bau\u00f0 M\u00f3ses.<br \/><a name=\"12\"><span class=\"versanumer\">12<\/span><\/a>Eftir \u00feetta sag\u00f0i Drottinn vi\u00f0 M\u00f3ses: gakk upp \u00e1 fjalli\u00f0 Abarim, og l\u00edt yfir landi\u00f0 sem eg hefi gefi\u00f0 \u00cdsraelsb\u00f6rnum;<a name=\"13\"><span class=\"versanumer\">13<\/span><\/a>og sem \u00fe\u00fa hefur liti\u00f0 \u00fea\u00f0, skaltu einnig safnast til fe\u00f0ra \u00feinna eins og Aron br\u00f3\u00f0ir \u00feinn,<a name=\"14\"><span class=\"versanumer\">14<\/span><\/a>s\u00f6kum \u00feess a\u00f0 \u00fei\u00f0 v\u00f3ru\u00f0 m\u00e9r \u00f3hl\u00fd\u00f0nir \u00ed ey\u00f0im\u00f6rkinni S\u00edn, \u00feegar l\u00fd\u00f0urinn m\u00f6gla\u00f0i, og \u00fei\u00f0 me\u00f0 vatninu \u00e1ttu\u00f0 a\u00f0 gj\u00f6ra m\u00edna d\u00fdr\u00f0 kunna, \u00fear af draga Mer\u00edbasv\u00f6tnin hj\u00e1 Kades \u00ed ey\u00f0im\u00f6rkinni S\u00edn nafn sitt.<a name=\"15\"><span class=\"versanumer\">15<\/span><\/a>Og M\u00f3ses tala\u00f0i vi\u00f0 Drottin og sag\u00f0i:<a name=\"16\"><span class=\"versanumer\">16<\/span><\/a>Drottinn, Gu\u00f0 alls \u00feess sem l\u00edfsanda dregur! set einn mann yfir s\u00f6fnu\u00f0inn,<a name=\"17\"><span class=\"versanumer\">17<\/span><\/a>sem gangi fyrir \u00feeim \u00fat, og gangi fyrir \u00feeim inn, sem lei\u00f0i \u00fe\u00e1 \u00fat og inn, svo s\u00f6fnu\u00f0ur Drottins s\u00e9 ei eins og hj\u00f6r\u00f0 s\u00fa er engan hir\u00f0i hefir.<a name=\"18\"><span class=\"versanumer\">18<\/span><\/a>\u00de\u00e1 sag\u00f0i Drottinn vi\u00f0 M\u00f3ses: tak J\u00f3s\u00faa son N\u00fans, andinn er yfir honum, og legg hendur yfir hann,<a name=\"19\"><span class=\"versanumer\">19<\/span><\/a>l\u00e1t hann ganga fram fyrir prestinn Eleasar, og allan s\u00f6fnu\u00f0inn, og seg honum \u00ed \u00feeirra \u00e1heyrn, hva\u00f0 hann gj\u00f6ra skuli;<a name=\"20\"><span class=\"versanumer\">20<\/span><\/a>f\u00e1 honum nokku\u00f0 af tign \u00feinni, svo a\u00f0 allur l\u00fd\u00f0ur \u00cdsraelsbarna hl\u00fd\u00f0i honum;<a name=\"21\"><span class=\"versanumer\">21<\/span><\/a>og hann skal ganga fram fyrir prestinn Eleasar, <span class='VideyAth'>a)<\/span> er hann skal leita \u00farskur\u00f0ar hj\u00e1 lj\u00f3sinu <span class='VideyAth'>b)<\/span> frammi fyrir Drottni; a\u00f0 hans bo\u00f0i skulu \u00feeir ganga inn, b\u00e6\u00f0i hann og \u00f6ll \u00cdsraelsb\u00f6rn me\u00f0 honum og gj\u00f6rvallur l\u00fd\u00f0urinn.<a name=\"22\"><span class=\"versanumer\">22<\/span><\/a>Og M\u00f3ses gj\u00f6r\u00f0i eins og Drottinn haf\u00f0i bo\u00f0i\u00f0 honum, hann t\u00f3k J\u00f3s\u00faa, l\u00e9t hann ganga fram fyrir prestinn Eleasar og allan s\u00f6fnu\u00f0inn,<a name=\"23\"><span class=\"versanumer\">23<\/span><\/a>lag\u00f0i hendur s\u00ednar yfir hann og sag\u00f0i honum hva\u00f0 hann gj\u00f6ra skyldi, eftir \u00fev\u00ed sem Drottinn haf\u00f0i tala\u00f0 fyrir M\u00f3sen.<\/p>\n<div class=\"footnoteVidey\">*) \u00de. e. eld ekki tekinn af brennif\u00f3rnaraltarinu.  V. 14. \u00de. e. me\u00f0 \u00fev\u00ed a\u00f0 \u00fatlei\u00f0a vatni\u00f0 af hellunni. Sj\u00e1 20,12.  V. 17. \u00de. e. sem r\u00e1\u00f0i fyrir \u00feeim \u00ed fri\u00f0i og str\u00ed\u00f0i.  V. 21. a) Nl. \u00ed \u00f6llum vandas\u00f6mum efnum. b) Sj\u00e1 2 M\u00f3s. b. 28,30.<\/div>\n","protected":false},"excerpt":{"rendered":"<p>Selofea\u00f0sd\u00e6tur. J\u00f3s\u00faa er settur til a\u00f0 vera eftirma\u00f0ur M\u00f3sis. 1Og d\u00e6tur Selofea\u00f0s, sonar Hefers, sonar Gilea\u00f0s, sonar Mak\u00edrs, sonar Manassis, af \u00e6tt Manassis sonar J\u00f3seps, sem h\u00e9tu Mahela, Noa, Hogla, Milka og Tirsa,2komu og gengu fram fyrir M\u00f3ses, prestinn Eleasar, h\u00f6f\u00f0ingjana og allan l\u00fd\u00f0inn vi\u00f0 innganginn \u00ed samkundutjaldb\u00fa\u00f0ina og s\u00f6g\u00f0u:3fa\u00f0ir vor d\u00f3 \u00ed ey\u00f0im\u00f6rkinni og var hann \u00fe\u00f3 ekki \u00ed flokki \u00feeirra sem settu sig \u00ed m\u00f3ti Drottni \u00e1samt K\u00f3ra, er d\u00f3 vegna syndar sinnar. En hann \u00e1tti enga syni;4hv\u00f6rs vegna skal n\u00fa nafn f\u00f6\u00f0ur vors afm\u00e1st \u00far \u00e6tt hans, af \u00fev\u00ed hann ekki \u00e1tti son? gef oss eignir me\u00f0al <a href=\"https:\/\/biblian.is\/videy\/fjorda-mosebok-27-kafli\/\"> [&#8230;]<\/a><\/p>\n","protected":false},"author":1,"featured_media":0,"parent":0,"menu_order":0,"comment_status":"open","ping_status":"open","template":"bibliukaflar.php","meta":{"footnotes":""},"class_list":["post-20993","page","type-page","status-publish","hentry"],"_links":{"self":[{"href":"https:\/\/biblian.is\/videy\/wp-json\/wp\/v2\/pages\/20993","targetHints":{"allow":["GET"]}}],"collection":[{"href":"https:\/\/biblian.is\/videy\/wp-json\/wp\/v2\/pages"}],"about":[{"href":"https:\/\/biblian.is\/videy\/wp-json\/wp\/v2\/types\/page"}],"author":[{"embeddable":true,"href":"https:\/\/biblian.is\/videy\/wp-json\/wp\/v2\/users\/1"}],"replies":[{"embeddable":true,"href":"https:\/\/biblian.is\/videy\/wp-json\/wp\/v2\/comments?post=20993"}],"version-history":[{"count":0,"href":"https:\/\/biblian.is\/videy\/wp-json\/wp\/v2\/pages\/20993\/revisions"}],"wp:attachment":[{"href":"https:\/\/biblian.is\/videy\/wp-json\/wp\/v2\/media?parent=20993"}],"curies":[{"name":"wp","href":"https:\/\/api.w.org\/{rel}","templated":true}]}}