{"id":20992,"date":"2018-01-02T00:59:51","date_gmt":"2018-01-02T00:59:51","guid":{"rendered":"http:\/\/biblian.is\/videy\/fjorda-mosebok-26-kafli\/"},"modified":"2018-01-02T00:59:51","modified_gmt":"2018-01-02T00:59:51","slug":"fjorda-mosebok-26-kafli","status":"publish","type":"page","link":"https:\/\/biblian.is\/videy\/fjorda-mosebok-26-kafli\/","title":{"rendered":"Fj\u00f3r\u00f0a M\u00f3seb\u00f3k 26. kafli"},"content":{"rendered":"<div class=\"fyrirsognVidey\">Gy\u00f0ingar eru a\u00f0 n\u00fdju taldir.<\/div>\n<p><a name=\"1\"><span class=\"versanumer\">1<\/span><\/a>Eftir \u00feessa pl\u00e1gu sag\u00f0i Drottinn vi\u00f0 M\u00f3ses og Eleasar son Arons prests:<a name=\"2\"><span class=\"versanumer\">2<\/span><\/a>taki\u00f0 manntal alls safna\u00f0ar \u00cdsraelsbarna, \u00feeirra sem tv\u00edtugir eru og \u00fear yfir eftir \u00e6ttlegg fe\u00f0ra \u00feeirra, allra sem vopnf\u00e6rir eru \u00ed \u00cdsrael.<a name=\"3\"><span class=\"versanumer\">3<\/span><\/a>Og M\u00f3ses og presturinn Eleasar t\u00f6lu\u00f0u vi\u00f0 \u00fe\u00e1 \u00ed ey\u00f0im\u00f6rku M\u00f3ab\u00edta hj\u00e1 J\u00f3rdan gegnt Jer\u00edk\u00f3 og s\u00f6g\u00f0u:<a name=\"4\"><span class=\"versanumer\">4<\/span><\/a>\u00feeir sem tv\u00edtugir eru og \u00fear yfir skulu setjast \u00ed manntali\u00f0 eins og Drottinn bau\u00f0 M\u00f3ses; \u00cdsraelsb\u00f6rn sem \u00fatgengu af Egyptalandi v\u00f3ru \u00feessi:<a name=\"5\"><span class=\"versanumer\">5<\/span><\/a>R\u00faben \u00cdsraels frumgetni sonur, synir R\u00fabens v\u00f3ru: Hanok \u00e6ttfa\u00f0ir Hanok\u00edta, Pallu \u00e6ttfa\u00f0ir Pall\u00fa\u00edta.<a name=\"6\"><span class=\"versanumer\">6<\/span><\/a>Hesron \u00e6ttfa\u00f0ir Hesron\u00edta, Karmi \u00e6ttfa\u00f0ir Karm\u00edta.<a name=\"7\"><span class=\"versanumer\">7<\/span><\/a>\u00deessar v\u00f3ru \u00e6ttir R\u00fabens, og \u00feeir sem taldir v\u00f3ru af \u00feeim, v\u00f3ru 43 \u00fe\u00fasundir 730.<a name=\"8\"><span class=\"versanumer\">8<\/span><\/a>Einn af sonum Pall\u00fa var Eliab;<a name=\"9\"><span class=\"versanumer\">9<\/span><\/a>synir Eliabs v\u00f3ru Nemuel, Datan og Abiram; Datan og Ab\u00edram, var vant a\u00f0 kve\u00f0ja til \u00feinga, og v\u00f3ru \u00feeir \u00fea\u00f0 sem t\u00f3ku sig saman \u00ed m\u00f3ti M\u00f3ses og Aron \u00ed flokk K\u00f3ra \u00feegar \u00feeir gj\u00f6r\u00f0u uppreisn \u00ed m\u00f3ti Drottni;<a name=\"10\"><span class=\"versanumer\">10<\/span><\/a>opna\u00f0i j\u00f6r\u00f0in \u00fe\u00e1 munn sinn og svelgdi \u00fe\u00e1 og K\u00f3ra, \u00feegar \u00feessi flokkur fyrirf\u00f3rst, \u00feegar eldurinn uppsvelgdi \u00fe\u00e1 250 menn, a\u00f0 \u00feeir skyldu vera \u00f6\u00f0rum til vi\u00f0v\u00f6runar;<a name=\"11\"><span class=\"versanumer\">11<\/span><\/a>en b\u00f6rn K\u00f3ra d\u00f3u samt ekki.<a name=\"12\"><span class=\"versanumer\">12<\/span><\/a>B\u00f6rn S\u00edmeons eftir \u00e6tt \u00feeirra v\u00f3ru Nemuel \u00e6ttfa\u00f0ir Nemuel\u00edtanna, Jamin \u00e6ttfa\u00f0ir Jamin\u00edtanna, Jakin \u00e6ttfa\u00f0ir Jakin\u00edtanna,<a name=\"13\"><span class=\"versanumer\">13<\/span><\/a>Sera \u00e6ttfa\u00f0ir Sera\u00edtanna, Saul \u00e6ttfa\u00f0ir Saul\u00edtanna.<a name=\"14\"><span class=\"versanumer\">14<\/span><\/a>\u00deessar v\u00f3ru \u00e6ttir S\u00edmeon\u00edtanna, 22 \u00fe\u00fasundir og 200.<a name=\"15\"><span class=\"versanumer\">15<\/span><\/a>B\u00f6rn Ga\u00f0s eftir \u00e6ttum \u00feeirra v\u00f3ru Sifon \u00e6ttfa\u00f0ir Sifon\u00edtanna, Haggi \u00e6ttfa\u00f0ir Hagg\u00edtanna, Suni \u00e6ttfa\u00f0ir Sun\u00edtanna,<a name=\"16\"><span class=\"versanumer\">16<\/span><\/a>Osni \u00e6ttfa\u00f0ir Osn\u00edtanna, Eri \u00e6ttfa\u00f0ir Er\u00edtanna,<a name=\"17\"><span class=\"versanumer\">17<\/span><\/a>Arod \u00e6ttfa\u00f0ir Arod\u00edtanna, Areli \u00e6ttfa\u00f0ir Arel\u00edtanna.<a name=\"18\"><span class=\"versanumer\">18<\/span><\/a>\u00deessar v\u00f3ru \u00e6ttir Ga\u00f0sbarna, sem taldar v\u00f3ru 40 \u00fe\u00fasund og 500.<a name=\"19\"><span class=\"versanumer\">19<\/span><\/a>B\u00f6rn J\u00fada v\u00f3ru Ger og \u00d3nan, sem b\u00e1\u00f0ir d\u00f3u \u00ed Kanaanslandi;<a name=\"20\"><span class=\"versanumer\">20<\/span><\/a>hin b\u00f6rn J\u00fada v\u00f3ru eftir \u00e6ttum \u00feeirra: Sela \u00e6ttfa\u00f0ir Selan\u00edtanna, Peres \u00e6ttfa\u00f0ir Peres\u00edtanna, Sera \u00e6ttfa\u00f0ir Sera\u00edtanna.<a name=\"21\"><span class=\"versanumer\">21<\/span><\/a>B\u00f6rn Peres v\u00f3ru Hesron \u00e6ttfa\u00f0ir Hesron\u00edtanna, Hamul \u00e6ttfa\u00f0ir Hamul\u00edtanna.<a name=\"22\"><span class=\"versanumer\">22<\/span><\/a>\u00deessar v\u00f3ru \u00e6ttir J\u00fada sem taldar v\u00f3ru 76 \u00fe\u00fasund og 500.<a name=\"23\"><span class=\"versanumer\">23<\/span><\/a>B\u00f6rn \u00cdsaskars eftir \u00e6ttum \u00feeirra v\u00f3ru: Tola \u00e6ttfa\u00f0ir Tola\u00edtanna, Puva \u00e6ttfa\u00f0ir Puva\u00edtanna,<a name=\"24\"><span class=\"versanumer\">24<\/span><\/a>Jasub \u00e6ttfa\u00f0ir Jasub\u00edtanna, Simron \u00e6ttfa\u00f0ir Simron\u00edtanna.<a name=\"25\"><span class=\"versanumer\">25<\/span><\/a>\u00deessar v\u00f3ru \u00e6ttir \u00cdsaskars sem taldar v\u00f3ru, 64 \u00fe\u00fasundir og 300.<a name=\"26\"><span class=\"versanumer\">26<\/span><\/a>B\u00f6rn Seb\u00falons v\u00f3ru eftir \u00e6ttum \u00feeirra Sared \u00e6ttfa\u00f0ir Sard\u00edtanna, Elon \u00e6ttfa\u00f0ir Elon\u00edtanna, Jahelel \u00e6ttfa\u00f0ir Jahelel\u00edtanna.<a name=\"27\"><span class=\"versanumer\">27<\/span><\/a>\u00deessar v\u00f3ru Seb\u00falons \u00e6ttir, sem taldar v\u00f3ru, 60 \u00fe\u00fasund og 500.<a name=\"28\"><span class=\"versanumer\">28<\/span><\/a>B\u00f6rn J\u00f3seps eftir \u00e6ttum \u00feeirra v\u00f3ru Manasse og Efra\u00edm.<a name=\"29\"><span class=\"versanumer\">29<\/span><\/a>B\u00f6rn Manassis v\u00f3ru: Makir \u00e6ttfa\u00f0ir Makir\u00edtanna, en Makir gat Gilea\u00f0 og Gilea\u00f0 var \u00e6ttfa\u00f0ir Gilea\u00f0\u00edtanna.<a name=\"30\"><span class=\"versanumer\">30<\/span><\/a>\u00deessi v\u00f3ru b\u00f6rn G\u00edlea\u00f0s: Jesar \u00e6ttfa\u00f0ir Jesar\u00edtanna, Helek \u00e6ttfa\u00f0ir Helek\u00edtanna,<a name=\"31\"><span class=\"versanumer\">31<\/span><\/a>Asriel \u00e6ttfa\u00f0ir Asriel\u00edtanna, Sekem \u00e6ttfa\u00f0ir Sekim\u00edtanna.<a name=\"32\"><span class=\"versanumer\">32<\/span><\/a>Semida \u00e6ttfa\u00f0ir Semida\u00edtanna, Hefer \u00e6ttfa\u00f0ir Hefr\u00edtanna.<a name=\"33\"><span class=\"versanumer\">33<\/span><\/a>En Selofa\u00f0 sonur Hefers \u00e1tti enga syni, heldur d\u00e6tur og n\u00f6fn d\u00e6tra Selofa\u00f0s var: Mohela, Noa, Hagla, Milka og Tirsa.<a name=\"34\"><span class=\"versanumer\">34<\/span><\/a>\u00deessar v\u00f3ru \u00e6ttir Manassis, og \u00feeir sem af \u00feeim v\u00f3ru taldir, v\u00f3ru 52 \u00fe\u00fasundir og 700.<a name=\"35\"><span class=\"versanumer\">35<\/span><\/a>\u00deessi v\u00f3ru b\u00f6rn Efra\u00edms eftir \u00e6ttum \u00feeirra: S\u00fatela \u00e6ttfa\u00f0ir S\u00fatela\u00edtanna, Beker \u00e6ttfa\u00f0ir Beker\u00edtanna, Tahan \u00e6ttfa\u00f0ir Tahan\u00edtanna.<a name=\"36\"><span class=\"versanumer\">36<\/span><\/a>\u00deessi v\u00f3ru b\u00f6rn S\u00fatelaks: Eran \u00e6ttfa\u00f0ir Eran\u00edtanna.<a name=\"37\"><span class=\"versanumer\">37<\/span><\/a>\u00deessar v\u00f3ru \u00e6ttir Efra\u00edmsbarna, sem v\u00f3ru taldar, 32 \u00fe\u00fasundir og 500. \u00deessi v\u00f3ru b\u00f6rn J\u00f3seps eftir \u00e6ttum \u00feeirra.<a name=\"38\"><span class=\"versanumer\">38<\/span><\/a>B\u00f6rn Benjam\u00edns eftir \u00feeirra \u00e6ttum v\u00f3ru: Bela \u00e6ttfa\u00f0ir Bel\u00edtanna, Asbel \u00e6ttfa\u00f0ir Asbel\u00edtanna, Ahiram \u00e6ttfa\u00f0ir Ahiram\u00edtanna,<a name=\"39\"><span class=\"versanumer\">39<\/span><\/a>S\u00fafam \u00e6ttfa\u00f0ir S\u00fafam\u00edtana, H\u00fafam \u00e6ttfa\u00f0ir H\u00fafam\u00edtanna.<a name=\"40\"><span class=\"versanumer\">40<\/span><\/a>B\u00f6rn Belas v\u00f3ru Ard og Naaman; \u00fea\u00f0an eru \u00e6ttir Ard\u00edtanna og Naaman\u00edtanna.<a name=\"41\"><span class=\"versanumer\">41<\/span><\/a>\u00deessi v\u00f3ru b\u00f6rn Benjam\u00edns eftir \u00feeirra \u00e6ttum, og \u00feeir sem settir v\u00f3ru \u00ed manntali\u00f0, v\u00f3ru 45 \u00fe\u00fasund og 600.<a name=\"42\"><span class=\"versanumer\">42<\/span><\/a>\u00deessi v\u00f3ru Dansb\u00f6rn eftir \u00e6ttum \u00feeirra: Suham \u00e6ttfa\u00f0ir Suham\u00edtanna; \u00feetta var \u00e6tt Dans eftir \u00e6ttum \u00feeirra;<a name=\"43\"><span class=\"versanumer\">43<\/span><\/a>\u00feeir af \u00f6llum \u00e6ttum Suham\u00edtanna sem teknir v\u00f3ru \u00ed manntali\u00f0 v\u00f3ru 64 \u00fe\u00fasundir og 400.<a name=\"44\"><span class=\"versanumer\">44<\/span><\/a>B\u00f6rn Assers eftir \u00feeirra \u00e6ttum v\u00f3ru: \u00cdmna \u00e6ttfa\u00f0ir \u00cdmna\u00edtanna, \u00cdsvi \u00e6ttfa\u00f0ir \u00cdsv\u00edtanna, Bria \u00e6ttfa\u00f0ir Bria\u00edtanna.<a name=\"45\"><span class=\"versanumer\">45<\/span><\/a>B\u00f6rn Briasar v\u00f3ru: Heber \u00e6ttfa\u00f0ir Hebr\u00edtanna, Malkiel \u00e6ttfa\u00f0ir Malkiel\u00edtanna;<a name=\"46\"><span class=\"versanumer\">46<\/span><\/a>nafn d\u00f3ttur Assers var Sera.<a name=\"47\"><span class=\"versanumer\">47<\/span><\/a>\u00deessar v\u00f3ru \u00e6ttir barna Assers, \u00feeir af \u00feeim sem upp v\u00f3ru taldir v\u00f3ru 53 \u00fe\u00fasundir og 400.<a name=\"48\"><span class=\"versanumer\">48<\/span><\/a>B\u00f6rn Naftal\u00eds eftir \u00e6ttum \u00feeirra v\u00f3ru: Jahesiel \u00e6ttfa\u00f0ir Jahesiel\u00edtanna, Guni \u00e6ttfa\u00f0ir Gun\u00edtanna,<a name=\"49\"><span class=\"versanumer\">49<\/span><\/a>Jeser \u00e6ttfa\u00f0ir Jeser\u00edtanna, Sillem \u00e6ttfa\u00f0ir Sillem\u00edtanna.<a name=\"50\"><span class=\"versanumer\">50<\/span><\/a>\u00deessir v\u00f3ru ni\u00f0jar Naftal\u00eds eftir \u00e6ttum \u00feeirra, og \u00feeir af \u00feeim sem v\u00f3ru taldir v\u00f3ru 45 \u00fe\u00fasundir og 400.<a name=\"51\"><span class=\"versanumer\">51<\/span><\/a>\u00deeir af \u00cdsraelsb\u00f6rnum sem teknir v\u00f3ru \u00ed manntali\u00f0 v\u00f3ru \u00fear fyrir alls 601 \u00fe\u00fasund og 730.<a name=\"52\"><span class=\"versanumer\">52<\/span><\/a>Og Drottinn tala\u00f0i vi\u00f0 M\u00f3ses og sag\u00f0i:<a name=\"53\"><span class=\"versanumer\">53<\/span><\/a>milli \u00feessara skal landinu skipt til eignar eftir t\u00f6lu \u00feeirra.<a name=\"54\"><span class=\"versanumer\">54<\/span><\/a>\u00deeirri kynkv\u00edsl sem fj\u00f6lmennari er skaltu gefa meira land, \u00feeirri sem f\u00e1mennari er, minna; eftir manntali skal s\u00e9rhv\u00f6rjum land \u00fathluta,<a name=\"55\"><span class=\"versanumer\">55<\/span><\/a>me\u00f0 hlutkesti skal landinu skipta, eftir nafni kynkv\u00edsla fe\u00f0ra \u00feeirra skulu \u00feeir eignir f\u00e1;<a name=\"56\"><span class=\"versanumer\">56<\/span><\/a>eftir sem hlutkesti\u00f0 segir til, skal eignum skipta milli \u00feeirra f\u00e1mennari og fj\u00f6lmennari <span class='VideyAth'>(kynkv\u00edsla)<\/span>.<a name=\"57\"><span class=\"versanumer\">57<\/span><\/a>Af Lev\u00edtunum voru \u00feessir settir \u00ed manntali\u00f0 eftir \u00e6ttum \u00feeirra: Gerson \u00e6ttfa\u00f0ir Gerson\u00edtanna, Kahat \u00e6ttfa\u00f0ir Kahat\u00edtanna, Merar\u00ed \u00e6ttfa\u00f0ir Merar\u00edtanna.<a name=\"58\"><span class=\"versanumer\">58<\/span><\/a>\u00deessar voru ennfremur \u00e6ttir Lev\u00edtanna: \u00c6tt Lev\u00edtanna, \u00e6tt Hebron\u00edtanna, \u00e6tt Mahel\u00edtanna, \u00e6tt M\u00fas\u00edtanna, \u00e6tt K\u00f3ra\u00edtanna; en Kahat gat Amram.<a name=\"59\"><span class=\"versanumer\">59<\/span><\/a>Kona Amrams h\u00e9t Jokebe\u00f0, d\u00f3ttir Lev\u00eds, hv\u00f6rja m\u00f3\u00f0ir hennar f\u00e6ddi Lev\u00ed \u00ed Egyptalandi, en h\u00fan f\u00e6ddi Amram: Aron og M\u00f3ses og systur \u00feeirra Mar\u00edu.<a name=\"60\"><span class=\"versanumer\">60<\/span><\/a>Aron gat Nadab, Ab\u00edhu, Eleasar, og \u00cdtamar;<a name=\"61\"><span class=\"versanumer\">61<\/span><\/a>en Nadab og Ab\u00edhu d\u00f3u er \u00feeir kveiktu <span class='VideyAth'>*)<\/span> annarlegan eld frammi fyrir Drottni.<a name=\"62\"><span class=\"versanumer\">62<\/span><\/a>\u00deeir af \u00feeim sem voru taldir, voru 23 \u00fe\u00fasundir, allt karlkyns, sem m\u00e1na\u00f0argamalt var og \u00fear yfir; \u00feeir voru ekki taldir me\u00f0 \u00cdsraelsb\u00f6rnum af \u00fev\u00ed \u00feeir ekki \u00e1ttu a\u00f0 f\u00e1 fasteign eins og hin \u00f6nnur \u00cdsraelsb\u00f6rn.<a name=\"63\"><span class=\"versanumer\">63<\/span><\/a>\u00deetta er manntali\u00f0 sem M\u00f3ses og presturinn Eleasar t\u00f3ku, \u00feegar \u00feeir t\u00f6ldu \u00cdsraelsb\u00f6rn \u00ed ey\u00f0im\u00f6rku M\u00f3ab\u00edta, hj\u00e1 J\u00f3rdan gegnt Jer\u00edk\u00f3,<a name=\"64\"><span class=\"versanumer\">64<\/span><\/a>og me\u00f0al \u00feessara var enginn eftir or\u00f0inn af \u00feeim sem M\u00f3ses og presturinn Aron h\u00f6f\u00f0u tali\u00f0, \u00feegar \u00feeir t\u00f6ldu \u00cdsraelsb\u00f6rn \u00ed S\u00edna\u00edey\u00f0im\u00f6rku.<a name=\"65\"><span class=\"versanumer\">65<\/span><\/a>\u00dev\u00ed Drottinn haf\u00f0i sagt vi\u00f0 \u00fe\u00e1: \u00feeir skulu vissulega deyja \u00ed ey\u00f0im\u00f6rkinni, og af \u00feeim var enginn eftir nema Kaleb sonur Jef\u00fannis og J\u00f3s\u00faa sonur N\u00fans.<\/p>\n<div class=\"footnoteVidey\"><\/div>\n","protected":false},"excerpt":{"rendered":"<p>Gy\u00f0ingar eru a\u00f0 n\u00fdju taldir. 1Eftir \u00feessa pl\u00e1gu sag\u00f0i Drottinn vi\u00f0 M\u00f3ses og Eleasar son Arons prests:2taki\u00f0 manntal alls safna\u00f0ar \u00cdsraelsbarna, \u00feeirra sem tv\u00edtugir eru og \u00fear yfir eftir \u00e6ttlegg fe\u00f0ra \u00feeirra, allra sem vopnf\u00e6rir eru \u00ed \u00cdsrael.3Og M\u00f3ses og presturinn Eleasar t\u00f6lu\u00f0u vi\u00f0 \u00fe\u00e1 \u00ed ey\u00f0im\u00f6rku M\u00f3ab\u00edta hj\u00e1 J\u00f3rdan gegnt Jer\u00edk\u00f3 og s\u00f6g\u00f0u:4\u00feeir sem tv\u00edtugir eru og \u00fear yfir skulu setjast \u00ed manntali\u00f0 eins og Drottinn bau\u00f0 M\u00f3ses; \u00cdsraelsb\u00f6rn sem \u00fatgengu af Egyptalandi v\u00f3ru \u00feessi:5R\u00faben \u00cdsraels frumgetni sonur, synir R\u00fabens v\u00f3ru: Hanok \u00e6ttfa\u00f0ir Hanok\u00edta, Pallu \u00e6ttfa\u00f0ir Pall\u00fa\u00edta.6Hesron \u00e6ttfa\u00f0ir Hesron\u00edta, Karmi \u00e6ttfa\u00f0ir Karm\u00edta.7\u00deessar v\u00f3ru \u00e6ttir R\u00fabens, og \u00feeir sem taldir <a href=\"https:\/\/biblian.is\/videy\/fjorda-mosebok-26-kafli\/\"> [&#8230;]<\/a><\/p>\n","protected":false},"author":1,"featured_media":0,"parent":0,"menu_order":0,"comment_status":"open","ping_status":"open","template":"bibliukaflar.php","meta":{"footnotes":""},"class_list":["post-20992","page","type-page","status-publish","hentry"],"_links":{"self":[{"href":"https:\/\/biblian.is\/videy\/wp-json\/wp\/v2\/pages\/20992","targetHints":{"allow":["GET"]}}],"collection":[{"href":"https:\/\/biblian.is\/videy\/wp-json\/wp\/v2\/pages"}],"about":[{"href":"https:\/\/biblian.is\/videy\/wp-json\/wp\/v2\/types\/page"}],"author":[{"embeddable":true,"href":"https:\/\/biblian.is\/videy\/wp-json\/wp\/v2\/users\/1"}],"replies":[{"embeddable":true,"href":"https:\/\/biblian.is\/videy\/wp-json\/wp\/v2\/comments?post=20992"}],"version-history":[{"count":0,"href":"https:\/\/biblian.is\/videy\/wp-json\/wp\/v2\/pages\/20992\/revisions"}],"wp:attachment":[{"href":"https:\/\/biblian.is\/videy\/wp-json\/wp\/v2\/media?parent=20992"}],"curies":[{"name":"wp","href":"https:\/\/api.w.org\/{rel}","templated":true}]}}