{"id":20991,"date":"2018-01-02T00:59:51","date_gmt":"2018-01-02T00:59:51","guid":{"rendered":"http:\/\/biblian.is\/videy\/fjorda-mosebok-25-kafli\/"},"modified":"2018-01-02T00:59:51","modified_gmt":"2018-01-02T00:59:51","slug":"fjorda-mosebok-25-kafli","status":"publish","type":"page","link":"https:\/\/biblian.is\/videy\/fjorda-mosebok-25-kafli\/","title":{"rendered":"Fj\u00f3r\u00f0a M\u00f3seb\u00f3k 25. kafli"},"content":{"rendered":"<div class=\"fyrirsognVidey\">Afgu\u00f0ad\u00fdrkun \u00cdsraels. P\u00edneasar vandl\u00e6ting. R\u00e1\u00f0ist a\u00f0 Mid\u00edan\u00edtum.<\/div>\n<p><a name=\"1\"><span class=\"versanumer\">1<\/span><\/a>\u00cdsrael dvaldi \u00ed Sittim og l\u00fd\u00f0urinn t\u00f3k til a\u00f0 dr\u00fdgja h\u00f3r me\u00f0 d\u00e6trum M\u00f3ab\u00edta,<a name=\"2\"><span class=\"versanumer\">2<\/span><\/a>hv\u00f6rjar a\u00f0 bu\u00f0u l\u00fd\u00f0num til f\u00f3rnarm\u00e1lt\u00ed\u00f0a sk\u00fargo\u00f0a sinna; en hann neytti \u00fear af og tilba\u00f0 sk\u00fargo\u00f0 \u00feeirra.<a name=\"3\"><span class=\"versanumer\">3<\/span><\/a>\u00deannig fl\u00e6ktist l\u00fd\u00f0urinn vi\u00f0 Baal-Peor og Drottinn reiddist \u00cdsrael mikillega.<a name=\"4\"><span class=\"versanumer\">4<\/span><\/a>\u00de\u00e1 sag\u00f0i Drottinn vi\u00f0 M\u00f3ses: tak me\u00f0 \u00fe\u00e9r alla h\u00f6f\u00f0ingja l\u00fd\u00f0sins og heng \u00fe\u00fa Drottni <span class='VideyAth'>a)<\/span> \u00fe\u00e1 <span class='VideyAth'>b)<\/span> upp fyrir s\u00f3larlag, <span class='VideyAth'>c)<\/span> a\u00f0 rei\u00f0i Drottins sn\u00faist fr\u00e1 \u00cdsrael.<a name=\"5\"><span class=\"versanumer\">5<\/span><\/a>Og M\u00f3ses sag\u00f0i vi\u00f0 d\u00f3marana \u00ed \u00cdsrael: hv\u00f6r um sig drepi \u00fe\u00e1 af s\u00ednum m\u00f6nnum sem m\u00f6k hafa haft vi\u00f0 Baal-Peor.<a name=\"6\"><span class=\"versanumer\">6<\/span><\/a>Og sj\u00e1! \u00fe\u00e1 kom einn ma\u00f0ur af \u00cdsraelsb\u00f6rnum og leiddi mid\u00edan\u00edska kvinnu til br\u00e6\u00f0ra sinna \u00ed augs\u00fdn M\u00f3ses og alls safna\u00f0ar \u00cdsraelsbarna, sem \u00fe\u00e1 var harm\u00ferunginn vi\u00f0 dyr samkundutjaldb\u00fa\u00f0arinnar.<a name=\"7\"><span class=\"versanumer\">7<\/span><\/a>En er Pineas sonur Eleasars, sonar Arons prests, s\u00e1 \u00fea\u00f0, st\u00f3\u00f0 hann upp \u00ed mi\u00f0jum s\u00f6fnu\u00f0inum, t\u00f3k spj\u00f3t \u00ed h\u00f6nd s\u00e9r,<a name=\"8\"><span class=\"versanumer\">8<\/span><\/a>gekk \u00e1 eftir \u00feeim \u00edsrael\u00edt\u00edska manni inn \u00ed innsta part tjaldsins, og lag\u00f0i \u00feau b\u00e6\u00f0i \u00ed gegn, b\u00e6\u00f0i \u00feann \u00edsrael\u00edt\u00edska mann og svo konuna \u00ed gegnum l\u00edfi\u00f0, og \u00fe\u00e1 stilltist pl\u00e1ga s\u00fa sem komin var yfir \u00cdsraelsb\u00f6rn.<a name=\"9\"><span class=\"versanumer\">9<\/span><\/a>En \u00feeir sem d\u00f3u \u00ed \u00feessari pl\u00e1gu voru 24 \u00fe\u00fasundir.<br \/><a name=\"10\"><span class=\"versanumer\">10<\/span><\/a>\u00de\u00e1 m\u00e6lti Drottinn vi\u00f0 M\u00f3ses og sag\u00f0i:<a name=\"11\"><span class=\"versanumer\">11<\/span><\/a>Pineas sonur Eleasars, sonur Arons prests, hefur b\u00e6gt rei\u00f0i minni fr\u00e1 \u00cdsraelsb\u00f6rnum me\u00f0 sinni vandl\u00e6tingu minna vegna me\u00f0al \u00feeirra, svo a\u00f0 eg ekki \u00ed rei\u00f0i minni gj\u00f6r\u00f0i enda \u00e1 \u00feeim.<a name=\"12\"><span class=\"versanumer\">12<\/span><\/a>Seg \u00fe\u00fa \u00fear fyrir: sj\u00e1! minn fri\u00f0ars\u00e1ttm\u00e1la gef eg honum;<a name=\"13\"><span class=\"versanumer\">13<\/span><\/a>honum og ni\u00f0jum hans eftir hann gef eg s\u00e1ttm\u00e1la \u00e6varandi prestsemb\u00e6ttis, s\u00f6kum \u00feess a\u00f0 hann vandl\u00e6tti vegna Gu\u00f0s s\u00edns og fri\u00f0\u00fe\u00e6g\u00f0i fyrir \u00cdsraelsb\u00f6rn.<a name=\"14\"><span class=\"versanumer\">14<\/span><\/a>En s\u00e1 \u00cdsrael\u00edti sem \u00ed hel var sleginn \u00e1samt \u00feeirri mid\u00edan\u00edsku konu h\u00e9t Simri, sonur Salu, var hann h\u00f6f\u00f0ingi eins \u00e6ttleggs me\u00f0al S\u00edmeon\u00edtanna,<a name=\"15\"><span class=\"versanumer\">15<\/span><\/a>og s\u00fa midian\u00edska kona sem drepin var h\u00e9t Kosbi, d\u00f3ttir Surs sem var h\u00f6f\u00f0ingi \u00e6ttar sinnar \u00ed Midian. <br \/><a name=\"16\"><span class=\"versanumer\">16<\/span><\/a>Eftir \u00feetta tala\u00f0i Drottinn vi\u00f0 M\u00f3ses og sag\u00f0i:<a name=\"17\"><span class=\"versanumer\">17<\/span><\/a>r\u00e1\u00f0ist a\u00f0 Midian\u00edtunum og \u00fe\u00e9r munu\u00f0 gj\u00f6ra \u00fat af vi\u00f0 \u00fe\u00e1,<a name=\"18\"><span class=\"versanumer\">18<\/span><\/a>\u00fev\u00ed \u00feeir hafa komi\u00f0 y\u00f0ur \u00ed vandr\u00e6\u00f0i me\u00f0 br\u00f6g\u00f0um s\u00ednum, sem \u00feeir hafa beitt vi\u00f0 y\u00f0ur, b\u00e6\u00f0i hva\u00f0 Peor vi\u00f0v\u00edkur og Kosbi, d\u00f3ttur eins Midian\u00edtah\u00f6f\u00f0ingja, systur \u00feeirra, sem drepin var \u00e1 degi \u00feeim sem pl\u00e1gan kom yfir y\u00f0ur s\u00f6kum Peors.<\/p>\n<div class=\"footnoteVidey\">V. 1. Svo h\u00e9t dalur \u00ed landi M\u00f3ab\u00edta.  V. 3. \u00de. e. leiddist til a\u00f0 taka \u00fe\u00e1tt \u00ed d\u00fdrkan Baals Pe\u00f3rs, sk\u00fargo\u00f0s M\u00f3ab\u00edta.  V. 4. a) Af \u00fev\u00ed \u00feeir syndgu\u00f0u m\u00f3ti honum.  b) Ekki h\u00f6f\u00f0ingjana heldur \u00fe\u00e1 sem gj\u00f6rt h\u00f6f\u00f0u sig seka \u00ed skur\u00f0go\u00f0ad\u00fdrkan.  c) Sj\u00e1 5 M\u00f3s. b. 21,22.  V. 12. \u00de. e. eg lofa honum me\u00f0l\u00e6ti og a\u00f0 hann skuli f\u00e1 a\u00f0 halda prestsemb\u00e6ttinu.<\/div>\n","protected":false},"excerpt":{"rendered":"<p>Afgu\u00f0ad\u00fdrkun \u00cdsraels. P\u00edneasar vandl\u00e6ting. R\u00e1\u00f0ist a\u00f0 Mid\u00edan\u00edtum. 1\u00cdsrael dvaldi \u00ed Sittim og l\u00fd\u00f0urinn t\u00f3k til a\u00f0 dr\u00fdgja h\u00f3r me\u00f0 d\u00e6trum M\u00f3ab\u00edta,2hv\u00f6rjar a\u00f0 bu\u00f0u l\u00fd\u00f0num til f\u00f3rnarm\u00e1lt\u00ed\u00f0a sk\u00fargo\u00f0a sinna; en hann neytti \u00fear af og tilba\u00f0 sk\u00fargo\u00f0 \u00feeirra.3\u00deannig fl\u00e6ktist l\u00fd\u00f0urinn vi\u00f0 Baal-Peor og Drottinn reiddist \u00cdsrael mikillega.4\u00de\u00e1 sag\u00f0i Drottinn vi\u00f0 M\u00f3ses: tak me\u00f0 \u00fe\u00e9r alla h\u00f6f\u00f0ingja l\u00fd\u00f0sins og heng \u00fe\u00fa Drottni a) \u00fe\u00e1 b) upp fyrir s\u00f3larlag, c) a\u00f0 rei\u00f0i Drottins sn\u00faist fr\u00e1 \u00cdsrael.5Og M\u00f3ses sag\u00f0i vi\u00f0 d\u00f3marana \u00ed \u00cdsrael: hv\u00f6r um sig drepi \u00fe\u00e1 af s\u00ednum m\u00f6nnum sem m\u00f6k hafa haft vi\u00f0 Baal-Peor.6Og sj\u00e1! \u00fe\u00e1 kom einn ma\u00f0ur af \u00cdsraelsb\u00f6rnum <a href=\"https:\/\/biblian.is\/videy\/fjorda-mosebok-25-kafli\/\"> [&#8230;]<\/a><\/p>\n","protected":false},"author":1,"featured_media":0,"parent":0,"menu_order":0,"comment_status":"open","ping_status":"open","template":"bibliukaflar.php","meta":{"footnotes":""},"class_list":["post-20991","page","type-page","status-publish","hentry"],"_links":{"self":[{"href":"https:\/\/biblian.is\/videy\/wp-json\/wp\/v2\/pages\/20991","targetHints":{"allow":["GET"]}}],"collection":[{"href":"https:\/\/biblian.is\/videy\/wp-json\/wp\/v2\/pages"}],"about":[{"href":"https:\/\/biblian.is\/videy\/wp-json\/wp\/v2\/types\/page"}],"author":[{"embeddable":true,"href":"https:\/\/biblian.is\/videy\/wp-json\/wp\/v2\/users\/1"}],"replies":[{"embeddable":true,"href":"https:\/\/biblian.is\/videy\/wp-json\/wp\/v2\/comments?post=20991"}],"version-history":[{"count":0,"href":"https:\/\/biblian.is\/videy\/wp-json\/wp\/v2\/pages\/20991\/revisions"}],"wp:attachment":[{"href":"https:\/\/biblian.is\/videy\/wp-json\/wp\/v2\/media?parent=20991"}],"curies":[{"name":"wp","href":"https:\/\/api.w.org\/{rel}","templated":true}]}}