{"id":20990,"date":"2018-01-02T00:59:51","date_gmt":"2018-01-02T00:59:51","guid":{"rendered":"http:\/\/biblian.is\/videy\/fjorda-mosebok-24-kafli\/"},"modified":"2018-01-02T00:59:51","modified_gmt":"2018-01-02T00:59:51","slug":"fjorda-mosebok-24-kafli","status":"publish","type":"page","link":"https:\/\/biblian.is\/videy\/fjorda-mosebok-24-kafli\/","title":{"rendered":"Fj\u00f3r\u00f0a M\u00f3seb\u00f3k 24. kafli"},"content":{"rendered":"<div class=\"fyrirsognVidey\">B\u00edleam fyrirsegir g\u00e6fu Gy\u00f0inga og \u00f3g\u00e6fu n\u00e6rliggjandi \u00fej\u00f3\u00f0a.<\/div>\n<p><a name=\"1\"><span class=\"versanumer\">1<\/span><\/a>\u00deegar B\u00edleam s\u00e1 a\u00f0 Drottinn vildi a\u00f0 hann blessa\u00f0i \u00cdsrael, gekk hann ekki burtu eins og \u00e1\u00f0ur til a\u00f0 leita fyrirbur\u00f0a, en sneri strax \u00e1sj\u00f3nu sinni til ey\u00f0imerkurinnar;<a name=\"2\"><span class=\"versanumer\">2<\/span><\/a>og sem B\u00edleam h\u00f3f upp augu s\u00edn og s\u00e1 \u00cdsrael\u00edtana, sem eftir kynkv\u00edslum h\u00f6f\u00f0u sett herb\u00fa\u00f0ir s\u00ednar, kom Gu\u00f0s Andi yfir hann,<a name=\"3\"><span class=\"versanumer\">3<\/span><\/a>og hann h\u00f3f s\u00edna myrku r\u00e6\u00f0u og sag\u00f0i: svo segir B\u00edleam sonur Be\u00f3rs, svo segir ma\u00f0ur s\u00e1, hv\u00f6rs augum er upploki\u00f0,<a name=\"4\"><span class=\"versanumer\">4<\/span><\/a>svo segir hann sem heyrir Gu\u00f0s or\u00f0, sem skilur fyrirbur\u00f0i ens Alm\u00e1ttuga, \u00feegar hann hv\u00edlir \u00ed svefnsins \u00f6rmum og hans augu upplj\u00fakast!<a name=\"5\"><span class=\"versanumer\">5<\/span><\/a>hv\u00f6rsu f\u00f6gur eru \u00fe\u00edn tj\u00f6ld, Jakob, \u00fe\u00edn h\u00edb\u00fdli \u00cdsrael!<a name=\"6\"><span class=\"versanumer\">6<\/span><\/a>eins og l\u00e6kir brei\u00f0a \u00feau sig \u00fat, eins og aldingar\u00f0ur \u00e1 vatnab\u00f6kkum, eins og al\u00f3e sem Drottinn gr\u00f3\u00f0ursetti, eins og sedrustr\u00e9 hj\u00e1 v\u00f6tnum!<a name=\"7\"><span class=\"versanumer\">7<\/span><\/a>Vatn mun renna \u00far skj\u00f3lu hans <span class='VideyAth'>a)<\/span>, hans ni\u00f0jar ver\u00f0a sem m\u00f6rg v\u00f6tn <span class='VideyAth'>b)<\/span>, voldugri en Agag <span class='VideyAth'>c)<\/span>, mun hans k\u00f3ngur ver\u00f0a, hans konungstign mj\u00f6g d\u00fdr\u00f0leg!<a name=\"8\"><span class=\"versanumer\">8<\/span><\/a>Gu\u00f0 \u00fatleiddi hann af Egyptalandi, fl\u00fdtir hans er sem villiuxans <span class='VideyAth'>*)<\/span>; hei\u00f0ingjana, \u00f3vini s\u00edna, mun hann uppsvelgja, bein \u00feeirra brj\u00f3ta, lita \u00f6rvar s\u00ednar \u00ed bl\u00f3\u00f0i \u00feeirra <span class='VideyAth'>**)<\/span>.<a name=\"9\"><span class=\"versanumer\">9<\/span><\/a>Eins og lj\u00f3n e\u00f0a lj\u00f3nsinna beygir hann sig og leggst ni\u00f0ur, hv\u00f6r \u00feorir a\u00f0 koma honum \u00e1 f\u00e6tur aftur? blessa\u00f0ur s\u00e9 s\u00e1 sem blessar \u00feig, b\u00f6lva\u00f0ur s\u00e1 sem \u00fe\u00e9r b\u00f6lvar!<a name=\"10\"><span class=\"versanumer\">10<\/span><\/a>\u00de\u00e1 reiddist Balak mj\u00f6g B\u00edleami, sl\u00f3 h\u00f6ndum saman og sag\u00f0i vi\u00f0 hann: eg kalla\u00f0i \u00feig til \u00feess \u00fe\u00fa \u00f3ska\u00f0ir ills \u00f3vinum m\u00ednum, og sj\u00e1! \u00fe\u00fa hefir n\u00fa \u00ferisvar blessa\u00f0 \u00fe\u00e1!<a name=\"11\"><span class=\"versanumer\">11<\/span><\/a>Far \u00fe\u00fa \u00fear fyrir \u00ed skyndingu heim til \u00fe\u00edn, eg haf\u00f0i \u00e1sett m\u00e9r a\u00f0 veita \u00fe\u00e9r mikla s\u00e6md! en sj\u00e1! Drottinn hefur firrt \u00feig \u00feeim hei\u00f0ri!<a name=\"12\"><span class=\"versanumer\">12<\/span><\/a>\u00de\u00e1 sag\u00f0i B\u00edleam vi\u00f0 Balak: tala\u00f0i eg ekki vi\u00f0 sendibo\u00f0a \u00fe\u00e1 sem \u00fe\u00fa sendir til m\u00edn \u00feessum or\u00f0um?<a name=\"13\"><span class=\"versanumer\">13<\/span><\/a>\u00de\u00f3tt Balak vildi gefa m\u00e9r h\u00fas sitt fullt me\u00f0 gull og silfur, m\u00e6tti eg ekki brj\u00f3ta bo\u00f0 Drottins me\u00f0 \u00fev\u00ed a\u00f0 gj\u00f6ra gott e\u00f0a illt eftir eigin hug\u00fe\u00f3tta; hva\u00f0 helst Drottinn segir m\u00e9r mun eg m\u00e6la!<a name=\"14\"><span class=\"versanumer\">14<\/span><\/a>Og sj\u00e1! n\u00fa fer eg til m\u00edns l\u00fd\u00f0s, og vil segja \u00fe\u00e9r fyrir hva\u00f0 \u00feessi l\u00fd\u00f0ur mun gj\u00f6ra \u00fe\u00ednum l\u00fd\u00f0 \u00e1 komandi t\u00edmunum.<a name=\"15\"><span class=\"versanumer\">15<\/span><\/a>Hann h\u00f3f \u00fe\u00e1 s\u00edna myrku r\u00e6\u00f0u og sag\u00f0i: svo segir B\u00edleam sonur Be\u00f3rs, svo segir ma\u00f0ur s\u00e1 hv\u00f6rs augum er upploki\u00f0,<a name=\"16\"><span class=\"versanumer\">16<\/span><\/a>svo segir s\u00e1 sem heyrir Gu\u00f0s or\u00f0, sem veit \u00e6tlan ens H\u00e6sta, sem skilur fyrirbur\u00f0i ins Alm\u00e1ttuga \u00feegar hann hv\u00edlir \u00ed svefnsins \u00f6rmum og hans augu upplj\u00fakast;<a name=\"17\"><span class=\"versanumer\">17<\/span><\/a>eg s\u00e9 hann, ekki samt enn \u00fe\u00e1, eg horfi \u00e1 hann, ekki samt \u00ed n\u00e1nd; stjarna upprennur af Jakob, veldissproti r\u00eds hj\u00e1 \u00cdsrael, hann mun skekja h\u00e9r\u00f6\u00f0 M\u00f3ab\u00edtanna, a\u00f0 velli leggja \u00fe\u00e1 sem \u00f3eir\u00f0 gj\u00f6ra.<a name=\"18\"><span class=\"versanumer\">18<\/span><\/a>Ed\u00f3m skal vera hans eign, Seir <span class='VideyAth'>a)<\/span> eign sinna <span class='VideyAth'>b)<\/span> \u00f3vina og \u00cdsrael mun s\u00fdna hreysti s\u00edna!<a name=\"19\"><span class=\"versanumer\">19<\/span><\/a>Af Jakob mun s\u00e1 koma sem drottnar og a\u00f0 engu gj\u00f6rir \u00fea\u00f0 sem eftir er af borgunum.<a name=\"20\"><span class=\"versanumer\">20<\/span><\/a>En sem hann leit Amalek\u00edtana, h\u00f3f hann s\u00edna myrku r\u00e6\u00f0u og sag\u00f0i: \u00e1g\u00e6tastur af hei\u00f0ingjum er Amalek, en a\u00f0 lokunum mun hann me\u00f0 \u00f6llu ey\u00f0ilag\u00f0ur ver\u00f0a.<a name=\"21\"><span class=\"versanumer\">21<\/span><\/a>Sem hann leit Ken\u00edtana, h\u00f3f hann einnig s\u00edna myrku r\u00e6\u00f0u og sag\u00f0i: rambyggilegur er b\u00fasta\u00f0ur \u00feinn, \u00ed klettaskorum hefur \u00fe\u00fa tilb\u00fai\u00f0 \u00fe\u00e9r hrei\u00f0ur,<a name=\"22\"><span class=\"versanumer\">22<\/span><\/a>en samt mun Kain \u00fatrekinn ver\u00f0a; hv\u00f6rsu lengi? Assur mun flytja \u00feig burt hertekinn.<a name=\"23\"><span class=\"versanumer\">23<\/span><\/a>Og hann h\u00f3f aftur s\u00edna myrku r\u00e6\u00f0u og sag\u00f0i: \u00f3! hv\u00f6r mun f\u00e1 l\u00edfi haldi\u00f0 n\u00e6r Gu\u00f0 l\u00e6tur \u00feetta ske?<a name=\"24\"><span class=\"versanumer\">24<\/span><\/a>Fr\u00e1 Kittim munu skip koma og leggja undir sig Assur, leggja undir sig Eber, einnig hann mun gj\u00f6rsamlega ey\u00f0ilag\u00f0ur ver\u00f0a!<a name=\"25\"><span class=\"versanumer\">25<\/span><\/a>N\u00fa st\u00f3\u00f0 B\u00edleam upp, f\u00f3r burt og kom aftur \u00e1 sinn sta\u00f0. Balak f\u00f3r einnig s\u00edna lei\u00f0.<\/p>\n<div class=\"footnoteVidey\">V. 3. Nl. svo hann s\u00e9r \u00fea\u00f0 \u00f3or\u00f0na.  V. 6. Al\u00f3e: \u00dea\u00f0 er nafn ilmandi tr\u00e9s \u00ed Indium.  V. 7. a) \u00de. e. margir munu ni\u00f0jar hans ver\u00f0a.  b) \u00de. e. margir.  c) Svo k\u00f6llu\u00f0ust fleiri k\u00f3ngar Amalek\u00edta sem voru mj\u00f6g voldugir.  V. 8. *) Sbr. 23,22.  **) A\u00f0r: mola \u00ed sundur p\u00edlur \u00feeirra.  V. 17. Me\u00f0 stj\u00f6rnu og veldissprota meinast voldugur konungur er drottna muni yfir Gy\u00f0ingum.  V. 18. a) Svo h\u00e9r fjall \u00ed landi Ed\u00f3m\u00edta.  b) \u00de. e. Gy\u00f0inga.  V. 19. \u00de. e. gj\u00f6rsamlega ey\u00f0ileggja.  V. 20. Nl. a\u00f0 hreysti.  V. 21. Nl. muntu \u00ed n\u00e1\u00f0um ver\u00f0a.  V. 24. Svo k\u00f6llu\u00f0ust eyjarnar \u00ed \u00e6ge\u00edska hafinu og strendurnar \u00ed kringum \u00fea\u00f0.<\/div>\n","protected":false},"excerpt":{"rendered":"<p>B\u00edleam fyrirsegir g\u00e6fu Gy\u00f0inga og \u00f3g\u00e6fu n\u00e6rliggjandi \u00fej\u00f3\u00f0a. 1\u00deegar B\u00edleam s\u00e1 a\u00f0 Drottinn vildi a\u00f0 hann blessa\u00f0i \u00cdsrael, gekk hann ekki burtu eins og \u00e1\u00f0ur til a\u00f0 leita fyrirbur\u00f0a, en sneri strax \u00e1sj\u00f3nu sinni til ey\u00f0imerkurinnar;2og sem B\u00edleam h\u00f3f upp augu s\u00edn og s\u00e1 \u00cdsrael\u00edtana, sem eftir kynkv\u00edslum h\u00f6f\u00f0u sett herb\u00fa\u00f0ir s\u00ednar, kom Gu\u00f0s Andi yfir hann,3og hann h\u00f3f s\u00edna myrku r\u00e6\u00f0u og sag\u00f0i: svo segir B\u00edleam sonur Be\u00f3rs, svo segir ma\u00f0ur s\u00e1, hv\u00f6rs augum er upploki\u00f0,4svo segir hann sem heyrir Gu\u00f0s or\u00f0, sem skilur fyrirbur\u00f0i ens Alm\u00e1ttuga, \u00feegar hann hv\u00edlir \u00ed svefnsins \u00f6rmum og hans augu upplj\u00fakast!5hv\u00f6rsu f\u00f6gur eru <a href=\"https:\/\/biblian.is\/videy\/fjorda-mosebok-24-kafli\/\"> [&#8230;]<\/a><\/p>\n","protected":false},"author":1,"featured_media":0,"parent":0,"menu_order":0,"comment_status":"open","ping_status":"open","template":"bibliukaflar.php","meta":{"footnotes":""},"class_list":["post-20990","page","type-page","status-publish","hentry"],"_links":{"self":[{"href":"https:\/\/biblian.is\/videy\/wp-json\/wp\/v2\/pages\/20990","targetHints":{"allow":["GET"]}}],"collection":[{"href":"https:\/\/biblian.is\/videy\/wp-json\/wp\/v2\/pages"}],"about":[{"href":"https:\/\/biblian.is\/videy\/wp-json\/wp\/v2\/types\/page"}],"author":[{"embeddable":true,"href":"https:\/\/biblian.is\/videy\/wp-json\/wp\/v2\/users\/1"}],"replies":[{"embeddable":true,"href":"https:\/\/biblian.is\/videy\/wp-json\/wp\/v2\/comments?post=20990"}],"version-history":[{"count":0,"href":"https:\/\/biblian.is\/videy\/wp-json\/wp\/v2\/pages\/20990\/revisions"}],"wp:attachment":[{"href":"https:\/\/biblian.is\/videy\/wp-json\/wp\/v2\/media?parent=20990"}],"curies":[{"name":"wp","href":"https:\/\/api.w.org\/{rel}","templated":true}]}}