{"id":20989,"date":"2018-01-02T00:59:46","date_gmt":"2018-01-02T00:59:46","guid":{"rendered":"http:\/\/biblian.is\/videy\/fjorda-mosebok-23-kafli\/"},"modified":"2018-01-02T00:59:46","modified_gmt":"2018-01-02T00:59:46","slug":"fjorda-mosebok-23-kafli","status":"publish","type":"page","link":"https:\/\/biblian.is\/videy\/fjorda-mosebok-23-kafli\/","title":{"rendered":"Fj\u00f3r\u00f0a M\u00f3seb\u00f3k 23. kafli"},"content":{"rendered":"<div class=\"fyrirsognVidey\">B\u00edleam blessar m\u00f3ti Balaks vilja \u00cdsrael.<\/div>\n<p><a name=\"1\"><span class=\"versanumer\">1<\/span><\/a>\u00de\u00e1 m\u00e6lti B\u00edleam vi\u00f0 Balak: tilb\u00fa m\u00e9r h\u00e9r 7 \u00f6lturu og f\u00e1 m\u00e9r hinga\u00f0 7 uxa og 7 hr\u00fata.<a name=\"2\"><span class=\"versanumer\">2<\/span><\/a>Og Balak gj\u00f6r\u00f0i eins og B\u00edleam sag\u00f0i: f\u00f3rnf\u00e6r\u00f0i \u00fe\u00e1 Balak og B\u00edleam s\u00ednum uxa og hr\u00fat \u00e1 hv\u00f6rju altari,<a name=\"3\"><span class=\"versanumer\">3<\/span><\/a>og B\u00edleam sag\u00f0i vi\u00f0 Balak: statt\u00fa hj\u00e1 brennif\u00f3rn \u00feinni, en eg vil ganga \u00ed burt, ef ske kann a\u00f0 Drottinn m\u00e6ti m\u00e9r; en hva\u00f0 hann opinberar m\u00e9r skal eg kunngj\u00f6ra \u00fe\u00e9r; f\u00f3r hann \u00fe\u00e1 upp \u00e1 h\u00e6\u00f0 nokkra.<a name=\"4\"><span class=\"versanumer\">4<\/span><\/a>H\u00e9r m\u00e6tti Gu\u00f0 B\u00edleam, og hann sag\u00f0i vi\u00f0 hann: eg hefi tilb\u00fai\u00f0 7 \u00f6lturu og f\u00f3rnf\u00e6rt uxa og hr\u00fat \u00e1 hv\u00f6rju altari fyrir sig.<a name=\"5\"><span class=\"versanumer\">5<\/span><\/a>N\u00fa lag\u00f0i Drottinn B\u00edleam or\u00f0 \u00ed munn og sag\u00f0i: far til Balaks aftur og m\u00e6l \u00feannig:<a name=\"6\"><span class=\"versanumer\">6<\/span><\/a>Og hann sneri aftur til hans, og sj\u00e1! hann st\u00f3\u00f0 hj\u00e1 brennif\u00f3rn sinni \u00e1samt \u00f6llum h\u00f6f\u00f0ingjum M\u00f3ab\u00edta,<a name=\"7\"><span class=\"versanumer\">7<\/span><\/a>og hann h\u00f3f s\u00edna myrku r\u00e6\u00f0u og sag\u00f0i: fr\u00e1 Mes\u00f3p\u00f3tam\u00edu kalla\u00f0i mig Balak, k\u00f3ngur M\u00f3ab\u00edta, fr\u00e1 fj\u00f6llunum \u00ed austri! \u201ekom \u00fe\u00fa, og l\u00fds fyrir mig \u00f3b\u00e6num yfir Jakob, kom og form\u00e6l \u00cdsrael!\u201c<a name=\"8\"><span class=\"versanumer\">8<\/span><\/a>Hv\u00f6rnig m\u00e1 eg \u00f3ska ills \u00feeim sem Gu\u00f0 ei \u00f3skar ills, form\u00e6la \u00feeim sem Gu\u00f0 ei form\u00e6lir?<a name=\"9\"><span class=\"versanumer\">9<\/span><\/a>Af fjallstindinum s\u00e9 eg hann, af h\u00e6\u00f0unum sko\u00f0a eg hann! sj\u00e1! \u00feessi l\u00fd\u00f0ur b\u00fdr s\u00e9r, reiknast ekki me\u00f0al hei\u00f0ingja!<a name=\"10\"><span class=\"versanumer\">10<\/span><\/a>Hv\u00f6r m\u00e1 telja merg\u00f0 Jakobs, sem er sem duft, nefna t\u00f6lu jafnvel ekki fj\u00f3r\u00f0a parts af \u00cdsrael! M\u00edn s\u00e1la deyi dau\u00f0a hinna r\u00e9ttl\u00e1tu, mitt hi\u00f0 s\u00ed\u00f0asta verk ver\u00f0i sem \u00feeirra!<a name=\"11\"><span class=\"versanumer\">11<\/span><\/a>\u00de\u00e1 sag\u00f0i Balak vi\u00f0 B\u00edleam: hva\u00f0 gj\u00f6rir \u00fe\u00fa m\u00e9r? Eg l\u00e9t kalla \u00feig til a\u00f0 \u00f3ska ills \u00f3vinum m\u00ednum, og sj\u00e1! \u00fe\u00fa blessar \u00fe\u00e1!<a name=\"12\"><span class=\"versanumer\">12<\/span><\/a>En hann svara\u00f0i: skal eg ekki g\u00e6ta \u00feess a\u00f0 tala \u00fea\u00f0 sem Drottinn leggur m\u00e9r \u00ed munn?<a name=\"13\"><span class=\"versanumer\">13<\/span><\/a>\u00de\u00e1 m\u00e6lti Balak: kom me\u00f0 m\u00e9r \u00e1 annan sta\u00f0 hva\u00f0an \u00fe\u00fa m\u00e1tt sj\u00e1 \u00fe\u00e1, samt munt\u00fa ekki sj\u00e1 nema ysta fylkingarbrodd \u00feeirra, alla munt\u00fa ekki sj\u00e1 \u00fe\u00e1, og \u00f3ska \u00feeim \u00fear ills fyrir mig!<a name=\"14\"><span class=\"versanumer\">14<\/span><\/a>\u00de\u00e1 t\u00f3k hann hann me\u00f0 s\u00e9r upp \u00e1 nj\u00f3snarav\u00f6llinn, \u00e1 tind fjallsins Pisga, bygg\u00f0i \u00fear 7 \u00f6lturu og f\u00f3rnf\u00e6r\u00f0i uxa og hr\u00fat \u00e1 hv\u00f6rju altari fyrir sig,<a name=\"15\"><span class=\"versanumer\">15<\/span><\/a>sag\u00f0i B\u00edleam \u00fe\u00e1 vi\u00f0 Balak: statt\u00fa h\u00e9r hj\u00e1 brennif\u00f3rn \u00feinni, en eg vil hitta hann \u00fearna!<a name=\"16\"><span class=\"versanumer\">16<\/span><\/a>Og Drottinn hitti B\u00edleam, lag\u00f0i honum or\u00f0 \u00ed munn og sag\u00f0i: far \u00fe\u00fa aftur til Balaks og m\u00e6l svo.<a name=\"17\"><span class=\"versanumer\">17<\/span><\/a>Hann f\u00f3r \u00fe\u00e1 aftur til hans, og sj\u00e1! hann st\u00f3\u00f0 hj\u00e1 brennif\u00f3rn sinni og h\u00f6f\u00f0ingjar M\u00f3ab\u00edta hj\u00e1 honum. Balak sag\u00f0i vi\u00f0 hann: hva\u00f0 sag\u00f0i Drottinn?<a name=\"18\"><span class=\"versanumer\">18<\/span><\/a>\u00de\u00e1 h\u00f3f hann s\u00edna myrku r\u00e6\u00f0u og sag\u00f0i: r\u00eds \u00fe\u00fa upp, Balak, og hl\u00fd\u00f0 \u00e1! lj\u00e1 m\u00e9r eyru \u00fe\u00edn, Sipporssonur!<a name=\"19\"><span class=\"versanumer\">19<\/span><\/a>Gu\u00f0 er ekki eins og ma\u00f0urinn a\u00f0 hann lj\u00fagi, n\u00e9 eins og mannsins barn a\u00f0 hann sj\u00e1i sig um h\u00f6nd! skyldi hann segja nokku\u00f0 og gj\u00f6ra \u00fea\u00f0 ekki, tala nokku\u00f0 og halda \u00fea\u00f0 ekki?<a name=\"20\"><span class=\"versanumer\">20<\/span><\/a>Sj\u00e1! k\u00f6llun til a\u00f0 blessa hefi eg m\u00f3ti teki\u00f0! Hann hefur \u00fe\u00e1 blessa\u00f0 og eg get ekki rifta\u00f0 \u00fev\u00ed,<a name=\"21\"><span class=\"versanumer\">21<\/span><\/a>hann l\u00edtur ei \u00e1 afbrot Jakobs, g\u00e6tir ei misgj\u00f6r\u00f0a \u00cdsraels! <span class='VideyAth'>a)<\/span> Drottinn \u00feeirra Gu\u00f0 er me\u00f0 \u00feeim, fagna\u00f0ar\u00f3p K\u00f3ngsins er me\u00f0al \u00feeirra <span class='VideyAth'>b)<\/span>.<a name=\"22\"><span class=\"versanumer\">22<\/span><\/a>Gu\u00f0 leiddi \u00fe\u00e1 af Egyptalandi, fl\u00fdtir <span class='VideyAth'>(flj\u00f3tf\u00e6rni)<\/span> hans er sem villiuxans,<a name=\"23\"><span class=\"versanumer\">23<\/span><\/a>fj\u00f6lkynngi dugar ekkert m\u00f3t Jakob, sp\u00e1d\u00f3mar ekkert m\u00f3t \u00cdsrael! br\u00e1\u00f0um mun \u00feess geti\u00f0 ver\u00f0a um Jakob og \u00cdsrael hva\u00f0 Gu\u00f0 hafi gj\u00f6rt.<a name=\"24\"><span class=\"versanumer\">24<\/span><\/a>Sj\u00e1! l\u00fd\u00f0urinn mun r\u00edsa upp sem lj\u00f3nsinna, hreykja s\u00e9r sem lj\u00f3n, ekki mun hann leggjast fyrr fyrir en hann hefir uppeti\u00f0 herfangi\u00f0, drukki\u00f0 bl\u00f3\u00f0 inna f\u00f6llnu.<a name=\"25\"><span class=\"versanumer\">25<\/span><\/a>\u00de\u00e1 sag\u00f0i Balak vi\u00f0 B\u00edleam: \u00fe\u00fa skalt hv\u00f6rki l\u00fdsa yfir \u00feeim blessan n\u00e9 b\u00f6lvan!<a name=\"26\"><span class=\"versanumer\">26<\/span><\/a>B\u00edleam svara\u00f0i: hefi eg ekki sagt \u00fe\u00e9r: allt \u00fea\u00f0, sem Drottinn segir m\u00e9r, mun eg gj\u00f6ra!<a name=\"27\"><span class=\"versanumer\">27<\/span><\/a>\u00de\u00e1 m\u00e6lti Balak: kom, eg vil lei\u00f0a \u00feig \u00e1 annan sta\u00f0, ef ske kann a\u00f0 Gu\u00f0i \u00fe\u00f3knist a\u00f0 \u00fe\u00fa \u00fear l\u00fdsir \u00f3b\u00e6num yfir \u00feeim fyrir mig.<a name=\"28\"><span class=\"versanumer\">28<\/span><\/a>T\u00f3k Balak \u00fe\u00e1 B\u00edleam me\u00f0 s\u00e9r efst upp \u00e1 fjalli\u00f0 Pe\u00f3r, sem gn\u00e6fir yfir ey\u00f0im\u00f6rkina,<a name=\"29\"><span class=\"versanumer\">29<\/span><\/a>og B\u00edleam sag\u00f0i vi\u00f0 Balak: tilb\u00fa m\u00e9r h\u00e9r 7 \u00f6lturu og \u00fatvega m\u00e9r h\u00e9r 7 uxa og 7 hr\u00fata;<a name=\"30\"><span class=\"versanumer\">30<\/span><\/a>en Balak gj\u00f6r\u00f0i eins og B\u00edleam sag\u00f0i, og f\u00f3rnf\u00e6r\u00f0i einum uxa og einum hr\u00fat \u00e1 hv\u00f6rju altari.<\/p>\n<div class=\"footnoteVidey\">V. 5. \u00de. e. eins og eg hefi bo\u00f0i\u00f0 \u00fe\u00e9r.  V. 7. \u00deessi voru bo\u00f0in sem hann f\u00e9kk.  V. 10. \u00de. e. Gy\u00f0inga. Meiningin er: eg vildi a\u00f0 dau\u00f0inn hitti mig \u00ed eins lukkulegu \u00e1standi og Gy\u00f0ingar munu ver\u00f0a \u00feegar dau\u00f0inn vitjar \u00feeirra.  V. 21. a) \u00de. e. leyfir ei a\u00f0 \u00feeir til grunna gangi s\u00f6kum \u00feeirra afbrota.  b) \u00de. e. me\u00f0 fagna\u00f0ar\u00f3pi taka \u00feeir m\u00f3ti Gu\u00f0i k\u00f3ngi s\u00ednum.  V. 22. A\u00f0r: hann er svo sterkur sem einhyrningur.  V. 24. Hv\u00edl\u00edkan m\u00e1tt hann hafi veitt \u00feeim.<\/div>\n","protected":false},"excerpt":{"rendered":"<p>B\u00edleam blessar m\u00f3ti Balaks vilja \u00cdsrael. 1\u00de\u00e1 m\u00e6lti B\u00edleam vi\u00f0 Balak: tilb\u00fa m\u00e9r h\u00e9r 7 \u00f6lturu og f\u00e1 m\u00e9r hinga\u00f0 7 uxa og 7 hr\u00fata.2Og Balak gj\u00f6r\u00f0i eins og B\u00edleam sag\u00f0i: f\u00f3rnf\u00e6r\u00f0i \u00fe\u00e1 Balak og B\u00edleam s\u00ednum uxa og hr\u00fat \u00e1 hv\u00f6rju altari,3og B\u00edleam sag\u00f0i vi\u00f0 Balak: statt\u00fa hj\u00e1 brennif\u00f3rn \u00feinni, en eg vil ganga \u00ed burt, ef ske kann a\u00f0 Drottinn m\u00e6ti m\u00e9r; en hva\u00f0 hann opinberar m\u00e9r skal eg kunngj\u00f6ra \u00fe\u00e9r; f\u00f3r hann \u00fe\u00e1 upp \u00e1 h\u00e6\u00f0 nokkra.4H\u00e9r m\u00e6tti Gu\u00f0 B\u00edleam, og hann sag\u00f0i vi\u00f0 hann: eg hefi tilb\u00fai\u00f0 7 \u00f6lturu og f\u00f3rnf\u00e6rt uxa og hr\u00fat \u00e1 hv\u00f6rju <a href=\"https:\/\/biblian.is\/videy\/fjorda-mosebok-23-kafli\/\"> [&#8230;]<\/a><\/p>\n","protected":false},"author":1,"featured_media":0,"parent":0,"menu_order":0,"comment_status":"open","ping_status":"open","template":"bibliukaflar.php","meta":{"footnotes":""},"class_list":["post-20989","page","type-page","status-publish","hentry"],"_links":{"self":[{"href":"https:\/\/biblian.is\/videy\/wp-json\/wp\/v2\/pages\/20989","targetHints":{"allow":["GET"]}}],"collection":[{"href":"https:\/\/biblian.is\/videy\/wp-json\/wp\/v2\/pages"}],"about":[{"href":"https:\/\/biblian.is\/videy\/wp-json\/wp\/v2\/types\/page"}],"author":[{"embeddable":true,"href":"https:\/\/biblian.is\/videy\/wp-json\/wp\/v2\/users\/1"}],"replies":[{"embeddable":true,"href":"https:\/\/biblian.is\/videy\/wp-json\/wp\/v2\/comments?post=20989"}],"version-history":[{"count":0,"href":"https:\/\/biblian.is\/videy\/wp-json\/wp\/v2\/pages\/20989\/revisions"}],"wp:attachment":[{"href":"https:\/\/biblian.is\/videy\/wp-json\/wp\/v2\/media?parent=20989"}],"curies":[{"name":"wp","href":"https:\/\/api.w.org\/{rel}","templated":true}]}}